{"id":8061,"date":"2025-11-04T12:09:53","date_gmt":"2025-11-04T10:09:53","guid":{"rendered":"https:\/\/baumkletterschule.de\/kletterblatt\/?page_id=8061"},"modified":"2025-11-05T12:53:31","modified_gmt":"2025-11-05T10:53:31","slug":"archiv-2026","status":"publish","type":"page","link":"https:\/\/baumkletterschule.de\/kletterblatt\/archiv\/archiv-2026","title":{"rendered":"Kletterblatt 2026"},"content":{"rendered":"<h1>Kletterblatt 2026<\/h1>\n<h2>Zwischen Seil und Verantwortung<\/h2>\n<p><strong>Baumpflege mit Haltung \u2013 ein Appell<\/strong> \u2013 Ruth Morell appelliert an Baumpflegende: \u201eIch klettere nicht nur in Baumkronen. Ich steige in ein Leben.&#8220;<\/p>\n<p><span><a href=\"\/kletterblatt\/wp-content\/uploads\/2025\/11\/KB2026_komplett.pdf #page=8\" target=\"_blank\" >weiterlesen<\/a><\/span><\/p>\n<h2> Der BlackBird verleiht Fl\u00fcgel<\/h2>\n<p><strong>Ein neues Ger\u00e4t erobert den Baumklettermarkt: der ART-BlackBird. <\/strong>Alle reden davon, jeder will ihn ausprobieren, wir stellen ihn vor. Der BlackBird erm\u00f6glicht das Klettern sowohl am Einfachseil SRT als auch am umlaufenden Seilsystem MRT bzw. DRT.<\/p>\n<p><span><a href=\"\/kletterblatt\/wp-content\/uploads\/2025\/11\/KB2026_komplett.pdf#page=10\" target=\"_blank\">weiterlesen<\/a><\/span><\/p>\n<h2> Sumatras Dickh\u00e4utern auf der Spur<\/h2>\n<p><strong> Wie Baumklettern beim Schutz von Elefanten hilft<\/strong> \u2013 Mithilfe von Bioakustiksensoren an B\u00e4umen, sogenannten ELOCs (elephant locators), werden auf der indonesischen Insel Sumatra Elefanten \u00fcberwacht. Diese erm\u00f6glichen es, die Dickh\u00e4uter anhand ihrer Laut\u00e4u\u00dferungen zu orten, um sie besser zu sch\u00fctzen und die Konflikte mit den Bauern vor Ort zu minimieren. Dabei handelt es sich um ein Gemeinschaftsprojekt zwischen dem International Elephant Project (IEP, Australien), der Gadjah Mada Universit\u00e4t (UGM, Indonesien) und dem deutschen Elefantenschutz-Verein SECI. Kletterblatt-Chefredakteurin Claudia Dreckmann sprach mit dem verantwortlichen Biologen Dr. Alexander Mo\u00dfbrucker von SECI \u00fcber das Projekt und welche Rolle Baumklettern dabei spielt.<\/p>\n<p><span><a href=\"\/kletterblatt\/wp-content\/uploads\/2025\/11\/KB2026_komplett.pdf#page=18\" target=\"_blank\">weiterlesen<\/a><\/span><\/p>\n<h2>Wenn das Seil die Richtung \u00e4ndert<\/h2>\n<p><strong>Kr\u00e4fte in der Umlenkung<\/strong>Ob Rigging, MRT (Moving Rope Technique) oder SRT (Stationary Rope Technique): Immer, wenn ein Seil die Richtung \u00e4ndert, passiert etwas mit der Kraft im Seil. Sie \u00e4ndert die Richtung, wird gr\u00f6\u00dfer oder kleiner. Und es entstehen neue Kr\u00e4fte. Wie man erreicht, dass alles h\u00e4lt, erl\u00e4utert MBKS-Ausbilder und Knotenbuch-Autor Dirk Lingens in seinem kleinen Exkurs in die Physik. <\/p>\n<p><span><a href=\"\/kletterblatt\/wp-content\/uploads\/2025\/11\/KB2026_komplett.pdf#page=28\" target=\"_blank\">weiterlesen<\/a><\/span><br \/>\n<span>Weiterf\u00fchrende Beitr\u00e4ge:<\/span><\/p>\n<ul>\n<li>Sucker, Soballa: ><a href=\"..\/KB_2022_komplett_72dpi.pdf#page=76\" target=\"_blank\">Von der Rolle<\/a> (Kletterblatt 2022) <\/li>\n<li>Mauz: ><a href=\"..\/KB_2025_komplett_72dpi.pdf#page=94\" target=\"_blank\">Sichere Ankerpunkte \u2013 so geht\u2018s<\/a> (Kletterblatt 2025) <\/li>\n<li>Lingens: ><a href=\"..\/KB_2025_komplett_72dpi.pdf#page=22\" target=\"_blank\">Sichere Ankerpunkte \u2013 so geht\u2018s<\/a> (Kletterblatt 2025) <\/li>\n<\/ul>\n<h2>Lebewesen der Superlative<\/h2>\n<p><strong>Rekord-B\u00e4ume der Welt im \u00dcberblick<\/strong> \u2013 Die Faszination f\u00fcr B\u00e4ume pr\u00e4gt sein Leben seit Jahrzehnten. Professor Dirk Dujesiefken, Gr\u00fcnder des Instituts f\u00fcr Baumpflege Hamburg, bekannter Fachbuchautor und Gesch\u00e4ftsf\u00fchrer der Deutschen Baumpflegetage Augsburg, gibt einen \u00dcberblick \u00fcber Rekord-B\u00e4ume der Welt, die mit Alter, Gr\u00f6\u00dfe oder einer au\u00dfergew\u00f6hnlichen Gestalt besonders beeindrucken.<\/p>\n<p><span><a href=\"\/kletterblatt\/wp-content\/uploads\/2025\/11\/KB2026_komplett.pdf#page=32\" target=\"_blank\">weiterlesen<\/a><\/span><\/p>\n<h2>Alles Zwiesel oder was<\/h2>\n<p><strong>Untersuchungen zur Bruchfestigkeit von Vergabelungen<\/strong> Zwiesel und ihr Verhalten waren w\u00e4hrend der vergangenen Jahre immer wieder Gegenstand mehrerer Versuchsreihen an der Hochschule f\u00fcr angewandte Kunst und Wissenschaften (HAWK), G\u00f6ttingen. Dabei wurden kodominante Vergabelungen auseinandergebrochen, um herauszufinden, ob es einen Unterschied in der Bruchfestigkeit wischen V-Zwieseln und U-Zwieseln gibt. Bisherige in Deutschland durchgef\u00fchrte Untersuchungen ergaben nach jetzigem Kenntnisstand (Herbst 2025) keinen signifikanten Unterschied in der Bruchfestigkeit. Es sei denn, die betreffenden Vergabelungen hatten bereits im Vorfeld Risse aufgewiesen. MBKS-Ausbilder Manuel Schuster ordnet die Versuchsergebnisse f\u00fcr das Kletterblatt ein.<\/p>\n<p><span><a href=\"\/kletterblatt\/wp-content\/uploads\/2025\/11\/KB2026_komplett.pdf#page=42\" target=\"_blank\">weiterlesen<\/a><\/span><\/p>\n<h2>Hervorstehende Seilfasern einfach \u201ereparieren&#8220;?<\/h2>\n<p><strong>Warum der Griff zum Feuerzeug keine L\u00f6sung ist<\/strong> \u2013 Kleine Seilverletzungen k\u00f6nnen schneller zum Problem werden als gedacht. In der Praxis h\u00e4lt sich dennoch hartn\u00e4ckig eine DIY-Methode, mit welcher solche Fehler im Seil vermeintlich schnell und ohne sicherheitsrelevante Auswirkungen ausgebessert werden. Daniel Le\u00f3n erkl\u00e4rt, warum das keine gute Idee ist und zeigt Alternativen auf.<\/p>\n<p><span><a href=\"\/kletterblatt\/wp-content\/uploads\/2025\/11\/KB2026_komplett.pdf#page=74\" target=\"_blank\">weiterlesen<\/a><\/span><\/p>\n<h2>Hai-Climbing<\/h2>\n<p><strong>M\u00fcnchner Baumkletterschule bildet auf den Seychellen aus<\/strong> \u2013 Die MBKS-Ausbilder Bernhard Sch\u00fctte und Sebastian Sucker waren im Herbst 2024 auf den Seychellen, um Anf\u00e4nger*innen in der Klettertechnik auszubilden. Einsatzgebiete der Teilnehmenden sind in erster Linie das Monitoring einer einheimischen Papageienart und der Schutz der einzigartigen Seychellenpalme.<\/p>\n<p><span><a href=\"\/kletterblatt\/wp-content\/uploads\/2025\/11\/KB2026_komplett.pdf#page=80\" target=\"_blank\">weiterlesen<\/a><\/span><\/p>\n<h2>Von Leitern, Kletterei und Vorurteilen><\/h2>\n<p><strong>Obstbaumpflege und Gro\u00dfbaumpflege im Vergleich<\/strong> \u2013 Sie sind sich oft nicht so richtig gr\u00fcn, die Obst- und die Gro\u00dfbaumpflege. Es gibt viele Parallelen und gleichzeitig einige existenzielle Unterschiede zwischen beiden Baumpflegesparten. Gedanken dazu von Gesine Langlotz, die laut eigener Aussage nur B\u00e4ume, an denen Essen h\u00e4ngt, schneidet. Sie arbeitet seit mehr als zehn Jahren selbstst\u00e4ndig als Obstbaumpflegerin und studiert Umweltbildung mit dem Fokus auf Erwachsenenbildung und Agrarpolitik. Die Gr\u00fcnderin der Schule f\u00fcr Obstbaumpflege gibt mit ihrem Team bundesweit Kurse f\u00fcr Anf\u00e4nger*innen, Fortgeschrittene und Profis.<\/p>\n<p><span><a href=\u201c..\/KB2026_komplett.pdf#page=88\u201c target=\u201c_blank\u201c>weiterlesen<\/a><\/span><\/p>\n<p>Neugierig auf\u2019s Obst? \u2013 <a href=\"https:\/\/baumkletterschule.de\/cms\/kursinfo\/baumpflege\/obstbaumschnittkurse\/\" target=\"_blank\" title=\"Qualifizierter Obstbaumschnitt\">Zum Obstbaumschnitt-Angebot der MBKS<\/a><\/p>\n<h2>Das h\u00e4lt noch! Oder?<\/h2>\n<p><strong>Ausbildung zur PSA-Sachkunde bei der MBKS<\/strong> \u2013 Die M\u00fcnchner Baumkletterschule (MBKS) hat die Ausbildung zur PSA-Sachkunde gr\u00fcndlich \u00fcberarbeitet und mit einem neuen Skript ausgestattet. Die Betreuung des Kurskonzeptes ist auf mehrere Personen verteilt worden und wird nun in k\u00fcrzeren Abst\u00e4nden aktualisiert.<\/p>\n<p><span><a href=\"\/kletterblatt\/wp-content\/uploads\/2025\/11\/KB2026_komplett.pdf#page=96\" target=\"_blank\">weiterlesen<\/a><\/span><\/p>\n<h2>Bl\u00e4tterdach im Kamerafokus!<\/h2>\n<p><strong>Film-Doku \u00fcber das Baumklettern in Ecuador<\/strong> Die Baumkronen sind eine der am wenigsten erforschten Zonen unserer W\u00e4lder, obwohl dieses Bl\u00e4tterdach unglaublich artenreich ist. &#8222;Bl\u00e4tterdach\u201d hei\u00dft auch das Projekt von Levitar Media House und Florian Groten vom Tinku Kollektiv. Das interkulturelle Team aus Deutschland und Ecuador verbindet in diesem Projekt eine Filmproduktion mit Baumklettern und Naturschutz. F\u00fcr den Dokumentarfilm &#8222;Bl\u00e4tterdach\u201d wurden 2025 drei Drehorte in Ecuador besucht. Im Rahmen der Produktion fanden mehrt\u00e4gige Baumkletter-Workshops statt. Florian Groten berichtet von einer der drei Expeditionen an einen weit abgelegenen Ort.<\/p>\n<p><span><a href=\"\/kletterblatt\/wp-content\/uploads\/2025\/11\/KB2026_komplett.pdf#page=104\" target=\"_blank\">weiterlesen<\/a><\/span><\/p>\n","protected":false},"excerpt":{"rendered":"<p>Kletterblatt 2026 Zwischen Seil und Verantwortung Baumpflege mit Haltung \u2013 ein Appell \u2013 Ruth Morell appelliert an Baumpflegende: \u201eIch klettere nicht nur in Baumkronen. Ich steige in ein Leben.&#8220; weiterlesen Der BlackBird verleiht Fl\u00fcgel Ein neues Ger\u00e4t erobert den Baumklettermarkt: der ART-BlackBird. Alle reden davon, jeder will ihn ausprobieren, wir stellen ihn vor. Der BlackBird erm\u00f6glicht das Klettern sowohl am [&hellip;]<\/p>\n","protected":false},"author":4,"featured_media":0,"parent":1721,"menu_order":0,"comment_status":"closed","ping_status":"closed","template":"","meta":{"ngg_post_thumbnail":0,"footnotes":""},"class_list":["post-8061","page","type-page","status-publish","hentry"],"yoast_head":"<!-- This site is optimized with the Yoast SEO plugin v27.4 - https:\/\/yoast.com\/product\/yoast-seo-wordpress\/ -->\n<title>Kletterblatt 2026 - Kletterblatt<\/title>\n<meta name=\"robots\" content=\"index, follow, max-snippet:-1, max-image-preview:large, max-video-preview:-1\" \/>\n<link rel=\"canonical\" href=\"https:\/\/baumkletterschule.de\/kletterblatt\/archiv\/archiv-2026\" \/>\n<meta property=\"og:locale\" content=\"de_DE\" \/>\n<meta property=\"og:type\" content=\"article\" \/>\n<meta property=\"og:title\" content=\"Kletterblatt 2026 - Kletterblatt\" \/>\n<meta property=\"og:description\" content=\"Kletterblatt 2026 Zwischen Seil und Verantwortung Baumpflege mit Haltung \u2013 ein Appell \u2013 Ruth Morell appelliert an Baumpflegende: \u201eIch klettere nicht nur in Baumkronen. Ich steige in ein Leben.&#8220; weiterlesen Der BlackBird verleiht Fl\u00fcgel Ein neues Ger\u00e4t erobert den Baumklettermarkt: der ART-BlackBird. Alle reden davon, jeder will ihn ausprobieren, wir stellen ihn vor. Der BlackBird erm\u00f6glicht das Klettern sowohl am [&hellip;]\" \/>\n<meta property=\"og:url\" content=\"https:\/\/baumkletterschule.de\/kletterblatt\/archiv\/archiv-2026\" \/>\n<meta property=\"og:site_name\" content=\"Kletterblatt\" \/>\n<meta property=\"article:modified_time\" content=\"2025-11-05T10:53:31+00:00\" \/>\n<meta name=\"twitter:label1\" content=\"Gesch\u00e4tzte Lesezeit\" \/>\n\t<meta name=\"twitter:data1\" content=\"5\u00a0Minuten\" \/>\n<script type=\"application\/ld+json\" class=\"yoast-schema-graph\">{\"@context\":\"https:\\\/\\\/schema.org\",\"@graph\":[{\"@type\":\"WebPage\",\"@id\":\"https:\\\/\\\/baumkletterschule.de\\\/kletterblatt\\\/archiv\\\/archiv-2026\",\"url\":\"https:\\\/\\\/baumkletterschule.de\\\/kletterblatt\\\/archiv\\\/archiv-2026\",\"name\":\"Kletterblatt 2026 - Kletterblatt\",\"isPartOf\":{\"@id\":\"https:\\\/\\\/baumkletterschule.de\\\/kletterblatt\\\/#website\"},\"datePublished\":\"2025-11-04T10:09:53+00:00\",\"dateModified\":\"2025-11-05T10:53:31+00:00\",\"breadcrumb\":{\"@id\":\"https:\\\/\\\/baumkletterschule.de\\\/kletterblatt\\\/archiv\\\/archiv-2026#breadcrumb\"},\"inLanguage\":\"de\",\"potentialAction\":[{\"@type\":\"ReadAction\",\"target\":[\"https:\\\/\\\/baumkletterschule.de\\\/kletterblatt\\\/archiv\\\/archiv-2026\"]}]},{\"@type\":\"BreadcrumbList\",\"@id\":\"https:\\\/\\\/baumkletterschule.de\\\/kletterblatt\\\/archiv\\\/archiv-2026#breadcrumb\",\"itemListElement\":[{\"@type\":\"ListItem\",\"position\":1,\"name\":\"Home\",\"item\":\"https:\\\/\\\/baumkletterschule.de\\\/kletterblatt\\\/\"},{\"@type\":\"ListItem\",\"position\":2,\"name\":\"Kletterblatt-Archiv\",\"item\":\"https:\\\/\\\/baumkletterschule.de\\\/kletterblatt\\\/\"},{\"@type\":\"ListItem\",\"position\":3,\"name\":\"Kletterblatt 2026\"}]},{\"@type\":\"WebSite\",\"@id\":\"https:\\\/\\\/baumkletterschule.de\\\/kletterblatt\\\/#website\",\"url\":\"https:\\\/\\\/baumkletterschule.de\\\/kletterblatt\\\/\",\"name\":\"Kletterblatt\",\"description\":\"Das Online Archiv\",\"potentialAction\":[{\"@type\":\"SearchAction\",\"target\":{\"@type\":\"EntryPoint\",\"urlTemplate\":\"https:\\\/\\\/baumkletterschule.de\\\/kletterblatt\\\/?s={search_term_string}\"},\"query-input\":{\"@type\":\"PropertyValueSpecification\",\"valueRequired\":true,\"valueName\":\"search_term_string\"}}],\"inLanguage\":\"de\"}]}<\/script>\n<!-- \/ Yoast SEO plugin. -->","yoast_head_json":{"title":"Kletterblatt 2026 - Kletterblatt","robots":{"index":"index","follow":"follow","max-snippet":"max-snippet:-1","max-image-preview":"max-image-preview:large","max-video-preview":"max-video-preview:-1"},"canonical":"https:\/\/baumkletterschule.de\/kletterblatt\/archiv\/archiv-2026","og_locale":"de_DE","og_type":"article","og_title":"Kletterblatt 2026 - Kletterblatt","og_description":"Kletterblatt 2026 Zwischen Seil und Verantwortung Baumpflege mit Haltung \u2013 ein Appell \u2013 Ruth Morell appelliert an Baumpflegende: \u201eIch klettere nicht nur in Baumkronen. Ich steige in ein Leben.&#8220; weiterlesen Der BlackBird verleiht Fl\u00fcgel Ein neues Ger\u00e4t erobert den Baumklettermarkt: der ART-BlackBird. Alle reden davon, jeder will ihn ausprobieren, wir stellen ihn vor. Der BlackBird erm\u00f6glicht das Klettern sowohl am [&hellip;]","og_url":"https:\/\/baumkletterschule.de\/kletterblatt\/archiv\/archiv-2026","og_site_name":"Kletterblatt","article_modified_time":"2025-11-05T10:53:31+00:00","twitter_misc":{"Gesch\u00e4tzte Lesezeit":"5\u00a0Minuten"},"schema":{"@context":"https:\/\/schema.org","@graph":[{"@type":"WebPage","@id":"https:\/\/baumkletterschule.de\/kletterblatt\/archiv\/archiv-2026","url":"https:\/\/baumkletterschule.de\/kletterblatt\/archiv\/archiv-2026","name":"Kletterblatt 2026 - Kletterblatt","isPartOf":{"@id":"https:\/\/baumkletterschule.de\/kletterblatt\/#website"},"datePublished":"2025-11-04T10:09:53+00:00","dateModified":"2025-11-05T10:53:31+00:00","breadcrumb":{"@id":"https:\/\/baumkletterschule.de\/kletterblatt\/archiv\/archiv-2026#breadcrumb"},"inLanguage":"de","potentialAction":[{"@type":"ReadAction","target":["https:\/\/baumkletterschule.de\/kletterblatt\/archiv\/archiv-2026"]}]},{"@type":"BreadcrumbList","@id":"https:\/\/baumkletterschule.de\/kletterblatt\/archiv\/archiv-2026#breadcrumb","itemListElement":[{"@type":"ListItem","position":1,"name":"Home","item":"https:\/\/baumkletterschule.de\/kletterblatt\/"},{"@type":"ListItem","position":2,"name":"Kletterblatt-Archiv","item":"https:\/\/baumkletterschule.de\/kletterblatt\/"},{"@type":"ListItem","position":3,"name":"Kletterblatt 2026"}]},{"@type":"WebSite","@id":"https:\/\/baumkletterschule.de\/kletterblatt\/#website","url":"https:\/\/baumkletterschule.de\/kletterblatt\/","name":"Kletterblatt","description":"Das Online Archiv","potentialAction":[{"@type":"SearchAction","target":{"@type":"EntryPoint","urlTemplate":"https:\/\/baumkletterschule.de\/kletterblatt\/?s={search_term_string}"},"query-input":{"@type":"PropertyValueSpecification","valueRequired":true,"valueName":"search_term_string"}}],"inLanguage":"de"}]}},"_links":{"self":[{"href":"https:\/\/baumkletterschule.de\/kletterblatt\/wp-json\/wp\/v2\/pages\/8061","targetHints":{"allow":["GET"]}}],"collection":[{"href":"https:\/\/baumkletterschule.de\/kletterblatt\/wp-json\/wp\/v2\/pages"}],"about":[{"href":"https:\/\/baumkletterschule.de\/kletterblatt\/wp-json\/wp\/v2\/types\/page"}],"author":[{"embeddable":true,"href":"https:\/\/baumkletterschule.de\/kletterblatt\/wp-json\/wp\/v2\/users\/4"}],"replies":[{"embeddable":true,"href":"https:\/\/baumkletterschule.de\/kletterblatt\/wp-json\/wp\/v2\/comments?post=8061"}],"version-history":[{"count":6,"href":"https:\/\/baumkletterschule.de\/kletterblatt\/wp-json\/wp\/v2\/pages\/8061\/revisions"}],"predecessor-version":[{"id":8070,"href":"https:\/\/baumkletterschule.de\/kletterblatt\/wp-json\/wp\/v2\/pages\/8061\/revisions\/8070"}],"up":[{"embeddable":true,"href":"https:\/\/baumkletterschule.de\/kletterblatt\/wp-json\/wp\/v2\/pages\/1721"}],"wp:attachment":[{"href":"https:\/\/baumkletterschule.de\/kletterblatt\/wp-json\/wp\/v2\/media?parent=8061"}],"curies":[{"name":"wp","href":"https:\/\/api.w.org\/{rel}","templated":true}]}}