{"id":8049,"date":"2024-11-09T15:20:22","date_gmt":"2024-11-09T13:20:22","guid":{"rendered":"https:\/\/baumkletterschule.de\/kletterblatt\/?page_id=8049"},"modified":"2025-11-05T12:57:31","modified_gmt":"2025-11-05T10:57:31","slug":"archiv-2025","status":"publish","type":"page","link":"https:\/\/baumkletterschule.de\/kletterblatt\/archiv\/archiv-2025","title":{"rendered":"Kletterblatt 2025"},"content":{"rendered":"<h1>Kletterblatt 2025<\/h1>\n<h2>Seltsame Kompromisse und wo sie zu finden sind<\/h2>\n<p><strong>Eine Betrachtung zum Umgang mit Sicherheitsregeln<\/strong> \u2013 <a href=\"https:\/\/www.baumpflegeportal.de\/baumprofis\/wie-wird-man-eigentlich-baumpfleger\/#:~:text=Rettung%20als%20zentrales%20Thema\" target=\"_blank\" title=\"Baumpflegeportal: Wie wird man professioneller Baumpfleger\u2018\" rel=\"nofollow noopener noreferrer\">Sicherheitsregeln beim Baumklettern<\/a> werden in der Praxis nicht immer hundertprozentig befolgt. Anlass f\u00fcr Bernhard Sch\u00fctte, Technischer Leiter der M\u00fcnchner Baumkletterschule (MBKS), die Unfallverh\u00fctungsvorschriften und die Bedingungen, unter denen sie angewendet und interpretiert werden, n\u00e4her zu betrachten. Sind die Regeln nur unverbindliche Vorschl\u00e4ge oder braucht es gute Argumente, um davon abzuweichen?.<\/p>\n<p><span><a href=\"\/kletterblatt\/wp-content\/uploads\/2024\/11\/KB_2025_komplett_72dpi.pdf#page=8\" target=\"_blank\" rel=\"noopener\">weiterlesen<\/a><\/span><\/p>\n<h2>Schon mit zehn ein Wipfelst\u00fcrmer<\/h2>\n<p><strong>Interview mit Klettertalent Viktor von Magnus<\/strong> \u2013 \u201eGr\u00f6\u00dftes Talent der Branche&#8220;, \u201ehohes Potenzial&#8220;, \u201ejunger Kletterstar&#8220; \u2013 das sind nur einige der Bezeichnungen, mit denen der 19-j\u00e4hrige M\u00fcnchner Viktor von Magnus bereits bedacht wurde. In j\u00fcngster Zeit taucht sein Name immer h\u00e4ufiger in den vorderen R\u00e4ngen von Meisterschaften im Baumklettern auf \u2013 sowohl regional als auch international. Anlass f\u00fcr das Kletterblatt, ihn n\u00e4her vorzustellen.<\/p>\n<p><span><a href=\"\/kletterblatt\/wp-content\/uploads\/2024\/11\/KB_2025_komplett_72dpi.pdf#page=14\" target=\"_blank\" rel=\"noopener\">weiterlesen<\/a><\/span><\/p>\n<h2>Pl\u00e4doyer f\u00fcr den Kronenanker<\/h2>\n<p><strong>Potenzial der SRT bei der Ankerpunktwahl nutzen<\/strong> \u2013 In den vergangenen Jahren wurde in der Branche eine steigende Zahl von Ankerpunktausbr\u00fcchen registriert. Anregung genug, warum MBKS-Ausbilder und Knotenbuch-Autor Dirk Lingens das Thema Ankerpunktwahl erneut genauer unter die Lupe nimmt. In folgendem Beitrag h\u00e4lt er ein Pl\u00e4doyer f\u00fcr die h\u00e4ufigere  Verwendung eines Kronenankers und erl\u00e4utert, worin seiner Meinung nach die Vorteile gegen\u00fcber dem Stammanker liegen.<\/p>\n<p><span><a href=\"\/kletterblatt\/wp-content\/uploads\/2024\/11\/KB_2025_komplett_72dpi.pdf#page=24\" target=\"_blank\" rel=\"noopener\">weiterlesen<\/a><\/span><\/p>\n<h2>Praktisch, handlich, intuitiv<\/h2>\n<p><strong>Neues Bestimmungsbuch f\u00fcr Baumpilze in F\u00e4cherform<\/strong> \u2013 Stadtbaumexpertin Daniela Antoni hat gemeinsam mit der Schweizer Pilzexpertin Chantal Hinni ein Bestimmungsbuch f\u00fcr Baumpilze herausgebracht. \u201ePilze an Stadtb\u00e4umen \u2013 von frisch bis zersetzt&#8220; ist im Sommer 2024 in erster Auflage erschienen. Der praktische Bestimmungsf\u00e4cher im handlichen Format enth\u00e4lt auf 51 Karten eine \u00dcbersicht \u00fcber die relevantesten Baumpilze in Stadtgebieten im deutschsprachigen Raum.<\/p>\n<p><span><a href=\"\/kletterblatt\/wp-content\/uploads\/2024\/11\/KB_2025_komplett_72dpi.pdf#page=28\" target=\"_blank\" rel=\"noopener\">weiterlesen<\/a><\/span><br \/>\n<span><a href=\"https:\/\/shop.freeworker.de\/pilze-an-stadtbaeumen.html\" target=\"_blank\" rel=\"sponsored noopener\" title=\"Freeworker Shop: \u201aBestimmungsf\u00e4cher f\u00fcr Baumpilze\u2018\">Zum Pilzf\u00e4cher im Freeworker-Shop<\/a><\/span><\/p>\n<h2>H\u00e4lt das noch oder kann das weg?<\/h2>\n<p><strong>Resilienz in der pers\u00f6nlichen Schutzausr\u00fcstung (PSA)<\/strong> \u2013 Inwiefern ist die pers\u00f6nliche Schutzausr\u00fcstung (PSA) resilient, nimmt dies mit der Zeit ab und wie erkennt man den richtigen Ausmusterungszeitpunkt? Mark Bridge und Chris Cowell besch\u00e4ftigten sich im Rahmen des Kletterforums der Deutschen Baumpflegetage 2024 mit dieser Fragestellung. Im Kletterblatt stellen sie die Ergebnisse ihrer Versuche nun ebenfalls vor. Dargelegt wird, inwiefern Verschlei\u00df und Abrieb Auswirkungen auf die Bruchlast von Ringen, Seilbr\u00fccken und Gurtband haben und ob und welche sicherheitsrelevante Konsequenzen dies hat.<\/p>\n<p><span><a href=\"\/kletterblatt\/wp-content\/uploads\/2024\/11\/KB_2025_komplett_72dpi.pdf#page=34\" target=\"_blank\" rel=\"noopener\">weiterlesen<\/a><\/span><\/p>\n<h2>Wissen, forschen, handeln<\/h2>\n<p><strong>Institut f\u00fcr Arboristik gegr\u00fcndet<\/strong> \u2013 Ruth Morell ist Baumpflegerin und Baumkletterin aus Leidenschaft. Ihr erkl\u00e4rtes Ziel ist, sich mit fachgerechter Baumpflege f\u00fcr das Leben von Baumindividuen einzusetzen \u2013 unter Wahrung der Verkehrssicherheit und mit Kompromissbereitschaft in Sachen st\u00e4dtebaulicher Aspekte. Die Baumsachverst\u00e4ndige hat deshalb in Rottenburg am Neckar das <a href=\"https:\/\/www.institut-arboristik.de\/\" title=\"Extern: \u201aInstitut f\u00fcr Arboristik\u2018\" target=\"_blank\" rel=\"nofollow noopener noreferrer\">Institut f\u00fcr Arboristik<\/a> gegr\u00fcndet.<\/p>\n<p><span><a href=\"\/kletterblatt\/wp-content\/uploads\/2024\/11\/KB_2025_komplett_72dpi.pdf#page=40\" target=\"_blank\" rel=\"noopener\">weiterlesen<\/a><\/span><\/p>\n<h2>Den Wald in die Stadt holen<\/h2>\n<p><strong>Was urbane Waldg\u00e4rten wollen und k\u00f6nnen<\/strong> \u2013 Das Konzept der \u201eUrban Food Forests&#8220;, sogenannter Waldg\u00e4rten, holt Obst- und Nussb\u00e4ume, Beerenstr\u00e4ucher sowie Gem\u00fcse und Kr\u00e4uter in den st\u00e4dtischen Raum. Dabei wird durch gezielt ausgew\u00e4hlte B\u00e4ume, B\u00fcsche und m\u00f6glichst mehrj\u00e4hrige Pflanzen mit <a href=\"https:\/\/www.baumpflegeportal.de\/baumwissen\/essen-natur_beeren-sammeln-herbst\/\" target=\"_blank\" title=\"Baumpflegeportal: Essen aus der Natur\" rel=\"noopener nofollow noreferrer\">vorwiegend essbaren Fr\u00fcchten<\/a> ein dauerhafter, robuster Vegetationsbestand mit gro\u00dfer Artenvielfalt und einer klimaangepassten Struktur aufgebaut. Mitten in der Stadt. Wer Lust drauf hat, kann mitmachen. In Deutschland gibt es bereits in Berlin und Kassel solche Waldg\u00e4rten. Baumpflegerin Ronja Burgdorf aus Kassel stellt das Konzept vor.<\/p>\n<p><span><a href=\"\/kletterblatt\/wp-content\/uploads\/2024\/11\/KB_2025_komplett_72dpi.pdf#page=44\" target=\"_blank\" rel=\"noopener\">weiterlesen<\/a><\/span><\/p>\n<h2>Mit Lift in den Baum<\/h2>\n<p><strong>\u00dcberblick \u00fcber motorgest\u00fctzte Aufstiegshilfen<\/strong> \u2013 Schummelei? Zu teuer? Nichts f\u00fcr \u201eechte&#8220; Baumkletterprofis? Der Einsatz von motorgest\u00fctzten Aufstiegshilfen wird in der Branche noch von vielen bel\u00e4chelt. <a href=\"https:\/\/baumkletterschule.de\/cms\/team\/\" title=\"MBKS: \u201aUnser Team\u2018\" target=\"_blank\" rel=\"noopener\">MBKS-Ausbilder Sebastian Sucker<\/a> benutzt bereits seit einigen Jahren eine Winde beim Aufstieg und m\u00f6chte darauf schon l\u00e4ngst nicht mehr verzichten. Hier erkl\u00e4rt er, warum, r\u00e4umt mit Vorurteilen auf und gibt einen \u00dcberblick \u00fcber aktuelle Modelle..<\/p>\n<p><span><a href=\"\/kletterblatt\/wp-content\/uploads\/2024\/11\/KB_2025_komplett_72dpi.pdf#page=76\" target=\"_blank\" rel=\"noopener\">weiterlesen<\/a><\/span><\/p>\n<h2>Zu mir oder zu Dir?<\/h2>\n<p><strong>Rettungs\u00fcbungen: Wie, wo und warum \u00fcberhaupt?<\/strong> \u2013 Bernhard Sch\u00fctte, Ausbilder und Technischer Leiter der M\u00fcnchner Baumkletterschule (MBKS), \u00fcber den Sinn und Unsinn von j\u00e4hrlichen Rettungs\u00fcbungen und wie und wo man sie am besten macht.<\/p>\n<p><span><a href=\"\/kletterblatt\/wp-content\/uploads\/2024\/11\/KB_2025_komplett_72dpi.pdf#page=82\" target=\"_blank\" rel=\"noopener\">weiterlesen<\/a><\/span><br \/>\n<span><a href=\"https:\/\/baumkletterschule.de\/cms\/kursinfo\/kletterkurse\/rettung\/\" target=\"_blank\" title=\"Tageskurs Rettungstechniken im Baum\" rel=\"noopener\">Zum Rettungskurs-Angebot der MBKS<\/a><\/span><\/p>\n<h2>Kletter-Workshop im Regenwald Ecuadors<\/h2>\n<p><strong>Gemeinsam Erntetechnik f\u00fcr Morete-Palme ausget\u00fcftelt<\/strong> \u2013 Die Fr\u00fcchte der Morete-Palme bilden eine wichtige Ressource der in Ecuador lebenden Siekoya-Remolino-Gemeinschaft. Diese geh\u00f6rt der indigenen Siekopai Nation an. Um die Ernte k\u00fcnftig sicherer und nachhaltiger zu gestalten, sowie die Fr\u00fcchte effektiver zu verwerten, haben Einheimische den Erfahrungsaustausch mit Expert*innen auf dem Gebiet europ\u00e4ischer Baumklettertechniken und Kr\u00e4uterkunde gesucht. So fand im Rahmen eines Gemeinschaftsprojektes von <a href=\"https:\/\/www.bigcanopycampout.com\/\" target=\"_blank\" title=\"Big Canopy Campout\" rel=\"nofollow noopener noreferrer\">Big Canopy Campout (BCC)<\/a> und der S\u00cbRA-Foundation, einer Stiftung der Siekoya-Remolino-Gemeinschaft, im vergangenen Herbst eine Expedition ins ecuadorianische Amazonasgebiet statt. Baumkletterin und BCC-Expeditionsleiterin Vicki Tough erz\u00e4hlt vom Baumkletter-Workshop vor Ort und anderen inspirierenden Erlebnissen im Amazonas-Regenwald.<\/p>\n<p><span><a href=\"\/kletterblatt\/wp-content\/uploads\/2024\/11\/KB_2025_komplett_72dpi.pdf#page=86\" target=\"_blank\" rel=\"noopener\">weiterlesen<\/a><\/span><\/p>\n<h2>Sichere Ankerpunkte \u2013 so geht\u2019s!<\/h2>\n<p><strong>Wie unser K\u00f6rpergewicht den Baum belastet<\/strong> \u2013 H\u00e4lt mein Ankerpunkt der Belastung stand oder nicht? Eva-Maria Mauz, Bauingenieurin, Expertin f\u00fcr Baumstatik und dreifache Deutsche Meisterin im Baumklettern erkl\u00e4rt, welche Kr\u00e4fte im Baum wirken und wie man das Wissen \u00fcber Grunds\u00e4tze der Physik, vor allem \u00fcber Statik, kompetent nutzen kann, um sichere Ankerpunkte zu w\u00e4hlen.<\/p>\n<p><span><a href=\"\/kletterblatt\/wp-content\/uploads\/2024\/11\/KB_2025_komplett_72dpi.pdf#page=94\" target=\"_blank\" rel=\"noopener\">weiterlesen<\/a><\/span><\/p>\n<h2>Vom Aufbauen und Loslassen<\/h2>\n<p><strong>Je fr\u00fcher, desto besser: Nachfolge im Unternehmen regeln<\/strong> \u2013 Die Nachfolge f\u00fcr das eigene Unternehmen zu regeln, ist meist eine Herzensangelegenheit. Handelt es sich bei dem in jahrzehntelanger Arbeit aufgebauten Betrieb doch oft um das Lebenswerk. Nicht nur die geeignete Person muss gefunden werden, es gilt auch beizeiten damit anzufangen. Am sinnvollsten f\u00fcr das Unternehmen ist oft kein harter Bruch, sondern eine f\u00fcr beide Seiten fruchtbare \u00dcbergangszeit. Die Firma <a href=\"https:\/\/baumkletterschule.de\/kletterblatt\/archiv\/2020\/wechsel-und-jubilaeum-pfefferer-baumkultur\" title=\"Kletterblatt 2020: Jubil\u00e4um bei Pfefferer Baumkultur\" target=\"_blank\" rel=\"noopener\">Pfefferer Baumkultur in M\u00fcllheim<\/a> im Markgr\u00e4ferland ist ein Beispiel f\u00fcr einen von Firmengr\u00fcnder und neuem Inhaber gemeinsam von langer Hand vorbereiteten gelungenen Betriebs\u00fcbergang.<\/p>\n<p><span><a href=\"\/kletterblatt\/wp-content\/uploads\/2024\/11\/KB_2025_komplett_72dpi.pdf#page=100\" target=\"_blank\" rel=\"noopener\">weiterlesen<\/a><\/span><\/p>\n<h2>\u201eKronleuchter&#8220; rettet Baumveteran<\/h2>\n<p><strong>Gro\u00dfbaumsanierung mit extra angefertigter, dynamischer Ringsicherung<\/strong> \u2013 In den letzten Jahren hat sich das Risiko der Kipp- und Bruchgefahr durch h\u00e4ufig wiederkehrende Wetterextreme gerade f\u00fcr \u00e4ltere B\u00e4ume deutlich erh\u00f6ht. Daher werden aus Angst vor Haftungsanspr\u00fcchen immer mehr Altb\u00e4ume gef\u00e4llt. Forstingenieur und Baumsachverst\u00e4ndiger Claus-Dieter Omlor zeigt am Beispiel einer Gro\u00dfbaumsanierung M\u00f6glichkeiten zur Erhaltung auf und erl\u00e4utert, mit welchem Aufwand solcherlei Ma\u00dfnahmen verbunden sind.<\/p>\n<p><span><a href=\"\/kletterblatt\/wp-content\/uploads\/2024\/11\/KB_2025_komplett_72dpi.pdf#page=106\" target=\"_blank\" rel=\"noopener\">weiterlesen<\/a><\/span><\/p>\n","protected":false},"excerpt":{"rendered":"<p>Kletterblatt 2025 Seltsame Kompromisse und wo sie zu finden sind Eine Betrachtung zum Umgang mit Sicherheitsregeln \u2013 Sicherheitsregeln beim Baumklettern werden in der Praxis nicht immer hundertprozentig befolgt. Anlass f\u00fcr Bernhard Sch\u00fctte, Technischer Leiter der M\u00fcnchner Baumkletterschule (MBKS), die Unfallverh\u00fctungsvorschriften und die Bedingungen, unter denen sie angewendet und interpretiert werden, n\u00e4her zu betrachten. Sind die Regeln nur unverbindliche Vorschl\u00e4ge oder [&hellip;]<\/p>\n","protected":false},"author":4,"featured_media":0,"parent":1721,"menu_order":0,"comment_status":"closed","ping_status":"closed","template":"","meta":{"ngg_post_thumbnail":0,"footnotes":""},"class_list":["post-8049","page","type-page","status-publish","hentry"],"yoast_head":"<!-- This site is optimized with the Yoast SEO plugin v27.4 - https:\/\/yoast.com\/product\/yoast-seo-wordpress\/ -->\n<title>Kletterblatt 2025 - Kletterblatt<\/title>\n<meta name=\"robots\" content=\"index, follow, max-snippet:-1, max-image-preview:large, max-video-preview:-1\" \/>\n<link rel=\"canonical\" href=\"https:\/\/baumkletterschule.de\/kletterblatt\/archiv\/archiv-2025\" \/>\n<meta property=\"og:locale\" content=\"de_DE\" \/>\n<meta property=\"og:type\" content=\"article\" \/>\n<meta property=\"og:title\" content=\"Kletterblatt 2025 - Kletterblatt\" \/>\n<meta property=\"og:description\" content=\"Kletterblatt 2025 Seltsame Kompromisse und wo sie zu finden sind Eine Betrachtung zum Umgang mit Sicherheitsregeln \u2013 Sicherheitsregeln beim Baumklettern werden in der Praxis nicht immer hundertprozentig befolgt. Anlass f\u00fcr Bernhard Sch\u00fctte, Technischer Leiter der M\u00fcnchner Baumkletterschule (MBKS), die Unfallverh\u00fctungsvorschriften und die Bedingungen, unter denen sie angewendet und interpretiert werden, n\u00e4her zu betrachten. Sind die Regeln nur unverbindliche Vorschl\u00e4ge oder [&hellip;]\" \/>\n<meta property=\"og:url\" content=\"https:\/\/baumkletterschule.de\/kletterblatt\/archiv\/archiv-2025\" \/>\n<meta property=\"og:site_name\" content=\"Kletterblatt\" \/>\n<meta property=\"article:modified_time\" content=\"2025-11-05T10:57:31+00:00\" \/>\n<meta name=\"twitter:label1\" content=\"Gesch\u00e4tzte Lesezeit\" \/>\n\t<meta name=\"twitter:data1\" content=\"6\u00a0Minuten\" \/>\n<script type=\"application\/ld+json\" class=\"yoast-schema-graph\">{\"@context\":\"https:\\\/\\\/schema.org\",\"@graph\":[{\"@type\":\"WebPage\",\"@id\":\"https:\\\/\\\/baumkletterschule.de\\\/kletterblatt\\\/archiv\\\/archiv-2025\",\"url\":\"https:\\\/\\\/baumkletterschule.de\\\/kletterblatt\\\/archiv\\\/archiv-2025\",\"name\":\"Kletterblatt 2025 - Kletterblatt\",\"isPartOf\":{\"@id\":\"https:\\\/\\\/baumkletterschule.de\\\/kletterblatt\\\/#website\"},\"datePublished\":\"2024-11-09T13:20:22+00:00\",\"dateModified\":\"2025-11-05T10:57:31+00:00\",\"breadcrumb\":{\"@id\":\"https:\\\/\\\/baumkletterschule.de\\\/kletterblatt\\\/archiv\\\/archiv-2025#breadcrumb\"},\"inLanguage\":\"de\",\"potentialAction\":[{\"@type\":\"ReadAction\",\"target\":[\"https:\\\/\\\/baumkletterschule.de\\\/kletterblatt\\\/archiv\\\/archiv-2025\"]}]},{\"@type\":\"BreadcrumbList\",\"@id\":\"https:\\\/\\\/baumkletterschule.de\\\/kletterblatt\\\/archiv\\\/archiv-2025#breadcrumb\",\"itemListElement\":[{\"@type\":\"ListItem\",\"position\":1,\"name\":\"Home\",\"item\":\"https:\\\/\\\/baumkletterschule.de\\\/kletterblatt\\\/\"},{\"@type\":\"ListItem\",\"position\":2,\"name\":\"Kletterblatt-Archiv\",\"item\":\"https:\\\/\\\/baumkletterschule.de\\\/kletterblatt\\\/\"},{\"@type\":\"ListItem\",\"position\":3,\"name\":\"Kletterblatt 2025\"}]},{\"@type\":\"WebSite\",\"@id\":\"https:\\\/\\\/baumkletterschule.de\\\/kletterblatt\\\/#website\",\"url\":\"https:\\\/\\\/baumkletterschule.de\\\/kletterblatt\\\/\",\"name\":\"Kletterblatt\",\"description\":\"Das Online Archiv\",\"potentialAction\":[{\"@type\":\"SearchAction\",\"target\":{\"@type\":\"EntryPoint\",\"urlTemplate\":\"https:\\\/\\\/baumkletterschule.de\\\/kletterblatt\\\/?s={search_term_string}\"},\"query-input\":{\"@type\":\"PropertyValueSpecification\",\"valueRequired\":true,\"valueName\":\"search_term_string\"}}],\"inLanguage\":\"de\"}]}<\/script>\n<!-- \/ Yoast SEO plugin. -->","yoast_head_json":{"title":"Kletterblatt 2025 - Kletterblatt","robots":{"index":"index","follow":"follow","max-snippet":"max-snippet:-1","max-image-preview":"max-image-preview:large","max-video-preview":"max-video-preview:-1"},"canonical":"https:\/\/baumkletterschule.de\/kletterblatt\/archiv\/archiv-2025","og_locale":"de_DE","og_type":"article","og_title":"Kletterblatt 2025 - Kletterblatt","og_description":"Kletterblatt 2025 Seltsame Kompromisse und wo sie zu finden sind Eine Betrachtung zum Umgang mit Sicherheitsregeln \u2013 Sicherheitsregeln beim Baumklettern werden in der Praxis nicht immer hundertprozentig befolgt. Anlass f\u00fcr Bernhard Sch\u00fctte, Technischer Leiter der M\u00fcnchner Baumkletterschule (MBKS), die Unfallverh\u00fctungsvorschriften und die Bedingungen, unter denen sie angewendet und interpretiert werden, n\u00e4her zu betrachten. Sind die Regeln nur unverbindliche Vorschl\u00e4ge oder [&hellip;]","og_url":"https:\/\/baumkletterschule.de\/kletterblatt\/archiv\/archiv-2025","og_site_name":"Kletterblatt","article_modified_time":"2025-11-05T10:57:31+00:00","twitter_misc":{"Gesch\u00e4tzte Lesezeit":"6\u00a0Minuten"},"schema":{"@context":"https:\/\/schema.org","@graph":[{"@type":"WebPage","@id":"https:\/\/baumkletterschule.de\/kletterblatt\/archiv\/archiv-2025","url":"https:\/\/baumkletterschule.de\/kletterblatt\/archiv\/archiv-2025","name":"Kletterblatt 2025 - Kletterblatt","isPartOf":{"@id":"https:\/\/baumkletterschule.de\/kletterblatt\/#website"},"datePublished":"2024-11-09T13:20:22+00:00","dateModified":"2025-11-05T10:57:31+00:00","breadcrumb":{"@id":"https:\/\/baumkletterschule.de\/kletterblatt\/archiv\/archiv-2025#breadcrumb"},"inLanguage":"de","potentialAction":[{"@type":"ReadAction","target":["https:\/\/baumkletterschule.de\/kletterblatt\/archiv\/archiv-2025"]}]},{"@type":"BreadcrumbList","@id":"https:\/\/baumkletterschule.de\/kletterblatt\/archiv\/archiv-2025#breadcrumb","itemListElement":[{"@type":"ListItem","position":1,"name":"Home","item":"https:\/\/baumkletterschule.de\/kletterblatt\/"},{"@type":"ListItem","position":2,"name":"Kletterblatt-Archiv","item":"https:\/\/baumkletterschule.de\/kletterblatt\/"},{"@type":"ListItem","position":3,"name":"Kletterblatt 2025"}]},{"@type":"WebSite","@id":"https:\/\/baumkletterschule.de\/kletterblatt\/#website","url":"https:\/\/baumkletterschule.de\/kletterblatt\/","name":"Kletterblatt","description":"Das Online Archiv","potentialAction":[{"@type":"SearchAction","target":{"@type":"EntryPoint","urlTemplate":"https:\/\/baumkletterschule.de\/kletterblatt\/?s={search_term_string}"},"query-input":{"@type":"PropertyValueSpecification","valueRequired":true,"valueName":"search_term_string"}}],"inLanguage":"de"}]}},"_links":{"self":[{"href":"https:\/\/baumkletterschule.de\/kletterblatt\/wp-json\/wp\/v2\/pages\/8049","targetHints":{"allow":["GET"]}}],"collection":[{"href":"https:\/\/baumkletterschule.de\/kletterblatt\/wp-json\/wp\/v2\/pages"}],"about":[{"href":"https:\/\/baumkletterschule.de\/kletterblatt\/wp-json\/wp\/v2\/types\/page"}],"author":[{"embeddable":true,"href":"https:\/\/baumkletterschule.de\/kletterblatt\/wp-json\/wp\/v2\/users\/4"}],"replies":[{"embeddable":true,"href":"https:\/\/baumkletterschule.de\/kletterblatt\/wp-json\/wp\/v2\/comments?post=8049"}],"version-history":[{"count":4,"href":"https:\/\/baumkletterschule.de\/kletterblatt\/wp-json\/wp\/v2\/pages\/8049\/revisions"}],"predecessor-version":[{"id":8071,"href":"https:\/\/baumkletterschule.de\/kletterblatt\/wp-json\/wp\/v2\/pages\/8049\/revisions\/8071"}],"up":[{"embeddable":true,"href":"https:\/\/baumkletterschule.de\/kletterblatt\/wp-json\/wp\/v2\/pages\/1721"}],"wp:attachment":[{"href":"https:\/\/baumkletterschule.de\/kletterblatt\/wp-json\/wp\/v2\/media?parent=8049"}],"curies":[{"name":"wp","href":"https:\/\/api.w.org\/{rel}","templated":true}]}}