{"id":8040,"date":"2023-11-10T09:45:47","date_gmt":"2023-11-10T07:45:47","guid":{"rendered":"https:\/\/baumkletterschule.de\/kletterblatt\/?page_id=8040"},"modified":"2023-11-10T10:11:39","modified_gmt":"2023-11-10T08:11:39","slug":"archiv-2024","status":"publish","type":"page","link":"https:\/\/baumkletterschule.de\/kletterblatt\/archiv\/archiv-2024","title":{"rendered":"Kletterblatt 2024"},"content":{"rendered":"<h1>Kletterblatt 2024<\/h1>\n<h2>Krone richten,weiterwachsen<\/h2>\n<p><strong>H\u00e4ufige Fehler beim Einbau von Kronensicherungen<\/strong> \u2013 In der Baumpflege gibt es den Begriff der Kronensicherung. Dieser beschreibt die praktische Ma\u00dfnahme zur Sicherung von Baumkronen, um etwaige Schadstellen zu sichern bzw. die Baumkrone zu stabilisieren. Erreicht werden kann dies mit sogenannten Kronensicherungssystemen, vereinfacht ebenfalls Kronensicherung&#8220; genannt. MBKS-Ausbilder Dirk Lingens gibt einen \u00dcberblick \u00fcber h\u00e4ufige Fehler in der Praxis.<\/p>\n<p><span><a href=\"https:\/\/baumkletterschule.de\/kletterblatt\/wp-content\/uploads\/2023\/11\/KB_2024_komplett_72dpi.pdf#page=6\" target=\"_blank\" rel=\"noopener\">weiterlesen<\/a><\/span><\/p>\n<h2>Palmfr\u00fcchte sicherer und nachhaltig ernten<\/h2>\n<p><strong>Siekopai in Ecuador wollen Klettertechniken erlernen<\/strong> \u2013 Im Herbst dieses Jahres fiel der Startschuss f\u00fcr ein neues Projekt von Big Canopy Campout (BCC) und der S\u00cbRA-Foundation, einer Stiftung der Siekoya-Remolino-Gemeinschaft der indigenen Siekopai Nation in Ecuador. Eine  Gruppe von Expert*innen in den Bereichen Baumklettern, Kr\u00e4uterkunde, Dokumentarfilm und f\u00fcr die Unterst\u00fctzung von indigenen Gemeinschaften ist aus diesem Grund ins ecuadorianische Amazonasgebiet gereist. Mitglieder der dort ans\u00e4ssigen Siekoya-Remolino-Gemeinschaft wollen von ihnen unter anderem die notwendigen Baumklettertechniken erlernen, um die Fr\u00fcchte der heimischen Morete-Palme k\u00fcnftig sicherer und nachhaltiger ernten zu k\u00f6nnen. Im Vorfeld der Expedition sprach Kletterblatt-Chefredakteurin Claudia Dreckmann dazu mit Baumkletterin und Expeditionsleiterin Vicki Tough.<\/p>\n<p><span><a href=\"https:\/\/baumkletterschule.de\/kletterblatt\/wp-content\/uploads\/2023\/11\/KB_2024_komplett_72dpi.pdf#page=12\" target=\"_blank\" rel=\"noopener\">weiterlesen<\/a><\/span><\/p>\n<h2>Meister der B\u00e4ume<\/h2>\n<p><strong>Lese-Tipp: M\u00e4rchenbuch \u00fcber die Baumpflege<\/strong> \u2013 Immer mehr B\u00fccher besch\u00e4ftigen sich mit dem Thema Baumpflege. Zu den Neuentdeckungen in diesem Jahr speziell f\u00fcr junge Leser*innen geh\u00f6rt \u201eDie Meister der B\u00e4ume&#8220; des ungarischen Baumpflegers Bence B\u00f6rzsei. Ronja Burgdorf, Lektorin der deutschen Ausgabe und selbst Baumkletterin, erz\u00e4hlt in unserem Buchtipp, was sie an dem M\u00e4rchenbuch fasziniert und wie es zur Zusammenarbeit mit dem Autor kam.<\/p>\n<p><span><a href=\"https:\/\/baumkletterschule.de\/kletterblatt\/wp-content\/uploads\/2023\/11\/KB_2024_komplett_72dpi.pdf#page=18\" target=\"_blank\" rel=\"noopener\">weiterlesen<\/a><\/span><\/p>\n<h2>Neues Skript f\u00fcr SKT A<\/h2>\n<p><strong>A-Kurse im Wandel der Zeiten<\/strong> \u2013 Gute Ausbildung braucht gute Lehrb\u00fccher. P\u00fcnktlich zum Beginn des neuen Kursjahres liegt das neu \u00fcberarbeitete SKT-A-Kursskript (7. Auflage, 2023) der <a href=\"https:\/\/www.baumkletterschule.de\" title=\"Webseite M\u00fcnchner Baumkletterschule\" target=\"_blank\" rel=\"noopener\">M\u00fcnchner Baumkletterschule (MBKS)<\/a> vor. Seit 2008 hat es sich als qualifiziertes Unterrichtsmaterial f\u00fcr die Teilnehmer*innen der SKT-A-Kurse an der MBKS bew\u00e4hrt, um seilunterst\u00fctzte Arbeitstechniken in der Baumpflege zu erlernen. Bernhard Sch\u00fctte, Technischer Leiter der M\u00fcnchner Baumkletterschule und hauptverantwortlicher Autor des Skripts stellt die neue Version vor und blickt auf die Entwicklungen und Ver\u00e4nderungen seit dem Beginn der akkreditierten Ausbildungen zur\u00fcck.<\/p>\n<p><span><a href=\"https:\/\/baumkletterschule.de\/kletterblatt\/wp-content\/uploads\/2023\/11\/KB_2024_komplett_72dpi.pdf#page=22\" target=\"_blank\" rel=\"noopener\">weiterlesen<\/a><\/span><\/p>\n<h2>Baumland Brasilien im Aufbruch<\/h2>\n<p><strong>Baumpflege auf dem s\u00fcdamerikanischen Kontinent<\/strong> \u2013 Elternzeit einmal anders. Baumkletterin und Baumkontrolleurin Ruth Morell reiste mit ihrer sechsk\u00f6pfigen Familie nach Brasilien. Neben dem Kennenlernen von Land und Leuten war es ihr Ziel, Einblicke in die Baumpflegekultur des s\u00fcdamerikanischen Landes zu gewinnen. Im Kletterblatt berichtet sie von ihrem Erfahrungsaustausch mit Baumpflegenden vor Ort. <\/p>\n<p><span><a href=\"https:\/\/baumkletterschule.de\/kletterblatt\/wp-content\/uploads\/2023\/11\/KB_2024_komplett_72dpi.pdf#page=26\" target=\"_blank\" rel=\"noopener\">weiterlesen<\/a><\/span><\/p>\n<h2>Standards der Obstbaumpflege jetzt in Buchform<\/h2>\n<p><strong>Empfehlungen zur fachgerechten Pflege gro\u00dfkroniger Obstb\u00e4ume<\/strong> \u2013 Druckfrisch liegt jetzt erstmals ein <a href=\" https:\/\/www.baumpflegeportal.de\/baumpflege\/regelwerk-fuer-obstbaumpflege-bundesweite-standards\/\" title=\u201dBaumpflegeportal: \u2018Regelwerk Obstbaumpflege\u2019\"  target=\"_blank\">Regelwerk mit Standards<\/a> zur Pflege gro\u00dfkroniger Obstb\u00e4ume vor. Hintergrund: Aufgrund unterlassener oder fachlich unzureichender Pflege sind in den vergangenen Jahren viele Streuobstwiesen verschwunden. Auf Initiative des Pomologen-Vereins haben sich Obstbaumexpert*innen aus ganz Deutschland deshalb zusammengetan, um ein Regelwerk mit fachgerechten Pflegeanleitungen zu erstellen. Die Standards wurden im September ver\u00f6ffentlicht. Das Buch kann ab sofort im <a href=\"https:\/\/shop.pomologen-verein.de\" title=\"Extern: Webshop Pomologenverein\" target=\"_blank\" rel=\"nofollow noopener noreferrer\">Webshop des Vereins<\/a> erworben werden.<\/p>\n<p><span><a href=\"https:\/\/baumkletterschule.de\/kletterblatt\/wp-content\/uploads\/2023\/11\/KB_2024_komplett_72dpi.pdf#page=34\" target=\"_blank\" rel=\"noopener\">weiterlesen<\/a><\/span><br \/>\n<span><a href=\"https:\/\/www.freeworker.de\/2022\/06\/08\/baumklettermeisterschaft-2022-kleve\/\" title=\u201dFreeworker Blog: \u2018Dt. Baumklettermeisterschaft Kleve 2022\u2019\"  target=\"_blank\">weiterlesen<\/a><\/span><\/p>\n<h2>Klettermission zum K\u00f6nig der L\u00fcfte<\/h2>\n<p><strong>Adlerberingung leicht gemacht mit Seilklettertechnik<\/strong> \u2013 Sabine Kleinbauer und Torsten Marczak aus B\u00fctzow im Norden von Mecklenburg-Vorpommern haben eine gro\u00dfe Leidenschaft: Sie engagieren sich ehrenamtlich f\u00fcr den Schutz und das Monitoring von Greifv\u00f6geln in Deutschland. Dabei erhalten sie seit einigen Jahren Unterst\u00fctzung von Baumpfleger Tim Schr\u00f6der, der ihnen mit seiner Erfahrung in der Seilklettertechnik bei der Beringung von Seeadlern hilft.<\/p>\n<p><span><a href=\"https:\/\/baumkletterschule.de\/kletterblatt\/wp-content\/uploads\/2023\/11\/KB_2024_komplett_72dpi.pdf#page=40\" target=\"_blank\" rel=\"noopener\">weiterlesen<\/a><\/span><\/p>\n<h2>F\u00fcr mehr Sicherheit und Wohlbefinden<\/h2>\n<p><strong>\u00dcberblick \u00fcber Funksysteme in der Baumpflege<\/strong> \u2013 Die Verst\u00e4ndigung auf Baustellen ist, je nach Einsatz, nicht immer einfach. Entfernungen zwischen Kletter*innen und Bodenteam m\u00fcssen \u00fcberwunden werden und oft auch noch der durch Arbeitsger\u00e4te verursachte L\u00e4rm. Der Einsatz von Funkger\u00e4ten kann die Kommunikation erleichtern, das Wohlbefinden im Team verbessern und dadurch auch die Sicherheit. Peter Dehlinger besch\u00e4ftigt sich seit Jahren intensiv mit der Thematik und gibt einen \u00dcberblick \u00fcber aktuelle Funksysteme.<\/p>\n<p><span><a href=\"https:\/\/baumkletterschule.de\/kletterblatt\/wp-content\/uploads\/2023\/11\/KB_2024_komplett_72dpi.pdf#page=74\" target=\"_blank\" rel=\"noopener\">weiterlesen<\/a><\/span><\/p>\n<h2>Einfach mal wechseln<\/h2>\n<p><strong>Kombinationsm\u00f6glichkeiten von Doppel- und Einfachseiltechniken<\/strong> \u2013 Die einen schw\u00f6ren auf eins, die anderen auf zwei. Gemeint ist die Anzahl der Seile im System beim Baumklettern. In manchen F\u00e4llen macht\u2019s die Kombination, findet MBKS-Ausbilderin Hanja Fritze. Sie suchte daher nach M\u00f6glichkeiten, je nach Situation halbwegs unkompliziert zwischen Doppelseiltechnik und Einfachseiltechnik zu wechseln. Hier stellt sie mehrere L\u00f6sungen vor, wie sie w\u00e4hrend des Kletterns das umlaufende und das stehende Klettersystem kombiniert.<\/p>\n<p><span><a href=\"https:\/\/baumkletterschule.de\/kletterblatt\/wp-content\/uploads\/2023\/11\/KB_2024_komplett_72dpi.pdf#page=82\" target=\"_blank\" rel=\"noopener\">weiterlesen<\/a><\/span><\/p>\n<h2>Apps und Tools rund um B\u00e4ume<\/h2>\n<p><strong>Digitalisierung in der Baumpflege<\/strong> Noch off oder schon drin? Welches Potenzial birgt das Internet und wie sieht es mit der Datenverarbeitung rund um B\u00e4ume aus? Manuel Schuster, MBKS-Ausbilder und Baumpfleger aus Leidenschaft, besch\u00e4ftigt sich mit der Digitalisierung in der Baumpflege. Er fasst aktuelle Entwicklungen zusammen und pr\u00e4sentiert einen Ausblick auf k\u00fcnftige M\u00f6glichkeiten.<\/p>\n<p><span><a href=\"https:\/\/baumkletterschule.de\/kletterblatt\/wp-content\/uploads\/2023\/11\/KB_2024_komplett_72dpi.pdf#page=84\" target=\"_blank\" rel=\"noopener\">weiterlesen<\/a><\/span><\/p>\n<h2>nandu, der Wanderwagen<\/h2>\n<p><strong>Neues aus der Erfinderwerkstatt<\/strong> Dirk Lingens, MBKS-Ausbilder und Autor des Klassikers \u201eBaumknoten f\u00fcr Kletternde und Bodenleute&#8220; ist bekannt f\u00fcr seinen Hang zum T\u00fcfteln. So stammen allerlei n\u00fctzliche Sachen f\u00fcr den Einsatz in der Baumpflegepraxis aus seiner Erfinderwerkstatt, beispielsweise die Winsch f\u00fcr Baumf\u00e4llarbeiten \u201edaWinchi&#8220;. F\u00fcr kurze und schwer zug\u00e4ngliche Wege zur Baustelle pr\u00e4sentiert er im Kletterblatt seine leichte und gel\u00e4ndeg\u00e4ngige Transportl\u00f6sung f\u00fcr Kletterausr\u00fcstung und Co.<\/p>\n<p><span><a href=\"https:\/\/baumkletterschule.de\/kletterblatt\/wp-content\/uploads\/2023\/11\/KB_2024_komplett_72dpi.pdf#page=88\" target=\"_blank\" rel=\"noopener\">weiterlesen<\/a><\/span><\/p>\n<h2>Mit Bauch in den Baum<\/h2>\n<p><strong>Vereinbarkeit von Beruf, Schwangerschaft und Mutterdasein<\/strong> \u2013 In den vergangenen Jahren ist der Anteil der Frauen in der Baumpflege weiter angestiegen (<a href=\"https:\/\/baumkletterschule.de\/kletterblatt\/wp-content\/uploads\/2021\/10\/KB_2022_komplett_72dpi.pdf#page=11\" title=\"PDF-Artikel Kletterblatt 2022: \u201aIhr Job \u2013 Frauenpower im Baum\u2018\" target=\"_blank\" rel=\"noopener\">\u201eIhr Job \u2013 Frauenpower im Baum&#8220;, Kletterblatt 2022<\/a>). Das f\u00fchrt dazu, dass naturgem\u00e4\u00df auch immer mehr Schwangere und M\u00fctter im Baum arbeiten. Von der st\u00e4ndigen Gratwanderung zwischen wollen, d\u00fcrfen und k\u00f6nnen erz\u00e4hlt Baumkontrolleurin und Baumsachverst\u00e4ndige Ruth Morell. Die Ausbilderin f\u00fcr Seilklettertechnik ist selbst vierfache Mutter.<\/p>\n<p><span><a href=\"https:\/\/baumkletterschule.de\/kletterblatt\/wp-content\/uploads\/2023\/11\/KB_2024_komplett_72dpi.pdf#page=92\" target=\"_blank\" rel=\"noopener\">weiterlesen<\/a><\/span><\/p>\n<h2>Vision Schwammstadt<\/h2>\n<p><strong>29. Baumpflegeseminar Badenweiler: Wasserversorgung von Stadtb\u00e4umen<\/strong> \u2013 Rund um die Schwammstadt drehte sich das 29. Baumpflegeseminar in Badenweiler. Auf Einladung von Initiator Ulrich Pfefferer, Gr\u00fcnder von Pfefferer Baumkultur M\u00fcllheim, diskutierten Expert*innen und Publikum zukunftstr\u00e4chtige Konzepte zur Wasserversorgung von Stadtb\u00e4umen.<\/p>\n<p><span><a href=\"https:\/\/baumkletterschule.de\/kletterblatt\/wp-content\/uploads\/2023\/11\/KB_2024_komplett_72dpi.pdf#page=98\" target=\"_blank\" rel=\"noopener\">weiterlesen<\/a><\/span><\/p>\n<h2>Aus zwei mach drei!<\/h2>\n<p><strong>Die einfache Mathematik der fortgeschrittenen Rettungsplanung<\/strong> \u2013 Joe Loorham, Baumpfleger und Kletterausbilder in Australien, ist stets auf der Suche nach Verbesserungen in Sachen Klettertechnik. Jetzt hat er wieder etwas ausget\u00fcftelt. Im Kletterblatt stellt er ein System vor, das auf der Basis des ART Rope-Guide TwinLine in kurzer Zeit und mit wenig Aufwand den Einbau von drei unabh\u00e4ngig voneinander nutzbaren Seilen an einem Ankerpunkt m\u00f6glich macht.<\/p>\n<p><span><a href=\"https:\/\/baumkletterschule.de\/kletterblatt\/wp-content\/uploads\/2023\/11\/KB_2024_komplett_72dpi.pdf#page=102\" target=\"_blank\" rel=\"noopener\">weiterlesen<\/a><\/span><\/p>\n<h2>Auf B\u00e4ume klettern, um die Welt zu sehen<\/h2>\n<p><strong>Erfahrungen eines Baumpflegers im Ausland<\/strong> \u2013 Hajo Sp\u00e4the ist 2010 in die Baumpflege eingestiegen und hat 2013 \u00fcber die M\u00fcnchner Baumkletterschule sein SKT-B-Zertifikat erworben. Seither war er als Baumkletterer rund um den Globus t\u00e4tig. F\u00fcr das Kletterblatt erz\u00e4hlt er von seinen Erfahrungen mit L\u00e4ndern, Leuten und B\u00e4umen.<\/p>\n<p><span><a href=\"https:\/\/baumkletterschule.de\/kletterblatt\/wp-content\/uploads\/2023\/11\/KB_2024_komplett_72dpi.pdf#page=106\" target=\"_blank\" rel=\"noopener\">weiterlesen<\/a><\/span><\/p>\n","protected":false},"excerpt":{"rendered":"<p>Kletterblatt 2024 Krone richten,weiterwachsen H\u00e4ufige Fehler beim Einbau von Kronensicherungen \u2013 In der Baumpflege gibt es den Begriff der Kronensicherung. Dieser beschreibt die praktische Ma\u00dfnahme zur Sicherung von Baumkronen, um etwaige Schadstellen zu sichern bzw. die Baumkrone zu stabilisieren. Erreicht werden kann dies mit sogenannten Kronensicherungssystemen, vereinfacht ebenfalls Kronensicherung&#8220; genannt. MBKS-Ausbilder Dirk Lingens gibt einen \u00dcberblick \u00fcber h\u00e4ufige Fehler in [&hellip;]<\/p>\n","protected":false},"author":4,"featured_media":0,"parent":1721,"menu_order":0,"comment_status":"closed","ping_status":"closed","template":"","meta":{"ngg_post_thumbnail":0,"footnotes":""},"class_list":["post-8040","page","type-page","status-publish","hentry"],"yoast_head":"<!-- This site is optimized with the Yoast SEO plugin v27.4 - https:\/\/yoast.com\/product\/yoast-seo-wordpress\/ -->\n<title>Kletterblatt 2024 - Kletterblatt<\/title>\n<meta name=\"robots\" content=\"index, follow, max-snippet:-1, max-image-preview:large, max-video-preview:-1\" \/>\n<link rel=\"canonical\" href=\"https:\/\/baumkletterschule.de\/kletterblatt\/archiv\/archiv-2024\" \/>\n<meta property=\"og:locale\" content=\"de_DE\" \/>\n<meta property=\"og:type\" content=\"article\" \/>\n<meta property=\"og:title\" content=\"Kletterblatt 2024 - Kletterblatt\" \/>\n<meta property=\"og:description\" content=\"Kletterblatt 2024 Krone richten,weiterwachsen H\u00e4ufige Fehler beim Einbau von Kronensicherungen \u2013 In der Baumpflege gibt es den Begriff der Kronensicherung. Dieser beschreibt die praktische Ma\u00dfnahme zur Sicherung von Baumkronen, um etwaige Schadstellen zu sichern bzw. die Baumkrone zu stabilisieren. Erreicht werden kann dies mit sogenannten Kronensicherungssystemen, vereinfacht ebenfalls Kronensicherung&#8220; genannt. MBKS-Ausbilder Dirk Lingens gibt einen \u00dcberblick \u00fcber h\u00e4ufige Fehler in [&hellip;]\" \/>\n<meta property=\"og:url\" content=\"https:\/\/baumkletterschule.de\/kletterblatt\/archiv\/archiv-2024\" \/>\n<meta property=\"og:site_name\" content=\"Kletterblatt\" \/>\n<meta property=\"article:modified_time\" content=\"2023-11-10T08:11:39+00:00\" \/>\n<meta name=\"twitter:label1\" content=\"Gesch\u00e4tzte Lesezeit\" \/>\n\t<meta name=\"twitter:data1\" content=\"6\u00a0Minuten\" \/>\n<script type=\"application\/ld+json\" class=\"yoast-schema-graph\">{\"@context\":\"https:\\\/\\\/schema.org\",\"@graph\":[{\"@type\":\"WebPage\",\"@id\":\"https:\\\/\\\/baumkletterschule.de\\\/kletterblatt\\\/archiv\\\/archiv-2024\",\"url\":\"https:\\\/\\\/baumkletterschule.de\\\/kletterblatt\\\/archiv\\\/archiv-2024\",\"name\":\"Kletterblatt 2024 - Kletterblatt\",\"isPartOf\":{\"@id\":\"https:\\\/\\\/baumkletterschule.de\\\/kletterblatt\\\/#website\"},\"datePublished\":\"2023-11-10T07:45:47+00:00\",\"dateModified\":\"2023-11-10T08:11:39+00:00\",\"breadcrumb\":{\"@id\":\"https:\\\/\\\/baumkletterschule.de\\\/kletterblatt\\\/archiv\\\/archiv-2024#breadcrumb\"},\"inLanguage\":\"de\",\"potentialAction\":[{\"@type\":\"ReadAction\",\"target\":[\"https:\\\/\\\/baumkletterschule.de\\\/kletterblatt\\\/archiv\\\/archiv-2024\"]}]},{\"@type\":\"BreadcrumbList\",\"@id\":\"https:\\\/\\\/baumkletterschule.de\\\/kletterblatt\\\/archiv\\\/archiv-2024#breadcrumb\",\"itemListElement\":[{\"@type\":\"ListItem\",\"position\":1,\"name\":\"Home\",\"item\":\"https:\\\/\\\/baumkletterschule.de\\\/kletterblatt\\\/\"},{\"@type\":\"ListItem\",\"position\":2,\"name\":\"Kletterblatt-Archiv\",\"item\":\"https:\\\/\\\/baumkletterschule.de\\\/kletterblatt\\\/\"},{\"@type\":\"ListItem\",\"position\":3,\"name\":\"Kletterblatt 2024\"}]},{\"@type\":\"WebSite\",\"@id\":\"https:\\\/\\\/baumkletterschule.de\\\/kletterblatt\\\/#website\",\"url\":\"https:\\\/\\\/baumkletterschule.de\\\/kletterblatt\\\/\",\"name\":\"Kletterblatt\",\"description\":\"Das Online Archiv\",\"potentialAction\":[{\"@type\":\"SearchAction\",\"target\":{\"@type\":\"EntryPoint\",\"urlTemplate\":\"https:\\\/\\\/baumkletterschule.de\\\/kletterblatt\\\/?s={search_term_string}\"},\"query-input\":{\"@type\":\"PropertyValueSpecification\",\"valueRequired\":true,\"valueName\":\"search_term_string\"}}],\"inLanguage\":\"de\"}]}<\/script>\n<!-- \/ Yoast SEO plugin. -->","yoast_head_json":{"title":"Kletterblatt 2024 - Kletterblatt","robots":{"index":"index","follow":"follow","max-snippet":"max-snippet:-1","max-image-preview":"max-image-preview:large","max-video-preview":"max-video-preview:-1"},"canonical":"https:\/\/baumkletterschule.de\/kletterblatt\/archiv\/archiv-2024","og_locale":"de_DE","og_type":"article","og_title":"Kletterblatt 2024 - Kletterblatt","og_description":"Kletterblatt 2024 Krone richten,weiterwachsen H\u00e4ufige Fehler beim Einbau von Kronensicherungen \u2013 In der Baumpflege gibt es den Begriff der Kronensicherung. Dieser beschreibt die praktische Ma\u00dfnahme zur Sicherung von Baumkronen, um etwaige Schadstellen zu sichern bzw. die Baumkrone zu stabilisieren. Erreicht werden kann dies mit sogenannten Kronensicherungssystemen, vereinfacht ebenfalls Kronensicherung&#8220; genannt. MBKS-Ausbilder Dirk Lingens gibt einen \u00dcberblick \u00fcber h\u00e4ufige Fehler in [&hellip;]","og_url":"https:\/\/baumkletterschule.de\/kletterblatt\/archiv\/archiv-2024","og_site_name":"Kletterblatt","article_modified_time":"2023-11-10T08:11:39+00:00","twitter_misc":{"Gesch\u00e4tzte Lesezeit":"6\u00a0Minuten"},"schema":{"@context":"https:\/\/schema.org","@graph":[{"@type":"WebPage","@id":"https:\/\/baumkletterschule.de\/kletterblatt\/archiv\/archiv-2024","url":"https:\/\/baumkletterschule.de\/kletterblatt\/archiv\/archiv-2024","name":"Kletterblatt 2024 - Kletterblatt","isPartOf":{"@id":"https:\/\/baumkletterschule.de\/kletterblatt\/#website"},"datePublished":"2023-11-10T07:45:47+00:00","dateModified":"2023-11-10T08:11:39+00:00","breadcrumb":{"@id":"https:\/\/baumkletterschule.de\/kletterblatt\/archiv\/archiv-2024#breadcrumb"},"inLanguage":"de","potentialAction":[{"@type":"ReadAction","target":["https:\/\/baumkletterschule.de\/kletterblatt\/archiv\/archiv-2024"]}]},{"@type":"BreadcrumbList","@id":"https:\/\/baumkletterschule.de\/kletterblatt\/archiv\/archiv-2024#breadcrumb","itemListElement":[{"@type":"ListItem","position":1,"name":"Home","item":"https:\/\/baumkletterschule.de\/kletterblatt\/"},{"@type":"ListItem","position":2,"name":"Kletterblatt-Archiv","item":"https:\/\/baumkletterschule.de\/kletterblatt\/"},{"@type":"ListItem","position":3,"name":"Kletterblatt 2024"}]},{"@type":"WebSite","@id":"https:\/\/baumkletterschule.de\/kletterblatt\/#website","url":"https:\/\/baumkletterschule.de\/kletterblatt\/","name":"Kletterblatt","description":"Das Online Archiv","potentialAction":[{"@type":"SearchAction","target":{"@type":"EntryPoint","urlTemplate":"https:\/\/baumkletterschule.de\/kletterblatt\/?s={search_term_string}"},"query-input":{"@type":"PropertyValueSpecification","valueRequired":true,"valueName":"search_term_string"}}],"inLanguage":"de"}]}},"_links":{"self":[{"href":"https:\/\/baumkletterschule.de\/kletterblatt\/wp-json\/wp\/v2\/pages\/8040","targetHints":{"allow":["GET"]}}],"collection":[{"href":"https:\/\/baumkletterschule.de\/kletterblatt\/wp-json\/wp\/v2\/pages"}],"about":[{"href":"https:\/\/baumkletterschule.de\/kletterblatt\/wp-json\/wp\/v2\/types\/page"}],"author":[{"embeddable":true,"href":"https:\/\/baumkletterschule.de\/kletterblatt\/wp-json\/wp\/v2\/users\/4"}],"replies":[{"embeddable":true,"href":"https:\/\/baumkletterschule.de\/kletterblatt\/wp-json\/wp\/v2\/comments?post=8040"}],"version-history":[{"count":3,"href":"https:\/\/baumkletterschule.de\/kletterblatt\/wp-json\/wp\/v2\/pages\/8040\/revisions"}],"predecessor-version":[{"id":8045,"href":"https:\/\/baumkletterschule.de\/kletterblatt\/wp-json\/wp\/v2\/pages\/8040\/revisions\/8045"}],"up":[{"embeddable":true,"href":"https:\/\/baumkletterschule.de\/kletterblatt\/wp-json\/wp\/v2\/pages\/1721"}],"wp:attachment":[{"href":"https:\/\/baumkletterschule.de\/kletterblatt\/wp-json\/wp\/v2\/media?parent=8040"}],"curies":[{"name":"wp","href":"https:\/\/api.w.org\/{rel}","templated":true}]}}