{"id":34,"date":"2011-08-02T12:10:35","date_gmt":"2011-08-02T10:10:35","guid":{"rendered":"http:\/\/kl.freeworker.de\/?page_id=34"},"modified":"2019-04-24T09:51:41","modified_gmt":"2019-04-24T07:51:41","slug":"impressum","status":"publish","type":"page","link":"https:\/\/baumkletterschule.de\/kletterblatt\/impressum","title":{"rendered":"Impressum"},"content":{"rendered":"<p><strong>Kletterfirmen Media-Dienst<\/strong><br \/>\nJohannes Bilharz und Stefan Bilharz GbR<br \/>\nAblosweg 14<br \/>\n79341 Kenzingen<\/p>\n<p><strong>Urheberrechte:<\/strong><br \/>\nText, Bilder, und Grafiken sowie deren Anordnung auf der Kletterblatt Website unterliegen dem Schutz des Urheberrechts und anderer Schutzgesetze.<\/p>\n<p>Der Inhalt dieser Website darf nicht zu kommerziellen Zwecken kopiert, verbreitet, ver\u00e4ndert oder Dritten zug\u00e4nglich gemacht werden.<\/p>\n<p><strong>Haftungshinweis:<\/strong><br \/>\nTrotz sorgf\u00e4ltiger inhaltlicher Kontrolle \u00fcbernehmen wir keine Haftung f\u00fcr die Inhalte externer Links. F\u00fcr den Inhalt der verlinkten Seiten sind ausschlie\u00dflich deren Betreiber verantwortlich.<\/p>\n","protected":false},"excerpt":{"rendered":"<p>Kletterfirmen Media-Dienst Johannes Bilharz und Stefan Bilharz GbR Ablosweg 14 79341 Kenzingen Urheberrechte: Text, Bilder, und Grafiken sowie deren Anordnung auf der Kletterblatt Website unterliegen dem Schutz des Urheberrechts und anderer Schutzgesetze. Der Inhalt dieser Website darf nicht zu kommerziellen Zwecken kopiert, verbreitet, ver\u00e4ndert oder Dritten zug\u00e4nglich gemacht werden. Haftungshinweis: Trotz sorgf\u00e4ltiger inhaltlicher Kontrolle \u00fcbernehmen wir keine Haftung f\u00fcr die [&hellip;]<\/p>\n","protected":false},"author":2,"featured_media":0,"parent":0,"menu_order":7,"comment_status":"closed","ping_status":"closed","template":"","meta":{"ngg_post_thumbnail":0,"footnotes":""},"class_list":["post-34","page","type-page","status-publish","hentry"],"yoast_head":"<!-- This site is optimized with the Yoast SEO plugin v27.3 - https:\/\/yoast.com\/product\/yoast-seo-wordpress\/ -->\n<title>Impressum - Kletterblatt<\/title>\n<meta name=\"robots\" content=\"index, follow, max-snippet:-1, max-image-preview:large, max-video-preview:-1\" \/>\n<link rel=\"canonical\" href=\"https:\/\/baumkletterschule.de\/kletterblatt\/impressum\" \/>\n<meta property=\"og:locale\" content=\"de_DE\" \/>\n<meta property=\"og:type\" content=\"article\" \/>\n<meta property=\"og:title\" content=\"Impressum - Kletterblatt\" \/>\n<meta property=\"og:description\" content=\"Kletterfirmen Media-Dienst Johannes Bilharz und Stefan Bilharz GbR Ablosweg 14 79341 Kenzingen Urheberrechte: Text, Bilder, und Grafiken sowie deren Anordnung auf der Kletterblatt Website unterliegen dem Schutz des Urheberrechts und anderer Schutzgesetze. Der Inhalt dieser Website darf nicht zu kommerziellen Zwecken kopiert, verbreitet, ver\u00e4ndert oder Dritten zug\u00e4nglich gemacht werden. Haftungshinweis: Trotz sorgf\u00e4ltiger inhaltlicher Kontrolle \u00fcbernehmen wir keine Haftung f\u00fcr die [&hellip;]\" \/>\n<meta property=\"og:url\" content=\"https:\/\/baumkletterschule.de\/kletterblatt\/impressum\" \/>\n<meta property=\"og:site_name\" content=\"Kletterblatt\" \/>\n<meta property=\"article:modified_time\" content=\"2019-04-24T07:51:41+00:00\" \/>\n<script type=\"application\/ld+json\" class=\"yoast-schema-graph\">{\"@context\":\"https:\\\/\\\/schema.org\",\"@graph\":[{\"@type\":\"WebPage\",\"@id\":\"https:\\\/\\\/baumkletterschule.de\\\/kletterblatt\\\/impressum\",\"url\":\"https:\\\/\\\/baumkletterschule.de\\\/kletterblatt\\\/impressum\",\"name\":\"Impressum - Kletterblatt\",\"isPartOf\":{\"@id\":\"https:\\\/\\\/baumkletterschule.de\\\/kletterblatt\\\/#website\"},\"datePublished\":\"2011-08-02T10:10:35+00:00\",\"dateModified\":\"2019-04-24T07:51:41+00:00\",\"breadcrumb\":{\"@id\":\"https:\\\/\\\/baumkletterschule.de\\\/kletterblatt\\\/impressum#breadcrumb\"},\"inLanguage\":\"de\",\"potentialAction\":[{\"@type\":\"ReadAction\",\"target\":[\"https:\\\/\\\/baumkletterschule.de\\\/kletterblatt\\\/impressum\"]}]},{\"@type\":\"BreadcrumbList\",\"@id\":\"https:\\\/\\\/baumkletterschule.de\\\/kletterblatt\\\/impressum#breadcrumb\",\"itemListElement\":[{\"@type\":\"ListItem\",\"position\":1,\"name\":\"Home\",\"item\":\"https:\\\/\\\/baumkletterschule.de\\\/kletterblatt\\\/\"},{\"@type\":\"ListItem\",\"position\":2,\"name\":\"Impressum\"}]},{\"@type\":\"WebSite\",\"@id\":\"https:\\\/\\\/baumkletterschule.de\\\/kletterblatt\\\/#website\",\"url\":\"https:\\\/\\\/baumkletterschule.de\\\/kletterblatt\\\/\",\"name\":\"Kletterblatt\",\"description\":\"Das Online Archiv\",\"potentialAction\":[{\"@type\":\"SearchAction\",\"target\":{\"@type\":\"EntryPoint\",\"urlTemplate\":\"https:\\\/\\\/baumkletterschule.de\\\/kletterblatt\\\/?s={search_term_string}\"},\"query-input\":{\"@type\":\"PropertyValueSpecification\",\"valueRequired\":true,\"valueName\":\"search_term_string\"}}],\"inLanguage\":\"de\"}]}<\/script>\n<!-- \/ Yoast SEO plugin. -->","yoast_head_json":{"title":"Impressum - Kletterblatt","robots":{"index":"index","follow":"follow","max-snippet":"max-snippet:-1","max-image-preview":"max-image-preview:large","max-video-preview":"max-video-preview:-1"},"canonical":"https:\/\/baumkletterschule.de\/kletterblatt\/impressum","og_locale":"de_DE","og_type":"article","og_title":"Impressum - Kletterblatt","og_description":"Kletterfirmen Media-Dienst Johannes Bilharz und Stefan Bilharz GbR Ablosweg 14 79341 Kenzingen Urheberrechte: Text, Bilder, und Grafiken sowie deren Anordnung auf der Kletterblatt Website unterliegen dem Schutz des Urheberrechts und anderer Schutzgesetze. Der Inhalt dieser Website darf nicht zu kommerziellen Zwecken kopiert, verbreitet, ver\u00e4ndert oder Dritten zug\u00e4nglich gemacht werden. Haftungshinweis: Trotz sorgf\u00e4ltiger inhaltlicher Kontrolle \u00fcbernehmen wir keine Haftung f\u00fcr die [&hellip;]","og_url":"https:\/\/baumkletterschule.de\/kletterblatt\/impressum","og_site_name":"Kletterblatt","article_modified_time":"2019-04-24T07:51:41+00:00","schema":{"@context":"https:\/\/schema.org","@graph":[{"@type":"WebPage","@id":"https:\/\/baumkletterschule.de\/kletterblatt\/impressum","url":"https:\/\/baumkletterschule.de\/kletterblatt\/impressum","name":"Impressum - Kletterblatt","isPartOf":{"@id":"https:\/\/baumkletterschule.de\/kletterblatt\/#website"},"datePublished":"2011-08-02T10:10:35+00:00","dateModified":"2019-04-24T07:51:41+00:00","breadcrumb":{"@id":"https:\/\/baumkletterschule.de\/kletterblatt\/impressum#breadcrumb"},"inLanguage":"de","potentialAction":[{"@type":"ReadAction","target":["https:\/\/baumkletterschule.de\/kletterblatt\/impressum"]}]},{"@type":"BreadcrumbList","@id":"https:\/\/baumkletterschule.de\/kletterblatt\/impressum#breadcrumb","itemListElement":[{"@type":"ListItem","position":1,"name":"Home","item":"https:\/\/baumkletterschule.de\/kletterblatt\/"},{"@type":"ListItem","position":2,"name":"Impressum"}]},{"@type":"WebSite","@id":"https:\/\/baumkletterschule.de\/kletterblatt\/#website","url":"https:\/\/baumkletterschule.de\/kletterblatt\/","name":"Kletterblatt","description":"Das Online Archiv","potentialAction":[{"@type":"SearchAction","target":{"@type":"EntryPoint","urlTemplate":"https:\/\/baumkletterschule.de\/kletterblatt\/?s={search_term_string}"},"query-input":{"@type":"PropertyValueSpecification","valueRequired":true,"valueName":"search_term_string"}}],"inLanguage":"de"}]}},"_links":{"self":[{"href":"https:\/\/baumkletterschule.de\/kletterblatt\/wp-json\/wp\/v2\/pages\/34","targetHints":{"allow":["GET"]}}],"collection":[{"href":"https:\/\/baumkletterschule.de\/kletterblatt\/wp-json\/wp\/v2\/pages"}],"about":[{"href":"https:\/\/baumkletterschule.de\/kletterblatt\/wp-json\/wp\/v2\/types\/page"}],"author":[{"embeddable":true,"href":"https:\/\/baumkletterschule.de\/kletterblatt\/wp-json\/wp\/v2\/users\/2"}],"replies":[{"embeddable":true,"href":"https:\/\/baumkletterschule.de\/kletterblatt\/wp-json\/wp\/v2\/comments?post=34"}],"version-history":[{"count":12,"href":"https:\/\/baumkletterschule.de\/kletterblatt\/wp-json\/wp\/v2\/pages\/34\/revisions"}],"predecessor-version":[{"id":7732,"href":"https:\/\/baumkletterschule.de\/kletterblatt\/wp-json\/wp\/v2\/pages\/34\/revisions\/7732"}],"wp:attachment":[{"href":"https:\/\/baumkletterschule.de\/kletterblatt\/wp-json\/wp\/v2\/media?parent=34"}],"curies":[{"name":"wp","href":"https:\/\/api.w.org\/{rel}","templated":true}]}}