{"id":9741,"date":"2025-01-27T20:45:02","date_gmt":"2025-01-27T19:45:02","guid":{"rendered":"https:\/\/baumkletterschule.de\/cms\/?page_id=9741"},"modified":"2026-02-20T17:16:29","modified_gmt":"2026-02-20T16:16:29","slug":"baumschutz-auf-baustellen","status":"publish","type":"page","link":"https:\/\/baumkletterschule.de\/cms\/kursinfo\/arbeitssicherheit\/baumschutz-auf-baustellen\/","title":{"rendered":"Baumschutz auf Baustellen"},"content":{"rendered":"<p><strong>Baumschutz von der Planung bis zur Ausf\u00fchrung<\/strong><\/p>\n<p>Bei Bauma\u00dfnahmen werden regelm\u00e4\u00dfig B\u00e4ume gesch\u00e4digt. In diesem Seminar lernen Sie, welche Sch\u00e4den an B\u00e4umen durch Baut\u00e4tigkeiten entstehen k\u00f6nnen und wie sich diese auf die Verkehrssicherheit und Erhaltensf\u00e4higkeit auswirken. Zudem wird vermittelt, wie der Schutz von B\u00e4umen von der Planungsphase bis zur Ausf\u00fchrung umgesetzt werden kann.<\/p>\n<p><strong>Seminarschwerpunkte:<\/strong><\/p>\n<ul>\n<li>Auswirkungen von Wurzelsch\u00e4den und Bodenverdichtungen<\/li>\n<li>Aufgaben einer Fachbauleitung Baumschutz<\/li>\n<li>Unterschied zwischen Baumschutz und Schadensbegrenzung<\/li>\n<li>Ma\u00dfnahmen zum Schutz von B\u00e4umen<\/li>\n<\/ul>\n<p style=\"text-align: center;\"><a class=\"Termine_und_Buchung\" href=\"https:\/\/buchung.baumkletterschule.de\/path\/app\/?rq_AppGuid=5E5C0C601B319D20997007E3327904420CC3B98C&amp;rq_TargetPageGuid=87AFB27CB2D591A546160732FEF6593D94C7F93C&amp;qs_action=E385F4E04F44B0A17A4EA503C32440680F9F9DD0&amp;qs_link=01F8FBA33B40B1D5FF6E0EB6F3403D2A210E6696&amp;rq_Layout=MBKS_Website&amp;rq_kursLID=33383231&amp;qs_actionMode=actNone#{1}\">Termine &amp; Buchung<\/a><\/p>\n<p><strong>Zielgruppen:<\/strong><\/p>\n<ul>\n<li>Baumpfleger:innen<\/li>\n<li>Baumkontrolleur:innen<\/li>\n<li>Sachverst\u00e4ndige<\/li>\n<li>Kommunale Mitarbeiter:innen<\/li>\n<li>(Landschafts-)Architekt:innen<\/li>\n<\/ul>\n<p><strong>Voraussetzungen:<\/strong> keine<br \/>\n<strong>Dauer:<\/strong>\u00a01 Tag<br \/>\nKurs-Teilnehmende erhalten\u00a0 das &#8218;Praxishandbuch B\u00e4ume und Baustelle&#8216; vom Referenten Oliver Gaiser.<\/p>\n<p>Wer nicht am Kurs teilnimmt, sich aber f\u00fcr das Buch interessiert, kann es auch direkt bei <a href=\"https:\/\/shop.freeworker.de\/praxishandbuch-baeume-und-baustellen.html\" target=\"_blank\" rel=\"nofollow noopener noreferrer\">Freeworker<\/a> beziehen.<\/p>\n<div id=\"envira-gallery-wrap-9799\" class=\"envira-gallery-wrap envira-gallery-theme-base envira-lightbox-theme-base\" itemscope itemtype=\"https:\/\/schema.org\/ImageGallery\"><div data-row-height=\"150\" data-gallery-theme=\"normal\" id=\"envira-gallery-9799\" class=\"envira-gallery-public envira-gallery-justified-public envira-gallery-0-columns envira-clear enviratope envira-gallery-css-animations\" data-envira-columns=\"0\"><div id=\"envira-gallery-item-9798\" class=\"envira-gallery-item enviratope-item envira-gallery-item-1 envira-lazy-load\" style=\"padding-left: 5px; padding-bottom: 10px; padding-right: 5px;\"  itemscope itemtype=\"https:\/\/schema.org\/ImageObject\"><div class=\"envira-gallery-item-inner\"><div class=\"envira-gallery-position-overlay  envira-gallery-top-left\"><\/div><div class=\"envira-gallery-position-overlay  envira-gallery-top-right\"><\/div><div class=\"envira-gallery-position-overlay  envira-gallery-bottom-left\"><\/div><div class=\"envira-gallery-position-overlay  envira-gallery-bottom-right\"><\/div><a href=\"https:\/\/baumkletterschule.de\/cms\/wp-content\/uploads\/2025\/02\/250205_MBKS-Baumschutz-Baustelle-7.jpg\" class=\"envira-gallery-9799 envira-gallery-link\" rel=\"enviragallery9799\" title=\"250205_MBKS-Baumschutz-Baustelle (7)\" data-envira-caption=\"250205_MBKS-Baumschutz-Baustelle (7)\" data-envira-retina=\"\" data-thumbnail=\"\"  itemprop=\"contentUrl\"><img decoding=\"async\" id=\"envira-gallery-image-9798\" class=\"envira-gallery-image envira-gallery-image-1 envira-normal envira-lazy\" data-envira-index=\"1\" src=\"https:\/\/baumkletterschule.de\/cms\/wp-content\/uploads\/2025\/02\/250205_MBKS-Baumschutz-Baustelle-7-640x480.jpg\" data-envira-src=\"https:\/\/baumkletterschule.de\/cms\/wp-content\/uploads\/2025\/02\/250205_MBKS-Baumschutz-Baustelle-7-640x480.jpg\" data-envira-gallery-id=\"9799\" data-envira-item-id=\"9798\" data-envira-caption=\"250205_MBKS-Baumschutz-Baustelle (7)\" alt=\"Der empfindliche Wurzelraum: Auf Baustellen oft stark verdichtet, als Abstellfl\u00e4che genutzt und durch Schadstoffeintrag belastet.\" title=\"250205_MBKS-Baumschutz-Baustelle (7)\"  itemprop=\"thumbnailUrl\" data-envira-srcset=\"https:\/\/baumkletterschule.de\/cms\/wp-content\/uploads\/2025\/02\/250205_MBKS-Baumschutz-Baustelle-7-640x480.jpg 400w,https:\/\/baumkletterschule.de\/cms\/wp-content\/uploads\/2025\/02\/250205_MBKS-Baumschutz-Baustelle-7-640x480.jpg 2x\" data-envira-width=\"300\" data-envira-height=\"225\" srcset=\"data:image\/gif;base64,R0lGODlhAQABAIAAAP\/\/\/\/\/\/\/yH5BAEKAAEALAAAAAABAAEAAAICTAEAOw==\" data-safe-src=\"data:image\/gif;base64,R0lGODlhAQABAIAAAP\/\/\/\/\/\/\/yH5BAEKAAEALAAAAAABAAEAAAICTAEAOw==\" \/><\/a><\/div><\/div><div id=\"envira-gallery-item-9797\" class=\"envira-gallery-item enviratope-item envira-gallery-item-2 envira-lazy-load\" style=\"padding-left: 5px; padding-bottom: 10px; padding-right: 5px;\"  itemscope itemtype=\"https:\/\/schema.org\/ImageObject\"><div class=\"envira-gallery-item-inner\"><div class=\"envira-gallery-position-overlay  envira-gallery-top-left\"><\/div><div class=\"envira-gallery-position-overlay  envira-gallery-top-right\"><\/div><div class=\"envira-gallery-position-overlay  envira-gallery-bottom-left\"><\/div><div class=\"envira-gallery-position-overlay  envira-gallery-bottom-right\"><\/div><a href=\"https:\/\/baumkletterschule.de\/cms\/wp-content\/uploads\/2025\/02\/250205_MBKS-Baumschutz-Baustelle-6.jpg\" class=\"envira-gallery-9799 envira-gallery-link\" rel=\"enviragallery9799\" title=\"250205_MBKS-Baumschutz-Baustelle (6)\" data-envira-caption=\"250205_MBKS-Baumschutz-Baustelle (6)\" data-envira-retina=\"\" data-thumbnail=\"\"  itemprop=\"contentUrl\"><img decoding=\"async\" id=\"envira-gallery-image-9797\" class=\"envira-gallery-image envira-gallery-image-2 envira-normal envira-lazy\" data-envira-index=\"2\" src=\"https:\/\/baumkletterschule.de\/cms\/wp-content\/uploads\/2025\/02\/250205_MBKS-Baumschutz-Baustelle-6-640x480.jpg\" data-envira-src=\"https:\/\/baumkletterschule.de\/cms\/wp-content\/uploads\/2025\/02\/250205_MBKS-Baumschutz-Baustelle-6-640x480.jpg\" data-envira-gallery-id=\"9799\" data-envira-item-id=\"9797\" data-envira-caption=\"250205_MBKS-Baumschutz-Baustelle (6)\" alt=\"Durch Grabung abgerissene Starkwurzeln eines Baumes.\" title=\"250205_MBKS-Baumschutz-Baustelle (6)\"  itemprop=\"thumbnailUrl\" data-envira-srcset=\"https:\/\/baumkletterschule.de\/cms\/wp-content\/uploads\/2025\/02\/250205_MBKS-Baumschutz-Baustelle-6-640x480.jpg 400w,https:\/\/baumkletterschule.de\/cms\/wp-content\/uploads\/2025\/02\/250205_MBKS-Baumschutz-Baustelle-6-640x480.jpg 2x\" data-envira-width=\"300\" data-envira-height=\"225\" srcset=\"data:image\/gif;base64,R0lGODlhAQABAIAAAP\/\/\/\/\/\/\/yH5BAEKAAEALAAAAAABAAEAAAICTAEAOw==\" data-safe-src=\"data:image\/gif;base64,R0lGODlhAQABAIAAAP\/\/\/\/\/\/\/yH5BAEKAAEALAAAAAABAAEAAAICTAEAOw==\" \/><\/a><\/div><\/div><div id=\"envira-gallery-item-9796\" class=\"envira-gallery-item enviratope-item envira-gallery-item-3 envira-lazy-load\" style=\"padding-left: 5px; padding-bottom: 10px; padding-right: 5px;\"  itemscope itemtype=\"https:\/\/schema.org\/ImageObject\"><div class=\"envira-gallery-item-inner\"><div class=\"envira-gallery-position-overlay  envira-gallery-top-left\"><\/div><div class=\"envira-gallery-position-overlay  envira-gallery-top-right\"><\/div><div class=\"envira-gallery-position-overlay  envira-gallery-bottom-left\"><\/div><div class=\"envira-gallery-position-overlay  envira-gallery-bottom-right\"><\/div><a href=\"https:\/\/baumkletterschule.de\/cms\/wp-content\/uploads\/2025\/02\/250205_MBKS-Baumschutz-Baustelle-5.jpg\" class=\"envira-gallery-9799 envira-gallery-link\" rel=\"enviragallery9799\" title=\"250205_MBKS-Baumschutz-Baustelle (5)\" data-envira-caption=\"250205_MBKS-Baumschutz-Baustelle (5)\" data-envira-retina=\"\" data-thumbnail=\"\"  itemprop=\"contentUrl\"><img decoding=\"async\" id=\"envira-gallery-image-9796\" class=\"envira-gallery-image envira-gallery-image-3 envira-normal envira-lazy\" data-envira-index=\"3\" src=\"https:\/\/baumkletterschule.de\/cms\/wp-content\/uploads\/2025\/02\/250205_MBKS-Baumschutz-Baustelle-5-640x480.jpg\" data-envira-src=\"https:\/\/baumkletterschule.de\/cms\/wp-content\/uploads\/2025\/02\/250205_MBKS-Baumschutz-Baustelle-5-640x480.jpg\" data-envira-gallery-id=\"9799\" data-envira-item-id=\"9796\" data-envira-caption=\"250205_MBKS-Baumschutz-Baustelle (5)\" alt=\"Reicht ein Anfahrschutz bei tiefgehenden Ausschachtungen im Wurzelbereich als Baumschutz auf Baustellen?\" title=\"250205_MBKS-Baumschutz-Baustelle (5)\"  itemprop=\"thumbnailUrl\" data-envira-srcset=\"https:\/\/baumkletterschule.de\/cms\/wp-content\/uploads\/2025\/02\/250205_MBKS-Baumschutz-Baustelle-5-640x480.jpg 400w,https:\/\/baumkletterschule.de\/cms\/wp-content\/uploads\/2025\/02\/250205_MBKS-Baumschutz-Baustelle-5-640x480.jpg 2x\" data-envira-width=\"300\" data-envira-height=\"225\" srcset=\"data:image\/gif;base64,R0lGODlhAQABAIAAAP\/\/\/\/\/\/\/yH5BAEKAAEALAAAAAABAAEAAAICTAEAOw==\" data-safe-src=\"data:image\/gif;base64,R0lGODlhAQABAIAAAP\/\/\/\/\/\/\/yH5BAEKAAEALAAAAAABAAEAAAICTAEAOw==\" \/><\/a><\/div><\/div><div id=\"envira-gallery-item-9795\" class=\"envira-gallery-item enviratope-item envira-gallery-item-4 envira-lazy-load\" style=\"padding-left: 5px; padding-bottom: 10px; padding-right: 5px;\"  itemscope itemtype=\"https:\/\/schema.org\/ImageObject\"><div class=\"envira-gallery-item-inner\"><div class=\"envira-gallery-position-overlay  envira-gallery-top-left\"><\/div><div class=\"envira-gallery-position-overlay  envira-gallery-top-right\"><\/div><div class=\"envira-gallery-position-overlay  envira-gallery-bottom-left\"><\/div><div class=\"envira-gallery-position-overlay  envira-gallery-bottom-right\"><\/div><a href=\"https:\/\/baumkletterschule.de\/cms\/wp-content\/uploads\/2025\/02\/250205_MBKS-Baumschutz-Baustelle-4.jpg\" class=\"envira-gallery-9799 envira-gallery-link\" rel=\"enviragallery9799\" title=\"250205_MBKS-Baumschutz-Baustelle (4)\" data-envira-caption=\"250205_MBKS-Baumschutz-Baustelle (4)\" data-envira-retina=\"\" data-thumbnail=\"\"  itemprop=\"contentUrl\"><img decoding=\"async\" id=\"envira-gallery-image-9795\" class=\"envira-gallery-image envira-gallery-image-4 envira-normal envira-lazy\" data-envira-index=\"4\" src=\"https:\/\/baumkletterschule.de\/cms\/wp-content\/uploads\/2025\/02\/250205_MBKS-Baumschutz-Baustelle-4-640x480.jpg\" data-envira-src=\"https:\/\/baumkletterschule.de\/cms\/wp-content\/uploads\/2025\/02\/250205_MBKS-Baumschutz-Baustelle-4-640x480.jpg\" data-envira-gallery-id=\"9799\" data-envira-item-id=\"9795\" data-envira-caption=\"250205_MBKS-Baumschutz-Baustelle (4)\" alt=\"Wurzelsuchgrabungen geh\u00f6ren zum Baumschutz auf Baustellen\" title=\"250205_MBKS-Baumschutz-Baustelle (4)\"  itemprop=\"thumbnailUrl\" data-envira-srcset=\"https:\/\/baumkletterschule.de\/cms\/wp-content\/uploads\/2025\/02\/250205_MBKS-Baumschutz-Baustelle-4-640x480.jpg 400w,https:\/\/baumkletterschule.de\/cms\/wp-content\/uploads\/2025\/02\/250205_MBKS-Baumschutz-Baustelle-4-640x480.jpg 2x\" data-envira-width=\"300\" data-envira-height=\"225\" srcset=\"data:image\/gif;base64,R0lGODlhAQABAIAAAP\/\/\/\/\/\/\/yH5BAEKAAEALAAAAAABAAEAAAICTAEAOw==\" data-safe-src=\"data:image\/gif;base64,R0lGODlhAQABAIAAAP\/\/\/\/\/\/\/yH5BAEKAAEALAAAAAABAAEAAAICTAEAOw==\" \/><\/a><\/div><\/div><div id=\"envira-gallery-item-9794\" class=\"envira-gallery-item enviratope-item envira-gallery-item-5 envira-lazy-load\" style=\"padding-left: 5px; padding-bottom: 10px; padding-right: 5px;\"  itemscope itemtype=\"https:\/\/schema.org\/ImageObject\"><div class=\"envira-gallery-item-inner\"><div class=\"envira-gallery-position-overlay  envira-gallery-top-left\"><\/div><div class=\"envira-gallery-position-overlay  envira-gallery-top-right\"><\/div><div class=\"envira-gallery-position-overlay  envira-gallery-bottom-left\"><\/div><div class=\"envira-gallery-position-overlay  envira-gallery-bottom-right\"><\/div><a href=\"https:\/\/baumkletterschule.de\/cms\/wp-content\/uploads\/2025\/02\/250205_MBKS-Baumschutz-Baustelle-3.jpg\" class=\"envira-gallery-9799 envira-gallery-link\" rel=\"enviragallery9799\" title=\"250205_MBKS-Baumschutz-Baustelle (3)\" data-envira-caption=\"250205_MBKS-Baumschutz-Baustelle (3)\" data-envira-retina=\"\" data-thumbnail=\"\"  itemprop=\"contentUrl\"><img decoding=\"async\" id=\"envira-gallery-image-9794\" class=\"envira-gallery-image envira-gallery-image-5 envira-normal envira-lazy\" data-envira-index=\"5\" src=\"https:\/\/baumkletterschule.de\/cms\/wp-content\/uploads\/2025\/02\/250205_MBKS-Baumschutz-Baustelle-3-640x480.jpg\" data-envira-src=\"https:\/\/baumkletterschule.de\/cms\/wp-content\/uploads\/2025\/02\/250205_MBKS-Baumschutz-Baustelle-3-640x480.jpg\" data-envira-gallery-id=\"9799\" data-envira-item-id=\"9794\" data-envira-caption=\"250205_MBKS-Baumschutz-Baustelle (3)\" alt=\"Weitr\u00e4umige Absperrung des Baumumfelds als Baumschutz auf Baustellen\" title=\"250205_MBKS-Baumschutz-Baustelle (3)\"  itemprop=\"thumbnailUrl\" data-envira-srcset=\"https:\/\/baumkletterschule.de\/cms\/wp-content\/uploads\/2025\/02\/250205_MBKS-Baumschutz-Baustelle-3-640x480.jpg 400w,https:\/\/baumkletterschule.de\/cms\/wp-content\/uploads\/2025\/02\/250205_MBKS-Baumschutz-Baustelle-3-640x480.jpg 2x\" data-envira-width=\"300\" data-envira-height=\"225\" srcset=\"data:image\/gif;base64,R0lGODlhAQABAIAAAP\/\/\/\/\/\/\/yH5BAEKAAEALAAAAAABAAEAAAICTAEAOw==\" data-safe-src=\"data:image\/gif;base64,R0lGODlhAQABAIAAAP\/\/\/\/\/\/\/yH5BAEKAAEALAAAAAABAAEAAAICTAEAOw==\" \/><\/a><\/div><\/div><div id=\"envira-gallery-item-9793\" class=\"envira-gallery-item enviratope-item envira-gallery-item-6 envira-lazy-load\" style=\"padding-left: 5px; padding-bottom: 10px; padding-right: 5px;\"  itemscope itemtype=\"https:\/\/schema.org\/ImageObject\"><div class=\"envira-gallery-item-inner\"><div class=\"envira-gallery-position-overlay  envira-gallery-top-left\"><\/div><div class=\"envira-gallery-position-overlay  envira-gallery-top-right\"><\/div><div class=\"envira-gallery-position-overlay  envira-gallery-bottom-left\"><\/div><div class=\"envira-gallery-position-overlay  envira-gallery-bottom-right\"><\/div><a href=\"https:\/\/baumkletterschule.de\/cms\/wp-content\/uploads\/2025\/02\/250205_MBKS-Baumschutz-Baustelle-2.jpg\" class=\"envira-gallery-9799 envira-gallery-link\" rel=\"enviragallery9799\" title=\"250205_MBKS-Baumschutz-Baustelle (2)\" data-envira-caption=\"250205_MBKS-Baumschutz-Baustelle (2)\" data-envira-retina=\"\" data-thumbnail=\"\"  itemprop=\"contentUrl\"><img decoding=\"async\" id=\"envira-gallery-image-9793\" class=\"envira-gallery-image envira-gallery-image-6 envira-normal envira-lazy\" data-envira-index=\"6\" src=\"https:\/\/baumkletterschule.de\/cms\/wp-content\/uploads\/2025\/02\/250205_MBKS-Baumschutz-Baustelle-2-640x480.jpg\" data-envira-src=\"https:\/\/baumkletterschule.de\/cms\/wp-content\/uploads\/2025\/02\/250205_MBKS-Baumschutz-Baustelle-2-640x480.jpg\" data-envira-gallery-id=\"9799\" data-envira-item-id=\"9793\" data-envira-caption=\"250205_MBKS-Baumschutz-Baustelle (2)\" alt=\"Unterlassener Baumschutz auf Baustellen: Astbr\u00fcche und Sp\u00e4tfolgen durch Wurzelsch\u00e4den.\" title=\"250205_MBKS-Baumschutz-Baustelle (2)\"  itemprop=\"thumbnailUrl\" data-envira-srcset=\"https:\/\/baumkletterschule.de\/cms\/wp-content\/uploads\/2025\/02\/250205_MBKS-Baumschutz-Baustelle-2-640x480.jpg 400w,https:\/\/baumkletterschule.de\/cms\/wp-content\/uploads\/2025\/02\/250205_MBKS-Baumschutz-Baustelle-2-640x480.jpg 2x\" data-envira-width=\"225\" data-envira-height=\"300\" srcset=\"data:image\/gif;base64,R0lGODlhAQABAIAAAP\/\/\/\/\/\/\/yH5BAEKAAEALAAAAAABAAEAAAICTAEAOw==\" data-safe-src=\"data:image\/gif;base64,R0lGODlhAQABAIAAAP\/\/\/\/\/\/\/yH5BAEKAAEALAAAAAABAAEAAAICTAEAOw==\" \/><\/a><\/div><\/div><div id=\"envira-gallery-item-9792\" class=\"envira-gallery-item enviratope-item envira-gallery-item-7 envira-lazy-load\" style=\"padding-left: 5px; padding-bottom: 10px; padding-right: 5px;\"  itemscope itemtype=\"https:\/\/schema.org\/ImageObject\"><div class=\"envira-gallery-item-inner\"><div class=\"envira-gallery-position-overlay  envira-gallery-top-left\"><\/div><div class=\"envira-gallery-position-overlay  envira-gallery-top-right\"><\/div><div class=\"envira-gallery-position-overlay  envira-gallery-bottom-left\"><\/div><div class=\"envira-gallery-position-overlay  envira-gallery-bottom-right\"><\/div><a href=\"https:\/\/baumkletterschule.de\/cms\/wp-content\/uploads\/2025\/02\/250205_MBKS-Baumschutz-Baustelle-1.jpg\" class=\"envira-gallery-9799 envira-gallery-link\" rel=\"enviragallery9799\" title=\"250205_MBKS-Baumschutz-Baustelle (1)\" data-envira-caption=\"250205_MBKS-Baumschutz-Baustelle (1)\" data-envira-retina=\"\" data-thumbnail=\"\"  itemprop=\"contentUrl\"><img decoding=\"async\" id=\"envira-gallery-image-9792\" class=\"envira-gallery-image envira-gallery-image-7 envira-normal envira-lazy\" data-envira-index=\"7\" src=\"https:\/\/baumkletterschule.de\/cms\/wp-content\/uploads\/2025\/02\/250205_MBKS-Baumschutz-Baustelle-1-640x480.jpg\" data-envira-src=\"https:\/\/baumkletterschule.de\/cms\/wp-content\/uploads\/2025\/02\/250205_MBKS-Baumschutz-Baustelle-1-640x480.jpg\" data-envira-gallery-id=\"9799\" data-envira-item-id=\"9792\" data-envira-caption=\"250205_MBKS-Baumschutz-Baustelle (1)\" alt=\"Wurzelsch\u00e4den an B\u00e4umen entstehen bei Tiefbauarbeiten\" title=\"250205_MBKS-Baumschutz-Baustelle (1)\"  itemprop=\"thumbnailUrl\" data-envira-srcset=\"https:\/\/baumkletterschule.de\/cms\/wp-content\/uploads\/2025\/02\/250205_MBKS-Baumschutz-Baustelle-1-640x480.jpg 400w,https:\/\/baumkletterschule.de\/cms\/wp-content\/uploads\/2025\/02\/250205_MBKS-Baumschutz-Baustelle-1-640x480.jpg 2x\" data-envira-width=\"300\" data-envira-height=\"225\" srcset=\"data:image\/gif;base64,R0lGODlhAQABAIAAAP\/\/\/\/\/\/\/yH5BAEKAAEALAAAAAABAAEAAAICTAEAOw==\" data-safe-src=\"data:image\/gif;base64,R0lGODlhAQABAIAAAP\/\/\/\/\/\/\/yH5BAEKAAEALAAAAAABAAEAAAICTAEAOw==\" \/><\/a><\/div><\/div><\/div><\/div><noscript><img decoding=\"async\" src=\"https:\/\/baumkletterschule.de\/cms\/wp-content\/uploads\/2025\/02\/250205_MBKS-Baumschutz-Baustelle-7.jpg\" alt=\"Der empfindliche Wurzelraum: Auf Baustellen oft stark verdichtet, als Abstellfl\u00e4che genutzt und durch Schadstoffeintrag belastet.\" \/><img decoding=\"async\" src=\"https:\/\/baumkletterschule.de\/cms\/wp-content\/uploads\/2025\/02\/250205_MBKS-Baumschutz-Baustelle-6.jpg\" alt=\"Durch Grabung abgerissene Starkwurzeln eines Baumes.\" \/><img decoding=\"async\" src=\"https:\/\/baumkletterschule.de\/cms\/wp-content\/uploads\/2025\/02\/250205_MBKS-Baumschutz-Baustelle-5.jpg\" alt=\"Reicht ein Anfahrschutz bei tiefgehenden Ausschachtungen im Wurzelbereich als Baumschutz auf Baustellen?\" \/><img decoding=\"async\" src=\"https:\/\/baumkletterschule.de\/cms\/wp-content\/uploads\/2025\/02\/250205_MBKS-Baumschutz-Baustelle-4.jpg\" alt=\"Wurzelsuchgrabungen geh\u00f6ren zum Baumschutz auf Baustellen\" \/><img decoding=\"async\" src=\"https:\/\/baumkletterschule.de\/cms\/wp-content\/uploads\/2025\/02\/250205_MBKS-Baumschutz-Baustelle-3.jpg\" alt=\"Weitr\u00e4umige Absperrung des Baumumfelds als Baumschutz auf Baustellen\" \/><img decoding=\"async\" src=\"https:\/\/baumkletterschule.de\/cms\/wp-content\/uploads\/2025\/02\/250205_MBKS-Baumschutz-Baustelle-2.jpg\" alt=\"Unterlassener Baumschutz auf Baustellen: Astbr\u00fcche und Sp\u00e4tfolgen durch Wurzelsch\u00e4den.\" \/><img decoding=\"async\" src=\"https:\/\/baumkletterschule.de\/cms\/wp-content\/uploads\/2025\/02\/250205_MBKS-Baumschutz-Baustelle-1.jpg\" alt=\"Wurzelsch\u00e4den an B\u00e4umen entstehen bei Tiefbauarbeiten\" \/><\/noscript>\n","protected":false},"excerpt":{"rendered":"<p>Baumschutz von der Planung bis zur Ausf\u00fchrung Bei Bauma\u00dfnahmen werden regelm\u00e4\u00dfig B\u00e4ume gesch\u00e4digt. In diesem Seminar lernen Sie, welche Sch\u00e4den an B\u00e4umen durch Baut\u00e4tigkeiten entstehen k\u00f6nnen und wie sich diese &#8230;<\/p>\n","protected":false},"author":10,"featured_media":0,"parent":17,"menu_order":0,"comment_status":"closed","ping_status":"closed","template":"","meta":{"footnotes":""},"categories":[5],"tags":[],"class_list":["post-9741","page","type-page","status-publish","hentry","category-kursinfo"],"aioseo_notices":[],"_links":{"self":[{"href":"https:\/\/baumkletterschule.de\/cms\/wp-json\/wp\/v2\/pages\/9741","targetHints":{"allow":["GET"]}}],"collection":[{"href":"https:\/\/baumkletterschule.de\/cms\/wp-json\/wp\/v2\/pages"}],"about":[{"href":"https:\/\/baumkletterschule.de\/cms\/wp-json\/wp\/v2\/types\/page"}],"author":[{"embeddable":true,"href":"https:\/\/baumkletterschule.de\/cms\/wp-json\/wp\/v2\/users\/10"}],"replies":[{"embeddable":true,"href":"https:\/\/baumkletterschule.de\/cms\/wp-json\/wp\/v2\/comments?post=9741"}],"version-history":[{"count":14,"href":"https:\/\/baumkletterschule.de\/cms\/wp-json\/wp\/v2\/pages\/9741\/revisions"}],"predecessor-version":[{"id":10437,"href":"https:\/\/baumkletterschule.de\/cms\/wp-json\/wp\/v2\/pages\/9741\/revisions\/10437"}],"up":[{"embeddable":true,"href":"https:\/\/baumkletterschule.de\/cms\/wp-json\/wp\/v2\/pages\/17"}],"wp:attachment":[{"href":"https:\/\/baumkletterschule.de\/cms\/wp-json\/wp\/v2\/media?parent=9741"}],"wp:term":[{"taxonomy":"category","embeddable":true,"href":"https:\/\/baumkletterschule.de\/cms\/wp-json\/wp\/v2\/categories?post=9741"},{"taxonomy":"post_tag","embeddable":true,"href":"https:\/\/baumkletterschule.de\/cms\/wp-json\/wp\/v2\/tags?post=9741"}],"curies":[{"name":"wp","href":"https:\/\/api.w.org\/{rel}","templated":true}]}}