{"id":9673,"date":"2025-01-10T11:45:29","date_gmt":"2025-01-10T10:45:29","guid":{"rendered":"https:\/\/baumkletterschule.de\/cms\/?page_id=9673"},"modified":"2025-01-10T11:47:36","modified_gmt":"2025-01-10T10:47:36","slug":"artenschutz-in-baumpflege-baumkontrolle","status":"publish","type":"page","link":"https:\/\/baumkletterschule.de\/cms\/artenschutz-in-baumpflege-baumkontrolle\/","title":{"rendered":"Artenschutz in Baumpflege &#038; Baumkontrolle"},"content":{"rendered":"<div class=\"entry-content\">\n<p>In Zusammenarbeit mit der Firma treeconsult f\u00fchren wir das dreit\u00e4gigen Fach-Seminar <strong>\u201eArtenschutz in Baumpflege &amp; Baumkontrolle\u201c<\/strong> in Bernried am Starnberger See durch.<\/p>\n<h6>Tag 1: Artenschutzrecht und Management von \u201eArcheb\u00e4umen\u201c<\/h6>\n<p lang=\"de-DE\">Der Umgang mit sehr alten B\u00e4umen spielt eine besondere Rolle f\u00fcr das kulturelle Erbe unserer Landschaft und f\u00fcr den Natur- und Artenschutz. Viele alte B\u00e4ume, die seit langem z.B. historische Parkanlagen pr\u00e4gen, erreichen derzeit das Ende ihres Lebenszyklus. Diese B\u00e4ume bed\u00fcrfen einer anderen Pflege als herk\u00f6mmliche B\u00e4ume. Es gilt, sie als biologische Systeme zu erfassen und sie entsprechend ihrer besonderen Biologie, die sie von j\u00fcngeren B\u00e4umen unterscheidet, zu behandeln. Ziel ist der m\u00f6glichst lange Erhalt. F\u00fcr die K\u00e4ferfauna sind sie aufgrund ihres langen Lebens und der damit verbundenen, langen Habitattradition nicht ersetzbare Lebensr\u00e4ume. Einige dieser hochspezialisierten und daher seltenen K\u00e4ferarten sind in der j\u00fcngeren Vergangenheit verst\u00e4rkt in den Fokus der \u00d6ffentlichkeit gekommen.<\/p>\n<p lang=\"de-DE\">An diesem Workshoptag werden die Besonderheiten in der Biologie alter und langsam absterbender B\u00e4ume sowie die spezifischen Bindungen xylobionter K\u00e4ferarten an die besonderen Habitate in Altb\u00e4umen und deren Umgebung behandelt. Davon abgeleitet werden M\u00f6glichkeiten der praktischen Baumpflege vorgestellt, die zum langfristigen Erhalt und zur Pflege von Archeb\u00e4umen und anderen wertvollen Altb\u00e4umen entwickelt wurden (30-Jahres-Managementpl\u00e4ne, Retrenchment Pruning etc.).<\/p>\n<h6>Tag 2: Specht, Fledermaus versus Verkehrssicherheit<\/h6>\n<p lang=\"de-DE\">Der Schutz unserer nat\u00fcrlichen Umwelt und der Erhalt der Artenvielfalt ist eine der wichtigsten Aufgaben unserer Zeit. Da B\u00e4ume h\u00e4ufig auch Habitate selten gewordener Tierarten sind, kann die Baum- und Gr\u00fcnfl\u00e4chenpflege einen ma\u00dfgeblichen Beitrag zum Artenschutz leisten. Gleichzeitig stellen Habitate, wie z.B. Baumh\u00f6hlen, h\u00e4ufig Schwachstellen im statischen System eines Baumes dar und k\u00f6nnen die Verkehrssicherheit gef\u00e4hrden. Baumpfleger*innen m\u00fcssen einsch\u00e4tzen k\u00f6nnen, welche Habitate erhalten werden k\u00f6nnen und wann Eingriffe zur Gew\u00e4hrleistung der Verkehrssicherheit erforderlich werden.<\/p>\n<p lang=\"de-DE\">An diesem Seminartag lernen Sie, Habitatstrukturen zu erkennen und zu bewerten, erfahren wichtiges \u00fcber die Lebensweise verschiedener Habitatbewohner und die besonders empfindlichen Zeitphasen in deren Lebenszyklus, und Sie erfahren, wie Sie Habitatb\u00e4ume im Hinblick auf die Verkehrssicherheit beurteilen k\u00f6nnen.<\/p>\n<h6>Tag 3: Praxistag Bernrieder Park<\/h6>\n<p lang=\"de-DE\">Im Rahmen einer Exkursion lernen Sie, wie baumpflegerische Ma\u00dfnahmen an Biotopb\u00e4umen und B\u00e4umen mit potentiellen Habitaten umgesetzt werden k\u00f6nnen. Es werden bereits umgesetzte artenschutzgerechte baumpflegerische Ma\u00dfnahmen vorgestellt und diskutiert. Die zahlreichen Biotopb\u00e4ume des Bernrieder Parks bieten daf\u00fcr unz\u00e4hlige Anschauungsbeispiele.<\/p>\n<p style=\"text-align: center;\"><a class=\"Termine_und_Buchung\" href=\"https:\/\/buchung.baumkletterschule.de\/?rq_AppGuid=5E5C0C601B319D20997007E3327904420CC3B98C&amp;rq_TargetPageGuid=571D5772177FC7D5D3DE78309A57E877C24AE10C&amp;rq_kurstyp=3631&amp;rq_Layout=MBKS_Website\">Termine und Buchung<\/a><\/p>\n<p lang=\"de-DE\"><strong>Kursgeb\u00fchr:<\/strong> \u00a0\u00a0\u00a0\u00a0\u00a0\u00a0\u00a0 690,-\u20ac zzgl. MwSt.<\/p>\n<p lang=\"de-DE\"><strong>Dauer:\u00a0<\/strong> \u00a0\u00a0\u00a0\u00a0\u00a0\u00a0\u00a0\u00a0\u00a0\u00a0\u00a0\u00a0\u00a0\u00a0\u00a0\u00a0\u00a0 3 Tage<\/p>\n<p lang=\"de-DE\"><strong>Voraussetzungen:<\/strong> keine<\/p>\n<h6>\nWeitere Informationen:<\/h6>\n<ul class=\"zweispaltig\">\n<li><a href=\"https:\/\/baumkletterschule.de\/cms\/wp-content\/uploads\/2024\/12\/241211-Kursprogramm-2025-Webseite.pdf\">Kursprogramm 2025<\/a><\/li>\n<li><a href=\"https:\/\/baumkletterschule.de\/cms\/wp-content\/uploads\/2024\/11\/241120-Flyer-Ruecktrittskosten-Versicherung.pdf\">Kursr\u00fccktrittsversicherung<\/a><\/li>\n<\/ul>\n<\/div>\n","protected":false},"excerpt":{"rendered":"<p>In Zusammenarbeit mit der Firma treeconsult f\u00fchren wir das dreit\u00e4gigen Fach-Seminar \u201eArtenschutz in Baumpflege &amp; Baumkontrolle\u201c in Bernried am Starnberger See durch. Tag 1: Artenschutzrecht und Management von \u201eArcheb\u00e4umen\u201c Der &#8230;<\/p>\n","protected":false},"author":10,"featured_media":0,"parent":0,"menu_order":0,"comment_status":"closed","ping_status":"closed","template":"","meta":{"footnotes":""},"categories":[],"tags":[],"class_list":["post-9673","page","type-page","status-publish","hentry"],"aioseo_notices":[],"_links":{"self":[{"href":"https:\/\/baumkletterschule.de\/cms\/wp-json\/wp\/v2\/pages\/9673","targetHints":{"allow":["GET"]}}],"collection":[{"href":"https:\/\/baumkletterschule.de\/cms\/wp-json\/wp\/v2\/pages"}],"about":[{"href":"https:\/\/baumkletterschule.de\/cms\/wp-json\/wp\/v2\/types\/page"}],"author":[{"embeddable":true,"href":"https:\/\/baumkletterschule.de\/cms\/wp-json\/wp\/v2\/users\/10"}],"replies":[{"embeddable":true,"href":"https:\/\/baumkletterschule.de\/cms\/wp-json\/wp\/v2\/comments?post=9673"}],"version-history":[{"count":4,"href":"https:\/\/baumkletterschule.de\/cms\/wp-json\/wp\/v2\/pages\/9673\/revisions"}],"predecessor-version":[{"id":9675,"href":"https:\/\/baumkletterschule.de\/cms\/wp-json\/wp\/v2\/pages\/9673\/revisions\/9675"}],"wp:attachment":[{"href":"https:\/\/baumkletterschule.de\/cms\/wp-json\/wp\/v2\/media?parent=9673"}],"wp:term":[{"taxonomy":"category","embeddable":true,"href":"https:\/\/baumkletterschule.de\/cms\/wp-json\/wp\/v2\/categories?post=9673"},{"taxonomy":"post_tag","embeddable":true,"href":"https:\/\/baumkletterschule.de\/cms\/wp-json\/wp\/v2\/tags?post=9673"}],"curies":[{"name":"wp","href":"https:\/\/api.w.org\/{rel}","templated":true}]}}