{"id":9665,"date":"2025-01-10T11:38:58","date_gmt":"2025-01-10T10:38:58","guid":{"rendered":"https:\/\/baumkletterschule.de\/cms\/?page_id=9665"},"modified":"2026-02-20T16:26:42","modified_gmt":"2026-02-20T15:26:42","slug":"grundlagen-des-artenschutzes-in-der-baumpflege","status":"publish","type":"page","link":"https:\/\/baumkletterschule.de\/cms\/grundlagen-des-artenschutzes-in-der-baumpflege\/","title":{"rendered":"Grundlagen des Artenschutzes in der Baumpflege"},"content":{"rendered":"<p lang=\"de-DE\">Lernen Sie das komplexe Thema Artenschutz in unserem Tageskurs <strong>&#8222;Grundlagen des Artenschutzes in der Baumpflege&#8220;<\/strong> in seinen rechtlichen und biologischen Grundlagen kennen.<\/p>\n<div id=\"ARS-G\">\n<p lang=\"de-DE\">Der Kurs vermittelt artenkundliche und praktische Hintergr\u00fcnde zum Thema Artenschutz und Baumpflege. Dieses Spannungsfeld zwischen Artenschutz und Baumpflege wird beleuchtet und zusammen gef\u00fchrt. Sie erhalten Handlungssicherheit im Umgang mit dem gesetzlichen Artenschutz. Praxisbezug steht im Vordergrund.<\/p>\n<p>Der Inhalt umfasst das Erkennen von genutzten Habitatstrukturen an B\u00e4umen, die rechtlichen Grundlagen des Artenschutzes, das Vorstellen von Insekten, V\u00f6geln und S\u00e4ugetieren (Arten und Vorkommen, Habitatstrukturen etc.), aber auch die M\u00f6glichkeiten des Artenschutzes in der praktischen Baumpflege. Dazu wird auch eine Exkursion zu Habitatbeispielen duchgef\u00fchrt.<\/p>\n<\/div>\n<div id=\"ARS-G\">\n<p>\u00a0 \u00a0 \u00a0 \u00a0 \u00a0 \u00a0 \u00a0 \u00a0 \u00a0 \u00a0 \u00a0 \u00a0 \u00a0 \u00a0 \u00a0 \u00a0 \u00a0 \u00a0 \u00a0 \u00a0 \u00a0 \u00a0 \u00a0 \u00a0 \u00a0 \u00a0 \u00a0 \u00a0 \u00a0 \u00a0 \u00a0 \u00a0 \u00a0 <a class=\"Termine_und_Buchung\" href=\"https:\/\/buchung.baumkletterschule.de\/?rq_AppGuid=5E5C0C601B319D20997007E3327904420CC3B98C&amp;rq_TargetPageGuid=571D5772177FC7D5D3DE78309A57E877C24AE10C&amp;rq_kurstyp=3536&amp;rq_Layout=MBKS_Website\">Termine und Buchung<\/a><\/p>\n<p lang=\"de-DE\"><strong>Voraussetzungen:<\/strong> keine<\/p>\n<p lang=\"de-DE\"><strong>Dauer:<\/strong>\u00a0\u00a0\u00a0\u00a0\u00a0\u00a0\u00a0\u00a0\u00a0\u00a0\u00a0\u00a0\u00a0\u00a0\u00a0\u00a0\u00a0\u00a0\u00a0 1 Tag<\/p>\n<\/div>\n<h6><\/h6>\n<h6>Weitere Informationen:<\/h6>\n<ul class=\"zweispaltig\">\n<li><a href=\"https:\/\/baumkletterschule.de\/cms\/wp-content\/uploads\/2024\/11\/241120-Flyer-Ruecktrittskosten-Versicherung.pdf\">Kursr\u00fccktrittsversicherung<\/a><\/li>\n<\/ul>\n","protected":false},"excerpt":{"rendered":"<p>Lernen Sie das komplexe Thema Artenschutz in unserem Tageskurs &#8222;Grundlagen des Artenschutzes in der Baumpflege&#8220; in seinen rechtlichen und biologischen Grundlagen kennen. Der Kurs vermittelt artenkundliche und praktische Hintergr\u00fcnde zum &#8230;<\/p>\n","protected":false},"author":10,"featured_media":0,"parent":0,"menu_order":0,"comment_status":"closed","ping_status":"closed","template":"","meta":{"footnotes":""},"categories":[5],"tags":[],"class_list":["post-9665","page","type-page","status-publish","hentry","category-kursinfo"],"aioseo_notices":[],"_links":{"self":[{"href":"https:\/\/baumkletterschule.de\/cms\/wp-json\/wp\/v2\/pages\/9665","targetHints":{"allow":["GET"]}}],"collection":[{"href":"https:\/\/baumkletterschule.de\/cms\/wp-json\/wp\/v2\/pages"}],"about":[{"href":"https:\/\/baumkletterschule.de\/cms\/wp-json\/wp\/v2\/types\/page"}],"author":[{"embeddable":true,"href":"https:\/\/baumkletterschule.de\/cms\/wp-json\/wp\/v2\/users\/10"}],"replies":[{"embeddable":true,"href":"https:\/\/baumkletterschule.de\/cms\/wp-json\/wp\/v2\/comments?post=9665"}],"version-history":[{"count":5,"href":"https:\/\/baumkletterschule.de\/cms\/wp-json\/wp\/v2\/pages\/9665\/revisions"}],"predecessor-version":[{"id":10422,"href":"https:\/\/baumkletterschule.de\/cms\/wp-json\/wp\/v2\/pages\/9665\/revisions\/10422"}],"wp:attachment":[{"href":"https:\/\/baumkletterschule.de\/cms\/wp-json\/wp\/v2\/media?parent=9665"}],"wp:term":[{"taxonomy":"category","embeddable":true,"href":"https:\/\/baumkletterschule.de\/cms\/wp-json\/wp\/v2\/categories?post=9665"},{"taxonomy":"post_tag","embeddable":true,"href":"https:\/\/baumkletterschule.de\/cms\/wp-json\/wp\/v2\/tags?post=9665"}],"curies":[{"name":"wp","href":"https:\/\/api.w.org\/{rel}","templated":true}]}}