{"id":9285,"date":"2024-09-05T18:44:48","date_gmt":"2024-09-05T16:44:48","guid":{"rendered":"https:\/\/baumkletterschule.de\/cms\/?page_id=9285"},"modified":"2026-02-24T12:08:33","modified_gmt":"2026-02-24T11:08:33","slug":"foerdermoeglichkeiten-2","status":"publish","type":"page","link":"https:\/\/baumkletterschule.de\/cms\/foerdermoeglichkeiten-2\/","title":{"rendered":"F\u00f6rderm\u00f6glichkeiten"},"content":{"rendered":"<p>Es gibt verschiedene M\u00f6glichkeiten, Kurse zur beruflichen Weiterbildung gef\u00f6rdert zu bekommen \u2013 die Bedingungen sind jedoch von Bundesland zu Bundesland verschieden und k\u00f6nnen sich schnell \u00e4ndern. Das Bundesministerium f\u00fcr Wirtschaft und Klimaschutz hat eine F\u00f6rderdatenbank eingerichtet, in der sie nach ihren individuellen Kriterien das f\u00fcr sie geltende F\u00f6rderprogramm finden k\u00f6nnen. <a href=\"www.foerderdatenbank.de\"><strong>www.foerderdatenbank.de<\/strong><\/a><\/p>\n<p>Wenn Sie planen eine F\u00f6rderung in Anspruch zu nehmen, erkundigen Sie sich bitte \u00fcber die Bedingungen und M\u00f6glichkeiten bei der F\u00f6rderstelle in ihrem Bundesland unbedingt vor der Anmeldung zu einem Kurs bei uns.<\/p>\n<p>Um Ihnen die Suche zu erleichtern, haben wir folgend eine Aufstellung der F\u00f6rderungen der Bundesl\u00e4ndern zusammengestellt. Bitte beachten Sie, dass dies lediglich ein Service unsererseits ist, wobei wir keine Gew\u00e4hr auf Vollst\u00e4ndigkeit und G\u00fcltigkeit geben k\u00f6nnen.<\/p>\n<p>&nbsp;<\/p>\n<ul>\n<li><strong>Baden-W\u00fcrttemberg<\/strong>: <a href=\"https:\/\/www.fortbildung-bw.de\/fuer-interessierte-2\/foerdermoeglichkeiten\/\">Bildungszeitgesetz (BzG BW)<\/a><\/li>\n<li><strong>Bayern:<\/strong> <a href=\"http:\/\/www.kommweiter.bayern.de\">Komm weiter in B@yern<\/a><\/li>\n<li><strong>Berlin<\/strong>: <a href=\"https:\/\/www.berlin.de\/sen\/arbeit\/weiterbildung\/bildungsurlaub\/\">Bildungsurlaub<\/a><\/li>\n<li><strong>Brandenburg<\/strong>: <a href=\"http:\/\/www.lasa-brandenburg.de\/Bildungsscheck.1184.0.html\">Bildungsscheck <\/a>und weitere <a href=\"http:\/\/www.lasa-brandenburg.de\/Foerderprogramme.6.0.html\">F\u00f6rderm\u00f6glichkeiten<\/a><\/li>\n<li><strong>Hamburg: <\/strong><a href=\"https:\/\/www.zwei-p.org\/weiterbildungsbonus\/\">Hamburger Weiterbildungsbonus PLUS<\/a><\/li>\n<li><strong>Hessen<\/strong>: <a href=\"http:\/\/www.qualifizierungsschecks.de\/\">Qualifizierungsscheck<\/a><\/li>\n<li><strong>Mecklenburg-Vorpommern<\/strong>: <a href=\"https:\/\/www.weiterbildung-mv.de\/bildungsschecks-unternehmen-mv.php\">Bildungsscheck <\/a><\/li>\n<li><strong>Niedersachsen<\/strong>: <a href=\"https:\/\/www.ms.niedersachsen.de\/startseite\/arbeit\/arbeitsforderung_in_niedersachsen\/qualifizierung_von_beschaftigten\/qualifizierung-von-beschaeftigten-125128.html\">Nieders\u00e4chsische Weiterbildungspr\u00e4mie<\/a><\/li>\n<li><strong>Nordrhein-Westfalen<\/strong>: <a href=\"http:\/\/www.mags.nrw.de\/02_Arbeit\/004_Weiterbildung\/003_Bildungsscheck\/index.php\">Bildungsscheck NRW<\/a><\/li>\n<li><strong>Rheinland-Pfalz<\/strong>: <a href=\"http:\/\/www.qualischeck.rlp.de\/\">Qualischeck<\/a><\/li>\n<li><strong>Saarland<\/strong>: \u201e<a href=\"https:\/\/www.buergerdienste-saar.de\/zfinder-saar-web\/welcome\">B\u00fcrgerdienst Saar<\/a>\u201e<\/li>\n<li><strong>Sachsen<\/strong>: <a href=\"F\u00f6rderprogramme%20der%20SAB%20(S\u00e4chsische%20AufbauBank)\">Berufliche Weiterbildung Sachsen (ReactEU)<\/a> und <a href=\"https:\/\/www.foerderdatenbank.de\/FDB\/Content\/DE\/Foerderprogramm\/Land\/Sachsen\/esf-plus-gleichstellung-erwerbsleben-b-gruender.html\">Gr\u00fcnderinnenpr\u00e4mie ESF<\/a><\/li>\n<li><strong>Sachsen-Anhalt<\/strong>: <a href=\"https:\/\/www.ib-sachsen-anhalt.de\/privatkunden\/weiterbilden\/sachsen-anhalt-weiterbildung-direkt.html\">F\u00f6rderung von individuellen beruflichen Weiterbildungen und Zusatzqualifikationen (Weiterbildung Direkt)<\/a><\/li>\n<li><strong>Schleswig-Holstein<\/strong>: <a href=\"http:\/\/www.ib-sh.de\">Weiterbildung f\u00fcr Besch\u00e4ftigte<\/a><\/li>\n<li><strong>Th\u00fcringen<\/strong>: F\u00f6rderung aus dem <a href=\"https:\/\/www.thueringen.de\/th9\/tlllr\/wir\/service\/esf\/index.aspx\">Europ\u00e4ischen Sozialfonds<\/a> und der <a href=\"http:\/\/www.foerderportal-thueringen.de\/\">TLVwA<\/a><\/li>\n<\/ul>\n<p><strong><span style=\"color: #333333;\">Wichtige Information:<\/span><\/strong><\/p>\n<p>Die Antragstellung erfolgt nicht bei der M\u00fcnchner Baumkletterschule, sondern bei der jeweiligen F\u00f6rderstelle. Uns geben Sie lediglich vor der Kursbuchung Bescheid, ob Sie eine F\u00f6rderung erhalten.<\/p>\n<p>Die F\u00f6rderung sollte mindestens drei Wochen vor Kursbeginn genehmigt sein, auf alle F\u00e4lle vor Rechnungsstellung unsererseits. Eine nachtr\u00e4gliche F\u00f6rderung ist leider nicht m\u00f6glich.<br \/>\nBitte haben Sie auch die G\u00fcltigkeit ihrer F\u00f6rderung im Blick, die wir nicht kennen, da diese sich je nach F\u00f6rderung und Bundesland unterscheidet. Da Sie bei uns ihre Anmeldung bis 30 Tage vor Kursbeginn kostenfrei stornieren k\u00f6nnen, entscheiden wir erst nach Ablauf der stornofrist, ob der jeweilige Kurs stattfindet oder nicht. Gegeben falls weichen wir auf einen sp\u00e4teren Termin aus, weshalb sie die G\u00fcltigkeit ihrer F\u00f6rderung beachten sollten.<\/p>\n<p><img loading=\"lazy\" decoding=\"async\" class=\"size-medium wp-image-9232 alignright\" src=\"https:\/\/baumkletterschule.de\/cms\/wp-content\/uploads\/2024\/08\/240812-AZAV-Zertifikat-1-213x300.jpg\" alt=\"\" width=\"213\" height=\"300\" srcset=\"https:\/\/baumkletterschule.de\/cms\/wp-content\/uploads\/2024\/08\/240812-AZAV-Zertifikat-1-213x300.jpg 213w, https:\/\/baumkletterschule.de\/cms\/wp-content\/uploads\/2024\/08\/240812-AZAV-Zertifikat-1.jpg 637w\" sizes=\"auto, (max-width: 213px) 100vw, 213px\" \/><\/p>\n<p>&nbsp;<\/p>\n<p><strong>Die M\u00fcnchner Baumkletterschule hat die AZAV-Tr\u00e4gerzulassung<br \/>\n<\/strong><strong>nach dem Recht <\/strong><strong>der Arbeitsf\u00f6rderung von der Deutschen<br \/>\nAkkreditierunsgsstelle (DAkkS) erlangt.<br \/>\n<\/strong><\/p>\n","protected":false},"excerpt":{"rendered":"<p>Es gibt verschiedene M\u00f6glichkeiten, Kurse zur beruflichen Weiterbildung gef\u00f6rdert zu bekommen \u2013 die Bedingungen sind jedoch von Bundesland zu Bundesland verschieden und k\u00f6nnen sich schnell \u00e4ndern. Das Bundesministerium f\u00fcr Wirtschaft &#8230;<\/p>\n","protected":false},"author":1,"featured_media":0,"parent":0,"menu_order":0,"comment_status":"closed","ping_status":"closed","template":"","meta":{"footnotes":""},"categories":[],"tags":[],"class_list":["post-9285","page","type-page","status-publish","hentry"],"aioseo_notices":[],"_links":{"self":[{"href":"https:\/\/baumkletterschule.de\/cms\/wp-json\/wp\/v2\/pages\/9285","targetHints":{"allow":["GET"]}}],"collection":[{"href":"https:\/\/baumkletterschule.de\/cms\/wp-json\/wp\/v2\/pages"}],"about":[{"href":"https:\/\/baumkletterschule.de\/cms\/wp-json\/wp\/v2\/types\/page"}],"author":[{"embeddable":true,"href":"https:\/\/baumkletterschule.de\/cms\/wp-json\/wp\/v2\/users\/1"}],"replies":[{"embeddable":true,"href":"https:\/\/baumkletterschule.de\/cms\/wp-json\/wp\/v2\/comments?post=9285"}],"version-history":[{"count":19,"href":"https:\/\/baumkletterschule.de\/cms\/wp-json\/wp\/v2\/pages\/9285\/revisions"}],"predecessor-version":[{"id":10453,"href":"https:\/\/baumkletterschule.de\/cms\/wp-json\/wp\/v2\/pages\/9285\/revisions\/10453"}],"wp:attachment":[{"href":"https:\/\/baumkletterschule.de\/cms\/wp-json\/wp\/v2\/media?parent=9285"}],"wp:term":[{"taxonomy":"category","embeddable":true,"href":"https:\/\/baumkletterschule.de\/cms\/wp-json\/wp\/v2\/categories?post=9285"},{"taxonomy":"post_tag","embeddable":true,"href":"https:\/\/baumkletterschule.de\/cms\/wp-json\/wp\/v2\/tags?post=9285"}],"curies":[{"name":"wp","href":"https:\/\/api.w.org\/{rel}","templated":true}]}}