{"id":75,"date":"2016-11-07T11:25:00","date_gmt":"2016-11-07T09:25:00","guid":{"rendered":"https:\/\/baumkletterschule.de\/cms\/?page_id=75"},"modified":"2026-03-12T09:35:55","modified_gmt":"2026-03-12T08:35:55","slug":"skt-a","status":"publish","type":"page","link":"https:\/\/baumkletterschule.de\/cms\/kursinfo\/kletterkurse\/skt-a\/","title":{"rendered":"SKT A Seilklettertechnik Basiskurs"},"content":{"rendered":"<p>Die Seilklettertechnik (SKT) ist ein spezielles Verfahren f\u00fcr das Klettern in B\u00e4umen. Der ganze Kronenbereich kann mit dieser Technik erschlossen und bearbeitet werden, ohne dass \u00c4ste brechen. Trotzdem hat man zwei freie H\u00e4nde f\u00fcr sicheres und effizientes Ar\u00adbeiten. Diese Technik wird haupts\u00e4chlich von Baumpflegern genutzt, kann aber auch Biologen, Fotografen, Mon\u00adteuren von Hochseilg\u00e4rten und Forst\u00adleuten von gro\u00dfem Nutzen sein. Ge\u00adlehrt wird das sichere und selbst\u00e4n\u00addige Bewegen im Baum. Der Aufstieg und das Klettern in der Au\u00dfenkrone bilden die Schwerpunkte. Auch das Retten eines verletzten Klet\u00adterers wird anf\u00e4ngergerecht ge\u00fcbt. Da\u00adneben lernen Sie Gefahrenermittlungen durchzuf\u00fchren und Baustellen einzu\u00adrichten. Theorieeinheiten zu Sicherung und Materialkunde tragen zum besse\u00adren Verst\u00e4ndnis bei. Auch das Thema Baumschnitt wird angesprochen. Der SKT A-Kurs dauert insgesamt 5 Tage.<\/p>\n<p>Wer nach dem Kurs Feuer gefangen hat, kann die Mietausr\u00fcstung unter den Arm klemmen, mit nach Hause nehmen und gleich nach dem Kurs loslegen. Routine ist nach dem Kurs zwar noch nicht vorhanden und Baumklettern hat erst mal mit Baumpflege nichts zu tun. Wer aber begeistert ist, bei dem wird sich die Routine schnell einstellen und wer B\u00e4ume liebt, wird in weiteren Kursen das notwendige Baumpflege-Know-How zum Wohle des Baumes erlernen wollen.<\/p>\n<h3>Kursinhalte:<\/h3>\n<ul>\n<li>Material- und Knotenkunde,<\/li>\n<li>Aufstiegstechniken,<\/li>\n<li>Einbautechniken des Klettersystems,<\/li>\n<li>Kletter\u00fcbungen mit verschiedenen Sicherungssystemen,<\/li>\n<li>Einsatz von Hands\u00e4gen, Arbeitspositionierung,<\/li>\n<li>Rettungstechniken,<\/li>\n<li>Baumsicherheitsbeurteilungen<\/li>\n<\/ul>\n<p style=\"text-align: center;\"><a class=\"Termine_und_Buchung\" href=\"https:\/\/buchung.baumkletterschule.de\/Default.asp?rq_AppGuid=5E5C0C601B319D20997007E3327904420CC3B98C&amp;rq_TargetPageGuid=571D5772177FC7D5D3DE78309A57E877C24AE10C&amp;rq_kurstyp=31&amp;rq_Layout=MBKS_Website\">Termine und Buchung<\/a><\/p>\n<p>&nbsp;<\/p>\n<p style=\"text-align: center;\"><a class=\"Termine_und_Buchung\" href=\"\/cms\/mietausruestung\/\">Mietausr\u00fcstung<\/a><\/p>\n<p>&nbsp;<\/p>\n<p style=\"text-align: center;\"><a class=\"Termine_und_Buchung\" href=\"\/cms\/baumfachkunde-fuer-skt-a-kurse\/\">Baumfachkunde<\/a><\/p>\n<h3>Voraussetzungen:<\/h3>\n<ul>\n<li>Fachkundenachweis in der Baumbeurteilung &#8211; kann bei Anmeldung dazu gebucht werden (Baumfachkunde-Package)<\/li>\n<li>PSA-gepr\u00fcfte Kletterausr\u00fcstung &#8211; Mietausr\u00fcstung kann bei Anmeldung dazu gebucht werden<\/li>\n<li>Ersthelferkurs mit 9 Unterrichtseinheiten (nicht \u00e4lter als zwei Jahre)<\/li>\n<li>\n<p style=\"margin: 0cm;\"><span style=\"font-size: 10.0pt; font-family: 'Arial',sans-serif;\">Nachweis der k\u00f6rperlichen und geistigen Eignung bzw. Tauglichkeit f\u00fcr &#8222;<strong>gef\u00e4hrliche Baumarbeiten&#8220;<\/strong> und &#8222;<strong>Arbeiten<\/strong> <strong>mit Absturzgefahr&#8220; <\/strong>durch einen Arbeits- oder Betriebsmediziener.<\/span><\/p>\n<p style=\"margin: 0cm; overflow-wrap: break-word;\"><em><span style=\"font-size: 10.0pt; font-family: 'Arial',sans-serif;\">Die Eignungsuntersuchungen werden von der Sozialversicherung f\u00fcr Landwirtschaft, Forsten und Gartenbau (SVLFG) als Zulassungsvoraussetzungen gefordert und sind somit f\u00fcr uns als begutachtete Schule bindend. (\u00a7 2 der VSG 4.2 &#8222;Gartenbau, Obstbau und Parkanlagen&#8220; bzw. \u00a7 1 der VSG 4.3 &#8222;Forsten&#8220;).\u00a0<\/span><\/em><\/p>\n<\/li>\n<\/ul>\n<p><strong>Dauer:<\/strong> 5 Tage (Montag &#8211; Freitag)<\/p>\n<p>Dieser Kurs wird f\u00fcr alle Mitglieder der SVLFG mit 150,- EUR gef\u00f6rdert.<\/p>\n<p><strong>TIPP: Ausr\u00fcstung f\u00fcr die Seilklettertechnik finden Sie bei unserem Ausr\u00fcstungspartner<\/strong> <a href=\"https:\/\/shop.freeworker.de\/kletterausrustung.html\"><img loading=\"lazy\" decoding=\"async\" class=\"aligncenter wp-image-8085\" style=\"padding: 10px;\" src=\"https:\/\/baumkletterschule.de\/cms\/wp-content\/uploads\/2023\/08\/230823-Logo-Freeworker_224x224px-002.jpg\" alt=\"\" width=\"127\" height=\"74\" \/><\/a><\/p>\n<h3>Weitere Informationen<\/h3>\n<ul class=\"zweispaltig\">\n<li><a href=\"https:\/\/baumkletterschule.de\/cms\/wp-content\/uploads\/2025\/12\/SKT-A_Allg.-Informationen.pdf\">Allgemeine Informationen<\/a><\/li>\n<li><a href=\"https:\/\/baumkletterschule.de\/cms\/wp-content\/uploads\/2025\/12\/SKT-A-Teilnahmevoraussetzungen-1.pdf\">Teilnahmevoraussetzungen<\/a><\/li>\n<li><a href=\"https:\/\/baumkletterschule.de\/cms\/wp-content\/uploads\/2025\/02\/250212-Kletterausruestung-SKT-A.pdf\">Kletterausr\u00fcstung SKT A<\/a><\/li>\n<li><a href=\"https:\/\/baumkletterschule.de\/cms\/wp-content\/uploads\/2024\/11\/241120-Flyer-Ruecktrittskosten-Versicherung.pdf\">Flyer Kursr\u00fccktrittsversicherung<\/a><\/li>\n<li><a href=\"https:\/\/baumkletterschule.de\/cms\/wp-content\/uploads\/2025\/11\/251125-b45-broschuere-arbeitsmedizinische-vorsorge.pdf\">B45 Brosch\u00fcre Arbeitsmedizinische Vorsorge und Eignungsuntersuchung<\/a><\/li>\n<\/ul>\n<div id=\"envira-gallery-wrap-187\" class=\"envira-gallery-wrap envira-gallery-theme-base envira-lightbox-theme-base\" itemscope itemtype=\"https:\/\/schema.org\/ImageGallery\"><div data-row-height=\"150\" data-gallery-theme=\"normal\" id=\"envira-gallery-187\" class=\"envira-gallery-public envira-gallery-justified-public envira-gallery-0-columns envira-clear enviratope envira-gallery-css-animations\" data-envira-columns=\"0\"><div id=\"envira-gallery-item-112\" class=\"envira-gallery-item enviratope-item envira-gallery-item-1\" style=\"padding-left: 5px; padding-bottom: 10px; padding-right: 5px;\"  itemscope itemtype=\"https:\/\/schema.org\/ImageObject\"><div class=\"envira-gallery-item-inner\"><div class=\"envira-gallery-position-overlay  envira-gallery-top-left\"><\/div><div class=\"envira-gallery-position-overlay  envira-gallery-top-right\"><\/div><div class=\"envira-gallery-position-overlay  envira-gallery-bottom-left\"><\/div><div class=\"envira-gallery-position-overlay  envira-gallery-bottom-right\"><\/div><a href=\"https:\/\/baumkletterschule.de\/cms\/wp-content\/uploads\/2016\/11\/2012_05_10_SKT-A_Berlin_43.jpg\" class=\"envira-gallery-187 envira-gallery-link\" rel=\"enviragallery187\" title=\"SKT-A Kurs\" data-envira-caption=\"SKT-A Kurs\" data-envira-retina=\"\" data-thumbnail=\"\"  itemprop=\"contentUrl\"><img decoding=\"async\" id=\"envira-gallery-image-112\" class=\"envira-gallery-image envira-gallery-image-1 envira-normal \" data-envira-index=\"1\" src=\"https:\/\/baumkletterschule.de\/cms\/wp-content\/uploads\/2016\/11\/2012_05_10_SKT-A_Berlin_43-1024x683-640x480.jpg\" data-envira-src=\"https:\/\/baumkletterschule.de\/cms\/wp-content\/uploads\/2016\/11\/2012_05_10_SKT-A_Berlin_43-1024x683-640x480.jpg\" data-envira-gallery-id=\"187\" data-envira-item-id=\"112\" data-envira-caption=\"SKT-A Kurs\" alt=\"SKT-A Kurs\" title=\"SKT-A Kurs\"  itemprop=\"thumbnailUrl\" data-envira-srcset=\"https:\/\/baumkletterschule.de\/cms\/wp-content\/uploads\/2016\/11\/2012_05_10_SKT-A_Berlin_43-1024x683-640x480.jpg 400w,https:\/\/baumkletterschule.de\/cms\/wp-content\/uploads\/2016\/11\/2012_05_10_SKT-A_Berlin_43-1024x683-640x480.jpg 2x\" data-envira-width=\"300\" data-envira-height=\"200\" srcset=\"https:\/\/baumkletterschule.de\/cms\/wp-content\/uploads\/2016\/11\/2012_05_10_SKT-A_Berlin_43-1280x960.jpg 2x\" data-safe-src=\"https:\/\/baumkletterschule.de\/cms\/wp-content\/uploads\/2016\/11\/2012_05_10_SKT-A_Berlin_43-1024x683-640x480.jpg\" \/><\/a><\/div><\/div><div id=\"envira-gallery-item-115\" class=\"envira-gallery-item enviratope-item envira-gallery-item-2\" style=\"padding-left: 5px; padding-bottom: 10px; padding-right: 5px;\"  itemscope itemtype=\"https:\/\/schema.org\/ImageObject\"><div class=\"envira-gallery-item-inner\"><div class=\"envira-gallery-position-overlay  envira-gallery-top-left\"><\/div><div class=\"envira-gallery-position-overlay  envira-gallery-top-right\"><\/div><div class=\"envira-gallery-position-overlay  envira-gallery-bottom-left\"><\/div><div class=\"envira-gallery-position-overlay  envira-gallery-bottom-right\"><\/div><a href=\"https:\/\/baumkletterschule.de\/cms\/wp-content\/uploads\/2016\/11\/2014_06_26_skt-a_e-garten_sorge_84.jpg\" class=\"envira-gallery-187 envira-gallery-link\" rel=\"enviragallery187\" title=\"SKT-A Kurs\" data-envira-caption=\"SKT-A Kurs\" data-envira-retina=\"\" data-thumbnail=\"\"  itemprop=\"contentUrl\"><img decoding=\"async\" id=\"envira-gallery-image-115\" class=\"envira-gallery-image envira-gallery-image-2 envira-normal \" data-envira-index=\"2\" src=\"https:\/\/baumkletterschule.de\/cms\/wp-content\/uploads\/2016\/11\/2014_06_26_skt-a_e-garten_sorge_84-1024x768-640x480.jpg\" data-envira-src=\"https:\/\/baumkletterschule.de\/cms\/wp-content\/uploads\/2016\/11\/2014_06_26_skt-a_e-garten_sorge_84-1024x768-640x480.jpg\" data-envira-gallery-id=\"187\" data-envira-item-id=\"115\" data-envira-caption=\"SKT-A Kurs\" alt=\"SKT-A Kurs\" title=\"SKT-A Kurs\"  itemprop=\"thumbnailUrl\" data-envira-srcset=\"https:\/\/baumkletterschule.de\/cms\/wp-content\/uploads\/2016\/11\/2014_06_26_skt-a_e-garten_sorge_84-1024x768-640x480.jpg 400w,https:\/\/baumkletterschule.de\/cms\/wp-content\/uploads\/2016\/11\/2014_06_26_skt-a_e-garten_sorge_84-1024x768-640x480.jpg 2x\" data-envira-width=\"300\" data-envira-height=\"225\" srcset=\"https:\/\/baumkletterschule.de\/cms\/wp-content\/uploads\/2016\/11\/2014_06_26_skt-a_e-garten_sorge_84-1280x960.jpg 2x\" data-safe-src=\"https:\/\/baumkletterschule.de\/cms\/wp-content\/uploads\/2016\/11\/2014_06_26_skt-a_e-garten_sorge_84-1024x768-640x480.jpg\" \/><\/a><\/div><\/div><div id=\"envira-gallery-item-120\" class=\"envira-gallery-item enviratope-item envira-gallery-item-3\" style=\"padding-left: 5px; padding-bottom: 10px; padding-right: 5px;\"  itemscope itemtype=\"https:\/\/schema.org\/ImageObject\"><div class=\"envira-gallery-item-inner\"><div class=\"envira-gallery-position-overlay  envira-gallery-top-left\"><\/div><div class=\"envira-gallery-position-overlay  envira-gallery-top-right\"><\/div><div class=\"envira-gallery-position-overlay  envira-gallery-bottom-left\"><\/div><div class=\"envira-gallery-position-overlay  envira-gallery-bottom-right\"><\/div><a href=\"https:\/\/baumkletterschule.de\/cms\/wp-content\/uploads\/2016\/11\/2015_04_22_skt-a_rob_38.jpg\" class=\"envira-gallery-187 envira-gallery-link\" rel=\"enviragallery187\" title=\"SKT-A Kurs\" data-envira-caption=\"SKT-A Kurs\" data-envira-retina=\"\" data-thumbnail=\"\"  itemprop=\"contentUrl\"><img decoding=\"async\" id=\"envira-gallery-image-120\" class=\"envira-gallery-image envira-gallery-image-3 envira-normal \" data-envira-index=\"3\" src=\"https:\/\/baumkletterschule.de\/cms\/wp-content\/uploads\/2016\/11\/2015_04_22_skt-a_rob_38-1024x686-640x480.jpg\" data-envira-src=\"https:\/\/baumkletterschule.de\/cms\/wp-content\/uploads\/2016\/11\/2015_04_22_skt-a_rob_38-1024x686-640x480.jpg\" data-envira-gallery-id=\"187\" data-envira-item-id=\"120\" data-envira-caption=\"SKT-A Kurs\" alt=\"SKT-A Kurs\" title=\"SKT-A Kurs\"  itemprop=\"thumbnailUrl\" data-envira-srcset=\"https:\/\/baumkletterschule.de\/cms\/wp-content\/uploads\/2016\/11\/2015_04_22_skt-a_rob_38-1024x686-640x480.jpg 400w,https:\/\/baumkletterschule.de\/cms\/wp-content\/uploads\/2016\/11\/2015_04_22_skt-a_rob_38-1024x686-640x480.jpg 2x\" data-envira-width=\"300\" data-envira-height=\"201\" srcset=\"https:\/\/baumkletterschule.de\/cms\/wp-content\/uploads\/2016\/11\/2015_04_22_skt-a_rob_38-1280x960.jpg 2x\" data-safe-src=\"https:\/\/baumkletterschule.de\/cms\/wp-content\/uploads\/2016\/11\/2015_04_22_skt-a_rob_38-1024x686-640x480.jpg\" \/><\/a><\/div><\/div><div id=\"envira-gallery-item-297\" class=\"envira-gallery-item enviratope-item envira-gallery-item-4\" style=\"padding-left: 5px; padding-bottom: 10px; padding-right: 5px;\"  itemscope itemtype=\"https:\/\/schema.org\/ImageObject\"><div class=\"envira-gallery-item-inner\"><div class=\"envira-gallery-position-overlay  envira-gallery-top-left\"><\/div><div class=\"envira-gallery-position-overlay  envira-gallery-top-right\"><\/div><div class=\"envira-gallery-position-overlay  envira-gallery-bottom-left\"><\/div><div class=\"envira-gallery-position-overlay  envira-gallery-bottom-right\"><\/div><a href=\"https:\/\/baumkletterschule.de\/cms\/wp-content\/uploads\/2016\/11\/P1020272.jpg\" class=\"envira-gallery-187 envira-gallery-link\" rel=\"enviragallery187\" title=\"SKT-A Kurs\" data-envira-caption=\"SKT-A Kurs\" data-envira-retina=\"\" data-thumbnail=\"\"  itemprop=\"contentUrl\"><img decoding=\"async\" id=\"envira-gallery-image-297\" class=\"envira-gallery-image envira-gallery-image-4 envira-normal \" data-envira-index=\"4\" src=\"https:\/\/baumkletterschule.de\/cms\/wp-content\/uploads\/2016\/11\/P1020272-1024x768-640x480.jpg\" data-envira-src=\"https:\/\/baumkletterschule.de\/cms\/wp-content\/uploads\/2016\/11\/P1020272-1024x768-640x480.jpg\" data-envira-gallery-id=\"187\" data-envira-item-id=\"297\" data-envira-caption=\"SKT-A Kurs\" alt=\"SKT-A Kurs\" title=\"SKT-A Kurs\"  itemprop=\"thumbnailUrl\" data-envira-srcset=\"https:\/\/baumkletterschule.de\/cms\/wp-content\/uploads\/2016\/11\/P1020272-1024x768-640x480.jpg 400w,https:\/\/baumkletterschule.de\/cms\/wp-content\/uploads\/2016\/11\/P1020272-1024x768-640x480.jpg 2x\" data-envira-width=\"300\" data-envira-height=\"225\" srcset=\"https:\/\/baumkletterschule.de\/cms\/wp-content\/uploads\/2016\/11\/P1020272-1280x960.jpg 2x\" data-safe-src=\"https:\/\/baumkletterschule.de\/cms\/wp-content\/uploads\/2016\/11\/P1020272-1024x768-640x480.jpg\" \/><\/a><\/div><\/div><div id=\"envira-gallery-item-274\" class=\"envira-gallery-item enviratope-item envira-gallery-item-5\" style=\"padding-left: 5px; padding-bottom: 10px; padding-right: 5px;\"  itemscope itemtype=\"https:\/\/schema.org\/ImageObject\"><div class=\"envira-gallery-item-inner\"><div class=\"envira-gallery-position-overlay  envira-gallery-top-left\"><\/div><div class=\"envira-gallery-position-overlay  envira-gallery-top-right\"><\/div><div class=\"envira-gallery-position-overlay  envira-gallery-bottom-left\"><\/div><div class=\"envira-gallery-position-overlay  envira-gallery-bottom-right\"><\/div><a href=\"https:\/\/baumkletterschule.de\/cms\/wp-content\/uploads\/2016\/11\/2012_06_28_skt-a_e-garten239.jpg\" class=\"envira-gallery-187 envira-gallery-link\" rel=\"enviragallery187\" title=\"SKT-A Kurs\" data-envira-caption=\"SKT-A Kurs\" data-envira-retina=\"\" data-thumbnail=\"\"  itemprop=\"contentUrl\"><img decoding=\"async\" id=\"envira-gallery-image-274\" class=\"envira-gallery-image envira-gallery-image-5 envira-normal \" data-envira-index=\"5\" src=\"https:\/\/baumkletterschule.de\/cms\/wp-content\/uploads\/2016\/11\/2012_06_28_skt-a_e-garten239-1024x768-640x480.jpg\" data-envira-src=\"https:\/\/baumkletterschule.de\/cms\/wp-content\/uploads\/2016\/11\/2012_06_28_skt-a_e-garten239-1024x768-640x480.jpg\" data-envira-gallery-id=\"187\" data-envira-item-id=\"274\" data-envira-caption=\"SKT-A Kurs\" alt=\"SKT-A Kurs\" title=\"SKT-A Kurs\"  itemprop=\"thumbnailUrl\" data-envira-srcset=\"https:\/\/baumkletterschule.de\/cms\/wp-content\/uploads\/2016\/11\/2012_06_28_skt-a_e-garten239-1024x768-640x480.jpg 400w,https:\/\/baumkletterschule.de\/cms\/wp-content\/uploads\/2016\/11\/2012_06_28_skt-a_e-garten239-1024x768-640x480.jpg 2x\" data-envira-width=\"300\" data-envira-height=\"225\" srcset=\"https:\/\/baumkletterschule.de\/cms\/wp-content\/uploads\/2016\/11\/2012_06_28_skt-a_e-garten239-1280x960.jpg 2x\" data-safe-src=\"https:\/\/baumkletterschule.de\/cms\/wp-content\/uploads\/2016\/11\/2012_06_28_skt-a_e-garten239-1024x768-640x480.jpg\" \/><\/a><\/div><\/div><\/div><\/div><noscript><img decoding=\"async\" src=\"https:\/\/baumkletterschule.de\/cms\/wp-content\/uploads\/2016\/11\/2012_05_10_SKT-A_Berlin_43.jpg\" alt=\"SKT-A Kurs\" \/><img decoding=\"async\" src=\"https:\/\/baumkletterschule.de\/cms\/wp-content\/uploads\/2016\/11\/2014_06_26_skt-a_e-garten_sorge_84.jpg\" alt=\"SKT-A Kurs\" \/><img decoding=\"async\" src=\"https:\/\/baumkletterschule.de\/cms\/wp-content\/uploads\/2016\/11\/2015_04_22_skt-a_rob_38.jpg\" alt=\"SKT-A Kurs\" \/><img decoding=\"async\" src=\"https:\/\/baumkletterschule.de\/cms\/wp-content\/uploads\/2016\/11\/P1020272.jpg\" alt=\"SKT-A Kurs\" \/><img decoding=\"async\" src=\"https:\/\/baumkletterschule.de\/cms\/wp-content\/uploads\/2016\/11\/2012_06_28_skt-a_e-garten239.jpg\" alt=\"SKT-A Kurs\" \/><\/noscript>\n","protected":false},"excerpt":{"rendered":"<p>Die Seilklettertechnik (SKT) ist ein spezielles Verfahren f\u00fcr das Klettern in B\u00e4umen. Der ganze Kronenbereich kann mit dieser Technik erschlossen und bearbeitet werden, ohne dass \u00c4ste brechen. Trotzdem hat man &#8230;<\/p>\n","protected":false},"author":1,"featured_media":0,"parent":13,"menu_order":0,"comment_status":"closed","ping_status":"closed","template":"template-full-width.php","meta":{"footnotes":""},"categories":[],"tags":[],"class_list":["post-75","page","type-page","status-publish","hentry"],"aioseo_notices":[],"_links":{"self":[{"href":"https:\/\/baumkletterschule.de\/cms\/wp-json\/wp\/v2\/pages\/75","targetHints":{"allow":["GET"]}}],"collection":[{"href":"https:\/\/baumkletterschule.de\/cms\/wp-json\/wp\/v2\/pages"}],"about":[{"href":"https:\/\/baumkletterschule.de\/cms\/wp-json\/wp\/v2\/types\/page"}],"author":[{"embeddable":true,"href":"https:\/\/baumkletterschule.de\/cms\/wp-json\/wp\/v2\/users\/1"}],"replies":[{"embeddable":true,"href":"https:\/\/baumkletterschule.de\/cms\/wp-json\/wp\/v2\/comments?post=75"}],"version-history":[{"count":155,"href":"https:\/\/baumkletterschule.de\/cms\/wp-json\/wp\/v2\/pages\/75\/revisions"}],"predecessor-version":[{"id":10468,"href":"https:\/\/baumkletterschule.de\/cms\/wp-json\/wp\/v2\/pages\/75\/revisions\/10468"}],"up":[{"embeddable":true,"href":"https:\/\/baumkletterschule.de\/cms\/wp-json\/wp\/v2\/pages\/13"}],"wp:attachment":[{"href":"https:\/\/baumkletterschule.de\/cms\/wp-json\/wp\/v2\/media?parent=75"}],"wp:term":[{"taxonomy":"category","embeddable":true,"href":"https:\/\/baumkletterschule.de\/cms\/wp-json\/wp\/v2\/categories?post=75"},{"taxonomy":"post_tag","embeddable":true,"href":"https:\/\/baumkletterschule.de\/cms\/wp-json\/wp\/v2\/tags?post=75"}],"curies":[{"name":"wp","href":"https:\/\/api.w.org\/{rel}","templated":true}]}}