{"id":747,"date":"2016-12-02T11:35:49","date_gmt":"2016-12-02T09:35:49","guid":{"rendered":"https:\/\/baumkletterschule.de\/cms\/?page_id=747"},"modified":"2025-11-25T12:34:33","modified_gmt":"2025-11-25T11:34:33","slug":"firmenkurse","status":"publish","type":"page","link":"https:\/\/baumkletterschule.de\/cms\/kursinfo\/sonderkurse\/firmenkurse\/","title":{"rendered":"M\u00fcnchner Baumkletterschule &#8211; wir kommen zu Euch!"},"content":{"rendered":"<p><img loading=\"lazy\" decoding=\"async\" class=\"wp-image-4540 alignleft\" src=\"https:\/\/baumkletterschule.de\/cms\/wp-content\/uploads\/2019\/11\/vorort.jpg\" alt=\"\" width=\"188\" height=\"245\" srcset=\"https:\/\/baumkletterschule.de\/cms\/wp-content\/uploads\/2019\/11\/vorort.jpg 500w, https:\/\/baumkletterschule.de\/cms\/wp-content\/uploads\/2019\/11\/vorort-230x300.jpg 230w\" sizes=\"auto, (max-width: 188px) 100vw, 188px\" \/><\/p>\n<p lang=\"de-DE\">Sie sind eine eingeschworene Gruppe, Sie kennen sich gut, Sie arbeiten zusammen und wollen das Gleiche, aber Ihnen fehlt die Zeit, alle Teammitglieder einzeln auf Fortbildung zu schicken? Bei Ihnen steht ein neues Projekt an, f\u00fcr das Sie dringend das Know-How Ihres Teams auffrischen m\u00f6chten?<br \/>\nDie \u00bbj\u00e4hrliche Unterweisung\u00ab f\u00fcr das Baumklettern ist f\u00e4llig und Sie m\u00f6chten nicht weit reisen?<\/p>\n<p>Dann ist unser <strong>&#8222;Vor-Ort&#8220;-Kurs f\u00fcr Teams und Firmen<\/strong> perfekt f\u00fcr Sie. Mit unserem Wunsch-Kurs bestimmen Sie Teilnehmer, Inhalt, Termin und Ort einfach selbst, und unsere Ausbilder kommen zu Ihnen! S\u00e4mtliche Kurse aus unserem umfangreichen <a title=\"Kursprogramm der M\u00fcnchner Baumkletterschule\" href=\"https:\/\/baumkletterschule.de\/cms\/kursinfo\/\" target=\"blank\" rel=\"noopener\">Kursprogramm<\/a> sind auch als \u201eVor-Ort-Kurs\u201c buchbar.<\/p>\n<p>&nbsp;<\/p>\n<p><strong>Schreiben Sie uns Ihre Vorstellungen per E-Mail an <a href=\"mailto:info@baumkletterschule.de\">info@baumkletterschule.de<\/a>.<br \/>\nBeratung und Kontakt auch telefonisch unter 08105-272701 (Mo bis Fr 09 &#8211; 17 Uhr)<br \/>\n<\/strong><\/p>\n<p lang=\"de-DE\">Wenn es ums Klettern geht, gibt es nichts, was unsere hochkar\u00e4tigen Baumkletterprofis und Ausbilder*nnen nicht abdecken k\u00f6nnen. Schulungen auf Baustellen? Konzepte f\u00fcr Projekte in und mit B\u00e4umen? Wir lieben ungew\u00f6hnliche Anforderungen und Ideen. Unsere \u00fcber 30 Ausbilder:innen sind \u00fcber ganz Deutschland verteilt. Zusammen verf\u00fcgen wir \u00fcber einen gro\u00dfen Erfahrungsschatz im Baumklettern und der Baumpflegepraxis. Wir k\u00f6nnen auf viel Erfahrung und Wissen zur\u00fcckgreifen und haben deshalb Antworten f\u00fcr fast alle Anforderungen parat. Wenn nicht, finden wir sie!<br \/>\nSie haben die Teilnehmer, stellen die B\u00e4ume zur Verf\u00fcgung und w\u00e4hlen die Themen. Zeit, Ort, Inhalt und Details der Durchf\u00fchrung werden mit Ihnen individuell abgestimmt. Sie sparen Reisezeit sowie Reise- und \u00dcbernachtungskosten. Wir liefern Know-how und Engagement direkt dorthin, wo Sie es ben\u00f6tigen.<\/p>\n<p lang=\"de-DE\"><strong>Unsere bisherigen Projekte sprechen f\u00fcr sich.<\/strong> Wir haben beispielsweise\u2026<\/p>\n<ul>\n<li>spezielle Schulungskonzepte entwickelt,<\/li>\n<li>L\u00f6sungen f\u00fcr Rettung von in B\u00e4umen gestrandeten Gleitschirmfliegern geschult,<\/li>\n<li>Geocachern ihren <a title=\"Tageskurs Baumklettern - f\u00fcr Geocaching\" href=\"https:\/\/baumkletterschule.de\/cms\/kursinfo\/kletterkurse\/tageskurs\/\" target=\"_blank\" rel=\"noopener\">Traum vom T5-Cache<\/a> wahrgemacht,<\/li>\n<li>Seilklettertechnik f\u00fcr <a title=\"Firmenkurs: Seilsicherung im Obstbaumschnitt\" href=\"https:\/\/baumkletterschule.de\/cms\/kursinfo\/kletterkurse\/seilsicherung-im-obstbaum\/\" target=\"_blank\" rel=\"noopener\">Streuobstpflege<\/a> eingef\u00fchrt,<\/li>\n<li>Seilklettertechnik f\u00fcr mehr <a title=\"Kletterblatt 2021: Kletter-Ausbildung f\u00fcr Avocadopfl\u00fccker: '(K)ein riskanter Aufstieg f\u00fcr unseren Genuss'\" href=\"https:\/\/baumkletterschule.de\/kletterblatt\/archiv\/2020\/kein-riskanter-aufstieg-baumklettern-avocado-aethiopien\" target=\"_blank&quot;\" rel=\"noopener\">Arbeitssicherheit bei der Avocado-Ernte<\/a> vorgestellt,<\/li>\n<li>Schauspieler f\u00fcr TV-Sendungen in die B\u00e4ume gebracht,<\/li>\n<li>Kinofilme begleitet (Willi und die Wunder dieser Welt),<\/li>\n<li><a title=\"Kletterblatt 2018: 'Tasmanian Tree Project'\" href=\"https:\/\/www.baumpflegeportal.de\/baumklettern\/tasmanian_tree_project\/\" target=\"_blank\" rel=\"nofollow noopener noreferrer\">Naturfotografen<\/a> den perfekten Ausblick verschafft,<\/li>\n<li>Wissenschaftler in die <a title=\"Kletterblatt 2019: 'Wilderness International - SCHUTZ DER GIGANTEN'\" href=\"https:\/\/www.baumpflegeportal.de\/baumklettern\/wilderness-nternational-schutz-giganten-kanada\/\" target=\"_blank\" rel=\"nofollow noopener noreferrer\">h\u00f6chsten B\u00e4ume der Welt<\/a> begleitet,<\/li>\n<li><a title=\"Kletterblatt 2021: 'Orang Utan Projekt Borneo 2018: Kletterschule f\u00fcr Waisen\u00e4ffchen'\" href=\"https:\/\/baumkletterschule.de\/kletterblatt\/archiv\/2020\/orang-utan-projekt-borneo-2018\" target=\"_blank\" rel=\"noopener\">Orang-Utan-Schutzprojekte<\/a> unterst\u00fctzt&#8230;<\/li>\n<\/ul>\n<p lang=\"de-DE\">\n","protected":false},"excerpt":{"rendered":"<p>Sie sind eine eingeschworene Gruppe, Sie kennen sich gut, Sie arbeiten zusammen und wollen das Gleiche, aber Ihnen fehlt die Zeit, alle Teammitglieder einzeln auf Fortbildung zu schicken? Bei Ihnen &#8230;<\/p>\n","protected":false},"author":6,"featured_media":4543,"parent":19,"menu_order":0,"comment_status":"closed","ping_status":"closed","template":"template-full-width.php","meta":{"footnotes":""},"categories":[],"tags":[],"class_list":["post-747","page","type-page","status-publish","has-post-thumbnail","hentry"],"aioseo_notices":[],"_links":{"self":[{"href":"https:\/\/baumkletterschule.de\/cms\/wp-json\/wp\/v2\/pages\/747","targetHints":{"allow":["GET"]}}],"collection":[{"href":"https:\/\/baumkletterschule.de\/cms\/wp-json\/wp\/v2\/pages"}],"about":[{"href":"https:\/\/baumkletterschule.de\/cms\/wp-json\/wp\/v2\/types\/page"}],"author":[{"embeddable":true,"href":"https:\/\/baumkletterschule.de\/cms\/wp-json\/wp\/v2\/users\/6"}],"replies":[{"embeddable":true,"href":"https:\/\/baumkletterschule.de\/cms\/wp-json\/wp\/v2\/comments?post=747"}],"version-history":[{"count":43,"href":"https:\/\/baumkletterschule.de\/cms\/wp-json\/wp\/v2\/pages\/747\/revisions"}],"predecessor-version":[{"id":10151,"href":"https:\/\/baumkletterschule.de\/cms\/wp-json\/wp\/v2\/pages\/747\/revisions\/10151"}],"up":[{"embeddable":true,"href":"https:\/\/baumkletterschule.de\/cms\/wp-json\/wp\/v2\/pages\/19"}],"wp:featuredmedia":[{"embeddable":true,"href":"https:\/\/baumkletterschule.de\/cms\/wp-json\/wp\/v2\/media\/4543"}],"wp:attachment":[{"href":"https:\/\/baumkletterschule.de\/cms\/wp-json\/wp\/v2\/media?parent=747"}],"wp:term":[{"taxonomy":"category","embeddable":true,"href":"https:\/\/baumkletterschule.de\/cms\/wp-json\/wp\/v2\/categories?post=747"},{"taxonomy":"post_tag","embeddable":true,"href":"https:\/\/baumkletterschule.de\/cms\/wp-json\/wp\/v2\/tags?post=747"}],"curies":[{"name":"wp","href":"https:\/\/api.w.org\/{rel}","templated":true}]}}