{"id":744,"date":"2016-12-02T11:01:23","date_gmt":"2016-12-02T09:01:23","guid":{"rendered":"https:\/\/baumkletterschule.de\/cms\/?page_id=744"},"modified":"2025-11-25T12:29:20","modified_gmt":"2025-11-25T11:29:20","slug":"kursruecktrittsversicherung","status":"publish","type":"page","link":"https:\/\/baumkletterschule.de\/cms\/kursinfo\/sonderkurse\/kursruecktrittsversicherung\/","title":{"rendered":"Kursr\u00fccktrittsversicherung"},"content":{"rendered":"<p>Stellen Sie sich vor, Sie freuen sich auf den Kurs und dann passiert es:<br \/>\nVor Kursbeginn verstauchen Sie sich den Fu\u00df, brechen sich den Arm oder werden krank und k\u00f6nnen beim besten Willen nicht am Kurs teilnehmen. Als w\u00e4re das nicht alles schon schlimm genug, l\u00e4sst sich der Kurs, durch die abgelaufene Stornofrist, nicht mehr stornieren und die Baumkletterschule besteht auf Zahlung der Kursgeb\u00fchr \u2013 auch bei Nicht-Teilnahme. Sie \u00e4rgern sich noch mehr.<br \/>\nLeider k\u00f6nnen wir Ihnen in diesen F\u00e4llen trotz der harten Schicksalslage hinsichtlich der Kosten nicht entgegenkommen oder gar die Kosten erlassen. Auch dann nicht, wenn Sie versprechen, beim n\u00e4chsten Kurs teilzunehmen. Selbstverst\u00e4ndlich ist uns sehr an zufriedenen Teilnehmer:innen gelegen. Deshalb konnten wir einen Reiseversicherer dazu bringen, notfallbedingte Kursr\u00fccktritte mit einer Reiseversicherung abzusichern. Bei jeder Kursbuchung k\u00f6nnen Sie einfach diesen Versicherungsschutz bei der ERGO Reiseversicherung abschlie\u00dfen.<br \/>\nWenn Sie die Versicherung w\u00fcnschen, werden Sie direkt nach der Buchung auf die entsprechende Buchungsseite der ERGO Reiseversicherung geleitet. Lassen Sie sich nicht durch die Bezeichnung Reiseversicherung verwirren &#8211; dies ist nur der Oberbegriff und die Seminarr\u00fccktrittsversicherung ist hierbei mit eingeschlossen.<br \/>\nDie Versicherung kann bis 30 Tage vor dem Seminar abgeschlossen werden. Die Leistungen und weitere Details entnehmen Sie bitte dem <a href=\"https:\/\/baumkletterschule.de\/cms\/wp-content\/uploads\/2024\/11\/241120-Flyer-Ruecktrittskosten-Versicherung.pdf\">Info Flyer<\/a> der ERGO-Versicherung, denn die Versicherung schlie\u00dfen Sie nicht mit der M\u00fcnchner Baumkletterschule ab, sondern direkt mit der ERGO.<\/p>\n<p><strong>HINWEIS:<br \/>\n<\/strong>Bei jeder Kursbuchung werden Sie gefragt, ob Sie eine R\u00fccktrittsversicherung abschlie\u00dfen wollen. Best\u00e4tigen Sie es, werden Sie nach der Buchung direkt auf die Buchungsseite der ERGO-Reiseversicherung geleitet. Bitte beachten Sie heirbei, dass <strong>Reise = Seminar<\/strong> <strong>bzw. Kurs<\/strong> bedeutet.<\/p>\n<p>Sollen Kurse versichert werden, die weniger als 30 Tage vor dem Kurs gebucht werden, k\u00f6nnen Sie die Versicherung nur dann abschlie\u00dfen, wenn die Versicherung zeitnah zur Buchung (maximal drei Werktage) abgeschlossen wird.<\/p>\n<p data-wp-editing=\"1\">Sind Sie bereits zu einem Kurs angemeldet ohne sich versichert zu haben, k\u00f6nnen Sie das hier nachholen<em> (aufs Logo Klicken)<\/em>:<\/p>\n<p data-wp-editing=\"1\"><a href=\"https:\/\/app.ergo-reiseversicherung.de\/ba4\/landingPage.html?appname=ba-tid&amp;partnerid=032110000000&amp;confirmationtarget=info@baumkletterschule.de&amp;confirmationtype=emailplaintext\"><img loading=\"lazy\" decoding=\"async\" class=\"aligncenter wp-image-9463 size-medium\" title=\"https:\/\/app.ergo-reiseversicherung.de\/ba4\/landingPage.html?appname=ba-tid&amp;partnerid=032110000000\" src=\"https:\/\/baumkletterschule.de\/cms\/wp-content\/uploads\/2024\/11\/XX-ERV_Logo-300x189.jpg\" alt=\"R\u00fccktrittsversicherung abschlie\u00dfen\" width=\"300\" height=\"189\" srcset=\"https:\/\/baumkletterschule.de\/cms\/wp-content\/uploads\/2024\/11\/XX-ERV_Logo-300x189.jpg 300w, https:\/\/baumkletterschule.de\/cms\/wp-content\/uploads\/2024\/11\/XX-ERV_Logo-768x483.jpg 768w, https:\/\/baumkletterschule.de\/cms\/wp-content\/uploads\/2024\/11\/XX-ERV_Logo.jpg 1000w\" sizes=\"auto, (max-width: 300px) 100vw, 300px\" \/><\/a>Bitte beachten Sie: <strong>Reisepreis = Seminar- bzw. Kursgeb\u00fchr<\/strong> und <strong>Reisezeitraum = Seminar- bzw. Kurstermin<\/strong><\/p>\n<p>&nbsp;<\/p>\n<p style=\"text-align: center;\">Sie haben die Wahl zwischen zwei Leistungspaketen:<\/p>\n<p><strong>\u00a0\u00a0\u00a0\u00a0\u00a0\u00a0\u00a0\u00a0\u00a0\u00a0 ERGO Reiseschutz-Paket\u00a0\u00a0\u00a0\u00a0\u00a0\u00a0\u00a0\u00a0\u00a0\u00a0\u00a0\u00a0\u00a0\u00a0\u00a0\u00a0\u00a0\u00a0\u00a0\u00a0\u00a0\u00a0\u00a0\u00a0\u00a0\u00a0\u00a0\u00a0\u00a0\u00a0\u00a0\u00a0\u00a0\u00a0\u00a0\u00a0\u00a0\u00a0 \u00a0 \u00a0 \u00a0 \u00a0 \u00a0 \u00a0 \u00a0 \u00a0 \u00a0 \u00a0 ERGO Reiser\u00fccktrittsversicherung<\/strong><\/p>\n<p><img loading=\"lazy\" decoding=\"async\" class=\"alignnone wp-image-9472\" src=\"https:\/\/baumkletterschule.de\/cms\/wp-content\/uploads\/2024\/11\/XX-Inhalt-Reiseschutz-Paket-139x300.jpg\" alt=\"\" width=\"302\" height=\"652\" srcset=\"https:\/\/baumkletterschule.de\/cms\/wp-content\/uploads\/2024\/11\/XX-Inhalt-Reiseschutz-Paket-139x300.jpg 139w, https:\/\/baumkletterschule.de\/cms\/wp-content\/uploads\/2024\/11\/XX-Inhalt-Reiseschutz-Paket.jpg 411w\" sizes=\"auto, (max-width: 302px) 100vw, 302px\" \/> \u00a0\u00a0\u00a0 <img loading=\"lazy\" decoding=\"async\" class=\" wp-image-9471 alignright\" src=\"https:\/\/baumkletterschule.de\/cms\/wp-content\/uploads\/2024\/11\/XX-Inhalt-Reiseruecktrittsversicherung-240x300.jpg\" alt=\"\" width=\"293\" height=\"367\" srcset=\"https:\/\/baumkletterschule.de\/cms\/wp-content\/uploads\/2024\/11\/XX-Inhalt-Reiseruecktrittsversicherung-240x300.jpg 240w, https:\/\/baumkletterschule.de\/cms\/wp-content\/uploads\/2024\/11\/XX-Inhalt-Reiseruecktrittsversicherung.jpg 408w\" sizes=\"auto, (max-width: 293px) 100vw, 293px\" \/><\/p>\n<p>&nbsp;<\/p>\n<p>&nbsp;<\/p>\n","protected":false},"excerpt":{"rendered":"<p>Stellen Sie sich vor, Sie freuen sich auf den Kurs und dann passiert es: Vor Kursbeginn verstauchen Sie sich den Fu\u00df, brechen sich den Arm oder werden krank und k\u00f6nnen &#8230;<\/p>\n","protected":false},"author":6,"featured_media":0,"parent":19,"menu_order":0,"comment_status":"closed","ping_status":"closed","template":"template-full-width.php","meta":{"footnotes":""},"categories":[5],"tags":[],"class_list":["post-744","page","type-page","status-publish","hentry","category-kursinfo"],"aioseo_notices":[],"_links":{"self":[{"href":"https:\/\/baumkletterschule.de\/cms\/wp-json\/wp\/v2\/pages\/744","targetHints":{"allow":["GET"]}}],"collection":[{"href":"https:\/\/baumkletterschule.de\/cms\/wp-json\/wp\/v2\/pages"}],"about":[{"href":"https:\/\/baumkletterschule.de\/cms\/wp-json\/wp\/v2\/types\/page"}],"author":[{"embeddable":true,"href":"https:\/\/baumkletterschule.de\/cms\/wp-json\/wp\/v2\/users\/6"}],"replies":[{"embeddable":true,"href":"https:\/\/baumkletterschule.de\/cms\/wp-json\/wp\/v2\/comments?post=744"}],"version-history":[{"count":96,"href":"https:\/\/baumkletterschule.de\/cms\/wp-json\/wp\/v2\/pages\/744\/revisions"}],"predecessor-version":[{"id":9592,"href":"https:\/\/baumkletterschule.de\/cms\/wp-json\/wp\/v2\/pages\/744\/revisions\/9592"}],"up":[{"embeddable":true,"href":"https:\/\/baumkletterschule.de\/cms\/wp-json\/wp\/v2\/pages\/19"}],"wp:attachment":[{"href":"https:\/\/baumkletterschule.de\/cms\/wp-json\/wp\/v2\/media?parent=744"}],"wp:term":[{"taxonomy":"category","embeddable":true,"href":"https:\/\/baumkletterschule.de\/cms\/wp-json\/wp\/v2\/categories?post=744"},{"taxonomy":"post_tag","embeddable":true,"href":"https:\/\/baumkletterschule.de\/cms\/wp-json\/wp\/v2\/tags?post=744"}],"curies":[{"name":"wp","href":"https:\/\/api.w.org\/{rel}","templated":true}]}}