{"id":727,"date":"2016-12-02T10:31:46","date_gmt":"2016-12-02T08:31:46","guid":{"rendered":"https:\/\/baumkletterschule.de\/cms\/?page_id=727"},"modified":"2026-02-20T17:11:29","modified_gmt":"2026-02-20T16:11:29","slug":"baustellensicherung","status":"publish","type":"page","link":"https:\/\/baumkletterschule.de\/cms\/kursinfo\/arbeitssicherheit\/baustellensicherung\/","title":{"rendered":"Baustellensicherung Baumpflege"},"content":{"rendered":"<p lang=\"de-DE\">Wie sperrt man eine Baustelle richtig ab? Baumpflegearbeiten im \u00f6ffentli\u00adchen Verkehrsraum m\u00fcssen fachge\u00adrecht abgesichert werden, sonst dro\u00adhen Bu\u00dfgelder, Punkte in Flensburg oder bei Personensch\u00e4den auch Haft\u00adstrafen. Die Polizei nennt das \u201eSchwe\u00adre Verkehrsgef\u00e4hrdung\u201c.<\/p>\n<p lang=\"de-DE\">F\u00fcr Baustellen an Stra\u00dfen muss ein Verantwortlicher f\u00fcr die Absperrung benannt werden. Dieser ben\u00f6tigt den Nachweis der Eignung und Qualifikati\u00adon. Ohne diesen Nachweis k\u00f6nnen Sie bei Submissionsangeboten von der Wertung ausgeschlossen werden. In unserem eint\u00e4gigen Kurs erwerben Sie die erforderliche Fachkenntnis zur Ver\u00adkehrssicherung und erhalten dar\u00fcber eine Bescheinigung.<\/p>\n<h5>Kursinhalte<\/h5>\n<ul>\n<li>Verkehrsrechtliche Anordnungen<\/li>\n<li>Regel- und Beschilderungsplan<\/li>\n<li>StVO, MVAS, RSA, ZTV-SA<\/li>\n<\/ul>\n<p style=\"text-align: center;\"><a class=\"Termine_und_Buchung\" href=\"https:\/\/buchung.baumkletterschule.de\/?rq_AppGuid=5E5C0C601B319D20997007E3327904420CC3B98C&amp;rq_TargetPageGuid=571D5772177FC7D5D3DE78309A57E877C24AE10C&amp;rq_kurstyp=3332&amp;rq_Layout=MBKS_Website\">Termine und Buchung<\/a><\/p>\n<div class=\"links\">\n<p><strong>Voraussetzungen:<\/strong> keine<\/p>\n<p><strong>Dauer:<\/strong> 1 Tag<\/p>\n<\/div>\n<div class=\"links\">\n<p>&nbsp;<\/p>\n<\/div>\n<h2>Weitere Informationen<\/h2>\n<ul class=\"zweispaltig\">\n<li>Allgemeine Kursinformationen<\/li>\n<li><a href=\"https:\/\/baumkletterschule.de\/cms\/wp-content\/uploads\/2019\/11\/Dokument-B-Kursprogramm_BST.pdf\">Kursprogramm<\/a><\/li>\n<li><a href=\"https:\/\/baumkletterschule.de\/cms\/wp-content\/uploads\/2024\/11\/241120-Flyer-Ruecktrittskosten-Versicherung.pdf\">Kursr\u00fccktrittsversicherung<\/a><\/li>\n<li style=\"display: none;\"><a href=\"https:\/\/baumkletterschule.de\/cms\/wp-content\/uploads\/2019\/11\/BST.pdf\">Fax-Buchungsformular<\/a><\/li>\n<\/ul>\n<div id=\"envira-gallery-wrap-733\" class=\"envira-gallery-wrap envira-gallery-theme-base envira-lightbox-theme-base\" itemscope itemtype=\"https:\/\/schema.org\/ImageGallery\"><div data-row-height=\"150\" data-gallery-theme=\"normal\" id=\"envira-gallery-733\" class=\"envira-gallery-public envira-gallery-justified-public envira-gallery-0-columns envira-clear enviratope envira-gallery-css-animations\" data-envira-columns=\"0\"><div id=\"envira-gallery-item-732\" class=\"envira-gallery-item enviratope-item envira-gallery-item-1\" style=\"padding-left: 5px; padding-bottom: 10px; padding-right: 5px;\"  itemscope itemtype=\"https:\/\/schema.org\/ImageObject\"><div class=\"envira-gallery-item-inner\"><div class=\"envira-gallery-position-overlay  envira-gallery-top-left\"><\/div><div class=\"envira-gallery-position-overlay  envira-gallery-top-right\"><\/div><div class=\"envira-gallery-position-overlay  envira-gallery-bottom-left\"><\/div><div class=\"envira-gallery-position-overlay  envira-gallery-bottom-right\"><\/div><a href=\"https:\/\/baumkletterschule.de\/cms\/wp-content\/uploads\/2016\/12\/BST.jpg\" class=\"envira-gallery-733 envira-gallery-link\" rel=\"enviragallery733\" title=\"Baustellensicherung\" data-envira-caption=\"Baustellensicherung\" data-envira-retina=\"\" data-thumbnail=\"\"  itemprop=\"contentUrl\"><img decoding=\"async\" id=\"envira-gallery-image-732\" class=\"envira-gallery-image envira-gallery-image-1 envira-normal \" data-envira-index=\"1\" src=\"https:\/\/baumkletterschule.de\/cms\/wp-content\/uploads\/2016\/12\/BST-640x480.jpg\" data-envira-src=\"https:\/\/baumkletterschule.de\/cms\/wp-content\/uploads\/2016\/12\/BST-640x480.jpg\" data-envira-gallery-id=\"733\" data-envira-item-id=\"732\" data-envira-caption=\"Baustellensicherung\" alt=\"Baustellensicherung\" title=\"Baustellensicherung\"  itemprop=\"thumbnailUrl\" data-envira-srcset=\"https:\/\/baumkletterschule.de\/cms\/wp-content\/uploads\/2016\/12\/BST-640x480.jpg 400w,https:\/\/baumkletterschule.de\/cms\/wp-content\/uploads\/2016\/12\/BST-640x480.jpg 2x\" data-envira-width=\"236\" data-envira-height=\"176\" srcset=\"https:\/\/baumkletterschule.de\/cms\/wp-content\/uploads\/2016\/12\/BST-1280x960.jpg 2x\" data-safe-src=\"https:\/\/baumkletterschule.de\/cms\/wp-content\/uploads\/2016\/12\/BST-640x480.jpg\" \/><\/a><\/div><\/div><div id=\"envira-gallery-item-295\" class=\"envira-gallery-item enviratope-item envira-gallery-item-2\" style=\"padding-left: 5px; padding-bottom: 10px; padding-right: 5px;\"  itemscope itemtype=\"https:\/\/schema.org\/ImageObject\"><div class=\"envira-gallery-item-inner\"><div class=\"envira-gallery-position-overlay  envira-gallery-top-left\"><\/div><div class=\"envira-gallery-position-overlay  envira-gallery-top-right\"><\/div><div class=\"envira-gallery-position-overlay  envira-gallery-bottom-left\"><\/div><div class=\"envira-gallery-position-overlay  envira-gallery-bottom-right\"><\/div><a href=\"https:\/\/baumkletterschule.de\/cms\/wp-content\/uploads\/2016\/11\/P1010034.jpg\" class=\"envira-gallery-733 envira-gallery-link\" rel=\"enviragallery733\" title=\"Baustellensicherung\" data-envira-caption=\"Baustellensicherung\" data-envira-retina=\"\" data-thumbnail=\"\"  itemprop=\"contentUrl\"><img decoding=\"async\" id=\"envira-gallery-image-295\" class=\"envira-gallery-image envira-gallery-image-2 envira-normal \" data-envira-index=\"2\" src=\"https:\/\/baumkletterschule.de\/cms\/wp-content\/uploads\/2016\/11\/P1010034-768x1024-640x480.jpg\" data-envira-src=\"https:\/\/baumkletterschule.de\/cms\/wp-content\/uploads\/2016\/11\/P1010034-768x1024-640x480.jpg\" data-envira-gallery-id=\"733\" data-envira-item-id=\"295\" data-envira-caption=\"Baustellensicherung\" alt=\"Baustellensicherung\" title=\"Baustellensicherung\"  itemprop=\"thumbnailUrl\" data-envira-srcset=\"https:\/\/baumkletterschule.de\/cms\/wp-content\/uploads\/2016\/11\/P1010034-768x1024-640x480.jpg 400w,https:\/\/baumkletterschule.de\/cms\/wp-content\/uploads\/2016\/11\/P1010034-768x1024-640x480.jpg 2x\" data-envira-width=\"225\" data-envira-height=\"300\" srcset=\"https:\/\/baumkletterschule.de\/cms\/wp-content\/uploads\/2016\/11\/P1010034-1280x960.jpg 2x\" data-safe-src=\"https:\/\/baumkletterschule.de\/cms\/wp-content\/uploads\/2016\/11\/P1010034-768x1024-640x480.jpg\" \/><\/a><\/div><\/div><div id=\"envira-gallery-item-292\" class=\"envira-gallery-item enviratope-item envira-gallery-item-3\" style=\"padding-left: 5px; padding-bottom: 10px; padding-right: 5px;\"  itemscope itemtype=\"https:\/\/schema.org\/ImageObject\"><div class=\"envira-gallery-item-inner\"><div class=\"envira-gallery-position-overlay  envira-gallery-top-left\"><\/div><div class=\"envira-gallery-position-overlay  envira-gallery-top-right\"><\/div><div class=\"envira-gallery-position-overlay  envira-gallery-bottom-left\"><\/div><div class=\"envira-gallery-position-overlay  envira-gallery-bottom-right\"><\/div><a href=\"https:\/\/baumkletterschule.de\/cms\/wp-content\/uploads\/2016\/11\/Baustellensicherung_1.jpg\" class=\"envira-gallery-733 envira-gallery-link\" rel=\"enviragallery733\" title=\"Baustellensicherung\" data-envira-caption=\"Baustellensicherung\" data-envira-retina=\"\" data-thumbnail=\"\"  itemprop=\"contentUrl\"><img decoding=\"async\" id=\"envira-gallery-image-292\" class=\"envira-gallery-image envira-gallery-image-3 envira-normal \" data-envira-index=\"3\" src=\"https:\/\/baumkletterschule.de\/cms\/wp-content\/uploads\/2016\/11\/Baustellensicherung_1-1024x768-640x480.jpg\" data-envira-src=\"https:\/\/baumkletterschule.de\/cms\/wp-content\/uploads\/2016\/11\/Baustellensicherung_1-1024x768-640x480.jpg\" data-envira-gallery-id=\"733\" data-envira-item-id=\"292\" data-envira-caption=\"Baustellensicherung\" alt=\"Baustellensicherung\" title=\"Baustellensicherung\"  itemprop=\"thumbnailUrl\" data-envira-srcset=\"https:\/\/baumkletterschule.de\/cms\/wp-content\/uploads\/2016\/11\/Baustellensicherung_1-1024x768-640x480.jpg 400w,https:\/\/baumkletterschule.de\/cms\/wp-content\/uploads\/2016\/11\/Baustellensicherung_1-1024x768-640x480.jpg 2x\" data-envira-width=\"300\" data-envira-height=\"225\" srcset=\"https:\/\/baumkletterschule.de\/cms\/wp-content\/uploads\/2016\/11\/Baustellensicherung_1-1280x960.jpg 2x\" data-safe-src=\"https:\/\/baumkletterschule.de\/cms\/wp-content\/uploads\/2016\/11\/Baustellensicherung_1-1024x768-640x480.jpg\" \/><\/a><\/div><\/div><div id=\"envira-gallery-item-284\" class=\"envira-gallery-item enviratope-item envira-gallery-item-4\" style=\"padding-left: 5px; padding-bottom: 10px; padding-right: 5px;\"  itemscope itemtype=\"https:\/\/schema.org\/ImageObject\"><div class=\"envira-gallery-item-inner\"><div class=\"envira-gallery-position-overlay  envira-gallery-top-left\"><\/div><div class=\"envira-gallery-position-overlay  envira-gallery-top-right\"><\/div><div class=\"envira-gallery-position-overlay  envira-gallery-bottom-left\"><\/div><div class=\"envira-gallery-position-overlay  envira-gallery-bottom-right\"><\/div><a href=\"https:\/\/baumkletterschule.de\/cms\/wp-content\/uploads\/2016\/11\/2014_12_03_kurse-Gilching165.jpg\" class=\"envira-gallery-733 envira-gallery-link\" rel=\"enviragallery733\" title=\"Baustellensicherung\" data-envira-caption=\"Baustellensicherung\" data-envira-retina=\"\" data-thumbnail=\"\"  itemprop=\"contentUrl\"><img decoding=\"async\" id=\"envira-gallery-image-284\" class=\"envira-gallery-image envira-gallery-image-4 envira-normal \" data-envira-index=\"4\" src=\"https:\/\/baumkletterschule.de\/cms\/wp-content\/uploads\/2016\/11\/2014_12_03_kurse-Gilching165-1024x768-640x480.jpg\" data-envira-src=\"https:\/\/baumkletterschule.de\/cms\/wp-content\/uploads\/2016\/11\/2014_12_03_kurse-Gilching165-1024x768-640x480.jpg\" data-envira-gallery-id=\"733\" data-envira-item-id=\"284\" data-envira-caption=\"Baustellensicherung\" alt=\"Baustellensicherung\" title=\"Baustellensicherung\"  itemprop=\"thumbnailUrl\" data-envira-srcset=\"https:\/\/baumkletterschule.de\/cms\/wp-content\/uploads\/2016\/11\/2014_12_03_kurse-Gilching165-1024x768-640x480.jpg 400w,https:\/\/baumkletterschule.de\/cms\/wp-content\/uploads\/2016\/11\/2014_12_03_kurse-Gilching165-1024x768-640x480.jpg 2x\" data-envira-width=\"300\" data-envira-height=\"225\" srcset=\"https:\/\/baumkletterschule.de\/cms\/wp-content\/uploads\/2016\/11\/2014_12_03_kurse-Gilching165-1280x960.jpg 2x\" data-safe-src=\"https:\/\/baumkletterschule.de\/cms\/wp-content\/uploads\/2016\/11\/2014_12_03_kurse-Gilching165-1024x768-640x480.jpg\" \/><\/a><\/div><\/div><\/div><\/div><noscript><img decoding=\"async\" src=\"https:\/\/baumkletterschule.de\/cms\/wp-content\/uploads\/2016\/12\/BST.jpg\" alt=\"Baustellensicherung\" \/><img decoding=\"async\" src=\"https:\/\/baumkletterschule.de\/cms\/wp-content\/uploads\/2016\/11\/P1010034.jpg\" alt=\"Baustellensicherung\" \/><img decoding=\"async\" src=\"https:\/\/baumkletterschule.de\/cms\/wp-content\/uploads\/2016\/11\/Baustellensicherung_1.jpg\" alt=\"Baustellensicherung\" \/><img decoding=\"async\" src=\"https:\/\/baumkletterschule.de\/cms\/wp-content\/uploads\/2016\/11\/2014_12_03_kurse-Gilching165.jpg\" alt=\"Baustellensicherung\" \/><\/noscript>\n","protected":false},"excerpt":{"rendered":"<p>Wie sperrt man eine Baustelle richtig ab? Baumpflegearbeiten im \u00f6ffentli\u00adchen Verkehrsraum m\u00fcssen fachge\u00adrecht abgesichert werden, sonst dro\u00adhen Bu\u00dfgelder, Punkte in Flensburg oder bei Personensch\u00e4den auch Haft\u00adstrafen. Die Polizei nennt das &#8230;<\/p>\n","protected":false},"author":6,"featured_media":0,"parent":17,"menu_order":0,"comment_status":"closed","ping_status":"closed","template":"template-full-width.php","meta":{"footnotes":""},"categories":[],"tags":[],"class_list":["post-727","page","type-page","status-publish","hentry"],"aioseo_notices":[],"_links":{"self":[{"href":"https:\/\/baumkletterschule.de\/cms\/wp-json\/wp\/v2\/pages\/727","targetHints":{"allow":["GET"]}}],"collection":[{"href":"https:\/\/baumkletterschule.de\/cms\/wp-json\/wp\/v2\/pages"}],"about":[{"href":"https:\/\/baumkletterschule.de\/cms\/wp-json\/wp\/v2\/types\/page"}],"author":[{"embeddable":true,"href":"https:\/\/baumkletterschule.de\/cms\/wp-json\/wp\/v2\/users\/6"}],"replies":[{"embeddable":true,"href":"https:\/\/baumkletterschule.de\/cms\/wp-json\/wp\/v2\/comments?post=727"}],"version-history":[{"count":28,"href":"https:\/\/baumkletterschule.de\/cms\/wp-json\/wp\/v2\/pages\/727\/revisions"}],"predecessor-version":[{"id":10436,"href":"https:\/\/baumkletterschule.de\/cms\/wp-json\/wp\/v2\/pages\/727\/revisions\/10436"}],"up":[{"embeddable":true,"href":"https:\/\/baumkletterschule.de\/cms\/wp-json\/wp\/v2\/pages\/17"}],"wp:attachment":[{"href":"https:\/\/baumkletterschule.de\/cms\/wp-json\/wp\/v2\/media?parent=727"}],"wp:term":[{"taxonomy":"category","embeddable":true,"href":"https:\/\/baumkletterschule.de\/cms\/wp-json\/wp\/v2\/categories?post=727"},{"taxonomy":"post_tag","embeddable":true,"href":"https:\/\/baumkletterschule.de\/cms\/wp-json\/wp\/v2\/tags?post=727"}],"curies":[{"name":"wp","href":"https:\/\/api.w.org\/{rel}","templated":true}]}}