{"id":720,"date":"2016-12-02T10:26:46","date_gmt":"2016-12-02T08:26:46","guid":{"rendered":"https:\/\/baumkletterschule.de\/cms\/?page_id=720"},"modified":"2026-02-20T17:09:21","modified_gmt":"2026-02-20T16:09:21","slug":"psa-sachkunde","status":"publish","type":"page","link":"https:\/\/baumkletterschule.de\/cms\/kursinfo\/arbeitssicherheit\/psa-sachkunde\/","title":{"rendered":"PSA Sachkundelehrgang Baumklettern"},"content":{"rendered":"<p lang=\"de-DE\">Dieser Kurs richtet sich an Personen, die ausreichende Erfahrung mit der Anwendung und dem Gebrauch der zu pr\u00fcfenden <strong>pers\u00f6nlichen Schutzausr\u00fcstung gegen Absturz<\/strong> <strong>(PSA)<\/strong> haben und in der Lage sind, die betreffende Ausr\u00fcstung auf einwandfreien Zustand zu pr\u00fcfen. Die Teilnehmenden werden auf dem Gebiet der PSA soweit mit den einschl\u00e4gigen arbeits\u00adschutzspezifischen Gesetzen, Verordnungen, Vorschriften und anerkannten Regeln der Technik vertraut gemacht, dass sie den ordnungsgem\u00e4\u00dfen Zustand der Ausr\u00fcstung unter Ber\u00fccksichtigung der bestimmungsgem\u00e4\u00dfen Benutzung beurteilen k\u00f6nnen.<\/p>\n<p lang=\"de-DE\">Wir halten\u00a0 unseren PSA-Sachkundelehrgang an der von der SVLFG <a title=\"PSA-Verordnung ab 21.04.2018 in Anwendung\" href=\"https:\/\/baumkletterschule.de\/cms\/psa-verordnung-ab-21-04-2018-in-anwendung\/\" target=\"_blank\" rel=\"noopener\">geforderten Kursl\u00e4nge<\/a> von 3 Tagen ab. Die Auswahl der PSA ist umfassend und Herstellerneutral und somit ist das Zertifikat allgemein g\u00fcltig.<\/p>\n<p lang=\"de-DE\"><strong>Inhalt des Kurses:<\/strong><\/p>\n<ul>\n<li>Aufgaben des Sachkundigen<\/li>\n<li>Rechtsgrundlagen (BGR 198\/199, BG-Vorschriften, EN-Normen)<\/li>\n<li>Konstruktive Zusammenh\u00e4nge von PSA<\/li>\n<li>bestimmungsgem\u00e4\u00dfe Verwendung von PSA<\/li>\n<li>Gef\u00e4hrdungsermittlung und Betriebsanweisung<\/li>\n<li>Organisation und Dokumentation der PSA-\u00dcberpr\u00fcfung<\/li>\n<li>Sachgerechte Lagerung, Reinigung und Pflege<\/li>\n<li>Material- und Ausr\u00fcstungskunde<\/li>\n<li>Theoretische Pr\u00fcfung<\/li>\n<\/ul>\n<p style=\"text-align: center;\">\u00a0 \u00a0 \u00a0 \u00a0 \u00a0 \u00a0 \u00a0 \u00a0 \u00a0 \u00a0 \u00a0 \u00a0 \u00a0 \u00a0 \u00a0 <a class=\"Termine_und_Buchung\" href=\"https:\/\/buchung.baumkletterschule.de\/?rq_AppGuid=5E5C0C601B319D20997007E3327904420CC3B98C&amp;rq_TargetPageGuid=571D5772177FC7D5D3DE78309A57E877C24AE10C&amp;rq_kurstyp=3331&amp;rq_Layout=MBKS_Website\">Termine und Buchung<\/a> \u00a0\u00a0\u00a0\u00a0\u00a0\u00a0\u00a0 <a class=\"Termine_und_Buchung\" href=\"mailto:info@baumkletterschule.de\">als Interessent registrieren<\/a><\/p>\n<div class=\"links\">\n<p>&nbsp;<\/p>\n<p>Eigene Ausr\u00fcstungsgegenst\u00e4nde mit interessanten Sch\u00e4den d\u00fcrfen gerne mitgebracht werden<\/p>\n<\/div>\n<div class=\"links\">\n<p>&nbsp;<\/p>\n<\/div>\n<h2>Weitere Informationen<\/h2>\n<ul class=\"zweispaltig\">\n<li><a href=\"https:\/\/baumkletterschule.de\/cms\/wp-content\/uploads\/2025\/12\/PSA-Allg.-Informationen_Web-1.pdf\">Allgemeine Informationen<\/a><\/li>\n<li><a href=\"https:\/\/baumkletterschule.de\/cms\/wp-content\/uploads\/2019\/11\/Dokument-B-Kursprogramm_PSA.pdf\">Kursprogramm<\/a><\/li>\n<li style=\"display: none;\"><a href=\"https:\/\/baumkletterschule.de\/cms\/wp-content\/uploads\/2019\/11\/PSA.pdf\">Fax-Buchungsformular<\/a><\/li>\n<li><a href=\"https:\/\/baumkletterschule.de\/cms\/wp-content\/uploads\/2024\/11\/241120-Flyer-Ruecktrittskosten-Versicherung.pdf\">Kursr\u00fccktrittsversicherung<\/a><\/li>\n<\/ul>\n<div id=\"envira-gallery-wrap-724\" class=\"envira-gallery-wrap envira-gallery-theme-base envira-lightbox-theme-base\" itemscope itemtype=\"https:\/\/schema.org\/ImageGallery\"><div data-row-height=\"150\" data-gallery-theme=\"normal\" id=\"envira-gallery-724\" class=\"envira-gallery-public envira-gallery-justified-public envira-gallery-0-columns envira-clear enviratope envira-gallery-css-animations\" data-envira-columns=\"0\"><div id=\"envira-gallery-item-723\" class=\"envira-gallery-item enviratope-item envira-gallery-item-1\" style=\"padding-left: 5px; padding-bottom: 10px; padding-right: 5px;\"  itemscope itemtype=\"https:\/\/schema.org\/ImageObject\"><div class=\"envira-gallery-item-inner\"><div class=\"envira-gallery-position-overlay  envira-gallery-top-left\"><\/div><div class=\"envira-gallery-position-overlay  envira-gallery-top-right\"><\/div><div class=\"envira-gallery-position-overlay  envira-gallery-bottom-left\"><\/div><div class=\"envira-gallery-position-overlay  envira-gallery-bottom-right\"><\/div><a href=\"https:\/\/baumkletterschule.de\/cms\/wp-content\/uploads\/2016\/12\/PSA.jpg\" class=\"envira-gallery-724 envira-gallery-link\" rel=\"enviragallery724\" title=\"PSA Sachkunde\" data-envira-caption=\"PSA Sachkunde\" data-envira-retina=\"\" data-thumbnail=\"\"  itemprop=\"contentUrl\"><img decoding=\"async\" id=\"envira-gallery-image-723\" class=\"envira-gallery-image envira-gallery-image-1 envira-normal \" data-envira-index=\"1\" src=\"https:\/\/baumkletterschule.de\/cms\/wp-content\/uploads\/2016\/12\/PSA-640x480.jpg\" data-envira-src=\"https:\/\/baumkletterschule.de\/cms\/wp-content\/uploads\/2016\/12\/PSA-640x480.jpg\" data-envira-gallery-id=\"724\" data-envira-item-id=\"723\" data-envira-caption=\"PSA Sachkunde\" alt=\"PSA Sachkunde\" title=\"PSA Sachkunde\"  itemprop=\"thumbnailUrl\" data-envira-srcset=\"https:\/\/baumkletterschule.de\/cms\/wp-content\/uploads\/2016\/12\/PSA-640x480.jpg 400w,https:\/\/baumkletterschule.de\/cms\/wp-content\/uploads\/2016\/12\/PSA-640x480.jpg 2x\" data-envira-width=\"236\" data-envira-height=\"176\" srcset=\"https:\/\/baumkletterschule.de\/cms\/wp-content\/uploads\/2016\/12\/PSA-1280x960.jpg 2x\" data-safe-src=\"https:\/\/baumkletterschule.de\/cms\/wp-content\/uploads\/2016\/12\/PSA-640x480.jpg\" \/><\/a><\/div><\/div><div id=\"envira-gallery-item-180\" class=\"envira-gallery-item enviratope-item envira-gallery-item-2\" style=\"padding-left: 5px; padding-bottom: 10px; padding-right: 5px;\"  itemscope itemtype=\"https:\/\/schema.org\/ImageObject\"><div class=\"envira-gallery-item-inner\"><div class=\"envira-gallery-position-overlay  envira-gallery-top-left\"><\/div><div class=\"envira-gallery-position-overlay  envira-gallery-top-right\"><\/div><div class=\"envira-gallery-position-overlay  envira-gallery-bottom-left\"><\/div><div class=\"envira-gallery-position-overlay  envira-gallery-bottom-right\"><\/div><a href=\"https:\/\/baumkletterschule.de\/cms\/wp-content\/uploads\/2016\/11\/P1000255.jpg\" class=\"envira-gallery-724 envira-gallery-link\" rel=\"enviragallery724\" title=\"PSA Sachkunde\" data-envira-caption=\"PSA Sachkunde\" data-envira-retina=\"\" data-thumbnail=\"\"  itemprop=\"contentUrl\"><img decoding=\"async\" id=\"envira-gallery-image-180\" class=\"envira-gallery-image envira-gallery-image-2 envira-normal \" data-envira-index=\"2\" src=\"https:\/\/baumkletterschule.de\/cms\/wp-content\/uploads\/2016\/11\/P1000255-1024x768-640x480.jpg\" data-envira-src=\"https:\/\/baumkletterschule.de\/cms\/wp-content\/uploads\/2016\/11\/P1000255-1024x768-640x480.jpg\" data-envira-gallery-id=\"724\" data-envira-item-id=\"180\" data-envira-caption=\"PSA Sachkunde\" alt=\"PSA Sachkunde\" title=\"PSA Sachkunde\"  itemprop=\"thumbnailUrl\" data-envira-srcset=\"https:\/\/baumkletterschule.de\/cms\/wp-content\/uploads\/2016\/11\/P1000255-1024x768-640x480.jpg 400w,https:\/\/baumkletterschule.de\/cms\/wp-content\/uploads\/2016\/11\/P1000255-1024x768-640x480.jpg 2x\" data-envira-width=\"300\" data-envira-height=\"225\" srcset=\"https:\/\/baumkletterschule.de\/cms\/wp-content\/uploads\/2016\/11\/P1000255-1280x960.jpg 2x\" data-safe-src=\"https:\/\/baumkletterschule.de\/cms\/wp-content\/uploads\/2016\/11\/P1000255-1024x768-640x480.jpg\" \/><\/a><\/div><\/div><div id=\"envira-gallery-item-179\" class=\"envira-gallery-item enviratope-item envira-gallery-item-3\" style=\"padding-left: 5px; padding-bottom: 10px; padding-right: 5px;\"  itemscope itemtype=\"https:\/\/schema.org\/ImageObject\"><div class=\"envira-gallery-item-inner\"><div class=\"envira-gallery-position-overlay  envira-gallery-top-left\"><\/div><div class=\"envira-gallery-position-overlay  envira-gallery-top-right\"><\/div><div class=\"envira-gallery-position-overlay  envira-gallery-bottom-left\"><\/div><div class=\"envira-gallery-position-overlay  envira-gallery-bottom-right\"><\/div><a href=\"https:\/\/baumkletterschule.de\/cms\/wp-content\/uploads\/2016\/11\/P1000236.jpg\" class=\"envira-gallery-724 envira-gallery-link\" rel=\"enviragallery724\" title=\"PSA Sachkunde\" data-envira-caption=\"PSA Sachkunde\" data-envira-retina=\"\" data-thumbnail=\"\"  itemprop=\"contentUrl\"><img decoding=\"async\" id=\"envira-gallery-image-179\" class=\"envira-gallery-image envira-gallery-image-3 envira-normal \" data-envira-index=\"3\" src=\"https:\/\/baumkletterschule.de\/cms\/wp-content\/uploads\/2016\/11\/P1000236-1024x768-640x480.jpg\" data-envira-src=\"https:\/\/baumkletterschule.de\/cms\/wp-content\/uploads\/2016\/11\/P1000236-1024x768-640x480.jpg\" data-envira-gallery-id=\"724\" data-envira-item-id=\"179\" data-envira-caption=\"PSA Sachkunde\" alt=\"PSA Sachkunde\" title=\"PSA Sachkunde\"  itemprop=\"thumbnailUrl\" data-envira-srcset=\"https:\/\/baumkletterschule.de\/cms\/wp-content\/uploads\/2016\/11\/P1000236-1024x768-640x480.jpg 400w,https:\/\/baumkletterschule.de\/cms\/wp-content\/uploads\/2016\/11\/P1000236-1024x768-640x480.jpg 2x\" data-envira-width=\"300\" data-envira-height=\"225\" srcset=\"https:\/\/baumkletterschule.de\/cms\/wp-content\/uploads\/2016\/11\/P1000236-1280x960.jpg 2x\" data-safe-src=\"https:\/\/baumkletterschule.de\/cms\/wp-content\/uploads\/2016\/11\/P1000236-1024x768-640x480.jpg\" \/><\/a><\/div><\/div><div id=\"envira-gallery-item-112\" class=\"envira-gallery-item enviratope-item envira-gallery-item-4\" style=\"padding-left: 5px; padding-bottom: 10px; padding-right: 5px;\"  itemscope itemtype=\"https:\/\/schema.org\/ImageObject\"><div class=\"envira-gallery-item-inner\"><div class=\"envira-gallery-position-overlay  envira-gallery-top-left\"><\/div><div class=\"envira-gallery-position-overlay  envira-gallery-top-right\"><\/div><div class=\"envira-gallery-position-overlay  envira-gallery-bottom-left\"><\/div><div class=\"envira-gallery-position-overlay  envira-gallery-bottom-right\"><\/div><a href=\"https:\/\/baumkletterschule.de\/cms\/wp-content\/uploads\/2016\/11\/2012_05_10_SKT-A_Berlin_43.jpg\" class=\"envira-gallery-724 envira-gallery-link\" rel=\"enviragallery724\" title=\"PSA Sachkunde\" data-envira-caption=\"PSA Sachkunde\" data-envira-retina=\"\" data-thumbnail=\"\"  itemprop=\"contentUrl\"><img decoding=\"async\" id=\"envira-gallery-image-112\" class=\"envira-gallery-image envira-gallery-image-4 envira-normal \" data-envira-index=\"4\" src=\"https:\/\/baumkletterschule.de\/cms\/wp-content\/uploads\/2016\/11\/2012_05_10_SKT-A_Berlin_43-1024x683-640x480.jpg\" data-envira-src=\"https:\/\/baumkletterschule.de\/cms\/wp-content\/uploads\/2016\/11\/2012_05_10_SKT-A_Berlin_43-1024x683-640x480.jpg\" data-envira-gallery-id=\"724\" data-envira-item-id=\"112\" data-envira-caption=\"PSA Sachkunde\" alt=\"PSA Sachkunde\" title=\"PSA Sachkunde\"  itemprop=\"thumbnailUrl\" data-envira-srcset=\"https:\/\/baumkletterschule.de\/cms\/wp-content\/uploads\/2016\/11\/2012_05_10_SKT-A_Berlin_43-1024x683-640x480.jpg 400w,https:\/\/baumkletterschule.de\/cms\/wp-content\/uploads\/2016\/11\/2012_05_10_SKT-A_Berlin_43-1024x683-640x480.jpg 2x\" data-envira-width=\"300\" data-envira-height=\"200\" srcset=\"https:\/\/baumkletterschule.de\/cms\/wp-content\/uploads\/2016\/11\/2012_05_10_SKT-A_Berlin_43-1280x960.jpg 2x\" data-safe-src=\"https:\/\/baumkletterschule.de\/cms\/wp-content\/uploads\/2016\/11\/2012_05_10_SKT-A_Berlin_43-1024x683-640x480.jpg\" \/><\/a><\/div><\/div><div id=\"envira-gallery-item-110\" class=\"envira-gallery-item enviratope-item envira-gallery-item-5\" style=\"padding-left: 5px; padding-bottom: 10px; padding-right: 5px;\"  itemscope itemtype=\"https:\/\/schema.org\/ImageObject\"><div class=\"envira-gallery-item-inner\"><div class=\"envira-gallery-position-overlay  envira-gallery-top-left\"><\/div><div class=\"envira-gallery-position-overlay  envira-gallery-top-right\"><\/div><div class=\"envira-gallery-position-overlay  envira-gallery-bottom-left\"><\/div><div class=\"envira-gallery-position-overlay  envira-gallery-bottom-right\"><\/div><a href=\"https:\/\/baumkletterschule.de\/cms\/wp-content\/uploads\/2016\/11\/2012_03_22_SKT-A_Berlin_11.jpg\" class=\"envira-gallery-724 envira-gallery-link\" rel=\"enviragallery724\" title=\"PSA Sachkunde\" data-envira-caption=\"PSA Sachkunde\" data-envira-retina=\"\" data-thumbnail=\"\"  itemprop=\"contentUrl\"><img decoding=\"async\" id=\"envira-gallery-image-110\" class=\"envira-gallery-image envira-gallery-image-5 envira-normal \" data-envira-index=\"5\" src=\"https:\/\/baumkletterschule.de\/cms\/wp-content\/uploads\/2016\/11\/2012_03_22_SKT-A_Berlin_11-1024x683-640x480.jpg\" data-envira-src=\"https:\/\/baumkletterschule.de\/cms\/wp-content\/uploads\/2016\/11\/2012_03_22_SKT-A_Berlin_11-1024x683-640x480.jpg\" data-envira-gallery-id=\"724\" data-envira-item-id=\"110\" data-envira-caption=\"PSA Sachkunde\" alt=\"PSA Sachkunde\" title=\"PSA Sachkunde\"  itemprop=\"thumbnailUrl\" data-envira-srcset=\"https:\/\/baumkletterschule.de\/cms\/wp-content\/uploads\/2016\/11\/2012_03_22_SKT-A_Berlin_11-1024x683-640x480.jpg 400w,https:\/\/baumkletterschule.de\/cms\/wp-content\/uploads\/2016\/11\/2012_03_22_SKT-A_Berlin_11-1024x683-640x480.jpg 2x\" data-envira-width=\"300\" data-envira-height=\"200\" srcset=\"https:\/\/baumkletterschule.de\/cms\/wp-content\/uploads\/2016\/11\/2012_03_22_SKT-A_Berlin_11-1280x960.jpg 2x\" data-safe-src=\"https:\/\/baumkletterschule.de\/cms\/wp-content\/uploads\/2016\/11\/2012_03_22_SKT-A_Berlin_11-1024x683-640x480.jpg\" \/><\/a><\/div><\/div><\/div><\/div><noscript><img decoding=\"async\" src=\"https:\/\/baumkletterschule.de\/cms\/wp-content\/uploads\/2016\/12\/PSA.jpg\" alt=\"PSA Sachkunde\" \/><img decoding=\"async\" src=\"https:\/\/baumkletterschule.de\/cms\/wp-content\/uploads\/2016\/11\/P1000255.jpg\" alt=\"PSA Sachkunde\" \/><img decoding=\"async\" src=\"https:\/\/baumkletterschule.de\/cms\/wp-content\/uploads\/2016\/11\/P1000236.jpg\" alt=\"PSA Sachkunde\" \/><img decoding=\"async\" src=\"https:\/\/baumkletterschule.de\/cms\/wp-content\/uploads\/2016\/11\/2012_05_10_SKT-A_Berlin_43.jpg\" alt=\"PSA Sachkunde\" \/><img decoding=\"async\" src=\"https:\/\/baumkletterschule.de\/cms\/wp-content\/uploads\/2016\/11\/2012_03_22_SKT-A_Berlin_11.jpg\" alt=\"PSA Sachkunde\" \/><\/noscript>\n","protected":false},"excerpt":{"rendered":"<p>Dieser Kurs richtet sich an Personen, die ausreichende Erfahrung mit der Anwendung und dem Gebrauch der zu pr\u00fcfenden pers\u00f6nlichen Schutzausr\u00fcstung gegen Absturz (PSA) haben und in der Lage sind, die &#8230;<\/p>\n","protected":false},"author":6,"featured_media":0,"parent":17,"menu_order":0,"comment_status":"closed","ping_status":"closed","template":"template-full-width.php","meta":{"footnotes":""},"categories":[],"tags":[],"class_list":["post-720","page","type-page","status-publish","hentry"],"aioseo_notices":[],"_links":{"self":[{"href":"https:\/\/baumkletterschule.de\/cms\/wp-json\/wp\/v2\/pages\/720","targetHints":{"allow":["GET"]}}],"collection":[{"href":"https:\/\/baumkletterschule.de\/cms\/wp-json\/wp\/v2\/pages"}],"about":[{"href":"https:\/\/baumkletterschule.de\/cms\/wp-json\/wp\/v2\/types\/page"}],"author":[{"embeddable":true,"href":"https:\/\/baumkletterschule.de\/cms\/wp-json\/wp\/v2\/users\/6"}],"replies":[{"embeddable":true,"href":"https:\/\/baumkletterschule.de\/cms\/wp-json\/wp\/v2\/comments?post=720"}],"version-history":[{"count":43,"href":"https:\/\/baumkletterschule.de\/cms\/wp-json\/wp\/v2\/pages\/720\/revisions"}],"predecessor-version":[{"id":10432,"href":"https:\/\/baumkletterschule.de\/cms\/wp-json\/wp\/v2\/pages\/720\/revisions\/10432"}],"up":[{"embeddable":true,"href":"https:\/\/baumkletterschule.de\/cms\/wp-json\/wp\/v2\/pages\/17"}],"wp:attachment":[{"href":"https:\/\/baumkletterschule.de\/cms\/wp-json\/wp\/v2\/media?parent=720"}],"wp:term":[{"taxonomy":"category","embeddable":true,"href":"https:\/\/baumkletterschule.de\/cms\/wp-json\/wp\/v2\/categories?post=720"},{"taxonomy":"post_tag","embeddable":true,"href":"https:\/\/baumkletterschule.de\/cms\/wp-json\/wp\/v2\/tags?post=720"}],"curies":[{"name":"wp","href":"https:\/\/api.w.org\/{rel}","templated":true}]}}