{"id":710,"date":"2016-12-01T15:49:20","date_gmt":"2016-12-01T13:49:20","guid":{"rendered":"https:\/\/baumkletterschule.de\/cms\/?page_id=710"},"modified":"2026-02-20T17:10:05","modified_gmt":"2026-02-20T16:10:05","slug":"spleisskurs","status":"publish","type":"page","link":"https:\/\/baumkletterschule.de\/cms\/kursinfo\/arbeitssicherheit\/spleisskurs\/","title":{"rendered":"Tageskurs Splei\u00dfen"},"content":{"rendered":"<p lang=\"de-DE\">Das Splei\u00dfen ist ein altes Handwerk aus der Seefahrt. Versteht man das Prinzip von Reibung beim Splei\u00df eines gedrehten Seiles, so erscheinen die Splei\u00dfe bei modernen Baumkletterseilen eher als \u201emagic&#8220;. Dabei werden sie im Prinzip einfach nur ineinander- und \u00fcbereinander geschoben &#8211; aber jeder Seiltyp verlangt eine andere L\u00f6sung. Deshalb werden bei diesem Tageskurs ein ausgepr\u00e4gtes Verst\u00e4ndnis f\u00fcr den Aufbau von Seilen und Splei\u00dfen vermittelt, die unterschiedlichen Werkzeuge vorgestellt und Anleitungen zum Eigenbau gegeben.Das Einsplei\u00dfen von Kauschen, Rollen und Karabiner kann jeder nach dem Kurs selbst\u00e4ndig umsetzen.<br \/>\nUnd das Beste: die selbst gemachten Splei\u00dfe darf jeder mit nach Hause nehmen.<\/p>\n<p>&nbsp;<\/p>\n<p style=\"text-align: center;\"><a class=\"Termine_und_Buchung\" href=\"https:\/\/buchung.baumkletterschule.de\/?rq_AppGuid=5E5C0C601B319D20997007E3327904420CC3B98C&amp;rq_TargetPageGuid=571D5772177FC7D5D3DE78309A57E877C24AE10C&amp;rq_kurstyp=3236&amp;rq_Layout=MBKS_Website\">Termine und Buchung<\/a><\/p>\n<div>\n<p>&nbsp;<\/p>\n<p><strong>Voraussetzungen:<\/strong>\u00a0 keine<\/p>\n<\/div>\n<div>\n<p><strong>Dauer:<\/strong>\u00a0 1 Tag<\/p>\n<\/div>\n<h6 style=\"text-align: left;\">weitere Informationen rund um das Thema Splei\u00dfen gibt es bei unserem Ausr\u00fcstungspartner <a href=\"https:\/\/www.freeworker.de\/2022\/12\/20\/spleisse-freeworker\/\"><img loading=\"lazy\" decoding=\"async\" class=\"wp-image-614 size-full aligncenter\" src=\"https:\/\/baumkletterschule.de\/cms\/wp-content\/uploads\/2016\/11\/Freeworker_140x62.jpg\" alt=\"Freeworker\" width=\"140\" height=\"62\" \/><\/a><\/h6>\n<h2><\/h2>\n<h4>Weitere Informationen<\/h4>\n<ul class=\"zweispaltig\">\n<li>Allgemeine Kursinformationen<\/li>\n<li><a href=\"https:\/\/baumkletterschule.de\/cms\/wp-content\/uploads\/2019\/11\/Dokument-B-Kursprogramm_SPL.pdf\">Kursprogramm<\/a><\/li>\n<li><a href=\"https:\/\/baumkletterschule.de\/cms\/wp-content\/uploads\/2024\/11\/241120-Flyer-Ruecktrittskosten-Versicherung.pdf\">Kursr\u00fccktrittsversicherung<\/a><\/li>\n<li style=\"display: none;\"><a href=\"https:\/\/baumkletterschule.de\/cms\/wp-content\/uploads\/2019\/11\/SPL.pdf\">Fax-Buchungsformular<\/a><\/li>\n<\/ul>\n<div id=\"envira-gallery-wrap-714\" class=\"envira-gallery-wrap envira-gallery-theme-base envira-lightbox-theme-base\" itemscope itemtype=\"https:\/\/schema.org\/ImageGallery\"><div data-row-height=\"150\" data-gallery-theme=\"normal\" id=\"envira-gallery-714\" class=\"envira-gallery-public envira-gallery-justified-public envira-gallery-0-columns envira-clear enviratope envira-gallery-css-animations\" data-envira-columns=\"0\"><div id=\"envira-gallery-item-114\" class=\"envira-gallery-item enviratope-item envira-gallery-item-1\" style=\"padding-left: 5px; padding-bottom: 10px; padding-right: 5px;\"  itemscope itemtype=\"https:\/\/schema.org\/ImageObject\"><div class=\"envira-gallery-item-inner\"><div class=\"envira-gallery-position-overlay  envira-gallery-top-left\"><\/div><div class=\"envira-gallery-position-overlay  envira-gallery-top-right\"><\/div><div class=\"envira-gallery-position-overlay  envira-gallery-bottom-left\"><\/div><div class=\"envira-gallery-position-overlay  envira-gallery-bottom-right\"><\/div><a href=\"https:\/\/baumkletterschule.de\/cms\/wp-content\/uploads\/2016\/11\/2014_06_26_skt-a_e-garten_sorge_72.jpg\" class=\"envira-gallery-714 envira-gallery-link\" rel=\"enviragallery714\" title=\"Splei&szlig;kurs\" data-envira-caption=\"Splei&szlig;kurs\" data-envira-retina=\"\" data-thumbnail=\"\"  itemprop=\"contentUrl\"><img decoding=\"async\" id=\"envira-gallery-image-114\" class=\"envira-gallery-image envira-gallery-image-1 envira-normal \" data-envira-index=\"1\" src=\"https:\/\/baumkletterschule.de\/cms\/wp-content\/uploads\/2016\/11\/2014_06_26_skt-a_e-garten_sorge_72-1024x768-640x480.jpg\" data-envira-src=\"https:\/\/baumkletterschule.de\/cms\/wp-content\/uploads\/2016\/11\/2014_06_26_skt-a_e-garten_sorge_72-1024x768-640x480.jpg\" data-envira-gallery-id=\"714\" data-envira-item-id=\"114\" data-envira-caption=\"Splei&szlig;kurs\" alt=\"Splei\u00dfkurs\" title=\"Splei\u00dfkurs\"  itemprop=\"thumbnailUrl\" data-envira-srcset=\"https:\/\/baumkletterschule.de\/cms\/wp-content\/uploads\/2016\/11\/2014_06_26_skt-a_e-garten_sorge_72-1024x768-640x480.jpg 400w,https:\/\/baumkletterschule.de\/cms\/wp-content\/uploads\/2016\/11\/2014_06_26_skt-a_e-garten_sorge_72-1024x768-640x480.jpg 2x\" data-envira-width=\"300\" data-envira-height=\"225\" srcset=\"https:\/\/baumkletterschule.de\/cms\/wp-content\/uploads\/2016\/11\/2014_06_26_skt-a_e-garten_sorge_72-1280x960.jpg 2x\" data-safe-src=\"https:\/\/baumkletterschule.de\/cms\/wp-content\/uploads\/2016\/11\/2014_06_26_skt-a_e-garten_sorge_72-1024x768-640x480.jpg\" \/><\/a><\/div><\/div><div id=\"envira-gallery-item-102\" class=\"envira-gallery-item enviratope-item envira-gallery-item-2\" style=\"padding-left: 5px; padding-bottom: 10px; padding-right: 5px;\"  itemscope itemtype=\"https:\/\/schema.org\/ImageObject\"><div class=\"envira-gallery-item-inner\"><div class=\"envira-gallery-position-overlay  envira-gallery-top-left\"><\/div><div class=\"envira-gallery-position-overlay  envira-gallery-top-right\"><\/div><div class=\"envira-gallery-position-overlay  envira-gallery-bottom-left\"><\/div><div class=\"envira-gallery-position-overlay  envira-gallery-bottom-right\"><\/div><a href=\"https:\/\/baumkletterschule.de\/cms\/wp-content\/uploads\/2016\/11\/2011_03_04_brandenburg_skt-a_18.jpg\" class=\"envira-gallery-714 envira-gallery-link\" rel=\"enviragallery714\" title=\"Splei&szlig;kurs\" data-envira-caption=\"Splei&szlig;kurs\" data-envira-retina=\"\" data-thumbnail=\"\"  itemprop=\"contentUrl\"><img decoding=\"async\" id=\"envira-gallery-image-102\" class=\"envira-gallery-image envira-gallery-image-2 envira-normal \" data-envira-index=\"2\" src=\"https:\/\/baumkletterschule.de\/cms\/wp-content\/uploads\/2016\/11\/2011_03_04_brandenburg_skt-a_18-1024x683-640x480.jpg\" data-envira-src=\"https:\/\/baumkletterschule.de\/cms\/wp-content\/uploads\/2016\/11\/2011_03_04_brandenburg_skt-a_18-1024x683-640x480.jpg\" data-envira-gallery-id=\"714\" data-envira-item-id=\"102\" data-envira-caption=\"Splei&szlig;kurs\" alt=\"Splei\u00dfkurs\" title=\"Splei\u00dfkurs\"  itemprop=\"thumbnailUrl\" data-envira-srcset=\"https:\/\/baumkletterschule.de\/cms\/wp-content\/uploads\/2016\/11\/2011_03_04_brandenburg_skt-a_18-1024x683-640x480.jpg 400w,https:\/\/baumkletterschule.de\/cms\/wp-content\/uploads\/2016\/11\/2011_03_04_brandenburg_skt-a_18-1024x683-640x480.jpg 2x\" data-envira-width=\"300\" data-envira-height=\"200\" srcset=\"https:\/\/baumkletterschule.de\/cms\/wp-content\/uploads\/2016\/11\/2011_03_04_brandenburg_skt-a_18-1280x960.jpg 2x\" data-safe-src=\"https:\/\/baumkletterschule.de\/cms\/wp-content\/uploads\/2016\/11\/2011_03_04_brandenburg_skt-a_18-1024x683-640x480.jpg\" \/><\/a><\/div><\/div><div id=\"envira-gallery-item-105\" class=\"envira-gallery-item enviratope-item envira-gallery-item-3\" style=\"padding-left: 5px; padding-bottom: 10px; padding-right: 5px;\"  itemscope itemtype=\"https:\/\/schema.org\/ImageObject\"><div class=\"envira-gallery-item-inner\"><div class=\"envira-gallery-position-overlay  envira-gallery-top-left\"><\/div><div class=\"envira-gallery-position-overlay  envira-gallery-top-right\"><\/div><div class=\"envira-gallery-position-overlay  envira-gallery-bottom-left\"><\/div><div class=\"envira-gallery-position-overlay  envira-gallery-bottom-right\"><\/div><a href=\"https:\/\/baumkletterschule.de\/cms\/wp-content\/uploads\/2016\/11\/2011_03_29_heubach-skt-a_21.jpg\" class=\"envira-gallery-714 envira-gallery-link\" rel=\"enviragallery714\" title=\"Splei&szlig;kurs\" data-envira-caption=\"Splei&szlig;kurs\" data-envira-retina=\"\" data-thumbnail=\"\"  itemprop=\"contentUrl\"><img decoding=\"async\" id=\"envira-gallery-image-105\" class=\"envira-gallery-image envira-gallery-image-3 envira-normal \" data-envira-index=\"3\" src=\"https:\/\/baumkletterschule.de\/cms\/wp-content\/uploads\/2016\/11\/2011_03_29_heubach-skt-a_21-683x1024-640x480.jpg\" data-envira-src=\"https:\/\/baumkletterschule.de\/cms\/wp-content\/uploads\/2016\/11\/2011_03_29_heubach-skt-a_21-683x1024-640x480.jpg\" data-envira-gallery-id=\"714\" data-envira-item-id=\"105\" data-envira-caption=\"Splei&szlig;kurs\" alt=\"Splei\u00dfkurs\" title=\"Splei\u00dfkurs\"  itemprop=\"thumbnailUrl\" data-envira-srcset=\"https:\/\/baumkletterschule.de\/cms\/wp-content\/uploads\/2016\/11\/2011_03_29_heubach-skt-a_21-683x1024-640x480.jpg 400w,https:\/\/baumkletterschule.de\/cms\/wp-content\/uploads\/2016\/11\/2011_03_29_heubach-skt-a_21-683x1024-640x480.jpg 2x\" data-envira-width=\"200\" data-envira-height=\"300\" srcset=\"https:\/\/baumkletterschule.de\/cms\/wp-content\/uploads\/2016\/11\/2011_03_29_heubach-skt-a_21-1280x960.jpg 2x\" data-safe-src=\"https:\/\/baumkletterschule.de\/cms\/wp-content\/uploads\/2016\/11\/2011_03_29_heubach-skt-a_21-683x1024-640x480.jpg\" \/><\/a><\/div><\/div><\/div><\/div><noscript><img decoding=\"async\" src=\"https:\/\/baumkletterschule.de\/cms\/wp-content\/uploads\/2016\/11\/2014_06_26_skt-a_e-garten_sorge_72.jpg\" alt=\"Splei\u00dfkurs\" \/><img decoding=\"async\" src=\"https:\/\/baumkletterschule.de\/cms\/wp-content\/uploads\/2016\/11\/2011_03_04_brandenburg_skt-a_18.jpg\" alt=\"Splei\u00dfkurs\" \/><img decoding=\"async\" src=\"https:\/\/baumkletterschule.de\/cms\/wp-content\/uploads\/2016\/11\/2011_03_29_heubach-skt-a_21.jpg\" alt=\"Splei\u00dfkurs\" \/><\/noscript>\n","protected":false},"excerpt":{"rendered":"<p>Das Splei\u00dfen ist ein altes Handwerk aus der Seefahrt. Versteht man das Prinzip von Reibung beim Splei\u00df eines gedrehten Seiles, so erscheinen die Splei\u00dfe bei modernen Baumkletterseilen eher als \u201emagic&#8220;. &#8230;<\/p>\n","protected":false},"author":6,"featured_media":0,"parent":17,"menu_order":0,"comment_status":"closed","ping_status":"closed","template":"template-full-width.php","meta":{"footnotes":""},"categories":[],"tags":[],"class_list":["post-710","page","type-page","status-publish","hentry"],"aioseo_notices":[],"_links":{"self":[{"href":"https:\/\/baumkletterschule.de\/cms\/wp-json\/wp\/v2\/pages\/710","targetHints":{"allow":["GET"]}}],"collection":[{"href":"https:\/\/baumkletterschule.de\/cms\/wp-json\/wp\/v2\/pages"}],"about":[{"href":"https:\/\/baumkletterschule.de\/cms\/wp-json\/wp\/v2\/types\/page"}],"author":[{"embeddable":true,"href":"https:\/\/baumkletterschule.de\/cms\/wp-json\/wp\/v2\/users\/6"}],"replies":[{"embeddable":true,"href":"https:\/\/baumkletterschule.de\/cms\/wp-json\/wp\/v2\/comments?post=710"}],"version-history":[{"count":44,"href":"https:\/\/baumkletterschule.de\/cms\/wp-json\/wp\/v2\/pages\/710\/revisions"}],"predecessor-version":[{"id":10434,"href":"https:\/\/baumkletterschule.de\/cms\/wp-json\/wp\/v2\/pages\/710\/revisions\/10434"}],"up":[{"embeddable":true,"href":"https:\/\/baumkletterschule.de\/cms\/wp-json\/wp\/v2\/pages\/17"}],"wp:attachment":[{"href":"https:\/\/baumkletterschule.de\/cms\/wp-json\/wp\/v2\/media?parent=710"}],"wp:term":[{"taxonomy":"category","embeddable":true,"href":"https:\/\/baumkletterschule.de\/cms\/wp-json\/wp\/v2\/categories?post=710"},{"taxonomy":"post_tag","embeddable":true,"href":"https:\/\/baumkletterschule.de\/cms\/wp-json\/wp\/v2\/tags?post=710"}],"curies":[{"name":"wp","href":"https:\/\/api.w.org\/{rel}","templated":true}]}}