{"id":6487,"date":"2021-08-03T14:27:54","date_gmt":"2021-08-03T12:27:54","guid":{"rendered":"https:\/\/baumkletterschule.de\/cms\/?page_id=6487"},"modified":"2026-01-27T16:47:44","modified_gmt":"2026-01-27T15:47:44","slug":"baumfachkunde-fuer-skt-a-kurse","status":"publish","type":"page","link":"https:\/\/baumkletterschule.de\/cms\/baumfachkunde-fuer-skt-a-kurse\/","title":{"rendered":"Nachweis der Baumfachkunde f\u00fcr SKT A Kurse"},"content":{"rendered":"<p lang=\"de-DE\">Die Berufsgenossenschaft SVLFG schreibt als Voraussetzung f\u00fcr eine Teilnahme am SKT A-Kurs zwingend die Baumfachkunde vor!<br \/>\nIm Anhang 2 der <a title=\"Extern: 'Unfallverh\u00fctungsvorschrift SVLFG'\" href=\"https:\/\/cdn.svlfg.de\/fiona8-blobs\/public\/svlfgonpremiseproduction\/b22ac975c1f09ade\/4d7b1b47db09\/vsg4-2_gartenbau-obstbau-parkanlagen.pdf\" target=\"_blank\" rel=\"nofollow noopener noreferrer\">VSG 4.2<\/a> wird unter 1.2c als Zulassungsvoraussetzung folgendes formuliert:<\/p>\n<ul>\n<li>Nachgewiesene Fachkunde in der Baumbeurteilung mit Schwerpunkt Bruch und Standsicherheit von B\u00e4umen (beispielsweise zertifizierter Baumkontrolleur <em>oder<\/em> Fachkunde f\u00fcr baumsch\u00e4digende Pilze und K\u00e4fer <em>oder<\/em> ETW)<\/li>\n<li>Oder: Ausbildung als G\u00e4rtner <em>oder<\/em> Forstwirt <em>oder<\/em> Landwirt mit mindestens dreij\u00e4hriger Praxis in der Baumpflege <em>oder<\/em> langj\u00e4hrige aktive (mindestens 5 Jahre) T\u00e4tigkeit in der Baumpflege.<\/li>\n<li>Ebenso ist es m\u00f6glich, sich die Kenntnisse in einem Baumpflege-Fachbetrieb praktisch vermitteln und bescheinigen zu lassen oder andere Kurse der Baumfachkunde zu belegen (VTA, Baumbeurteilung, Zert. Baumkontrolleur&#8230;)<\/li>\n<\/ul>\n<blockquote>\n<p style=\"text-align: left;\"><strong><em>Wer noch keine Baumfachkunde hat, oder den schriftlichen Nachweis nicht erbringen kann, hat bei uns die M\u00f6glichkeit das Baumfachkunde-Package zubuchen.<br \/>\n<\/em><\/strong><\/p>\n<\/blockquote>\n<p lang=\"de-DE\">In diesem Fall einfach bei der <strong><a title=\"Kurs aussuchen und buchen\" href=\"https:\/\/buchung.baumkletterschule.de\/path\/app\/?rq_AppGuid=5E5C0C601B319D20997007E3327904420CC3B98C&amp;rq_TargetPageGuid=571D5772177FC7D5D3DE78309A57E877C24AE10C&amp;rq_Layout=MBKS_Website&amp;rq_kurstyp=31#{1}\">Buchung<\/a><\/strong> des SKT A-Kurses im Anmeldeformular bei &#8222;Fachkundenachweis&#8220; das<strong> \u201ePr\u00fcfungs-Package zur Baumfachkunde\u201c <\/strong>mitbuchen<strong>.<\/strong> Das Package kostet 110,- \u20ac und umfasst neben der Pr\u00fcfung ein Baumfachkunde-Skript zur Vorbereitung, das wir Ihnen zusammen mit den anderen Kurs-Unterlagen 14 Tage vor Kursbeginn zusenden.<\/p>\n<p lang=\"de-DE\"><strong>Die schriftliche Pr\u00fcfung wird montags vor Beginn des SKT A-Kurses durchgef\u00fchrt<\/strong>. Alles inhaltlich Wichtige dazu steht im Skript. Bitte bereiten Sie sich gut auf die Pr\u00fcfung vor! Nach Durcharbeitung des Skriptes sollte das Bestehen der Pr\u00fcfung kein Problem sein. Nach erfolgreicher Pr\u00fcfung erhalten Sie von uns eine Baumfachkunde-Bescheinigung.<\/p>\n<p><cite>Bei Unsicherheit dar\u00fcber, ob bei Ihnen die Baumfachkunde vorliegt, k\u00f6nnen Sie sich auch direkt bei der Berufsgenossenschaft SVLFG erkundigen und sich die Baumfachkunde schriftlich best\u00e4tigen lassen. Die Telefonnummer der SVLFG: 0561 785-0<\/cite><\/p>\n<p lang=\"de-DE\"><strong>Zur \u00dcbersichts-Seite \u00bb<a href=\"https:\/\/baumkletterschule.de\/cms\/kursinfo\/kletterkurse\/skt-a\/\">Kursinfo SKT A-Kurs<\/a>\u00ab.<\/strong><\/p>\n","protected":false},"excerpt":{"rendered":"<p>Die Berufsgenossenschaft SVLFG schreibt als Voraussetzung f\u00fcr eine Teilnahme am SKT A-Kurs zwingend die Baumfachkunde vor! Im Anhang 2 der VSG 4.2 wird unter 1.2c als Zulassungsvoraussetzung folgendes formuliert: Nachgewiesene &#8230;<\/p>\n","protected":false},"author":6,"featured_media":0,"parent":0,"menu_order":0,"comment_status":"closed","ping_status":"closed","template":"","meta":{"footnotes":""},"categories":[],"tags":[],"class_list":["post-6487","page","type-page","status-publish","hentry"],"aioseo_notices":[],"_links":{"self":[{"href":"https:\/\/baumkletterschule.de\/cms\/wp-json\/wp\/v2\/pages\/6487","targetHints":{"allow":["GET"]}}],"collection":[{"href":"https:\/\/baumkletterschule.de\/cms\/wp-json\/wp\/v2\/pages"}],"about":[{"href":"https:\/\/baumkletterschule.de\/cms\/wp-json\/wp\/v2\/types\/page"}],"author":[{"embeddable":true,"href":"https:\/\/baumkletterschule.de\/cms\/wp-json\/wp\/v2\/users\/6"}],"replies":[{"embeddable":true,"href":"https:\/\/baumkletterschule.de\/cms\/wp-json\/wp\/v2\/comments?post=6487"}],"version-history":[{"count":32,"href":"https:\/\/baumkletterschule.de\/cms\/wp-json\/wp\/v2\/pages\/6487\/revisions"}],"predecessor-version":[{"id":10374,"href":"https:\/\/baumkletterschule.de\/cms\/wp-json\/wp\/v2\/pages\/6487\/revisions\/10374"}],"wp:attachment":[{"href":"https:\/\/baumkletterschule.de\/cms\/wp-json\/wp\/v2\/media?parent=6487"}],"wp:term":[{"taxonomy":"category","embeddable":true,"href":"https:\/\/baumkletterschule.de\/cms\/wp-json\/wp\/v2\/categories?post=6487"},{"taxonomy":"post_tag","embeddable":true,"href":"https:\/\/baumkletterschule.de\/cms\/wp-json\/wp\/v2\/tags?post=6487"}],"curies":[{"name":"wp","href":"https:\/\/api.w.org\/{rel}","templated":true}]}}