{"id":5920,"date":"2021-05-21T11:31:34","date_gmt":"2021-05-21T09:31:34","guid":{"rendered":"https:\/\/baumkletterschule.de\/cms\/?page_id=5920"},"modified":"2026-04-09T12:48:52","modified_gmt":"2026-04-09T10:48:52","slug":"elementor-5920","status":"publish","type":"page","link":"https:\/\/baumkletterschule.de\/cms\/","title":{"rendered":"Willkommen bei der M\u00fcnchner Baumkletterschule!"},"content":{"rendered":"<hr \/>\n<h3 style=\"text-align: center;\">Menschen\u00a0\u00a0 &#8211;\u00a0\u00a0 B\u00e4ume\u00a0\u00a0\u00a0 &#8211;\u00a0\u00a0\u00a0 Leidenschaft<\/h3>\n<p>Im Zuge des gesellschaftlichen und politischen Umdenkens im Umwelt- und Klimaschutz hat sich der Umgang mit B\u00e4umen zum Gl\u00fcck grundlegend ver\u00e4ndert.<br \/>\nW\u00e4hrend B\u00e4ume in der Vergangenheit h\u00e4ufig vorschnell gef\u00e4llt wurden, steht heute ihr Erhalt im Mittelpunkt fachlicher und kommunaler Entscheidungen. Der Erhalt bestehender B\u00e4ume ist \u00f6kologisch, klimatisch und wirtschaftlich deutlich nachhaltiger als Neupflanzungen mit jahrzehntelanger Anwuchsphase.<\/p>\n<p>Diese Entwicklung f\u00fchrt dazu, dass qualifizierte Baumpfleger:innen zunehmend ben\u00f6tigt werden, um B\u00e4ume fachgerecht zu erhalten, zusichern und zu pflegen, anstatt sie zu entfernen &#8211; Die Seilklettertechnik ist hierf\u00fcr ein unverzichtbares Instrument.<\/p>\n<p>Wir bilden <strong>deutschlandweit<\/strong> in den Bereichen Seilklettertechnik, Baumpflege und Arbeitssicherheit im gr\u00fcnen Bereich aus. Angefangen damit, wie Du in den Baum kommst, \u00fcber die richtigen Pflegema\u00dfnahmen bis hin zum sicheren Umgang mit den Ger\u00e4ten \u2013 sowohl im Baum, als auch auf dem Boden. Schau Dich gerne unter <strong><a href=\"https:\/\/baumkletterschule.de\/cms\/kursinfo\/\">KURSANGEBOT<\/a><\/strong> um!<\/p>\n<p>&nbsp;<\/p>\n<p><img decoding=\"async\" src=\"https:\/\/baumkletterschule.de\/cms\/wp-content\/uploads\/2024\/02\/240212_MBKS-Ausbilder-Gruppe_web_1016x472.jpg\" alt=\"Das Ausbilder-Team der M\u00fcnchner Baumkletterschule.\" \/><\/p>\n<hr \/>\n<p><strong>Das <a href=\"https:\/\/baumkletterschule.de\/cms\/kletterblatt-2026\/\">KLETTERBLATT 2026<\/a> kann kostenlos <a title=\"Freeworker Shop: Kletterblatt\" href=\"https:\/\/shop.freeworker.de\/kletterblatt-de.html\" rel=\"nofollow noopener noreferrer\">hier<\/a> bestellt werden!<\/strong><\/p>\n<p><a href=\"https:\/\/baumkletterschule.de\/cms\/wp-content\/uploads\/2026\/01\/XX-KB2026_komplett.pdf\"><br \/>\n<img loading=\"lazy\" decoding=\"async\" class=\"alignleft\" src=\"https:\/\/baumkletterschule.de\/cms\/wp-content\/uploads\/2025\/10\/KB2026_Coverimage.webp\" alt=\"Cover Kletterblatt 2025\/2026\" width=\"277\" height=\"392\" \/><\/a><a href=\"https:\/\/baumkletterschule.de\/cms\/wp-content\/uploads\/2026\/01\/XX-Kursprogramm-2026.pdf\"><img loading=\"lazy\" decoding=\"async\" class=\"alignnone wp-image-10096\" src=\"https:\/\/baumkletterschule.de\/cms\/wp-content\/uploads\/2025\/10\/KB2026_CoverMBKS-212x300.webp\" alt=\"\" width=\"278\" height=\"393\" srcset=\"https:\/\/baumkletterschule.de\/cms\/wp-content\/uploads\/2025\/10\/KB2026_CoverMBKS-212x300.webp 212w, https:\/\/baumkletterschule.de\/cms\/wp-content\/uploads\/2025\/10\/KB2026_CoverMBKS-724x1024.webp 724w, https:\/\/baumkletterschule.de\/cms\/wp-content\/uploads\/2025\/10\/KB2026_CoverMBKS-768x1086.webp 768w, https:\/\/baumkletterschule.de\/cms\/wp-content\/uploads\/2025\/10\/KB2026_CoverMBKS.webp 800w\" sizes=\"auto, (max-width: 278px) 100vw, 278px\" \/><\/a><\/p>\n","protected":false},"excerpt":{"rendered":"<p>Menschen\u00a0\u00a0 &#8211;\u00a0\u00a0 B\u00e4ume\u00a0\u00a0\u00a0 &#8211;\u00a0\u00a0\u00a0 Leidenschaft Im Zuge des gesellschaftlichen und politischen Umdenkens im Umwelt- und Klimaschutz hat sich der Umgang mit B\u00e4umen zum Gl\u00fcck grundlegend ver\u00e4ndert. W\u00e4hrend B\u00e4ume in der &#8230;<\/p>\n","protected":false},"author":6,"featured_media":0,"parent":0,"menu_order":0,"comment_status":"closed","ping_status":"closed","template":"","meta":{"footnotes":""},"categories":[],"tags":[],"class_list":["post-5920","page","type-page","status-publish","hentry"],"aioseo_notices":[],"_links":{"self":[{"href":"https:\/\/baumkletterschule.de\/cms\/wp-json\/wp\/v2\/pages\/5920","targetHints":{"allow":["GET"]}}],"collection":[{"href":"https:\/\/baumkletterschule.de\/cms\/wp-json\/wp\/v2\/pages"}],"about":[{"href":"https:\/\/baumkletterschule.de\/cms\/wp-json\/wp\/v2\/types\/page"}],"author":[{"embeddable":true,"href":"https:\/\/baumkletterschule.de\/cms\/wp-json\/wp\/v2\/users\/6"}],"replies":[{"embeddable":true,"href":"https:\/\/baumkletterschule.de\/cms\/wp-json\/wp\/v2\/comments?post=5920"}],"version-history":[{"count":255,"href":"https:\/\/baumkletterschule.de\/cms\/wp-json\/wp\/v2\/pages\/5920\/revisions"}],"predecessor-version":[{"id":10507,"href":"https:\/\/baumkletterschule.de\/cms\/wp-json\/wp\/v2\/pages\/5920\/revisions\/10507"}],"wp:attachment":[{"href":"https:\/\/baumkletterschule.de\/cms\/wp-json\/wp\/v2\/media?parent=5920"}],"wp:term":[{"taxonomy":"category","embeddable":true,"href":"https:\/\/baumkletterschule.de\/cms\/wp-json\/wp\/v2\/categories?post=5920"},{"taxonomy":"post_tag","embeddable":true,"href":"https:\/\/baumkletterschule.de\/cms\/wp-json\/wp\/v2\/tags?post=5920"}],"curies":[{"name":"wp","href":"https:\/\/api.w.org\/{rel}","templated":true}]}}