{"id":545,"date":"2016-11-28T18:27:08","date_gmt":"2016-11-28T16:27:08","guid":{"rendered":"https:\/\/baumkletterschule.de\/cms\/?page_id=545"},"modified":"2026-02-20T17:06:08","modified_gmt":"2026-02-20T16:06:08","slug":"obstbaumschnittkurse","status":"publish","type":"page","link":"https:\/\/baumkletterschule.de\/cms\/kursinfo\/baumpflege\/obstbaumschnittkurse\/","title":{"rendered":"Qualifizierter Obstbaumschnitt"},"content":{"rendered":"<div id=\"obst-grundkurs\">\n<h2><strong>&#8211; Grundkurs &#8211;<br \/>\n<\/strong><\/h2>\n<p lang=\"de-DE\">Effektiv und baumgerecht Obstb\u00e4ume schneiden ist eine Herausforderung. In vielen Schnittkursen werden oft auch von Profis Techniken, Rezepte und Strategien vermittelt, die auf gewerbliche Intensiv-Obstanlagen ausgerichtet sind. In Hausg\u00e4rten und auf Streuobstwiesen k\u00f6nnen diese Techniken zu katastrophalen Ergebnissen f\u00fchren: extrem kr\u00e4ftige Neutriebe, gro\u00dfe Eingriffe mit negativen Folgen f\u00fcr die Lebensdauer der B\u00e4ume und zudem viel Folgearbeit sind nicht selten das Ergebnis.<\/p>\n<p lang=\"de-DE\">Dieser Schnittkurs zeigt Ihnen, wie Sie einen Obstbaum effektiv und baumerhaltend schneiden k\u00f6nnen, ohne danach jahrelang mit den Folgen Ihres Eingriffes k\u00e4mpfen zu m\u00fcssen. Im Kurs erwerben Sie baumphysiologisches Wissen, mit dem Sie bei der Baumpflege Ihre und auch Kunden-W\u00fcnsche sowie die Belange des Baumes optimal in Einklang bringen k\u00f6nnen.<\/p>\n<p lang=\"de-DE\">Sie lernen einen Schnitt, der jedem Baumbesitzer regelm\u00e4\u00dfig Obst beschert und die Pflege von Streuobstbest\u00e4nden bezahlbar bleiben l\u00e4sst. Auf die unterschiedlichen Anforderungen verschiedener Obstarten und Sorten wird eingegangen. Ebenso werden Grundkenntnisse der wichtigsten Schadbilder an Obstgeh\u00f6lzen vermittelt.<\/p>\n<p lang=\"de-DE\">Wer klettern kann und Ausr\u00fcstung besitzt, m\u00f6ge diese bitte unbedingt mitbringen. Wer nicht klettern kann, der bekommt die M\u00f6glichkeit, in die Sicherungstechnik eingewiesen zu werden.<\/p>\n<p style=\"text-align: center;\"><a class=\"Termine_und_Buchung\" href=\"https:\/\/buchung.baumkletterschule.de\/?rq_AppGuid=5E5C0C601B319D20997007E3327904420CC3B98C&amp;rq_TargetPageGuid=571D5772177FC7D5D3DE78309A57E877C24AE10C&amp;rq_kurstyp=3136&amp;rq_Layout=MBKS_Website\">Termine und Buchung<\/a><\/p>\n<ul style=\"list-style: none;\">\n<li><\/li>\n<li>Kursdauer: 3 Tage<\/li>\n<\/ul>\n<\/div>\n<hr \/>\n<div>\n<h5>Voraussetzungen<\/h5>\n<ul>\n<li>Kletterausr\u00fcstung<\/li>\n<li>Schnittwerkzeug<\/li>\n<li>Leiter<\/li>\n<\/ul>\n<\/div>\n<hr \/>\n<div id=\"obst-pflanzen\">\n<ul style=\"list-style: none;\">\n<li>\n<h2>Weitere Obstbaumkurse<\/h2>\n<ul>\n<li><strong><a title=\"Kursinfo: Seilsicherung und Obstbaumschnitt (Firmenkurs)\" href=\"..\/..\/seilsicherung-im-obstbaum\/\">Seilsicherung beim Obstbaumschnitt (Firmenkurs)<\/a><\/strong><\/li>\n<\/ul>\n<\/li>\n<\/ul>\n<\/div>\n<hr \/>\n<h5>Weitere Informationen<\/h5>\n<ul class=\"zweispaltig\">\n<li>Allgemeine Kursinformationen<\/li>\n<li><a href=\"https:\/\/baumkletterschule.de\/cms\/wp-content\/uploads\/2019\/11\/Dokument-B-Kursprogramm_OS-A.pdf\">Kursprogramm Grundkurs<\/a><\/li>\n<li><a href=\"https:\/\/baumkletterschule.de\/cms\/wp-content\/uploads\/2024\/11\/Dokument-E-Ausruestung_OS-A.pdf\">Ausr\u00fcstung<\/a><\/li>\n<li><a href=\"https:\/\/baumkletterschule.de\/cms\/wp-content\/uploads\/2024\/11\/241120-Flyer-Ruecktrittskosten-Versicherung.pdf\">Kursr\u00fccktrittsversicherung<\/a><\/li>\n<li style=\"display: none;\"><a href=\"https:\/\/baumkletterschule.de\/cms\/wp-content\/uploads\/2019\/11\/OS-A.pdf\">Fax-Buchungsformular Grundkurs<\/a><\/li>\n<li style=\"display: none;\"><a href=\"https:\/\/baumkletterschule.de\/cms\/wp-content\/uploads\/2019\/11\/OS-J-S.pdf\">Fax-Buchungsformular Jungbaum \/ Sommer<\/a><\/li>\n<\/ul>\n<div id=\"envira-gallery-wrap-555\" class=\"envira-gallery-wrap envira-gallery-theme-base envira-lightbox-theme-base\" itemscope itemtype=\"https:\/\/schema.org\/ImageGallery\"><div data-row-height=\"150\" data-gallery-theme=\"normal\" id=\"envira-gallery-555\" class=\"envira-gallery-public envira-gallery-justified-public envira-gallery-0-columns envira-clear enviratope envira-gallery-css-animations\" data-envira-columns=\"0\"><div id=\"envira-gallery-item-554\" class=\"envira-gallery-item enviratope-item envira-gallery-item-1\" style=\"padding-left: 5px; padding-bottom: 10px; padding-right: 5px;\"  itemscope itemtype=\"https:\/\/schema.org\/ImageObject\"><div class=\"envira-gallery-item-inner\"><div class=\"envira-gallery-position-overlay  envira-gallery-top-left\"><\/div><div class=\"envira-gallery-position-overlay  envira-gallery-top-right\"><\/div><div class=\"envira-gallery-position-overlay  envira-gallery-bottom-left\"><\/div><div class=\"envira-gallery-position-overlay  envira-gallery-bottom-right\"><\/div><a href=\"https:\/\/baumkletterschule.de\/cms\/wp-content\/uploads\/2016\/11\/S_68-Obstbaumschnitt-Winter-1.jpg\" class=\"envira-gallery-555 envira-gallery-link\" rel=\"enviragallery555\" title=\"Obstbaumschnitt\" data-envira-caption=\"Obstbaumschnitt\" data-envira-retina=\"\" data-thumbnail=\"\"  itemprop=\"contentUrl\"><img decoding=\"async\" id=\"envira-gallery-image-554\" class=\"envira-gallery-image envira-gallery-image-1 envira-normal \" data-envira-index=\"1\" src=\"https:\/\/baumkletterschule.de\/cms\/wp-content\/uploads\/2016\/11\/S_68-Obstbaumschnitt-Winter-1-640x480.jpg\" data-envira-src=\"https:\/\/baumkletterschule.de\/cms\/wp-content\/uploads\/2016\/11\/S_68-Obstbaumschnitt-Winter-1-640x480.jpg\" data-envira-gallery-id=\"555\" data-envira-item-id=\"554\" data-envira-caption=\"Obstbaumschnitt\" alt=\"Obstbaumschnitt\" title=\"Obstbaumschnitt\"  itemprop=\"thumbnailUrl\" data-envira-srcset=\"https:\/\/baumkletterschule.de\/cms\/wp-content\/uploads\/2016\/11\/S_68-Obstbaumschnitt-Winter-1-640x480.jpg 400w,https:\/\/baumkletterschule.de\/cms\/wp-content\/uploads\/2016\/11\/S_68-Obstbaumschnitt-Winter-1-640x480.jpg 2x\" data-envira-width=\"300\" data-envira-height=\"200\" srcset=\"https:\/\/baumkletterschule.de\/cms\/wp-content\/uploads\/2016\/11\/S_68-Obstbaumschnitt-Winter-1-1280x960.jpg 2x\" data-safe-src=\"https:\/\/baumkletterschule.de\/cms\/wp-content\/uploads\/2016\/11\/S_68-Obstbaumschnitt-Winter-1-640x480.jpg\" \/><\/a><\/div><\/div><div id=\"envira-gallery-item-553\" class=\"envira-gallery-item enviratope-item envira-gallery-item-2\" style=\"padding-left: 5px; padding-bottom: 10px; padding-right: 5px;\"  itemscope itemtype=\"https:\/\/schema.org\/ImageObject\"><div class=\"envira-gallery-item-inner\"><div class=\"envira-gallery-position-overlay  envira-gallery-top-left\"><\/div><div class=\"envira-gallery-position-overlay  envira-gallery-top-right\"><\/div><div class=\"envira-gallery-position-overlay  envira-gallery-bottom-left\"><\/div><div class=\"envira-gallery-position-overlay  envira-gallery-bottom-right\"><\/div><a href=\"https:\/\/baumkletterschule.de\/cms\/wp-content\/uploads\/2016\/11\/3.-Obstbaumpflegetag-Johannes-012.jpg\" class=\"envira-gallery-555 envira-gallery-link\" rel=\"enviragallery555\" title=\"Obstbaumschnitt\" data-envira-caption=\"Obstbaumschnitt\" data-envira-retina=\"\" data-thumbnail=\"\"  itemprop=\"contentUrl\"><img decoding=\"async\" id=\"envira-gallery-image-553\" class=\"envira-gallery-image envira-gallery-image-2 envira-normal \" data-envira-index=\"2\" src=\"https:\/\/baumkletterschule.de\/cms\/wp-content\/uploads\/2016\/11\/3.-Obstbaumpflegetag-Johannes-012-1024x768-640x480.jpg\" data-envira-src=\"https:\/\/baumkletterschule.de\/cms\/wp-content\/uploads\/2016\/11\/3.-Obstbaumpflegetag-Johannes-012-1024x768-640x480.jpg\" data-envira-gallery-id=\"555\" data-envira-item-id=\"553\" data-envira-caption=\"Obstbaumschnitt\" alt=\"Obstbaumschnitt\" title=\"Obstbaumschnitt\"  itemprop=\"thumbnailUrl\" data-envira-srcset=\"https:\/\/baumkletterschule.de\/cms\/wp-content\/uploads\/2016\/11\/3.-Obstbaumpflegetag-Johannes-012-1024x768-640x480.jpg 400w,https:\/\/baumkletterschule.de\/cms\/wp-content\/uploads\/2016\/11\/3.-Obstbaumpflegetag-Johannes-012-1024x768-640x480.jpg 2x\" data-envira-width=\"300\" data-envira-height=\"225\" srcset=\"https:\/\/baumkletterschule.de\/cms\/wp-content\/uploads\/2016\/11\/3.-Obstbaumpflegetag-Johannes-012-1280x960.jpg 2x\" data-safe-src=\"https:\/\/baumkletterschule.de\/cms\/wp-content\/uploads\/2016\/11\/3.-Obstbaumpflegetag-Johannes-012-1024x768-640x480.jpg\" \/><\/a><\/div><\/div><div id=\"envira-gallery-item-551\" class=\"envira-gallery-item enviratope-item envira-gallery-item-3\" style=\"padding-left: 5px; padding-bottom: 10px; padding-right: 5px;\"  itemscope itemtype=\"https:\/\/schema.org\/ImageObject\"><div class=\"envira-gallery-item-inner\"><div class=\"envira-gallery-position-overlay  envira-gallery-top-left\"><\/div><div class=\"envira-gallery-position-overlay  envira-gallery-top-right\"><\/div><div class=\"envira-gallery-position-overlay  envira-gallery-bottom-left\"><\/div><div class=\"envira-gallery-position-overlay  envira-gallery-bottom-right\"><\/div><a href=\"https:\/\/baumkletterschule.de\/cms\/wp-content\/uploads\/2016\/11\/P2170180.jpg\" class=\"envira-gallery-555 envira-gallery-link\" rel=\"enviragallery555\" title=\"Obstbaumschnitt\" data-envira-caption=\"Obstbaumschnitt\" data-envira-retina=\"\" data-thumbnail=\"\"  itemprop=\"contentUrl\"><img decoding=\"async\" id=\"envira-gallery-image-551\" class=\"envira-gallery-image envira-gallery-image-3 envira-normal \" data-envira-index=\"3\" src=\"https:\/\/baumkletterschule.de\/cms\/wp-content\/uploads\/2016\/11\/P2170180.jpg\" data-envira-src=\"https:\/\/baumkletterschule.de\/cms\/wp-content\/uploads\/2016\/11\/P2170180.jpg\" data-envira-gallery-id=\"555\" data-envira-item-id=\"551\" data-envira-caption=\"Obstbaumschnitt\" alt=\"Obstbaumschnitt\" title=\"Obstbaumschnitt\"  itemprop=\"thumbnailUrl\" data-envira-srcset=\"https:\/\/baumkletterschule.de\/cms\/wp-content\/uploads\/2016\/11\/P2170180.jpg 400w,https:\/\/baumkletterschule.de\/cms\/wp-content\/uploads\/2016\/11\/P2170180.jpg 2x\" data-envira-width=\"300\" data-envira-height=\"225\" srcset=\"https:\/\/baumkletterschule.de\/cms\/wp-content\/uploads\/2016\/11\/P2170180-1280x960.jpg 2x\" data-safe-src=\"https:\/\/baumkletterschule.de\/cms\/wp-content\/uploads\/2016\/11\/P2170180.jpg\" \/><\/a><\/div><\/div><div id=\"envira-gallery-item-552\" class=\"envira-gallery-item enviratope-item envira-gallery-item-4\" style=\"padding-left: 5px; padding-bottom: 10px; padding-right: 5px;\"  itemscope itemtype=\"https:\/\/schema.org\/ImageObject\"><div class=\"envira-gallery-item-inner\"><div class=\"envira-gallery-position-overlay  envira-gallery-top-left\"><\/div><div class=\"envira-gallery-position-overlay  envira-gallery-top-right\"><\/div><div class=\"envira-gallery-position-overlay  envira-gallery-bottom-left\"><\/div><div class=\"envira-gallery-position-overlay  envira-gallery-bottom-right\"><\/div><a href=\"https:\/\/baumkletterschule.de\/cms\/wp-content\/uploads\/2016\/11\/3.-Obstbaumpflegetag-Johannes-015.jpg\" class=\"envira-gallery-555 envira-gallery-link\" rel=\"enviragallery555\" title=\"Obstbaumschnitt\" data-envira-caption=\"Obstbaumschnitt\" data-envira-retina=\"\" data-thumbnail=\"\"  itemprop=\"contentUrl\"><img decoding=\"async\" id=\"envira-gallery-image-552\" class=\"envira-gallery-image envira-gallery-image-4 envira-normal \" data-envira-index=\"4\" src=\"https:\/\/baumkletterschule.de\/cms\/wp-content\/uploads\/2016\/11\/3.-Obstbaumpflegetag-Johannes-015-1024x768-640x480.jpg\" data-envira-src=\"https:\/\/baumkletterschule.de\/cms\/wp-content\/uploads\/2016\/11\/3.-Obstbaumpflegetag-Johannes-015-1024x768-640x480.jpg\" data-envira-gallery-id=\"555\" data-envira-item-id=\"552\" data-envira-caption=\"Obstbaumschnitt\" alt=\"Obstbaumschnitt\" title=\"Obstbaumschnitt\"  itemprop=\"thumbnailUrl\" data-envira-srcset=\"https:\/\/baumkletterschule.de\/cms\/wp-content\/uploads\/2016\/11\/3.-Obstbaumpflegetag-Johannes-015-1024x768-640x480.jpg 400w,https:\/\/baumkletterschule.de\/cms\/wp-content\/uploads\/2016\/11\/3.-Obstbaumpflegetag-Johannes-015-1024x768-640x480.jpg 2x\" data-envira-width=\"300\" data-envira-height=\"225\" srcset=\"https:\/\/baumkletterschule.de\/cms\/wp-content\/uploads\/2016\/11\/3.-Obstbaumpflegetag-Johannes-015-1280x960.jpg 2x\" data-safe-src=\"https:\/\/baumkletterschule.de\/cms\/wp-content\/uploads\/2016\/11\/3.-Obstbaumpflegetag-Johannes-015-1024x768-640x480.jpg\" \/><\/a><\/div><\/div><div id=\"envira-gallery-item-550\" class=\"envira-gallery-item enviratope-item envira-gallery-item-5\" style=\"padding-left: 5px; padding-bottom: 10px; padding-right: 5px;\"  itemscope itemtype=\"https:\/\/schema.org\/ImageObject\"><div class=\"envira-gallery-item-inner\"><div class=\"envira-gallery-position-overlay  envira-gallery-top-left\"><\/div><div class=\"envira-gallery-position-overlay  envira-gallery-top-right\"><\/div><div class=\"envira-gallery-position-overlay  envira-gallery-bottom-left\"><\/div><div class=\"envira-gallery-position-overlay  envira-gallery-bottom-right\"><\/div><a href=\"https:\/\/baumkletterschule.de\/cms\/wp-content\/uploads\/2016\/11\/IMG_3956.jpg\" class=\"envira-gallery-555 envira-gallery-link\" rel=\"enviragallery555\" title=\"Obstbaumschnitt\" data-envira-caption=\"Obstbaumschnitt\" data-envira-retina=\"\" data-thumbnail=\"\"  itemprop=\"contentUrl\"><img decoding=\"async\" id=\"envira-gallery-image-550\" class=\"envira-gallery-image envira-gallery-image-5 envira-normal \" data-envira-index=\"5\" src=\"https:\/\/baumkletterschule.de\/cms\/wp-content\/uploads\/2016\/11\/IMG_3956-1024x683-640x480.jpg\" data-envira-src=\"https:\/\/baumkletterschule.de\/cms\/wp-content\/uploads\/2016\/11\/IMG_3956-1024x683-640x480.jpg\" data-envira-gallery-id=\"555\" data-envira-item-id=\"550\" data-envira-caption=\"Obstbaumschnitt\" alt=\"Obstbaumschnitt\" title=\"Obstbaumschnitt\"  itemprop=\"thumbnailUrl\" data-envira-srcset=\"https:\/\/baumkletterschule.de\/cms\/wp-content\/uploads\/2016\/11\/IMG_3956-1024x683-640x480.jpg 400w,https:\/\/baumkletterschule.de\/cms\/wp-content\/uploads\/2016\/11\/IMG_3956-1024x683-640x480.jpg 2x\" data-envira-width=\"300\" data-envira-height=\"200\" srcset=\"https:\/\/baumkletterschule.de\/cms\/wp-content\/uploads\/2016\/11\/IMG_3956-1280x960.jpg 2x\" data-safe-src=\"https:\/\/baumkletterschule.de\/cms\/wp-content\/uploads\/2016\/11\/IMG_3956-1024x683-640x480.jpg\" \/><\/a><\/div><\/div><\/div><\/div><noscript><img decoding=\"async\" src=\"https:\/\/baumkletterschule.de\/cms\/wp-content\/uploads\/2016\/11\/S_68-Obstbaumschnitt-Winter-1.jpg\" alt=\"Obstbaumschnitt\" \/><img decoding=\"async\" src=\"https:\/\/baumkletterschule.de\/cms\/wp-content\/uploads\/2016\/11\/3.-Obstbaumpflegetag-Johannes-012.jpg\" alt=\"Obstbaumschnitt\" \/><img decoding=\"async\" src=\"https:\/\/baumkletterschule.de\/cms\/wp-content\/uploads\/2016\/11\/P2170180.jpg\" alt=\"Obstbaumschnitt\" \/><img decoding=\"async\" src=\"https:\/\/baumkletterschule.de\/cms\/wp-content\/uploads\/2016\/11\/3.-Obstbaumpflegetag-Johannes-015.jpg\" alt=\"Obstbaumschnitt\" \/><img decoding=\"async\" src=\"https:\/\/baumkletterschule.de\/cms\/wp-content\/uploads\/2016\/11\/IMG_3956.jpg\" alt=\"Obstbaumschnitt\" \/><\/noscript>\n","protected":false},"excerpt":{"rendered":"<p>&#8211; Grundkurs &#8211; Effektiv und baumgerecht Obstb\u00e4ume schneiden ist eine Herausforderung. In vielen Schnittkursen werden oft auch von Profis Techniken, Rezepte und Strategien vermittelt, die auf gewerbliche Intensiv-Obstanlagen ausgerichtet sind. &#8230;<\/p>\n","protected":false},"author":6,"featured_media":0,"parent":15,"menu_order":0,"comment_status":"closed","ping_status":"closed","template":"template-full-width.php","meta":{"footnotes":""},"categories":[],"tags":[],"class_list":["post-545","page","type-page","status-publish","hentry"],"aioseo_notices":[],"_links":{"self":[{"href":"https:\/\/baumkletterschule.de\/cms\/wp-json\/wp\/v2\/pages\/545","targetHints":{"allow":["GET"]}}],"collection":[{"href":"https:\/\/baumkletterschule.de\/cms\/wp-json\/wp\/v2\/pages"}],"about":[{"href":"https:\/\/baumkletterschule.de\/cms\/wp-json\/wp\/v2\/types\/page"}],"author":[{"embeddable":true,"href":"https:\/\/baumkletterschule.de\/cms\/wp-json\/wp\/v2\/users\/6"}],"replies":[{"embeddable":true,"href":"https:\/\/baumkletterschule.de\/cms\/wp-json\/wp\/v2\/comments?post=545"}],"version-history":[{"count":79,"href":"https:\/\/baumkletterschule.de\/cms\/wp-json\/wp\/v2\/pages\/545\/revisions"}],"predecessor-version":[{"id":10424,"href":"https:\/\/baumkletterschule.de\/cms\/wp-json\/wp\/v2\/pages\/545\/revisions\/10424"}],"up":[{"embeddable":true,"href":"https:\/\/baumkletterschule.de\/cms\/wp-json\/wp\/v2\/pages\/15"}],"wp:attachment":[{"href":"https:\/\/baumkletterschule.de\/cms\/wp-json\/wp\/v2\/media?parent=545"}],"wp:term":[{"taxonomy":"category","embeddable":true,"href":"https:\/\/baumkletterschule.de\/cms\/wp-json\/wp\/v2\/categories?post=545"},{"taxonomy":"post_tag","embeddable":true,"href":"https:\/\/baumkletterschule.de\/cms\/wp-json\/wp\/v2\/tags?post=545"}],"curies":[{"name":"wp","href":"https:\/\/api.w.org\/{rel}","templated":true}]}}