{"id":534,"date":"2016-11-28T17:57:21","date_gmt":"2016-11-28T15:57:21","guid":{"rendered":"https:\/\/baumkletterschule.de\/cms\/?page_id=534"},"modified":"2023-06-12T13:40:41","modified_gmt":"2023-06-12T11:40:41","slug":"fll-aufbaumodul-3-baumschutz-krankheiten","status":"publish","type":"page","link":"https:\/\/baumkletterschule.de\/cms\/kursinfo\/baumpflege\/fll-aufbaumodul-3-baumschutz-krankheiten\/","title":{"rendered":"FLL-Aufbaumodul 3 Baumschutz &#038; Krankheiten"},"content":{"rendered":"<p>Neben der Beurteilung der Verkehrssicherheit von B\u00e4umen sind auch die fachliche Beratung bei der Planung von schadensvermeidenden oder -minimierenden Ma\u00dfnahmen z. B. f\u00fcr B\u00e4ume auf Baustellen und die Schadensdiagnose wichtige Aufgaben f\u00fcr einen Baumsachverst\u00e4ndigen. In diesem Kurs vertiefen Sie Ihre Kenntnisse zu den Grundlagen und den Regeln der Technik f\u00fcr einen wirksamen Baumschutz und festigen Ihre F\u00e4higkeiten zur Schadensdiagnostik. Einen weiteren Schwerpunkt bilden einfache Bestimmungs\u00fcbungen nach makroskopischen Merkmalen von Fruchtk\u00f6rpern holzzerst\u00f6render Pilze.<\/p>\n<ul>\n<li>Baum- und Bodenschutz auf Baustellen (Grundlagen, Regelwerke, Praxisbeispiele)<\/li>\n<li>Krankheiten und Sch\u00e4den bei Stadtb\u00e4umen<\/li>\n<li>Pilze bei der Baumkontrolle &#8211; Bestimmungs\u00fcbungen, Pilz-Wirt-Verh\u00e4ltnis, Vorkommen<\/li>\n<\/ul>\n<p style=\"text-align: center;\"><a class=\"Termine_und_Buchung\" href=\"https:\/\/buchung.baumkletterschule.de\/?rq_AppGuid=5E5C0C601B319D20997007E3327904420CC3B98C&amp;rq_TargetPageGuid=571D5772177FC7D5D3DE78309A57E877C24AE10C&amp;rq_kurstyp=3337&amp;rq_Layout=MBKS_Website\">Termine und Buchung<\/a><\/p>\n<div class=\"links\">\n<h2>Voraussetzungen<\/h2>\n<ul>\n<li>Kentnisse in der Baumbeurteilung (z.B. Baumkontrolleur, ETW)<\/li>\n<\/ul>\n<\/div>\n<div class=\"links\">\n<h2>Kosten:<\/h2>\n<p>Kursgeb\u00fchr \u00a0 \u00a0 \u00a0 \u00a0\u00a0 230,-\u20ac zzgl. MwSt.<\/p>\n<\/div>\n<h2>Weitere Informationen<\/h2>\n<ul class=\"zweispaltig\">\n<li><a href=\"https:\/\/baumkletterschule.de\/cms\/wp-content\/uploads\/2016\/12\/Allgemeine-Kursinformationen.pdf\">Allgemeine Kursinformationen<\/a><\/li>\n<li><a href=\"https:\/\/baumkletterschule.de\/cms\/wp-content\/uploads\/2016\/12\/Dokument-B-Kursprogramm_AM-III.pdf\">Kursprogramm<\/a><\/li>\n<li><a href=\"https:\/\/baumkletterschule.de\/cms\/wp-content\/uploads\/2018\/03\/F\u00f6rderm\u00f6glichkeiten.pdf\">F\u00f6rderm\u00f6glichkeiten<\/a><\/li>\n<li><a href=\"https:\/\/baumkletterschule.de\/cms\/wp-content\/uploads\/2017\/12\/Faltblatt2018-19.pdf\">Kurs-Faltblatt<\/a><\/li>\n<li><a href=\"https:\/\/baumkletterschule.de\/cms\/wp-content\/uploads\/2016\/12\/Dokument-C_5Kursr%C3%BCcktrittsversicherung.pdf\">Kursr\u00fccktrittsversicherung<\/a><\/li>\n<li style=\"display: none;\"><a href=\"https:\/\/baumkletterschule.de\/cms\/wp-content\/uploads\/2018\/07\/AM-I-IV.pdf\">Fax-Buchungsformular<\/a><\/li>\n<\/ul>\n<div id=\"envira-gallery-wrap-537\" class=\"envira-gallery-wrap envira-gallery-theme-base envira-lightbox-theme-base\" itemscope itemtype=\"https:\/\/schema.org\/ImageGallery\"><div data-row-height=\"150\" data-gallery-theme=\"normal\" id=\"envira-gallery-537\" class=\"envira-gallery-public envira-gallery-justified-public envira-gallery-0-columns envira-clear enviratope envira-gallery-css-animations\" data-envira-columns=\"0\"><div id=\"envira-gallery-item-302\" class=\"envira-gallery-item enviratope-item envira-gallery-item-1\" style=\"padding-left: 5px; padding-bottom: 10px; padding-right: 5px;\"  itemscope itemtype=\"https:\/\/schema.org\/ImageObject\"><div class=\"envira-gallery-item-inner\"><div class=\"envira-gallery-position-overlay  envira-gallery-top-left\"><\/div><div class=\"envira-gallery-position-overlay  envira-gallery-top-right\"><\/div><div class=\"envira-gallery-position-overlay  envira-gallery-bottom-left\"><\/div><div class=\"envira-gallery-position-overlay  envira-gallery-bottom-right\"><\/div><a href=\"https:\/\/baumkletterschule.de\/cms\/wp-content\/uploads\/2016\/11\/P1040383.jpg\" class=\"envira-gallery-537 envira-gallery-link\" rel=\"enviragallery537\" title=\"FLL-Aufbaumodul 3 Baumschutz &amp;amp; Krankheiten\" data-envira-caption=\"FLL-Aufbaumodul 3 Baumschutz &amp;amp; Krankheiten\" data-envira-retina=\"\" data-thumbnail=\"\"  itemprop=\"contentUrl\"><img decoding=\"async\" id=\"envira-gallery-image-302\" class=\"envira-gallery-image envira-gallery-image-1 envira-normal \" data-envira-index=\"1\" src=\"https:\/\/baumkletterschule.de\/cms\/wp-content\/uploads\/2016\/11\/P1040383-1024x768-640x480.jpg\" data-envira-src=\"https:\/\/baumkletterschule.de\/cms\/wp-content\/uploads\/2016\/11\/P1040383-1024x768-640x480.jpg\" data-envira-gallery-id=\"537\" data-envira-item-id=\"302\" data-envira-caption=\"FLL-Aufbaumodul 3 Baumschutz &amp;amp; Krankheiten\" alt=\"FLL-Aufbaumodul 3 Baumschutz &amp; Krankheiten\" title=\"FLL-Aufbaumodul 3 Baumschutz &amp; Krankheiten\"  itemprop=\"thumbnailUrl\" data-envira-srcset=\"https:\/\/baumkletterschule.de\/cms\/wp-content\/uploads\/2016\/11\/P1040383-1024x768-640x480.jpg 400w,https:\/\/baumkletterschule.de\/cms\/wp-content\/uploads\/2016\/11\/P1040383-1024x768-640x480.jpg 2x\" data-envira-width=\"300\" data-envira-height=\"225\" srcset=\"https:\/\/baumkletterschule.de\/cms\/wp-content\/uploads\/2016\/11\/P1040383-1280x960.jpg 2x\" data-safe-src=\"https:\/\/baumkletterschule.de\/cms\/wp-content\/uploads\/2016\/11\/P1040383-1024x768-640x480.jpg\" \/><\/a><\/div><\/div><div id=\"envira-gallery-item-291\" class=\"envira-gallery-item enviratope-item envira-gallery-item-2\" style=\"padding-left: 5px; padding-bottom: 10px; padding-right: 5px;\"  itemscope itemtype=\"https:\/\/schema.org\/ImageObject\"><div class=\"envira-gallery-item-inner\"><div class=\"envira-gallery-position-overlay  envira-gallery-top-left\"><\/div><div class=\"envira-gallery-position-overlay  envira-gallery-top-right\"><\/div><div class=\"envira-gallery-position-overlay  envira-gallery-bottom-left\"><\/div><div class=\"envira-gallery-position-overlay  envira-gallery-bottom-right\"><\/div><a href=\"https:\/\/baumkletterschule.de\/cms\/wp-content\/uploads\/2016\/11\/Baumkontrolleur_3.jpg\" class=\"envira-gallery-537 envira-gallery-link\" rel=\"enviragallery537\" title=\"FLL-Aufbaumodul 3 Baumschutz &amp;amp; Krankheiten\" data-envira-caption=\"FLL-Aufbaumodul 3 Baumschutz &amp;amp; Krankheiten\" data-envira-retina=\"\" data-thumbnail=\"\"  itemprop=\"contentUrl\"><img decoding=\"async\" id=\"envira-gallery-image-291\" class=\"envira-gallery-image envira-gallery-image-2 envira-normal \" data-envira-index=\"2\" src=\"https:\/\/baumkletterschule.de\/cms\/wp-content\/uploads\/2016\/11\/Baumkontrolleur_3-723x1024-640x480.jpg\" data-envira-src=\"https:\/\/baumkletterschule.de\/cms\/wp-content\/uploads\/2016\/11\/Baumkontrolleur_3-723x1024-640x480.jpg\" data-envira-gallery-id=\"537\" data-envira-item-id=\"291\" data-envira-caption=\"FLL-Aufbaumodul 3 Baumschutz &amp;amp; Krankheiten\" alt=\"FLL-Aufbaumodul 3 Baumschutz &amp; Krankheiten\" title=\"FLL-Aufbaumodul 3 Baumschutz &amp; Krankheiten\"  itemprop=\"thumbnailUrl\" data-envira-srcset=\"https:\/\/baumkletterschule.de\/cms\/wp-content\/uploads\/2016\/11\/Baumkontrolleur_3-723x1024-640x480.jpg 400w,https:\/\/baumkletterschule.de\/cms\/wp-content\/uploads\/2016\/11\/Baumkontrolleur_3-723x1024-640x480.jpg 2x\" data-envira-width=\"212\" data-envira-height=\"300\" srcset=\"https:\/\/baumkletterschule.de\/cms\/wp-content\/uploads\/2016\/11\/Baumkontrolleur_3-1280x960.jpg 2x\" data-safe-src=\"https:\/\/baumkletterschule.de\/cms\/wp-content\/uploads\/2016\/11\/Baumkontrolleur_3-723x1024-640x480.jpg\" \/><\/a><\/div><\/div><div id=\"envira-gallery-item-290\" class=\"envira-gallery-item enviratope-item envira-gallery-item-3\" style=\"padding-left: 5px; padding-bottom: 10px; padding-right: 5px;\"  itemscope itemtype=\"https:\/\/schema.org\/ImageObject\"><div class=\"envira-gallery-item-inner\"><div class=\"envira-gallery-position-overlay  envira-gallery-top-left\"><\/div><div class=\"envira-gallery-position-overlay  envira-gallery-top-right\"><\/div><div class=\"envira-gallery-position-overlay  envira-gallery-bottom-left\"><\/div><div class=\"envira-gallery-position-overlay  envira-gallery-bottom-right\"><\/div><a href=\"https:\/\/baumkletterschule.de\/cms\/wp-content\/uploads\/2016\/11\/Baumkontrolleur_2.jpg\" class=\"envira-gallery-537 envira-gallery-link\" rel=\"enviragallery537\" title=\"FLL-Aufbaumodul 3 Baumschutz &amp;amp; Krankheiten\" data-envira-caption=\"FLL-Aufbaumodul 3 Baumschutz &amp;amp; Krankheiten\" data-envira-retina=\"\" data-thumbnail=\"\"  itemprop=\"contentUrl\"><img decoding=\"async\" id=\"envira-gallery-image-290\" class=\"envira-gallery-image envira-gallery-image-3 envira-normal \" data-envira-index=\"3\" src=\"https:\/\/baumkletterschule.de\/cms\/wp-content\/uploads\/2016\/11\/Baumkontrolleur_2-1024x685-640x480.jpg\" data-envira-src=\"https:\/\/baumkletterschule.de\/cms\/wp-content\/uploads\/2016\/11\/Baumkontrolleur_2-1024x685-640x480.jpg\" data-envira-gallery-id=\"537\" data-envira-item-id=\"290\" data-envira-caption=\"FLL-Aufbaumodul 3 Baumschutz &amp;amp; Krankheiten\" alt=\"FLL-Aufbaumodul 3 Baumschutz &amp; Krankheiten\" title=\"FLL-Aufbaumodul 3 Baumschutz &amp; Krankheiten\"  itemprop=\"thumbnailUrl\" data-envira-srcset=\"https:\/\/baumkletterschule.de\/cms\/wp-content\/uploads\/2016\/11\/Baumkontrolleur_2-1024x685-640x480.jpg 400w,https:\/\/baumkletterschule.de\/cms\/wp-content\/uploads\/2016\/11\/Baumkontrolleur_2-1024x685-640x480.jpg 2x\" data-envira-width=\"300\" data-envira-height=\"201\" srcset=\"https:\/\/baumkletterschule.de\/cms\/wp-content\/uploads\/2016\/11\/Baumkontrolleur_2-1280x960.jpg 2x\" data-safe-src=\"https:\/\/baumkletterschule.de\/cms\/wp-content\/uploads\/2016\/11\/Baumkontrolleur_2-1024x685-640x480.jpg\" \/><\/a><\/div><\/div><div id=\"envira-gallery-item-137\" class=\"envira-gallery-item enviratope-item envira-gallery-item-4\" style=\"padding-left: 5px; padding-bottom: 10px; padding-right: 5px;\"  itemscope itemtype=\"https:\/\/schema.org\/ImageObject\"><div class=\"envira-gallery-item-inner\"><div class=\"envira-gallery-position-overlay  envira-gallery-top-left\"><\/div><div class=\"envira-gallery-position-overlay  envira-gallery-top-right\"><\/div><div class=\"envira-gallery-position-overlay  envira-gallery-bottom-left\"><\/div><div class=\"envira-gallery-position-overlay  envira-gallery-bottom-right\"><\/div><a href=\"https:\/\/baumkletterschule.de\/cms\/wp-content\/uploads\/2016\/11\/BKO_S-18.jpg\" class=\"envira-gallery-537 envira-gallery-link\" rel=\"enviragallery537\" title=\"FLL-Aufbaumodul 3 Baumschutz &amp;amp; Krankheiten\" data-envira-caption=\"FLL-Aufbaumodul 3 Baumschutz &amp;amp; Krankheiten\" data-envira-retina=\"\" data-thumbnail=\"\"  itemprop=\"contentUrl\"><img decoding=\"async\" id=\"envira-gallery-image-137\" class=\"envira-gallery-image envira-gallery-image-4 envira-normal \" data-envira-index=\"4\" src=\"https:\/\/baumkletterschule.de\/cms\/wp-content\/uploads\/2016\/11\/BKO_S-18-1024x768-640x480.jpg\" data-envira-src=\"https:\/\/baumkletterschule.de\/cms\/wp-content\/uploads\/2016\/11\/BKO_S-18-1024x768-640x480.jpg\" data-envira-gallery-id=\"537\" data-envira-item-id=\"137\" data-envira-caption=\"FLL-Aufbaumodul 3 Baumschutz &amp;amp; Krankheiten\" alt=\"FLL-Aufbaumodul 3 Baumschutz &amp; Krankheiten\" title=\"FLL-Aufbaumodul 3 Baumschutz &amp; Krankheiten\"  itemprop=\"thumbnailUrl\" data-envira-srcset=\"https:\/\/baumkletterschule.de\/cms\/wp-content\/uploads\/2016\/11\/BKO_S-18-1024x768-640x480.jpg 400w,https:\/\/baumkletterschule.de\/cms\/wp-content\/uploads\/2016\/11\/BKO_S-18-1024x768-640x480.jpg 2x\" data-envira-width=\"300\" data-envira-height=\"225\" srcset=\"https:\/\/baumkletterschule.de\/cms\/wp-content\/uploads\/2016\/11\/BKO_S-18-1280x960.jpg 2x\" data-safe-src=\"https:\/\/baumkletterschule.de\/cms\/wp-content\/uploads\/2016\/11\/BKO_S-18-1024x768-640x480.jpg\" \/><\/a><\/div><\/div><div id=\"envira-gallery-item-136\" class=\"envira-gallery-item enviratope-item envira-gallery-item-5\" style=\"padding-left: 5px; padding-bottom: 10px; padding-right: 5px;\"  itemscope itemtype=\"https:\/\/schema.org\/ImageObject\"><div class=\"envira-gallery-item-inner\"><div class=\"envira-gallery-position-overlay  envira-gallery-top-left\"><\/div><div class=\"envira-gallery-position-overlay  envira-gallery-top-right\"><\/div><div class=\"envira-gallery-position-overlay  envira-gallery-bottom-left\"><\/div><div class=\"envira-gallery-position-overlay  envira-gallery-bottom-right\"><\/div><a href=\"https:\/\/baumkletterschule.de\/cms\/wp-content\/uploads\/2016\/11\/BKO5.jpg\" class=\"envira-gallery-537 envira-gallery-link\" rel=\"enviragallery537\" title=\"FLL-Aufbaumodul 3 Baumschutz &amp;amp; Krankheiten\" data-envira-caption=\"FLL-Aufbaumodul 3 Baumschutz &amp;amp; Krankheiten\" data-envira-retina=\"\" data-thumbnail=\"\"  itemprop=\"contentUrl\"><img decoding=\"async\" id=\"envira-gallery-image-136\" class=\"envira-gallery-image envira-gallery-image-5 envira-normal \" data-envira-index=\"5\" src=\"https:\/\/baumkletterschule.de\/cms\/wp-content\/uploads\/2016\/11\/BKO5-1024x768-640x480.jpg\" data-envira-src=\"https:\/\/baumkletterschule.de\/cms\/wp-content\/uploads\/2016\/11\/BKO5-1024x768-640x480.jpg\" data-envira-gallery-id=\"537\" data-envira-item-id=\"136\" data-envira-caption=\"FLL-Aufbaumodul 3 Baumschutz &amp;amp; Krankheiten\" alt=\"FLL-Aufbaumodul 3 Baumschutz &amp; Krankheiten\" title=\"FLL-Aufbaumodul 3 Baumschutz &amp; Krankheiten\"  itemprop=\"thumbnailUrl\" data-envira-srcset=\"https:\/\/baumkletterschule.de\/cms\/wp-content\/uploads\/2016\/11\/BKO5-1024x768-640x480.jpg 400w,https:\/\/baumkletterschule.de\/cms\/wp-content\/uploads\/2016\/11\/BKO5-1024x768-640x480.jpg 2x\" data-envira-width=\"300\" data-envira-height=\"225\" srcset=\"https:\/\/baumkletterschule.de\/cms\/wp-content\/uploads\/2016\/11\/BKO5-1280x960.jpg 2x\" data-safe-src=\"https:\/\/baumkletterschule.de\/cms\/wp-content\/uploads\/2016\/11\/BKO5-1024x768-640x480.jpg\" \/><\/a><\/div><\/div><\/div><\/div><noscript><img decoding=\"async\" src=\"https:\/\/baumkletterschule.de\/cms\/wp-content\/uploads\/2016\/11\/P1040383.jpg\" alt=\"FLL-Aufbaumodul 3 Baumschutz &amp; Krankheiten\" \/><img decoding=\"async\" src=\"https:\/\/baumkletterschule.de\/cms\/wp-content\/uploads\/2016\/11\/Baumkontrolleur_3.jpg\" alt=\"FLL-Aufbaumodul 3 Baumschutz &amp; Krankheiten\" \/><img decoding=\"async\" src=\"https:\/\/baumkletterschule.de\/cms\/wp-content\/uploads\/2016\/11\/Baumkontrolleur_2.jpg\" alt=\"FLL-Aufbaumodul 3 Baumschutz &amp; Krankheiten\" \/><img decoding=\"async\" src=\"https:\/\/baumkletterschule.de\/cms\/wp-content\/uploads\/2016\/11\/BKO_S-18.jpg\" alt=\"FLL-Aufbaumodul 3 Baumschutz &amp; Krankheiten\" \/><img decoding=\"async\" src=\"https:\/\/baumkletterschule.de\/cms\/wp-content\/uploads\/2016\/11\/BKO5.jpg\" alt=\"FLL-Aufbaumodul 3 Baumschutz &amp; Krankheiten\" \/><\/noscript>\n","protected":false},"excerpt":{"rendered":"<p>Neben der Beurteilung der Verkehrssicherheit von B\u00e4umen sind auch die fachliche Beratung bei der Planung von schadensvermeidenden oder -minimierenden Ma\u00dfnahmen z. B. f\u00fcr B\u00e4ume auf Baustellen und die Schadensdiagnose wichtige &#8230;<\/p>\n","protected":false},"author":6,"featured_media":0,"parent":15,"menu_order":0,"comment_status":"closed","ping_status":"closed","template":"template-full-width.php","meta":{"footnotes":""},"categories":[],"tags":[],"class_list":["post-534","page","type-page","status-publish","hentry"],"aioseo_notices":[],"_links":{"self":[{"href":"https:\/\/baumkletterschule.de\/cms\/wp-json\/wp\/v2\/pages\/534","targetHints":{"allow":["GET"]}}],"collection":[{"href":"https:\/\/baumkletterschule.de\/cms\/wp-json\/wp\/v2\/pages"}],"about":[{"href":"https:\/\/baumkletterschule.de\/cms\/wp-json\/wp\/v2\/types\/page"}],"author":[{"embeddable":true,"href":"https:\/\/baumkletterschule.de\/cms\/wp-json\/wp\/v2\/users\/6"}],"replies":[{"embeddable":true,"href":"https:\/\/baumkletterschule.de\/cms\/wp-json\/wp\/v2\/comments?post=534"}],"version-history":[{"count":14,"href":"https:\/\/baumkletterschule.de\/cms\/wp-json\/wp\/v2\/pages\/534\/revisions"}],"predecessor-version":[{"id":7708,"href":"https:\/\/baumkletterschule.de\/cms\/wp-json\/wp\/v2\/pages\/534\/revisions\/7708"}],"up":[{"embeddable":true,"href":"https:\/\/baumkletterschule.de\/cms\/wp-json\/wp\/v2\/pages\/15"}],"wp:attachment":[{"href":"https:\/\/baumkletterschule.de\/cms\/wp-json\/wp\/v2\/media?parent=534"}],"wp:term":[{"taxonomy":"category","embeddable":true,"href":"https:\/\/baumkletterschule.de\/cms\/wp-json\/wp\/v2\/categories?post=534"},{"taxonomy":"post_tag","embeddable":true,"href":"https:\/\/baumkletterschule.de\/cms\/wp-json\/wp\/v2\/tags?post=534"}],"curies":[{"name":"wp","href":"https:\/\/api.w.org\/{rel}","templated":true}]}}