{"id":529,"date":"2016-11-28T17:40:12","date_gmt":"2016-11-28T15:40:12","guid":{"rendered":"https:\/\/baumkletterschule.de\/cms\/?page_id=529"},"modified":"2023-06-12T13:40:52","modified_gmt":"2023-06-12T11:40:52","slug":"fll-aufbaumodul-2-vertiefung-baumkontrolle","status":"publish","type":"page","link":"https:\/\/baumkletterschule.de\/cms\/kursinfo\/baumpflege\/fll-aufbaumodul-2-vertiefung-baumkontrolle\/","title":{"rendered":"FLL-Aufbaumodul 2 Vertiefung Baumkontrolle"},"content":{"rendered":"<p>Routinefehlern bei der Baumkontrolle kann durch den fachlichen Austausch mit Kollegen in Verbindung mit \u00dcbungen an problematischen B\u00e4umen vorgebeugt werden. Zuvor stellen wir Beispiele zur Verantwortlichkeit bzw. Haftung bei Schadensf\u00e4llen aus der aktuellen Rechtsprechung vor. Aufbauend auf das Modul 4 des Kurses \u201eFLL-Zertifizierter Baumkontrolleur&#8220; werden weitere wichtige gattungsspezifische Schadsymptome vorgestellt.<\/p>\n<ul>\n<li>Beispiele zur Verantwortlichkeit\/Haftung bei Schadensf\u00e4llen aus der aktuellen Rechtsprechung.<\/li>\n<li>Besonderheiten bei der Baumkontrolle an B\u00e4umen der Gattungen Ulmus, Fagus, Juglans, Prunus (als Erg\u00e4nzung zu den bereits im Modul 4 behandelten Gattungen)<\/li>\n<li>Intensiv-\u00dcbungen zu Schadsymptomen an kritischen B\u00e4umen<\/li>\n<\/ul>\n<p style=\"text-align: center;\"><strong>Anmeldung \u00fcber PDF-Formular s.u.<\/strong><\/p>\n<div class=\"links\">\n<h2>Voraussetzungen<\/h2>\n<ul>\n<li>Kentnisse in der Baumbeurteilung (z.B. Baumkontrolleur, ETW)<\/li>\n<\/ul>\n<\/div>\n<div class=\"links\">\n<h2>Kosten:<\/h2>\n<p>Kursgeb\u00fchr \u00a0 \u00a0 \u00a0 \u00a0\u00a0 230,-\u20ac zzgl. MwSt.<\/p>\n<\/div>\n<h2>Weitere Informationen<\/h2>\n<ul class=\"zweispaltig\">\n<li><a href=\"https:\/\/baumkletterschule.de\/cms\/wp-content\/uploads\/2016\/12\/Allgemeine-Kursinformationen.pdf\">Allgemeine Kursinformationen<\/a><\/li>\n<li><a href=\"https:\/\/baumkletterschule.de\/cms\/wp-content\/uploads\/2016\/12\/Dokument-B-Kursprogramm_AM-II.pdf\">Kursprogramm<\/a><\/li>\n<li><a href=\"https:\/\/baumkletterschule.de\/cms\/wp-content\/uploads\/2018\/03\/F\u00f6rderm\u00f6glichkeiten.pdf\">F\u00f6rderm\u00f6glichkeiten<\/a><\/li>\n<li><a href=\"https:\/\/baumkletterschule.de\/cms\/wp-content\/uploads\/2019\/09\/Faltblatt2019-20_web.pdf\">Kurs-Faltblatt<\/a><\/li>\n<li><a href=\"https:\/\/baumkletterschule.de\/cms\/wp-content\/uploads\/2016\/12\/Dokument-C_5Kursr%C3%BCcktrittsversicherung.pdf\">Kursr\u00fccktrittsversicherung<\/a><\/li>\n<li style=\"display: none;\"><a href=\"https:\/\/baumkletterschule.de\/cms\/wp-content\/uploads\/2019\/11\/AM-I-IV.pdf\">Fax-Buchungsformular<\/a><\/li>\n<\/ul>\n<div id=\"envira-gallery-wrap-531\" class=\"envira-gallery-wrap envira-gallery-theme-base envira-lightbox-theme-base\" itemscope itemtype=\"https:\/\/schema.org\/ImageGallery\"><div data-row-height=\"150\" data-gallery-theme=\"normal\" id=\"envira-gallery-531\" class=\"envira-gallery-public envira-gallery-justified-public envira-gallery-0-columns envira-clear enviratope envira-gallery-css-animations\" data-envira-columns=\"0\"><div id=\"envira-gallery-item-291\" class=\"envira-gallery-item enviratope-item envira-gallery-item-1\" style=\"padding-left: 5px; padding-bottom: 10px; padding-right: 5px;\"  itemscope itemtype=\"https:\/\/schema.org\/ImageObject\"><div class=\"envira-gallery-item-inner\"><div class=\"envira-gallery-position-overlay  envira-gallery-top-left\"><\/div><div class=\"envira-gallery-position-overlay  envira-gallery-top-right\"><\/div><div class=\"envira-gallery-position-overlay  envira-gallery-bottom-left\"><\/div><div class=\"envira-gallery-position-overlay  envira-gallery-bottom-right\"><\/div><a href=\"https:\/\/baumkletterschule.de\/cms\/wp-content\/uploads\/2016\/11\/Baumkontrolleur_3.jpg\" class=\"envira-gallery-531 envira-gallery-link\" rel=\"enviragallery531\" title=\"FLL-Aufbaumodul 2 Vertiefung Baumkontrolle\" data-envira-caption=\"FLL-Aufbaumodul 2 Vertiefung Baumkontrolle\" data-envira-retina=\"\" data-thumbnail=\"\"  itemprop=\"contentUrl\"><img decoding=\"async\" id=\"envira-gallery-image-291\" class=\"envira-gallery-image envira-gallery-image-1 envira-normal \" data-envira-index=\"1\" src=\"https:\/\/baumkletterschule.de\/cms\/wp-content\/uploads\/2016\/11\/Baumkontrolleur_3-723x1024-640x480.jpg\" data-envira-src=\"https:\/\/baumkletterschule.de\/cms\/wp-content\/uploads\/2016\/11\/Baumkontrolleur_3-723x1024-640x480.jpg\" data-envira-gallery-id=\"531\" data-envira-item-id=\"291\" data-envira-caption=\"FLL-Aufbaumodul 2 Vertiefung Baumkontrolle\" alt=\"FLL-Aufbaumodul 2 Vertiefung Baumkontrolle\" title=\"FLL-Aufbaumodul 2 Vertiefung Baumkontrolle\"  itemprop=\"thumbnailUrl\" data-envira-srcset=\"https:\/\/baumkletterschule.de\/cms\/wp-content\/uploads\/2016\/11\/Baumkontrolleur_3-723x1024-640x480.jpg 400w,https:\/\/baumkletterschule.de\/cms\/wp-content\/uploads\/2016\/11\/Baumkontrolleur_3-723x1024-640x480.jpg 2x\" data-envira-width=\"212\" data-envira-height=\"300\" srcset=\"https:\/\/baumkletterschule.de\/cms\/wp-content\/uploads\/2016\/11\/Baumkontrolleur_3-1280x960.jpg 2x\" data-safe-src=\"https:\/\/baumkletterschule.de\/cms\/wp-content\/uploads\/2016\/11\/Baumkontrolleur_3-723x1024-640x480.jpg\" \/><\/a><\/div><\/div><div id=\"envira-gallery-item-290\" class=\"envira-gallery-item enviratope-item envira-gallery-item-2\" style=\"padding-left: 5px; padding-bottom: 10px; padding-right: 5px;\"  itemscope itemtype=\"https:\/\/schema.org\/ImageObject\"><div class=\"envira-gallery-item-inner\"><div class=\"envira-gallery-position-overlay  envira-gallery-top-left\"><\/div><div class=\"envira-gallery-position-overlay  envira-gallery-top-right\"><\/div><div class=\"envira-gallery-position-overlay  envira-gallery-bottom-left\"><\/div><div class=\"envira-gallery-position-overlay  envira-gallery-bottom-right\"><\/div><a href=\"https:\/\/baumkletterschule.de\/cms\/wp-content\/uploads\/2016\/11\/Baumkontrolleur_2.jpg\" class=\"envira-gallery-531 envira-gallery-link\" rel=\"enviragallery531\" title=\"FLL-Aufbaumodul 2 Vertiefung Baumkontrolle\" data-envira-caption=\"FLL-Aufbaumodul 2 Vertiefung Baumkontrolle\" data-envira-retina=\"\" data-thumbnail=\"\"  itemprop=\"contentUrl\"><img decoding=\"async\" id=\"envira-gallery-image-290\" class=\"envira-gallery-image envira-gallery-image-2 envira-normal \" data-envira-index=\"2\" src=\"https:\/\/baumkletterschule.de\/cms\/wp-content\/uploads\/2016\/11\/Baumkontrolleur_2-1024x685-640x480.jpg\" data-envira-src=\"https:\/\/baumkletterschule.de\/cms\/wp-content\/uploads\/2016\/11\/Baumkontrolleur_2-1024x685-640x480.jpg\" data-envira-gallery-id=\"531\" data-envira-item-id=\"290\" data-envira-caption=\"FLL-Aufbaumodul 2 Vertiefung Baumkontrolle\" alt=\"FLL-Aufbaumodul 2 Vertiefung Baumkontrolle\" title=\"FLL-Aufbaumodul 2 Vertiefung Baumkontrolle\"  itemprop=\"thumbnailUrl\" data-envira-srcset=\"https:\/\/baumkletterschule.de\/cms\/wp-content\/uploads\/2016\/11\/Baumkontrolleur_2-1024x685-640x480.jpg 400w,https:\/\/baumkletterschule.de\/cms\/wp-content\/uploads\/2016\/11\/Baumkontrolleur_2-1024x685-640x480.jpg 2x\" data-envira-width=\"300\" data-envira-height=\"201\" srcset=\"https:\/\/baumkletterschule.de\/cms\/wp-content\/uploads\/2016\/11\/Baumkontrolleur_2-1280x960.jpg 2x\" data-safe-src=\"https:\/\/baumkletterschule.de\/cms\/wp-content\/uploads\/2016\/11\/Baumkontrolleur_2-1024x685-640x480.jpg\" \/><\/a><\/div><\/div><div id=\"envira-gallery-item-288\" class=\"envira-gallery-item enviratope-item envira-gallery-item-3\" style=\"padding-left: 5px; padding-bottom: 10px; padding-right: 5px;\"  itemscope itemtype=\"https:\/\/schema.org\/ImageObject\"><div class=\"envira-gallery-item-inner\"><div class=\"envira-gallery-position-overlay  envira-gallery-top-left\"><\/div><div class=\"envira-gallery-position-overlay  envira-gallery-top-right\"><\/div><div class=\"envira-gallery-position-overlay  envira-gallery-bottom-left\"><\/div><div class=\"envira-gallery-position-overlay  envira-gallery-bottom-right\"><\/div><a href=\"https:\/\/baumkletterschule.de\/cms\/wp-content\/uploads\/2016\/11\/Aufbaumodul_0.jpg\" class=\"envira-gallery-531 envira-gallery-link\" rel=\"enviragallery531\" title=\"FLL-Aufbaumodul 2 Vertiefung Baumkontrolle\" data-envira-caption=\"FLL-Aufbaumodul 2 Vertiefung Baumkontrolle\" data-envira-retina=\"\" data-thumbnail=\"\"  itemprop=\"contentUrl\"><img decoding=\"async\" id=\"envira-gallery-image-288\" class=\"envira-gallery-image envira-gallery-image-3 envira-normal \" data-envira-index=\"3\" src=\"https:\/\/baumkletterschule.de\/cms\/wp-content\/uploads\/2016\/11\/Aufbaumodul_0-1024x768-640x480.jpg\" data-envira-src=\"https:\/\/baumkletterschule.de\/cms\/wp-content\/uploads\/2016\/11\/Aufbaumodul_0-1024x768-640x480.jpg\" data-envira-gallery-id=\"531\" data-envira-item-id=\"288\" data-envira-caption=\"FLL-Aufbaumodul 2 Vertiefung Baumkontrolle\" alt=\"FLL-Aufbaumodul 2 Vertiefung Baumkontrolle\" title=\"FLL-Aufbaumodul 2 Vertiefung Baumkontrolle\"  itemprop=\"thumbnailUrl\" data-envira-srcset=\"https:\/\/baumkletterschule.de\/cms\/wp-content\/uploads\/2016\/11\/Aufbaumodul_0-1024x768-640x480.jpg 400w,https:\/\/baumkletterschule.de\/cms\/wp-content\/uploads\/2016\/11\/Aufbaumodul_0-1024x768-640x480.jpg 2x\" data-envira-width=\"300\" data-envira-height=\"225\" srcset=\"https:\/\/baumkletterschule.de\/cms\/wp-content\/uploads\/2016\/11\/Aufbaumodul_0-1280x960.jpg 2x\" data-safe-src=\"https:\/\/baumkletterschule.de\/cms\/wp-content\/uploads\/2016\/11\/Aufbaumodul_0-1024x768-640x480.jpg\" \/><\/a><\/div><\/div><div id=\"envira-gallery-item-512\" class=\"envira-gallery-item enviratope-item envira-gallery-item-4\" style=\"padding-left: 5px; padding-bottom: 10px; padding-right: 5px;\"  itemscope itemtype=\"https:\/\/schema.org\/ImageObject\"><div class=\"envira-gallery-item-inner\"><div class=\"envira-gallery-position-overlay  envira-gallery-top-left\"><\/div><div class=\"envira-gallery-position-overlay  envira-gallery-top-right\"><\/div><div class=\"envira-gallery-position-overlay  envira-gallery-bottom-left\"><\/div><div class=\"envira-gallery-position-overlay  envira-gallery-bottom-right\"><\/div><a href=\"https:\/\/baumkletterschule.de\/cms\/wp-content\/uploads\/2016\/11\/SV1_21.jpg\" class=\"envira-gallery-531 envira-gallery-link\" rel=\"enviragallery531\" title=\"FLL-Aufbaumodul 2 Vertiefung Baumkontrolle\" data-envira-caption=\"FLL-Aufbaumodul 2 Vertiefung Baumkontrolle\" data-envira-retina=\"\" data-thumbnail=\"\"  itemprop=\"contentUrl\"><img decoding=\"async\" id=\"envira-gallery-image-512\" class=\"envira-gallery-image envira-gallery-image-4 envira-normal \" data-envira-index=\"4\" src=\"https:\/\/baumkletterschule.de\/cms\/wp-content\/uploads\/2016\/11\/SV1_21-1024x768-640x480.jpg\" data-envira-src=\"https:\/\/baumkletterschule.de\/cms\/wp-content\/uploads\/2016\/11\/SV1_21-1024x768-640x480.jpg\" data-envira-gallery-id=\"531\" data-envira-item-id=\"512\" data-envira-caption=\"FLL-Aufbaumodul 2 Vertiefung Baumkontrolle\" alt=\"FLL-Aufbaumodul 2 Vertiefung Baumkontrolle\" title=\"FLL-Aufbaumodul 2 Vertiefung Baumkontrolle\"  itemprop=\"thumbnailUrl\" data-envira-srcset=\"https:\/\/baumkletterschule.de\/cms\/wp-content\/uploads\/2016\/11\/SV1_21-1024x768-640x480.jpg 400w,https:\/\/baumkletterschule.de\/cms\/wp-content\/uploads\/2016\/11\/SV1_21-1024x768-640x480.jpg 2x\" data-envira-width=\"300\" data-envira-height=\"225\" srcset=\"https:\/\/baumkletterschule.de\/cms\/wp-content\/uploads\/2016\/11\/SV1_21-1280x960.jpg 2x\" data-safe-src=\"https:\/\/baumkletterschule.de\/cms\/wp-content\/uploads\/2016\/11\/SV1_21-1024x768-640x480.jpg\" \/><\/a><\/div><\/div><div id=\"envira-gallery-item-258\" class=\"envira-gallery-item enviratope-item envira-gallery-item-5\" style=\"padding-left: 5px; padding-bottom: 10px; padding-right: 5px;\"  itemscope itemtype=\"https:\/\/schema.org\/ImageObject\"><div class=\"envira-gallery-item-inner\"><div class=\"envira-gallery-position-overlay  envira-gallery-top-left\"><\/div><div class=\"envira-gallery-position-overlay  envira-gallery-top-right\"><\/div><div class=\"envira-gallery-position-overlay  envira-gallery-bottom-left\"><\/div><div class=\"envira-gallery-position-overlay  envira-gallery-bottom-right\"><\/div><a href=\"https:\/\/baumkletterschule.de\/cms\/wp-content\/uploads\/2016\/11\/2011_03_04_diverse_marc28.jpg\" class=\"envira-gallery-531 envira-gallery-link\" rel=\"enviragallery531\" title=\"FLL-Aufbaumodul 2 Vertiefung Baumkontrolle\" data-envira-caption=\"FLL-Aufbaumodul 2 Vertiefung Baumkontrolle\" data-envira-retina=\"\" data-thumbnail=\"\"  itemprop=\"contentUrl\"><img decoding=\"async\" id=\"envira-gallery-image-258\" class=\"envira-gallery-image envira-gallery-image-5 envira-normal \" data-envira-index=\"5\" src=\"https:\/\/baumkletterschule.de\/cms\/wp-content\/uploads\/2016\/11\/2011_03_04_diverse_marc28-1024x683-640x480.jpg\" data-envira-src=\"https:\/\/baumkletterschule.de\/cms\/wp-content\/uploads\/2016\/11\/2011_03_04_diverse_marc28-1024x683-640x480.jpg\" data-envira-gallery-id=\"531\" data-envira-item-id=\"258\" data-envira-caption=\"FLL-Aufbaumodul 2 Vertiefung Baumkontrolle\" alt=\"FLL-Aufbaumodul 2 Vertiefung Baumkontrolle\" title=\"FLL-Aufbaumodul 2 Vertiefung Baumkontrolle\"  itemprop=\"thumbnailUrl\" data-envira-srcset=\"https:\/\/baumkletterschule.de\/cms\/wp-content\/uploads\/2016\/11\/2011_03_04_diverse_marc28-1024x683-640x480.jpg 400w,https:\/\/baumkletterschule.de\/cms\/wp-content\/uploads\/2016\/11\/2011_03_04_diverse_marc28-1024x683-640x480.jpg 2x\" data-envira-width=\"300\" data-envira-height=\"200\" srcset=\"https:\/\/baumkletterschule.de\/cms\/wp-content\/uploads\/2016\/11\/2011_03_04_diverse_marc28-1280x960.jpg 2x\" data-safe-src=\"https:\/\/baumkletterschule.de\/cms\/wp-content\/uploads\/2016\/11\/2011_03_04_diverse_marc28-1024x683-640x480.jpg\" \/><\/a><\/div><\/div><\/div><\/div><noscript><img decoding=\"async\" src=\"https:\/\/baumkletterschule.de\/cms\/wp-content\/uploads\/2016\/11\/Baumkontrolleur_3.jpg\" alt=\"FLL-Aufbaumodul 2 Vertiefung Baumkontrolle\" \/><img decoding=\"async\" src=\"https:\/\/baumkletterschule.de\/cms\/wp-content\/uploads\/2016\/11\/Baumkontrolleur_2.jpg\" alt=\"FLL-Aufbaumodul 2 Vertiefung Baumkontrolle\" \/><img decoding=\"async\" src=\"https:\/\/baumkletterschule.de\/cms\/wp-content\/uploads\/2016\/11\/Aufbaumodul_0.jpg\" alt=\"FLL-Aufbaumodul 2 Vertiefung Baumkontrolle\" \/><img decoding=\"async\" src=\"https:\/\/baumkletterschule.de\/cms\/wp-content\/uploads\/2016\/11\/SV1_21.jpg\" alt=\"FLL-Aufbaumodul 2 Vertiefung Baumkontrolle\" \/><img decoding=\"async\" src=\"https:\/\/baumkletterschule.de\/cms\/wp-content\/uploads\/2016\/11\/2011_03_04_diverse_marc28.jpg\" alt=\"FLL-Aufbaumodul 2 Vertiefung Baumkontrolle\" \/><\/noscript>\n","protected":false},"excerpt":{"rendered":"<p>Routinefehlern bei der Baumkontrolle kann durch den fachlichen Austausch mit Kollegen in Verbindung mit \u00dcbungen an problematischen B\u00e4umen vorgebeugt werden. Zuvor stellen wir Beispiele zur Verantwortlichkeit bzw. Haftung bei Schadensf\u00e4llen &#8230;<\/p>\n","protected":false},"author":6,"featured_media":0,"parent":15,"menu_order":0,"comment_status":"closed","ping_status":"closed","template":"template-full-width.php","meta":{"footnotes":""},"categories":[],"tags":[],"class_list":["post-529","page","type-page","status-publish","hentry"],"aioseo_notices":[],"_links":{"self":[{"href":"https:\/\/baumkletterschule.de\/cms\/wp-json\/wp\/v2\/pages\/529","targetHints":{"allow":["GET"]}}],"collection":[{"href":"https:\/\/baumkletterschule.de\/cms\/wp-json\/wp\/v2\/pages"}],"about":[{"href":"https:\/\/baumkletterschule.de\/cms\/wp-json\/wp\/v2\/types\/page"}],"author":[{"embeddable":true,"href":"https:\/\/baumkletterschule.de\/cms\/wp-json\/wp\/v2\/users\/6"}],"replies":[{"embeddable":true,"href":"https:\/\/baumkletterschule.de\/cms\/wp-json\/wp\/v2\/comments?post=529"}],"version-history":[{"count":14,"href":"https:\/\/baumkletterschule.de\/cms\/wp-json\/wp\/v2\/pages\/529\/revisions"}],"predecessor-version":[{"id":7709,"href":"https:\/\/baumkletterschule.de\/cms\/wp-json\/wp\/v2\/pages\/529\/revisions\/7709"}],"up":[{"embeddable":true,"href":"https:\/\/baumkletterschule.de\/cms\/wp-json\/wp\/v2\/pages\/15"}],"wp:attachment":[{"href":"https:\/\/baumkletterschule.de\/cms\/wp-json\/wp\/v2\/media?parent=529"}],"wp:term":[{"taxonomy":"category","embeddable":true,"href":"https:\/\/baumkletterschule.de\/cms\/wp-json\/wp\/v2\/categories?post=529"},{"taxonomy":"post_tag","embeddable":true,"href":"https:\/\/baumkletterschule.de\/cms\/wp-json\/wp\/v2\/tags?post=529"}],"curies":[{"name":"wp","href":"https:\/\/api.w.org\/{rel}","templated":true}]}}