{"id":520,"date":"2016-11-28T17:22:16","date_gmt":"2016-11-28T15:22:16","guid":{"rendered":"https:\/\/baumkletterschule.de\/cms\/?page_id=520"},"modified":"2023-06-12T13:41:03","modified_gmt":"2023-06-12T11:41:03","slug":"am-1-artenschutz","status":"publish","type":"page","link":"https:\/\/baumkletterschule.de\/cms\/kursinfo\/baumpflege\/am-1-artenschutz\/","title":{"rendered":"FLL-Aufbaumodul 1 Artenschutz"},"content":{"rendered":"<p>B\u00e4ume sind zeitweise oder ganzj\u00e4hrig Lebensraum f\u00fcr verschiedene Tierarten. Einige Vogelarten, Flederm\u00e4use und Insekten genie\u00dfen besonderen gesetzlichen Schutz. Das Aufbaumodul hat das Ziel Informationsl\u00fccken im Spannungsfeld Artenschutz und fachgerechte Baumpflege zu schlie\u00dfen und Handlungssicherheit beim Umgang mit dem gesetzlichen Artenschutz geben. Dabei steht der Praxisbezug im Vordergrund.<\/p>\n<ul>\n<li>Darstellung Rechtlicher Grundlagen<\/li>\n<li>Vermittlung von Grundlagenwissen \u00fcber relevante Artengruppen (V\u00f6gel, Flederm\u00e4use, K\u00e4fer) mit ihren Lebensraumanspr\u00fcchen<\/li>\n<li>Diskussion der praktischen Umsetzung an Fallbeispielen<\/li>\n<\/ul>\n<p>Das Seminar wird durch eine Exkursion abgerundet<\/p>\n<p style=\"text-align: center;\"><a class=\"Termine_und_Buchung\" href=\"https:\/\/buchung.baumkletterschule.de\/?rq_AppGuid=5E5C0C601B319D20997007E3327904420CC3B98C&amp;rq_TargetPageGuid=571D5772177FC7D5D3DE78309A57E877C24AE10C&amp;rq_kurstyp=3139&amp;rq_Layout=MBKS_Website\">Termine und Buchung<\/a><\/p>\n<div class=\"links\">\n<h2>Voraussetzungen<\/h2>\n<ul>\n<li>Kentnisse in der Baumbeurteilung (z.B. Baumkontrolleur, ETW)<\/li>\n<\/ul>\n<\/div>\n<div class=\"links\">\n<h2>Kosten:<\/h2>\n<p>Kursgeb\u00fchr \u00a0 \u00a0 \u00a0 \u00a0\u00a0 230,-\u20ac zzgl. MwSt.<\/p>\n<\/div>\n<h2>Weitere Informationen<\/h2>\n<ul class=\"zweispaltig\">\n<li><a href=\"https:\/\/baumkletterschule.de\/cms\/wp-content\/uploads\/2016\/12\/Allgemeine-Kursinformationen.pdf\">Allgemeine Kursinformationen<\/a><\/li>\n<li><a href=\"https:\/\/baumkletterschule.de\/cms\/wp-content\/uploads\/2018\/03\/F\u00f6rderm\u00f6glichkeiten.pdf\">F\u00f6rderm\u00f6glichkeiten<\/a><\/li>\n<li><a href=\"https:\/\/baumkletterschule.de\/cms\/wp-content\/uploads\/2017\/12\/Faltblatt2018-19.pdf\">Kurs-Faltblatt<\/a><\/li>\n<li><a href=\"https:\/\/baumkletterschule.de\/cms\/wp-content\/uploads\/2016\/12\/Dokument-C_5Kursr%C3%BCcktrittsversicherung.pdf\">Kursr\u00fccktrittsversicherung<\/a><\/li>\n<li style=\"display: none;\"><a href=\"https:\/\/baumkletterschule.de\/cms\/wp-content\/uploads\/2018\/07\/AM-I-IV.pdf\">Fax-Buchungsformular<\/a><\/li>\n<\/ul>\n<div id=\"envira-gallery-wrap-523\" class=\"envira-gallery-wrap envira-gallery-theme-base envira-lightbox-theme-base\" itemscope itemtype=\"https:\/\/schema.org\/ImageGallery\"><div data-row-height=\"150\" data-gallery-theme=\"normal\" id=\"envira-gallery-523\" class=\"envira-gallery-public envira-gallery-justified-public envira-gallery-0-columns envira-clear enviratope envira-gallery-css-animations\" data-envira-columns=\"0\"><div id=\"envira-gallery-item-289\" class=\"envira-gallery-item enviratope-item envira-gallery-item-1\" style=\"padding-left: 5px; padding-bottom: 10px; padding-right: 5px;\"  itemscope itemtype=\"https:\/\/schema.org\/ImageObject\"><div class=\"envira-gallery-item-inner\"><div class=\"envira-gallery-position-overlay  envira-gallery-top-left\"><\/div><div class=\"envira-gallery-position-overlay  envira-gallery-top-right\"><\/div><div class=\"envira-gallery-position-overlay  envira-gallery-bottom-left\"><\/div><div class=\"envira-gallery-position-overlay  envira-gallery-bottom-right\"><\/div><a href=\"https:\/\/baumkletterschule.de\/cms\/wp-content\/uploads\/2016\/11\/Aufbaumodul_1.jpg\" class=\"envira-gallery-523 envira-gallery-link\" rel=\"enviragallery523\" title=\"Artenschutz\" data-envira-caption=\"Artenschutz\" data-envira-retina=\"\" data-thumbnail=\"\"  itemprop=\"contentUrl\"><img decoding=\"async\" id=\"envira-gallery-image-289\" class=\"envira-gallery-image envira-gallery-image-1 envira-normal \" data-envira-index=\"1\" src=\"https:\/\/baumkletterschule.de\/cms\/wp-content\/uploads\/2016\/11\/Aufbaumodul_1-768x1024-640x480.jpg\" data-envira-src=\"https:\/\/baumkletterschule.de\/cms\/wp-content\/uploads\/2016\/11\/Aufbaumodul_1-768x1024-640x480.jpg\" data-envira-gallery-id=\"523\" data-envira-item-id=\"289\" data-envira-caption=\"Artenschutz\" alt=\"Artenschutz\" title=\"Artenschutz\"  itemprop=\"thumbnailUrl\" data-envira-srcset=\"https:\/\/baumkletterschule.de\/cms\/wp-content\/uploads\/2016\/11\/Aufbaumodul_1-768x1024-640x480.jpg 400w,https:\/\/baumkletterschule.de\/cms\/wp-content\/uploads\/2016\/11\/Aufbaumodul_1-768x1024-640x480.jpg 2x\" data-envira-width=\"225\" data-envira-height=\"300\" srcset=\"https:\/\/baumkletterschule.de\/cms\/wp-content\/uploads\/2016\/11\/Aufbaumodul_1-1280x960.jpg 2x\" data-safe-src=\"https:\/\/baumkletterschule.de\/cms\/wp-content\/uploads\/2016\/11\/Aufbaumodul_1-768x1024-640x480.jpg\" \/><\/a><\/div><\/div><div id=\"envira-gallery-item-259\" class=\"envira-gallery-item enviratope-item envira-gallery-item-2\" style=\"padding-left: 5px; padding-bottom: 10px; padding-right: 5px;\"  itemscope itemtype=\"https:\/\/schema.org\/ImageObject\"><div class=\"envira-gallery-item-inner\"><div class=\"envira-gallery-position-overlay  envira-gallery-top-left\"><\/div><div class=\"envira-gallery-position-overlay  envira-gallery-top-right\"><\/div><div class=\"envira-gallery-position-overlay  envira-gallery-bottom-left\"><\/div><div class=\"envira-gallery-position-overlay  envira-gallery-bottom-right\"><\/div><a href=\"https:\/\/baumkletterschule.de\/cms\/wp-content\/uploads\/2016\/11\/2011_05_18_SKT-A_Berlin34.jpg\" class=\"envira-gallery-523 envira-gallery-link\" rel=\"enviragallery523\" title=\"Artenschutz\" data-envira-caption=\"Artenschutz\" data-envira-retina=\"\" data-thumbnail=\"\"  itemprop=\"contentUrl\"><img decoding=\"async\" id=\"envira-gallery-image-259\" class=\"envira-gallery-image envira-gallery-image-2 envira-normal \" data-envira-index=\"2\" src=\"https:\/\/baumkletterschule.de\/cms\/wp-content\/uploads\/2016\/11\/2011_05_18_SKT-A_Berlin34-1024x683-640x480.jpg\" data-envira-src=\"https:\/\/baumkletterschule.de\/cms\/wp-content\/uploads\/2016\/11\/2011_05_18_SKT-A_Berlin34-1024x683-640x480.jpg\" data-envira-gallery-id=\"523\" data-envira-item-id=\"259\" data-envira-caption=\"Artenschutz\" alt=\"Artenschutz\" title=\"Artenschutz\"  itemprop=\"thumbnailUrl\" data-envira-srcset=\"https:\/\/baumkletterschule.de\/cms\/wp-content\/uploads\/2016\/11\/2011_05_18_SKT-A_Berlin34-1024x683-640x480.jpg 400w,https:\/\/baumkletterschule.de\/cms\/wp-content\/uploads\/2016\/11\/2011_05_18_SKT-A_Berlin34-1024x683-640x480.jpg 2x\" data-envira-width=\"300\" data-envira-height=\"200\" srcset=\"https:\/\/baumkletterschule.de\/cms\/wp-content\/uploads\/2016\/11\/2011_05_18_SKT-A_Berlin34-1280x960.jpg 2x\" data-safe-src=\"https:\/\/baumkletterschule.de\/cms\/wp-content\/uploads\/2016\/11\/2011_05_18_SKT-A_Berlin34-1024x683-640x480.jpg\" \/><\/a><\/div><\/div><div id=\"envira-gallery-item-111\" class=\"envira-gallery-item enviratope-item envira-gallery-item-3\" style=\"padding-left: 5px; padding-bottom: 10px; padding-right: 5px;\"  itemscope itemtype=\"https:\/\/schema.org\/ImageObject\"><div class=\"envira-gallery-item-inner\"><div class=\"envira-gallery-position-overlay  envira-gallery-top-left\"><\/div><div class=\"envira-gallery-position-overlay  envira-gallery-top-right\"><\/div><div class=\"envira-gallery-position-overlay  envira-gallery-bottom-left\"><\/div><div class=\"envira-gallery-position-overlay  envira-gallery-bottom-right\"><\/div><a href=\"https:\/\/baumkletterschule.de\/cms\/wp-content\/uploads\/2016\/11\/2012_04_25_SKT-A_Hanau_31.jpg\" class=\"envira-gallery-523 envira-gallery-link\" rel=\"enviragallery523\" title=\"Artenschutz\" data-envira-caption=\"Artenschutz\" data-envira-retina=\"\" data-thumbnail=\"\"  itemprop=\"contentUrl\"><img decoding=\"async\" id=\"envira-gallery-image-111\" class=\"envira-gallery-image envira-gallery-image-3 envira-normal \" data-envira-index=\"3\" src=\"https:\/\/baumkletterschule.de\/cms\/wp-content\/uploads\/2016\/11\/2012_04_25_SKT-A_Hanau_31-1024x683-640x480.jpg\" data-envira-src=\"https:\/\/baumkletterschule.de\/cms\/wp-content\/uploads\/2016\/11\/2012_04_25_SKT-A_Hanau_31-1024x683-640x480.jpg\" data-envira-gallery-id=\"523\" data-envira-item-id=\"111\" data-envira-caption=\"Artenschutz\" alt=\"Artenschutz\" title=\"Artenschutz\"  itemprop=\"thumbnailUrl\" data-envira-srcset=\"https:\/\/baumkletterschule.de\/cms\/wp-content\/uploads\/2016\/11\/2012_04_25_SKT-A_Hanau_31-1024x683-640x480.jpg 400w,https:\/\/baumkletterschule.de\/cms\/wp-content\/uploads\/2016\/11\/2012_04_25_SKT-A_Hanau_31-1024x683-640x480.jpg 2x\" data-envira-width=\"300\" data-envira-height=\"200\" srcset=\"https:\/\/baumkletterschule.de\/cms\/wp-content\/uploads\/2016\/11\/2012_04_25_SKT-A_Hanau_31-1280x960.jpg 2x\" data-safe-src=\"https:\/\/baumkletterschule.de\/cms\/wp-content\/uploads\/2016\/11\/2012_04_25_SKT-A_Hanau_31-1024x683-640x480.jpg\" \/><\/a><\/div><\/div><div id=\"envira-gallery-item-181\" class=\"envira-gallery-item enviratope-item envira-gallery-item-4\" style=\"padding-left: 5px; padding-bottom: 10px; padding-right: 5px;\"  itemscope itemtype=\"https:\/\/schema.org\/ImageObject\"><div class=\"envira-gallery-item-inner\"><div class=\"envira-gallery-position-overlay  envira-gallery-top-left\"><\/div><div class=\"envira-gallery-position-overlay  envira-gallery-top-right\"><\/div><div class=\"envira-gallery-position-overlay  envira-gallery-bottom-left\"><\/div><div class=\"envira-gallery-position-overlay  envira-gallery-bottom-right\"><\/div><a href=\"https:\/\/baumkletterschule.de\/cms\/wp-content\/uploads\/2016\/11\/P1010812.jpg\" class=\"envira-gallery-523 envira-gallery-link\" rel=\"enviragallery523\" title=\"Artenschutz\" data-envira-caption=\"Artenschutz\" data-envira-retina=\"\" data-thumbnail=\"\"  itemprop=\"contentUrl\"><img decoding=\"async\" id=\"envira-gallery-image-181\" class=\"envira-gallery-image envira-gallery-image-4 envira-normal \" data-envira-index=\"4\" src=\"https:\/\/baumkletterschule.de\/cms\/wp-content\/uploads\/2016\/11\/P1010812-768x1024-640x480.jpg\" data-envira-src=\"https:\/\/baumkletterschule.de\/cms\/wp-content\/uploads\/2016\/11\/P1010812-768x1024-640x480.jpg\" data-envira-gallery-id=\"523\" data-envira-item-id=\"181\" data-envira-caption=\"Artenschutz\" alt=\"Artenschutz\" title=\"Artenschutz\"  itemprop=\"thumbnailUrl\" data-envira-srcset=\"https:\/\/baumkletterschule.de\/cms\/wp-content\/uploads\/2016\/11\/P1010812-768x1024-640x480.jpg 400w,https:\/\/baumkletterschule.de\/cms\/wp-content\/uploads\/2016\/11\/P1010812-768x1024-640x480.jpg 2x\" data-envira-width=\"225\" data-envira-height=\"300\" srcset=\"https:\/\/baumkletterschule.de\/cms\/wp-content\/uploads\/2016\/11\/P1010812-1280x960.jpg 2x\" data-safe-src=\"https:\/\/baumkletterschule.de\/cms\/wp-content\/uploads\/2016\/11\/P1010812-768x1024-640x480.jpg\" \/><\/a><\/div><\/div><\/div><\/div><noscript><img decoding=\"async\" src=\"https:\/\/baumkletterschule.de\/cms\/wp-content\/uploads\/2016\/11\/Aufbaumodul_1.jpg\" alt=\"Artenschutz\" \/><img decoding=\"async\" src=\"https:\/\/baumkletterschule.de\/cms\/wp-content\/uploads\/2016\/11\/2011_05_18_SKT-A_Berlin34.jpg\" alt=\"Artenschutz\" \/><img decoding=\"async\" src=\"https:\/\/baumkletterschule.de\/cms\/wp-content\/uploads\/2016\/11\/2012_04_25_SKT-A_Hanau_31.jpg\" alt=\"Artenschutz\" \/><img decoding=\"async\" src=\"https:\/\/baumkletterschule.de\/cms\/wp-content\/uploads\/2016\/11\/P1010812.jpg\" alt=\"Artenschutz\" \/><\/noscript>\n","protected":false},"excerpt":{"rendered":"<p>B\u00e4ume sind zeitweise oder ganzj\u00e4hrig Lebensraum f\u00fcr verschiedene Tierarten. Einige Vogelarten, Flederm\u00e4use und Insekten genie\u00dfen besonderen gesetzlichen Schutz. Das Aufbaumodul hat das Ziel Informationsl\u00fccken im Spannungsfeld Artenschutz und fachgerechte Baumpflege &#8230;<\/p>\n","protected":false},"author":6,"featured_media":0,"parent":15,"menu_order":0,"comment_status":"closed","ping_status":"closed","template":"template-full-width.php","meta":{"footnotes":""},"categories":[],"tags":[],"class_list":["post-520","page","type-page","status-publish","hentry"],"aioseo_notices":[],"_links":{"self":[{"href":"https:\/\/baumkletterschule.de\/cms\/wp-json\/wp\/v2\/pages\/520","targetHints":{"allow":["GET"]}}],"collection":[{"href":"https:\/\/baumkletterschule.de\/cms\/wp-json\/wp\/v2\/pages"}],"about":[{"href":"https:\/\/baumkletterschule.de\/cms\/wp-json\/wp\/v2\/types\/page"}],"author":[{"embeddable":true,"href":"https:\/\/baumkletterschule.de\/cms\/wp-json\/wp\/v2\/users\/6"}],"replies":[{"embeddable":true,"href":"https:\/\/baumkletterschule.de\/cms\/wp-json\/wp\/v2\/comments?post=520"}],"version-history":[{"count":15,"href":"https:\/\/baumkletterschule.de\/cms\/wp-json\/wp\/v2\/pages\/520\/revisions"}],"predecessor-version":[{"id":7710,"href":"https:\/\/baumkletterschule.de\/cms\/wp-json\/wp\/v2\/pages\/520\/revisions\/7710"}],"up":[{"embeddable":true,"href":"https:\/\/baumkletterschule.de\/cms\/wp-json\/wp\/v2\/pages\/15"}],"wp:attachment":[{"href":"https:\/\/baumkletterschule.de\/cms\/wp-json\/wp\/v2\/media?parent=520"}],"wp:term":[{"taxonomy":"category","embeddable":true,"href":"https:\/\/baumkletterschule.de\/cms\/wp-json\/wp\/v2\/categories?post=520"},{"taxonomy":"post_tag","embeddable":true,"href":"https:\/\/baumkletterschule.de\/cms\/wp-json\/wp\/v2\/tags?post=520"}],"curies":[{"name":"wp","href":"https:\/\/api.w.org\/{rel}","templated":true}]}}