{"id":513,"date":"2016-11-28T17:07:44","date_gmt":"2016-11-28T15:07:44","guid":{"rendered":"https:\/\/baumkletterschule.de\/cms\/?page_id=513"},"modified":"2026-02-20T17:20:35","modified_gmt":"2026-02-20T16:20:35","slug":"baumkontrolleur","status":"publish","type":"page","link":"https:\/\/baumkletterschule.de\/cms\/kursinfo\/baumpflege\/baumkontrolleur\/","title":{"rendered":"FLL Zertifizierter Baumkontrolleur"},"content":{"rendered":"<p lang=\"de-DE\">Die T\u00e4tigkeiten eines Baumkontrolleurs*in sind anspruchsvoll und komplex. Aus diesem Grund ist eine fundierte Schulung wichtig, um diese verantwortungsvolle Aufgabe ausf\u00fchren zu k\u00f6nnen. Sie erfolgt auf der bundesweit einheitlichen Zertifizierungsordnung von Baumkontrolleuren der Forschungsgesellschaft f\u00fcr Landschaftsentwicklung und Landschaftsbau e.V. (FLL).<\/p>\n<h4>Seminartag 1:<\/h4>\n<p lang=\"de-DE\">FLL-Baumkontrollrichtlinien, rechtliche Grundlagen dr Baumkontrollen, &#8218;Baumkontrollen und Baumuntersuchungen, Baumbiologie inkl. CODIT-Modell, Vitalit\u00e4tsbeurteilung von B\u00e4umen inkl. praktische \u00dcbung, Baumpflegerische Ma\u00dfnahmen.<\/p>\n<h4>Seminartag 2:<\/h4>\n<p lang=\"de-DE\">FLL-Checklisten zur Baumkontrolle, Praktische \u00fcbrungen zur Baumkontrolle<\/p>\n<h4>Seminartag 3:<\/h4>\n<p lang=\"de-DE\">Lebensweise von Holzzerst\u00f6renden Pilzen, Vorstellung von wichtigen Pilzarten bei der Baumkontrolle, Pilzbestimmung mit praktischen \u00dcbungen.<\/p>\n<h4>Seminartag 4:<\/h4>\n<p lang=\"de-DE\">Schadsymptome und Auff\u00e4lligkeiten an unterschiedlichen Baumarten, Baumkrankheiten<\/p>\n<h4>Seminartag 5<\/h4>\n<p lang=\"de-DE\">Praxistag Baumkontrolle: An diesem Tag werden die in den Tagen zuvor vermittelten Inhalten an B\u00e4umen nochmals vorgestellt und diskutiert.<\/p>\n<h3>Voraussetzungen<\/h3>\n<p><strong>Voraussetzung f\u00fcr die Kursteilnahme sind folgende B\u00fccher: <\/strong><\/p>\n<ul style=\"list-style: none;\">\n<li><strong>&#8222;Verkehrssicherheit und Baumkontrolle, Der Praxisleitfaden zu den FLL-Baumkontrollrichtlinien&#8220;<\/strong> \u2014 erh\u00e4ltlich bei <a title=\"Freeworker-Shop: Verkehrssicherheit und Baumkontrolle\" href=\"https:\/\/shop.freeworker.de\/haymarket-verkehrssicherheit-und-baumkontrolle.html\" rel=\"sponsored\">Freeworker<\/a><\/li>\n<li><strong>&#8222;Baumkontrolle unter Ber\u00fccksichtigung der Baumart, Bildatlas der typischen Schadsymptome und Auff\u00e4lligkeiten&#8220;<\/strong> \u2014 erh\u00e4ltlich bei <a title=\"Freeworker-Shop: Baumkontrolle unter Ber\u00fccksichtigung der Baumart\" href=\"https:\/\/shop.freeworker.de\/baumkontrolle-baumart.html\" rel=\"sponsored\">Freeworker<\/a><\/li>\n<li><strong>&#8222;Pilze bei der Baumkontrolle &#8211; Erkennen wichtiger Arten an Stra\u00dfen- und Parkb\u00e4umen&#8220;<\/strong> \u2014 erh\u00e4ltlich bei <a title=\"Freeworker-Shop: Pilze bei der Baumkontrolle\" href=\"https:\/\/shop.freeworker.de\/pilze-bei-baumkontrolle.html\" rel=\"sponsored\">Freeworker<\/a><\/li>\n<\/ul>\n<h4>Voraussetzungen f\u00fcr die Pr\u00fcfungszulassung<\/h4>\n<ul>\n<li>Mindestens 1 Jahr Praxis in der Baumpflege oder Baumkontrolle<\/li>\n<li>Mindestalter 18 Jahre<\/li>\n<li>Teilnahme am Kompaktkurs oder ein Nachweis \u00fcber die Teilnahme an entsprechenden Seminaren<\/li>\n<\/ul>\n<p style=\"text-align: center;\"><a class=\"Termine_und_Buchung\" href=\"https:\/\/buchung.baumkletterschule.de\/?rq_AppGuid=5E5C0C601B319D20997007E3327904420CC3B98C&amp;rq_TargetPageGuid=571D5772177FC7D5D3DE78309A57E877C24AE10C&amp;rq_kurstyp=33&amp;rq_Layout=MBKS_Website\">Termine und Buchung<\/a><\/p>\n<div class=\"links\">\n<p style=\"text-align: left;\">\n<p>Nach erfolgreicher Pr\u00fcfung stellt die Forschungsgesellschaft Landschaftsentwicklung Landschaftsbau e.V. (FLL) das Zertifikat &#8218;FLL Zertifizierter Baumkontrolleur&#8216; sowie eine ID-Card aus. die Namen aller FLL Zertifizierten Baumkontrolleure wird auf der FLL- Homepage ver\u00f6ffentlicht.<\/p>\n<h2><\/h2>\n<h5>Weitere Informationen<\/h5>\n<ul class=\"zweispaltig\">\n<li>Allgemeine Kursinformationen<\/li>\n<li><a href=\"https:\/\/baumkletterschule.de\/cms\/wp-content\/uploads\/2024\/11\/241120-Flyer-Ruecktrittskosten-Versicherung.pdf\">Kursr\u00fccktrittsversicherung<\/a><\/li>\n<li style=\"display: none;\"><a href=\"https:\/\/baumkletterschule.de\/cms\/wp-content\/uploads\/2020\/02\/BKO.pdf\">Fax-Buchungsformular<\/a><\/li>\n<\/ul>\n<div id=\"envira-gallery-wrap-517\" class=\"envira-gallery-wrap envira-gallery-theme-base envira-lightbox-theme-base\" itemscope itemtype=\"https:\/\/schema.org\/ImageGallery\"><div data-row-height=\"150\" data-gallery-theme=\"normal\" id=\"envira-gallery-517\" class=\"envira-gallery-public envira-gallery-justified-public envira-gallery-0-columns envira-clear enviratope envira-gallery-css-animations\" data-envira-columns=\"0\"><div id=\"envira-gallery-item-512\" class=\"envira-gallery-item enviratope-item envira-gallery-item-1\" style=\"padding-left: 5px; padding-bottom: 10px; padding-right: 5px;\"  itemscope itemtype=\"https:\/\/schema.org\/ImageObject\"><div class=\"envira-gallery-item-inner\"><div class=\"envira-gallery-position-overlay  envira-gallery-top-left\"><\/div><div class=\"envira-gallery-position-overlay  envira-gallery-top-right\"><\/div><div class=\"envira-gallery-position-overlay  envira-gallery-bottom-left\"><\/div><div class=\"envira-gallery-position-overlay  envira-gallery-bottom-right\"><\/div><a href=\"https:\/\/baumkletterschule.de\/cms\/wp-content\/uploads\/2016\/11\/SV1_21.jpg\" class=\"envira-gallery-517 envira-gallery-link\" rel=\"enviragallery517\" title=\"FLL-Baumkontrolleur\" data-envira-caption=\"FLL-Baumkontrolleur\" data-envira-retina=\"\" data-thumbnail=\"\"  itemprop=\"contentUrl\"><img decoding=\"async\" id=\"envira-gallery-image-512\" class=\"envira-gallery-image envira-gallery-image-1 envira-normal \" data-envira-index=\"1\" src=\"https:\/\/baumkletterschule.de\/cms\/wp-content\/uploads\/2016\/11\/SV1_21-1024x768-640x480.jpg\" data-envira-src=\"https:\/\/baumkletterschule.de\/cms\/wp-content\/uploads\/2016\/11\/SV1_21-1024x768-640x480.jpg\" data-envira-gallery-id=\"517\" data-envira-item-id=\"512\" data-envira-caption=\"FLL-Baumkontrolleur\" alt=\"FLL-Baumkontrolleur\" title=\"FLL-Baumkontrolleur\"  itemprop=\"thumbnailUrl\" data-envira-srcset=\"https:\/\/baumkletterschule.de\/cms\/wp-content\/uploads\/2016\/11\/SV1_21-1024x768-640x480.jpg 400w,https:\/\/baumkletterschule.de\/cms\/wp-content\/uploads\/2016\/11\/SV1_21-1024x768-640x480.jpg 2x\" data-envira-width=\"300\" data-envira-height=\"225\" srcset=\"https:\/\/baumkletterschule.de\/cms\/wp-content\/uploads\/2016\/11\/SV1_21-1280x960.jpg 2x\" data-safe-src=\"https:\/\/baumkletterschule.de\/cms\/wp-content\/uploads\/2016\/11\/SV1_21-1024x768-640x480.jpg\" \/><\/a><\/div><\/div><div id=\"envira-gallery-item-511\" class=\"envira-gallery-item enviratope-item envira-gallery-item-2\" style=\"padding-left: 5px; padding-bottom: 10px; padding-right: 5px;\"  itemscope itemtype=\"https:\/\/schema.org\/ImageObject\"><div class=\"envira-gallery-item-inner\"><div class=\"envira-gallery-position-overlay  envira-gallery-top-left\"><\/div><div class=\"envira-gallery-position-overlay  envira-gallery-top-right\"><\/div><div class=\"envira-gallery-position-overlay  envira-gallery-bottom-left\"><\/div><div class=\"envira-gallery-position-overlay  envira-gallery-bottom-right\"><\/div><a href=\"https:\/\/baumkletterschule.de\/cms\/wp-content\/uploads\/2016\/11\/SV1_24.jpg\" class=\"envira-gallery-517 envira-gallery-link\" rel=\"enviragallery517\" title=\"FLL-Baumkontrolleur\" data-envira-caption=\"FLL-Baumkontrolleur\" data-envira-retina=\"\" data-thumbnail=\"\"  itemprop=\"contentUrl\"><img decoding=\"async\" id=\"envira-gallery-image-511\" class=\"envira-gallery-image envira-gallery-image-2 envira-normal \" data-envira-index=\"2\" src=\"https:\/\/baumkletterschule.de\/cms\/wp-content\/uploads\/2016\/11\/SV1_24-768x1024-640x480.jpg\" data-envira-src=\"https:\/\/baumkletterschule.de\/cms\/wp-content\/uploads\/2016\/11\/SV1_24-768x1024-640x480.jpg\" data-envira-gallery-id=\"517\" data-envira-item-id=\"511\" data-envira-caption=\"FLL-Baumkontrolleur\" alt=\"FLL-Baumkontrolleur\" title=\"FLL-Baumkontrolleur\"  itemprop=\"thumbnailUrl\" data-envira-srcset=\"https:\/\/baumkletterschule.de\/cms\/wp-content\/uploads\/2016\/11\/SV1_24-768x1024-640x480.jpg 400w,https:\/\/baumkletterschule.de\/cms\/wp-content\/uploads\/2016\/11\/SV1_24-768x1024-640x480.jpg 2x\" data-envira-width=\"225\" data-envira-height=\"300\" srcset=\"https:\/\/baumkletterschule.de\/cms\/wp-content\/uploads\/2016\/11\/SV1_24-1280x960.jpg 2x\" data-safe-src=\"https:\/\/baumkletterschule.de\/cms\/wp-content\/uploads\/2016\/11\/SV1_24-768x1024-640x480.jpg\" \/><\/a><\/div><\/div><div id=\"envira-gallery-item-510\" class=\"envira-gallery-item enviratope-item envira-gallery-item-3\" style=\"padding-left: 5px; padding-bottom: 10px; padding-right: 5px;\"  itemscope itemtype=\"https:\/\/schema.org\/ImageObject\"><div class=\"envira-gallery-item-inner\"><div class=\"envira-gallery-position-overlay  envira-gallery-top-left\"><\/div><div class=\"envira-gallery-position-overlay  envira-gallery-top-right\"><\/div><div class=\"envira-gallery-position-overlay  envira-gallery-bottom-left\"><\/div><div class=\"envira-gallery-position-overlay  envira-gallery-bottom-right\"><\/div><a href=\"https:\/\/baumkletterschule.de\/cms\/wp-content\/uploads\/2016\/11\/2013_06_13_kurswoche_gilgen29.jpg\" class=\"envira-gallery-517 envira-gallery-link\" rel=\"enviragallery517\" title=\"FLL-Baumkontrolleur\" data-envira-caption=\"FLL-Baumkontrolleur\" data-envira-retina=\"\" data-thumbnail=\"\"  itemprop=\"contentUrl\"><img decoding=\"async\" id=\"envira-gallery-image-510\" class=\"envira-gallery-image envira-gallery-image-3 envira-normal \" data-envira-index=\"3\" src=\"https:\/\/baumkletterschule.de\/cms\/wp-content\/uploads\/2016\/11\/2013_06_13_kurswoche_gilgen29-640x480.jpg\" data-envira-src=\"https:\/\/baumkletterschule.de\/cms\/wp-content\/uploads\/2016\/11\/2013_06_13_kurswoche_gilgen29-640x480.jpg\" data-envira-gallery-id=\"517\" data-envira-item-id=\"510\" data-envira-caption=\"FLL-Baumkontrolleur\" alt=\"FLL-Baumkontrolleur\" title=\"FLL-Baumkontrolleur\"  itemprop=\"thumbnailUrl\" data-envira-srcset=\"https:\/\/baumkletterschule.de\/cms\/wp-content\/uploads\/2016\/11\/2013_06_13_kurswoche_gilgen29-640x480.jpg 400w,https:\/\/baumkletterschule.de\/cms\/wp-content\/uploads\/2016\/11\/2013_06_13_kurswoche_gilgen29-640x480.jpg 2x\" data-envira-width=\"257\" data-envira-height=\"300\" srcset=\"https:\/\/baumkletterschule.de\/cms\/wp-content\/uploads\/2016\/11\/2013_06_13_kurswoche_gilgen29-1280x960.jpg 2x\" data-safe-src=\"https:\/\/baumkletterschule.de\/cms\/wp-content\/uploads\/2016\/11\/2013_06_13_kurswoche_gilgen29-640x480.jpg\" \/><\/a><\/div><\/div><div id=\"envira-gallery-item-509\" class=\"envira-gallery-item enviratope-item envira-gallery-item-4\" style=\"padding-left: 5px; padding-bottom: 10px; padding-right: 5px;\"  itemscope itemtype=\"https:\/\/schema.org\/ImageObject\"><div class=\"envira-gallery-item-inner\"><div class=\"envira-gallery-position-overlay  envira-gallery-top-left\"><\/div><div class=\"envira-gallery-position-overlay  envira-gallery-top-right\"><\/div><div class=\"envira-gallery-position-overlay  envira-gallery-bottom-left\"><\/div><div class=\"envira-gallery-position-overlay  envira-gallery-bottom-right\"><\/div><a href=\"https:\/\/baumkletterschule.de\/cms\/wp-content\/uploads\/2016\/11\/Baumbeurteilung_1.jpg\" class=\"envira-gallery-517 envira-gallery-link\" rel=\"enviragallery517\" title=\"FLL-Baumkontrolleur\" data-envira-caption=\"FLL-Baumkontrolleur\" data-envira-retina=\"\" data-thumbnail=\"\"  itemprop=\"contentUrl\"><img decoding=\"async\" id=\"envira-gallery-image-509\" class=\"envira-gallery-image envira-gallery-image-4 envira-normal \" data-envira-index=\"4\" src=\"https:\/\/baumkletterschule.de\/cms\/wp-content\/uploads\/2016\/11\/Baumbeurteilung_1-768x1024-640x480.jpg\" data-envira-src=\"https:\/\/baumkletterschule.de\/cms\/wp-content\/uploads\/2016\/11\/Baumbeurteilung_1-768x1024-640x480.jpg\" data-envira-gallery-id=\"517\" data-envira-item-id=\"509\" data-envira-caption=\"FLL-Baumkontrolleur\" alt=\"FLL-Baumkontrolleur\" title=\"FLL-Baumkontrolleur\"  itemprop=\"thumbnailUrl\" data-envira-srcset=\"https:\/\/baumkletterschule.de\/cms\/wp-content\/uploads\/2016\/11\/Baumbeurteilung_1-768x1024-640x480.jpg 400w,https:\/\/baumkletterschule.de\/cms\/wp-content\/uploads\/2016\/11\/Baumbeurteilung_1-768x1024-640x480.jpg 2x\" data-envira-width=\"225\" data-envira-height=\"300\" srcset=\"https:\/\/baumkletterschule.de\/cms\/wp-content\/uploads\/2016\/11\/Baumbeurteilung_1-1280x960.jpg 2x\" data-safe-src=\"https:\/\/baumkletterschule.de\/cms\/wp-content\/uploads\/2016\/11\/Baumbeurteilung_1-768x1024-640x480.jpg\" \/><\/a><\/div><\/div><div id=\"envira-gallery-item-291\" class=\"envira-gallery-item enviratope-item envira-gallery-item-5\" style=\"padding-left: 5px; padding-bottom: 10px; padding-right: 5px;\"  itemscope itemtype=\"https:\/\/schema.org\/ImageObject\"><div class=\"envira-gallery-item-inner\"><div class=\"envira-gallery-position-overlay  envira-gallery-top-left\"><\/div><div class=\"envira-gallery-position-overlay  envira-gallery-top-right\"><\/div><div class=\"envira-gallery-position-overlay  envira-gallery-bottom-left\"><\/div><div class=\"envira-gallery-position-overlay  envira-gallery-bottom-right\"><\/div><a href=\"https:\/\/baumkletterschule.de\/cms\/wp-content\/uploads\/2016\/11\/Baumkontrolleur_3.jpg\" class=\"envira-gallery-517 envira-gallery-link\" rel=\"enviragallery517\" title=\"FLL-Baumkontrolleur\" data-envira-caption=\"FLL-Baumkontrolleur\" data-envira-retina=\"\" data-thumbnail=\"\"  itemprop=\"contentUrl\"><img decoding=\"async\" id=\"envira-gallery-image-291\" class=\"envira-gallery-image envira-gallery-image-5 envira-normal \" data-envira-index=\"5\" src=\"https:\/\/baumkletterschule.de\/cms\/wp-content\/uploads\/2016\/11\/Baumkontrolleur_3-723x1024-640x480.jpg\" data-envira-src=\"https:\/\/baumkletterschule.de\/cms\/wp-content\/uploads\/2016\/11\/Baumkontrolleur_3-723x1024-640x480.jpg\" data-envira-gallery-id=\"517\" data-envira-item-id=\"291\" data-envira-caption=\"FLL-Baumkontrolleur\" alt=\"FLL-Baumkontrolleur\" title=\"FLL-Baumkontrolleur\"  itemprop=\"thumbnailUrl\" data-envira-srcset=\"https:\/\/baumkletterschule.de\/cms\/wp-content\/uploads\/2016\/11\/Baumkontrolleur_3-723x1024-640x480.jpg 400w,https:\/\/baumkletterschule.de\/cms\/wp-content\/uploads\/2016\/11\/Baumkontrolleur_3-723x1024-640x480.jpg 2x\" data-envira-width=\"212\" data-envira-height=\"300\" srcset=\"https:\/\/baumkletterschule.de\/cms\/wp-content\/uploads\/2016\/11\/Baumkontrolleur_3-1280x960.jpg 2x\" data-safe-src=\"https:\/\/baumkletterschule.de\/cms\/wp-content\/uploads\/2016\/11\/Baumkontrolleur_3-723x1024-640x480.jpg\" \/><\/a><\/div><\/div><div id=\"envira-gallery-item-288\" class=\"envira-gallery-item enviratope-item envira-gallery-item-6\" style=\"padding-left: 5px; padding-bottom: 10px; padding-right: 5px;\"  itemscope itemtype=\"https:\/\/schema.org\/ImageObject\"><div class=\"envira-gallery-item-inner\"><div class=\"envira-gallery-position-overlay  envira-gallery-top-left\"><\/div><div class=\"envira-gallery-position-overlay  envira-gallery-top-right\"><\/div><div class=\"envira-gallery-position-overlay  envira-gallery-bottom-left\"><\/div><div class=\"envira-gallery-position-overlay  envira-gallery-bottom-right\"><\/div><a href=\"https:\/\/baumkletterschule.de\/cms\/wp-content\/uploads\/2016\/11\/Aufbaumodul_0.jpg\" class=\"envira-gallery-517 envira-gallery-link\" rel=\"enviragallery517\" title=\"FLL-Baumkontrolleur\" data-envira-caption=\"FLL-Baumkontrolleur\" data-envira-retina=\"\" data-thumbnail=\"\"  itemprop=\"contentUrl\"><img decoding=\"async\" id=\"envira-gallery-image-288\" class=\"envira-gallery-image envira-gallery-image-6 envira-normal \" data-envira-index=\"6\" src=\"https:\/\/baumkletterschule.de\/cms\/wp-content\/uploads\/2016\/11\/Aufbaumodul_0-1024x768-640x480.jpg\" data-envira-src=\"https:\/\/baumkletterschule.de\/cms\/wp-content\/uploads\/2016\/11\/Aufbaumodul_0-1024x768-640x480.jpg\" data-envira-gallery-id=\"517\" data-envira-item-id=\"288\" data-envira-caption=\"FLL-Baumkontrolleur\" alt=\"FLL-Baumkontrolleur\" title=\"FLL-Baumkontrolleur\"  itemprop=\"thumbnailUrl\" data-envira-srcset=\"https:\/\/baumkletterschule.de\/cms\/wp-content\/uploads\/2016\/11\/Aufbaumodul_0-1024x768-640x480.jpg 400w,https:\/\/baumkletterschule.de\/cms\/wp-content\/uploads\/2016\/11\/Aufbaumodul_0-1024x768-640x480.jpg 2x\" data-envira-width=\"300\" data-envira-height=\"225\" srcset=\"https:\/\/baumkletterschule.de\/cms\/wp-content\/uploads\/2016\/11\/Aufbaumodul_0-1280x960.jpg 2x\" data-safe-src=\"https:\/\/baumkletterschule.de\/cms\/wp-content\/uploads\/2016\/11\/Aufbaumodul_0-1024x768-640x480.jpg\" \/><\/a><\/div><\/div><\/div><\/div><noscript><img decoding=\"async\" src=\"https:\/\/baumkletterschule.de\/cms\/wp-content\/uploads\/2016\/11\/SV1_21.jpg\" alt=\"FLL-Baumkontrolleur\" \/><img decoding=\"async\" src=\"https:\/\/baumkletterschule.de\/cms\/wp-content\/uploads\/2016\/11\/SV1_24.jpg\" alt=\"FLL-Baumkontrolleur\" \/><img decoding=\"async\" src=\"https:\/\/baumkletterschule.de\/cms\/wp-content\/uploads\/2016\/11\/2013_06_13_kurswoche_gilgen29.jpg\" alt=\"FLL-Baumkontrolleur\" \/><img decoding=\"async\" src=\"https:\/\/baumkletterschule.de\/cms\/wp-content\/uploads\/2016\/11\/Baumbeurteilung_1.jpg\" alt=\"FLL-Baumkontrolleur\" \/><img decoding=\"async\" src=\"https:\/\/baumkletterschule.de\/cms\/wp-content\/uploads\/2016\/11\/Baumkontrolleur_3.jpg\" alt=\"FLL-Baumkontrolleur\" \/><img decoding=\"async\" src=\"https:\/\/baumkletterschule.de\/cms\/wp-content\/uploads\/2016\/11\/Aufbaumodul_0.jpg\" alt=\"FLL-Baumkontrolleur\" \/><\/noscript>\n<\/div>\n","protected":false},"excerpt":{"rendered":"<p>Die T\u00e4tigkeiten eines Baumkontrolleurs*in sind anspruchsvoll und komplex. Aus diesem Grund ist eine fundierte Schulung wichtig, um diese verantwortungsvolle Aufgabe ausf\u00fchren zu k\u00f6nnen. Sie erfolgt auf der bundesweit einheitlichen Zertifizierungsordnung &#8230;<\/p>\n","protected":false},"author":6,"featured_media":0,"parent":15,"menu_order":0,"comment_status":"closed","ping_status":"closed","template":"template-full-width.php","meta":{"footnotes":""},"categories":[],"tags":[],"class_list":["post-513","page","type-page","status-publish","hentry"],"aioseo_notices":[],"_links":{"self":[{"href":"https:\/\/baumkletterschule.de\/cms\/wp-json\/wp\/v2\/pages\/513","targetHints":{"allow":["GET"]}}],"collection":[{"href":"https:\/\/baumkletterschule.de\/cms\/wp-json\/wp\/v2\/pages"}],"about":[{"href":"https:\/\/baumkletterschule.de\/cms\/wp-json\/wp\/v2\/types\/page"}],"author":[{"embeddable":true,"href":"https:\/\/baumkletterschule.de\/cms\/wp-json\/wp\/v2\/users\/6"}],"replies":[{"embeddable":true,"href":"https:\/\/baumkletterschule.de\/cms\/wp-json\/wp\/v2\/comments?post=513"}],"version-history":[{"count":66,"href":"https:\/\/baumkletterschule.de\/cms\/wp-json\/wp\/v2\/pages\/513\/revisions"}],"predecessor-version":[{"id":10444,"href":"https:\/\/baumkletterschule.de\/cms\/wp-json\/wp\/v2\/pages\/513\/revisions\/10444"}],"up":[{"embeddable":true,"href":"https:\/\/baumkletterschule.de\/cms\/wp-json\/wp\/v2\/pages\/15"}],"wp:attachment":[{"href":"https:\/\/baumkletterschule.de\/cms\/wp-json\/wp\/v2\/media?parent=513"}],"wp:term":[{"taxonomy":"category","embeddable":true,"href":"https:\/\/baumkletterschule.de\/cms\/wp-json\/wp\/v2\/categories?post=513"},{"taxonomy":"post_tag","embeddable":true,"href":"https:\/\/baumkletterschule.de\/cms\/wp-json\/wp\/v2\/tags?post=513"}],"curies":[{"name":"wp","href":"https:\/\/api.w.org\/{rel}","templated":true}]}}