{"id":503,"date":"2016-11-28T16:26:14","date_gmt":"2016-11-28T14:26:14","guid":{"rendered":"https:\/\/baumkletterschule.de\/cms\/?page_id=503"},"modified":"2026-02-20T17:07:08","modified_gmt":"2026-02-20T16:07:08","slug":"kronensicherung","status":"publish","type":"page","link":"https:\/\/baumkletterschule.de\/cms\/kursinfo\/baumpflege\/kronensicherung\/","title":{"rendered":"Fachgerecht Baumkronen sichern"},"content":{"rendered":"<p lang=\"de-DE\">Gr\u00f6\u00dfere Baumdefekte erfordern h\u00e4ufig Sicherungsma\u00dfnahmen. Entscheidet man sich f\u00fcr den Schnitt, den Einbau einer Kronensicherung oder eine Kom\u00adbination beider M\u00f6glichkeiten? Das ist erst eine von vielen Fragen, deren Be\u00adantwortung dieser Kurs erleichtern soll. Auch hier wird mit der Beurteilung von Sch\u00e4den am Baum begonnen:<\/p>\n<ul>\n<li>Welche Sch\u00e4den am Baum erfordern den Einbau einer Kronensicherung?<\/li>\n<li>Wo baut man die Sicherung ein?<\/li>\n<li>Soll sie sich dehnen oder nicht?<\/li>\n<li>Wie stark muss die Sicherung sein?<\/li>\n<li>Muss sie in mehreren Ebenen einge\u00adbaut werden?<\/li>\n<\/ul>\n<p>All diese Themen werden Ihnen im Ein\u00adklang mit den aktuellen Regelungen der ZTV-Baumpflege nahe gebracht. An\u00adschlie\u00dfend bekommen Sie einen \u00dcber\u00adblick \u00fcber alle derzeit am Markt ange\u00adbotenen Produkte. Sie werden lernen, wof\u00fcr sich welche Kronensicherung eig\u00adnet und wie die verschiedenen Systeme eingebaut werden. Eint\u00e4giger Workshop mit anschaulicher Theorieeinf\u00fchrung, auch Nichtkletterer sind willkommen.<\/p>\n<p>&nbsp;<\/p>\n<p style=\"text-align: center;\"><a class=\"Termine_und_Buchung\" href=\"https:\/\/buchung.baumkletterschule.de\/?rq_AppGuid=5E5C0C601B319D20997007E3327904420CC3B98C&amp;rq_TargetPageGuid=571D5772177FC7D5D3DE78309A57E877C24AE10C&amp;rq_kurstyp=3132&amp;rq_Layout=MBKS_Website\">Termine und Buchung<\/a> \u00a0\u00a0\u00a0\u00a0\u00a0\u00a0\u00a0\u00a0\u00a0\u00a0\u00a0\u00a0\u00a0\u00a0\u00a0\u00a0\u00a0\u00a0\u00a0\u00a0\u00a0\u00a0\u00a0\u00a0\u00a0\u00a0 <a class=\"Termine_und_Buchung\" href=\"mailto:info@baumkletterschule.de\">als Interessent registrieren<\/a><\/p>\n<div class=\"links\">\n<p>&nbsp;<\/p>\n<p style=\"text-align: left;\"><strong>Voraussetzungen:<\/strong>\u00a0 keine<\/p>\n<\/div>\n<div class=\"links\" style=\"text-align: left;\">\n<p><strong>Dauer:<\/strong>\u00a0 1 Tag<\/p>\n<p>&nbsp;<\/p>\n<p><strong>TIPP:<\/strong> <strong>Ihre Ausr\u00fcstung f\u00fcr die Kronensicherung erhalten Sie bei unserem Ausr\u00fcstungspartner:<\/strong><a href=\"https:\/\/shop.freeworker.de\/baumpflege\/kronensicherung.html\"><img loading=\"lazy\" decoding=\"async\" class=\"wp-image-8085 aligncenter\" src=\"https:\/\/baumkletterschule.de\/cms\/wp-content\/uploads\/2023\/08\/230823-Logo-Freeworker_224x224px-002.jpg\" alt=\"\" width=\"120\" height=\"70\" \/><\/a><\/p>\n<\/div>\n<div><\/div>\n<h2><\/h2>\n<h2>Weitere Informationen<\/h2>\n<ul class=\"zweispaltig\">\n<li>Allgemeine Kursinformationen<\/li>\n<li><a href=\"https:\/\/baumkletterschule.de\/cms\/wp-content\/uploads\/2019\/11\/Dokument-B-Kursprogramm_KS.pdf\">Kursprogramm<\/a><\/li>\n<li><a href=\"https:\/\/baumkletterschule.de\/cms\/wp-content\/uploads\/2024\/11\/241120-Flyer-Ruecktrittskosten-Versicherung.pdf\">Kursr\u00fccktrittsversicherung<\/a><\/li>\n<li style=\"display: none;\"><a href=\"https:\/\/baumkletterschule.de\/cms\/wp-content\/uploads\/2019\/11\/KS.pdf\">Fax-Buchungsformular<\/a><\/li>\n<\/ul>\n<div id=\"envira-gallery-wrap-506\" class=\"envira-gallery-wrap envira-gallery-theme-base envira-lightbox-theme-base\" itemscope itemtype=\"https:\/\/schema.org\/ImageGallery\"><div data-row-height=\"150\" data-gallery-theme=\"normal\" id=\"envira-gallery-506\" class=\"envira-gallery-public envira-gallery-justified-public envira-gallery-0-columns envira-clear enviratope envira-gallery-css-animations\" data-envira-columns=\"0\"><div id=\"envira-gallery-item-317\" class=\"envira-gallery-item enviratope-item envira-gallery-item-1\" style=\"padding-left: 5px; padding-bottom: 10px; padding-right: 5px;\"  itemscope itemtype=\"https:\/\/schema.org\/ImageObject\"><div class=\"envira-gallery-item-inner\"><div class=\"envira-gallery-position-overlay  envira-gallery-top-left\"><\/div><div class=\"envira-gallery-position-overlay  envira-gallery-top-right\"><\/div><div class=\"envira-gallery-position-overlay  envira-gallery-bottom-left\"><\/div><div class=\"envira-gallery-position-overlay  envira-gallery-bottom-right\"><\/div><a href=\"https:\/\/baumkletterschule.de\/cms\/wp-content\/uploads\/2016\/11\/Kronensicherung_1_web.jpg\" class=\"envira-gallery-506 envira-gallery-link\" rel=\"enviragallery506\" title=\"Kronensicherung\" data-envira-caption=\"Kronensicherung\" data-envira-retina=\"\" data-thumbnail=\"\"  itemprop=\"contentUrl\"><img decoding=\"async\" id=\"envira-gallery-image-317\" class=\"envira-gallery-image envira-gallery-image-1 envira-normal \" data-envira-index=\"1\" src=\"https:\/\/baumkletterschule.de\/cms\/wp-content\/uploads\/2016\/11\/Kronensicherung_1_web-724x1024-640x480.jpg\" data-envira-src=\"https:\/\/baumkletterschule.de\/cms\/wp-content\/uploads\/2016\/11\/Kronensicherung_1_web-724x1024-640x480.jpg\" data-envira-gallery-id=\"506\" data-envira-item-id=\"317\" data-envira-caption=\"Kronensicherung\" alt=\"Kronensicherung\" title=\"Kronensicherung\"  itemprop=\"thumbnailUrl\" data-envira-srcset=\"https:\/\/baumkletterschule.de\/cms\/wp-content\/uploads\/2016\/11\/Kronensicherung_1_web-724x1024-640x480.jpg 400w,https:\/\/baumkletterschule.de\/cms\/wp-content\/uploads\/2016\/11\/Kronensicherung_1_web-724x1024-640x480.jpg 2x\" data-envira-width=\"212\" data-envira-height=\"300\" srcset=\"https:\/\/baumkletterschule.de\/cms\/wp-content\/uploads\/2016\/11\/Kronensicherung_1_web-1280x960.jpg 2x\" data-safe-src=\"https:\/\/baumkletterschule.de\/cms\/wp-content\/uploads\/2016\/11\/Kronensicherung_1_web-724x1024-640x480.jpg\" \/><\/a><\/div><\/div><div id=\"envira-gallery-item-302\" class=\"envira-gallery-item enviratope-item envira-gallery-item-2\" style=\"padding-left: 5px; padding-bottom: 10px; padding-right: 5px;\"  itemscope itemtype=\"https:\/\/schema.org\/ImageObject\"><div class=\"envira-gallery-item-inner\"><div class=\"envira-gallery-position-overlay  envira-gallery-top-left\"><\/div><div class=\"envira-gallery-position-overlay  envira-gallery-top-right\"><\/div><div class=\"envira-gallery-position-overlay  envira-gallery-bottom-left\"><\/div><div class=\"envira-gallery-position-overlay  envira-gallery-bottom-right\"><\/div><a href=\"https:\/\/baumkletterschule.de\/cms\/wp-content\/uploads\/2016\/11\/P1040383.jpg\" class=\"envira-gallery-506 envira-gallery-link\" rel=\"enviragallery506\" title=\"Kronensicherung\" data-envira-caption=\"Kronensicherung\" data-envira-retina=\"\" data-thumbnail=\"\"  itemprop=\"contentUrl\"><img decoding=\"async\" id=\"envira-gallery-image-302\" class=\"envira-gallery-image envira-gallery-image-2 envira-normal \" data-envira-index=\"2\" src=\"https:\/\/baumkletterschule.de\/cms\/wp-content\/uploads\/2016\/11\/P1040383-1024x768-640x480.jpg\" data-envira-src=\"https:\/\/baumkletterschule.de\/cms\/wp-content\/uploads\/2016\/11\/P1040383-1024x768-640x480.jpg\" data-envira-gallery-id=\"506\" data-envira-item-id=\"302\" data-envira-caption=\"Kronensicherung\" alt=\"Kronensicherung\" title=\"Kronensicherung\"  itemprop=\"thumbnailUrl\" data-envira-srcset=\"https:\/\/baumkletterschule.de\/cms\/wp-content\/uploads\/2016\/11\/P1040383-1024x768-640x480.jpg 400w,https:\/\/baumkletterschule.de\/cms\/wp-content\/uploads\/2016\/11\/P1040383-1024x768-640x480.jpg 2x\" data-envira-width=\"300\" data-envira-height=\"225\" srcset=\"https:\/\/baumkletterschule.de\/cms\/wp-content\/uploads\/2016\/11\/P1040383-1280x960.jpg 2x\" data-safe-src=\"https:\/\/baumkletterschule.de\/cms\/wp-content\/uploads\/2016\/11\/P1040383-1024x768-640x480.jpg\" \/><\/a><\/div><\/div><div id=\"envira-gallery-item-286\" class=\"envira-gallery-item enviratope-item envira-gallery-item-3\" style=\"padding-left: 5px; padding-bottom: 10px; padding-right: 5px;\"  itemscope itemtype=\"https:\/\/schema.org\/ImageObject\"><div class=\"envira-gallery-item-inner\"><div class=\"envira-gallery-position-overlay  envira-gallery-top-left\"><\/div><div class=\"envira-gallery-position-overlay  envira-gallery-top-right\"><\/div><div class=\"envira-gallery-position-overlay  envira-gallery-bottom-left\"><\/div><div class=\"envira-gallery-position-overlay  envira-gallery-bottom-right\"><\/div><a href=\"https:\/\/baumkletterschule.de\/cms\/wp-content\/uploads\/2016\/11\/20151101_143012.jpg\" class=\"envira-gallery-506 envira-gallery-link\" rel=\"enviragallery506\" title=\"Kronensicherung\" data-envira-caption=\"Kronensicherung\" data-envira-retina=\"\" data-thumbnail=\"\"  itemprop=\"contentUrl\"><img decoding=\"async\" id=\"envira-gallery-image-286\" class=\"envira-gallery-image envira-gallery-image-3 envira-normal \" data-envira-index=\"3\" src=\"https:\/\/baumkletterschule.de\/cms\/wp-content\/uploads\/2016\/11\/20151101_143012-1024x576-640x480.jpg\" data-envira-src=\"https:\/\/baumkletterschule.de\/cms\/wp-content\/uploads\/2016\/11\/20151101_143012-1024x576-640x480.jpg\" data-envira-gallery-id=\"506\" data-envira-item-id=\"286\" data-envira-caption=\"Kronensicherung\" alt=\"Kronensicherung\" title=\"Kronensicherung\"  itemprop=\"thumbnailUrl\" data-envira-srcset=\"https:\/\/baumkletterschule.de\/cms\/wp-content\/uploads\/2016\/11\/20151101_143012-1024x576-640x480.jpg 400w,https:\/\/baumkletterschule.de\/cms\/wp-content\/uploads\/2016\/11\/20151101_143012-1024x576-640x480.jpg 2x\" data-envira-width=\"300\" data-envira-height=\"169\" srcset=\"https:\/\/baumkletterschule.de\/cms\/wp-content\/uploads\/2016\/11\/20151101_143012-1280x960.jpg 2x\" data-safe-src=\"https:\/\/baumkletterschule.de\/cms\/wp-content\/uploads\/2016\/11\/20151101_143012-1024x576-640x480.jpg\" \/><\/a><\/div><\/div><div id=\"envira-gallery-item-100\" class=\"envira-gallery-item enviratope-item envira-gallery-item-4\" style=\"padding-left: 5px; padding-bottom: 10px; padding-right: 5px;\"  itemscope itemtype=\"https:\/\/schema.org\/ImageObject\"><div class=\"envira-gallery-item-inner\"><div class=\"envira-gallery-position-overlay  envira-gallery-top-left\"><\/div><div class=\"envira-gallery-position-overlay  envira-gallery-top-right\"><\/div><div class=\"envira-gallery-position-overlay  envira-gallery-bottom-left\"><\/div><div class=\"envira-gallery-position-overlay  envira-gallery-bottom-right\"><\/div><a href=\"https:\/\/baumkletterschule.de\/cms\/wp-content\/uploads\/2016\/11\/2011_01_14_ammersee_skt-a_58.jpg\" class=\"envira-gallery-506 envira-gallery-link\" rel=\"enviragallery506\" title=\"Kronensicherung\" data-envira-caption=\"Kronensicherung\" data-envira-retina=\"\" data-thumbnail=\"\"  itemprop=\"contentUrl\"><img decoding=\"async\" id=\"envira-gallery-image-100\" class=\"envira-gallery-image envira-gallery-image-4 envira-normal \" data-envira-index=\"4\" src=\"https:\/\/baumkletterschule.de\/cms\/wp-content\/uploads\/2016\/11\/2011_01_14_ammersee_skt-a_58-1024x683-640x480.jpg\" data-envira-src=\"https:\/\/baumkletterschule.de\/cms\/wp-content\/uploads\/2016\/11\/2011_01_14_ammersee_skt-a_58-1024x683-640x480.jpg\" data-envira-gallery-id=\"506\" data-envira-item-id=\"100\" data-envira-caption=\"Kronensicherung\" alt=\"Kronensicherung\" title=\"Kronensicherung\"  itemprop=\"thumbnailUrl\" data-envira-srcset=\"https:\/\/baumkletterschule.de\/cms\/wp-content\/uploads\/2016\/11\/2011_01_14_ammersee_skt-a_58-1024x683-640x480.jpg 400w,https:\/\/baumkletterschule.de\/cms\/wp-content\/uploads\/2016\/11\/2011_01_14_ammersee_skt-a_58-1024x683-640x480.jpg 2x\" data-envira-width=\"300\" data-envira-height=\"200\" srcset=\"https:\/\/baumkletterschule.de\/cms\/wp-content\/uploads\/2016\/11\/2011_01_14_ammersee_skt-a_58-1280x960.jpg 2x\" data-safe-src=\"https:\/\/baumkletterschule.de\/cms\/wp-content\/uploads\/2016\/11\/2011_01_14_ammersee_skt-a_58-1024x683-640x480.jpg\" \/><\/a><\/div><\/div><\/div><\/div><noscript><img decoding=\"async\" src=\"https:\/\/baumkletterschule.de\/cms\/wp-content\/uploads\/2016\/11\/Kronensicherung_1_web.jpg\" alt=\"Kronensicherung\" \/><img decoding=\"async\" src=\"https:\/\/baumkletterschule.de\/cms\/wp-content\/uploads\/2016\/11\/P1040383.jpg\" alt=\"Kronensicherung\" \/><img decoding=\"async\" src=\"https:\/\/baumkletterschule.de\/cms\/wp-content\/uploads\/2016\/11\/20151101_143012.jpg\" alt=\"Kronensicherung\" \/><img decoding=\"async\" src=\"https:\/\/baumkletterschule.de\/cms\/wp-content\/uploads\/2016\/11\/2011_01_14_ammersee_skt-a_58.jpg\" alt=\"Kronensicherung\" \/><\/noscript>\n","protected":false},"excerpt":{"rendered":"<p>Gr\u00f6\u00dfere Baumdefekte erfordern h\u00e4ufig Sicherungsma\u00dfnahmen. Entscheidet man sich f\u00fcr den Schnitt, den Einbau einer Kronensicherung oder eine Kom\u00adbination beider M\u00f6glichkeiten? Das ist erst eine von vielen Fragen, deren Be\u00adantwortung dieser &#8230;<\/p>\n","protected":false},"author":6,"featured_media":0,"parent":15,"menu_order":0,"comment_status":"closed","ping_status":"closed","template":"template-full-width.php","meta":{"footnotes":""},"categories":[],"tags":[],"class_list":["post-503","page","type-page","status-publish","hentry"],"aioseo_notices":[],"_links":{"self":[{"href":"https:\/\/baumkletterschule.de\/cms\/wp-json\/wp\/v2\/pages\/503","targetHints":{"allow":["GET"]}}],"collection":[{"href":"https:\/\/baumkletterschule.de\/cms\/wp-json\/wp\/v2\/pages"}],"about":[{"href":"https:\/\/baumkletterschule.de\/cms\/wp-json\/wp\/v2\/types\/page"}],"author":[{"embeddable":true,"href":"https:\/\/baumkletterschule.de\/cms\/wp-json\/wp\/v2\/users\/6"}],"replies":[{"embeddable":true,"href":"https:\/\/baumkletterschule.de\/cms\/wp-json\/wp\/v2\/comments?post=503"}],"version-history":[{"count":33,"href":"https:\/\/baumkletterschule.de\/cms\/wp-json\/wp\/v2\/pages\/503\/revisions"}],"predecessor-version":[{"id":10426,"href":"https:\/\/baumkletterschule.de\/cms\/wp-json\/wp\/v2\/pages\/503\/revisions\/10426"}],"up":[{"embeddable":true,"href":"https:\/\/baumkletterschule.de\/cms\/wp-json\/wp\/v2\/pages\/15"}],"wp:attachment":[{"href":"https:\/\/baumkletterschule.de\/cms\/wp-json\/wp\/v2\/media?parent=503"}],"wp:term":[{"taxonomy":"category","embeddable":true,"href":"https:\/\/baumkletterschule.de\/cms\/wp-json\/wp\/v2\/categories?post=503"},{"taxonomy":"post_tag","embeddable":true,"href":"https:\/\/baumkletterschule.de\/cms\/wp-json\/wp\/v2\/tags?post=503"}],"curies":[{"name":"wp","href":"https:\/\/api.w.org\/{rel}","templated":true}]}}