{"id":487,"date":"2016-11-28T14:18:54","date_gmt":"2016-11-28T12:18:54","guid":{"rendered":"https:\/\/baumkletterschule.de\/cms\/?page_id=487"},"modified":"2026-03-30T13:51:15","modified_gmt":"2026-03-30T11:51:15","slug":"baumschnitt","status":"publish","type":"page","link":"https:\/\/baumkletterschule.de\/cms\/kursinfo\/baumpflege\/baumschnitt\/","title":{"rendered":"Fachgerechter Baumschnitt"},"content":{"rendered":"<p lang=\"de-DE\">Ihr Baumverst\u00e4ndnis ist geweckt, Sie erkennen und beurteilen Schadsymptome qualifiziert: Der erste Schritt ist getan. Doch dann kommt die Er\u00adn\u00fcchterung: Sie h\u00e4ngen in einem gro\u00dfen Baum und wissen nicht so recht, wo Sie denn nun genau schnei\u00adden sollen. Jeder Neueinsteiger kennt dieses Gef\u00fchl. Es gibt schon zu viele B\u00e4ume, die aus Angst oder Unwissen zu \u201eKleiderst\u00e4ndern\u201c verunstaltet wur\u00adden, andererseits soll aber so viel geschnitten werden, dass hinterher die Verkehrssicherheit gew\u00e4hrleistet ist. Das zweit\u00e4gige Kursangebot soll Ihnen im und am Baum mehr Sicherheit in Ihren Entscheidungen geben.<\/p>\n<h5>Fachgerechter Baumschnitt in Theorie und Praxis<\/h5>\n<p lang=\"de-DE\">Am ersten Tag werden Ihnen die Regeln der Schnittf\u00fchrung und des Schnittzeit\u00adpunktes, sowie die Besonderheiten der einzelnen Baumarten vermittelt. Besonderer Fokus wird auf die Verkehrssicherheit gelegt. Eine Exkursion am Nachmittag rundet den Theorietag ab. Am zweiten Tag werden Sie selbst Hand anlegen und anhand einer konkreten Situation die notwendigen Ma\u00dfnahmen pla\u00adnen und unter fachkundiger Anleitung durchf\u00fchren. Nach diesen beiden Tagen werden Sie in der Lage sein, Schnittma\u00dfnahmen nach den Vorgaben der <a title=\"Freeworker-Shop: ZTV-Baumpflege\" href=\"https:\/\/shop.freeworker.de\/ztv-baumpflege-2017.html\" target=\"_blank\" rel=\"nofollow noopener noreferrer\">aktuellen ZTV-Baumpflege<\/a> selbst\u00e4ndig auszuf\u00fchren.<\/p>\n<h6>Theorie (1 Tag)<\/h6>\n<p lang=\"de-DE\">Der Theorietag liefert die Grundlage f\u00fcr das Verst\u00e4ndnis eines fachgerechten Baumschnitts. Wie ist die optimale Schnittf\u00fchrung und welche Auswir\u00adkungen sind zu erwarten? Anhand von Beispielen lassen sich positive und ne\u00adgative Auswirkungen aufzeigen. Die vielf\u00e4ltigen Einfl\u00fcsse, die hinzukom\u00admen, werden beleuchtet und benannt. Es werden Literaturempfehlungen ge\u00adgeben und das Seminar l\u00e4sst Raum f\u00fcr Fragen und Diskussionen.<\/p>\n<p lang=\"de-DE\">Dieser Theorietag ist als Modul 3 (Baumpflege) des <a title=\"Kursinfo: FLL-zertifizierte*r Baumkontrolleur*in\" href=\"..\/..\/baumkontrolleur\/\" target=\"_blank\" rel=\"noopener\">FLL-zertifizierten Baumkontrolleurs<\/a> anrechenbar.<\/p>\n<h6>Praxis (1 Tag)<\/h6>\n<p lang=\"de-DE\">Im Mittelpunkt des Praxiskurses steht die ZTV-Baumpflege. Schnittma\u00dfnah\u00admen, die darin beschrieben sind, sollen in der Praxis umgesetzt werden. Das erweist sich h\u00e4ufig schwieriger als ge\u00addacht. Zusammen mit einem erfah\u00adrenen Baumpfleger werden die Schnitt\u00adma\u00dfnahmen vor Beginn der Arbeit er\u00ad\u00f6rtert und dann gemeinsam festgelegt. Nach getaner Arbeit wird das Ergebnis kritisch unter die Lupe genommen. Ein Kurs, der sich den Fragestellungen im Alltag eines angehenden Baumpflegers stellt. Wer bereits erfahren ist, nutzt die Gelegenheit sich zu nivellieren.<\/p>\n<p style=\"text-align: center;\"><a class=\"Termine_und_Buchung\" href=\"https:\/\/buchung.baumkletterschule.de\/?rq_AppGuid=5E5C0C601B319D20997007E3327904420CC3B98C&amp;rq_TargetPageGuid=571D5772177FC7D5D3DE78309A57E877C24AE10C&amp;rq_kurstyp=3131&amp;rq_Layout=MBKS_Website\">Termine und Buchung<\/a><\/p>\n<div class=\"links\">\n<h5>Voraussetzungen<\/h5>\n<ul>\n<li style=\"list-style-type: none;\">\n<ul>\n<li>SKT A-Zertifikat<\/li>\n<li>PSA-gepr\u00fcfte Kletterausr\u00fcstung<\/li>\n<li>Ersthelferkurs mit 9 Unterrichtseinheiten (nicht \u00e4lter als zwei Jahre)<\/li>\n<li>Nachweis der k\u00f6rperlichen und geistigen Eignung bzw. Tauglichkeit f\u00fcr \u201e<strong>gef\u00e4hrliche Baumarbeiten\u201c<\/strong>\u00a0und \u201e<strong>Arbeiten<\/strong>\u00a0<strong>mit Absturzgefahr\u201c\u00a0<\/strong>durch einen Arbeits- oder Betriebsmediziner.<em><br \/>\nDie Eignungsuntersuchungen werden von der Sozialversicherung f\u00fcr Landwirtschaft, Forsten und Gartenbau (SVLFG) als Zulassungsvoraussetzungen gefordert und sind somit f\u00fcr uns als begutachtete Schule bindend. (\u00a7 2 der VSG 4.2 \u201eGartenbau, Obstbau und Parkanlagen\u201c bzw. \u00a7 1 der VSG 4.3 \u201eForsten\u201c).<\/em><\/li>\n<\/ul>\n<\/li>\n<\/ul>\n<\/div>\n<h5>Weitere Informationen<\/h5>\n<ul class=\"zweispaltig\">\n<li>Allgemeine Kursinformationen<\/li>\n<li><a href=\"https:\/\/baumkletterschule.de\/cms\/wp-content\/uploads\/2019\/11\/Dokument-B-Kursprogramm_FBS.pdf\">Kursprogramm<\/a><\/li>\n<li><a href=\"https:\/\/baumkletterschule.de\/cms\/wp-content\/uploads\/2019\/11\/Dokument-C_5Kursr\u00fccktrittsversicherung.pdf\">Kursr\u00fccktrittsversicherung<\/a><\/li>\n<li style=\"display: none;\"><a href=\"https:\/\/baumkletterschule.de\/cms\/wp-content\/uploads\/2019\/11\/FBS.pdf\">Fax-Buchungsformular<\/a><\/li>\n<li><a href=\"https:\/\/baumkletterschule.de\/cms\/wp-content\/uploads\/2025\/11\/251125-b45-broschuere-arbeitsmedizinische-vorsorge.pdf\">B45-broschuere-arbeitsmedizinische-vorsorge<\/a><\/li>\n<\/ul>\n<div id=\"envira-gallery-wrap-492\" class=\"envira-gallery-wrap envira-gallery-theme-base envira-lightbox-theme-base\" itemscope itemtype=\"https:\/\/schema.org\/ImageGallery\"><div data-row-height=\"150\" data-gallery-theme=\"normal\" id=\"envira-gallery-492\" class=\"envira-gallery-public envira-gallery-justified-public envira-gallery-0-columns envira-clear enviratope envira-gallery-css-animations\" data-envira-columns=\"0\"><div id=\"envira-gallery-item-136\" class=\"envira-gallery-item enviratope-item envira-gallery-item-1\" style=\"padding-left: 5px; padding-bottom: 10px; padding-right: 5px;\"  itemscope itemtype=\"https:\/\/schema.org\/ImageObject\"><div class=\"envira-gallery-item-inner\"><div class=\"envira-gallery-position-overlay  envira-gallery-top-left\"><\/div><div class=\"envira-gallery-position-overlay  envira-gallery-top-right\"><\/div><div class=\"envira-gallery-position-overlay  envira-gallery-bottom-left\"><\/div><div class=\"envira-gallery-position-overlay  envira-gallery-bottom-right\"><\/div><a href=\"https:\/\/baumkletterschule.de\/cms\/wp-content\/uploads\/2016\/11\/BKO5.jpg\" class=\"envira-gallery-492 envira-gallery-link\" rel=\"enviragallery492\" title=\"Baumschnitt\" data-envira-caption=\"Baumschnitt\" data-envira-retina=\"\" data-thumbnail=\"\"  itemprop=\"contentUrl\"><img decoding=\"async\" id=\"envira-gallery-image-136\" class=\"envira-gallery-image envira-gallery-image-1 envira-normal \" data-envira-index=\"1\" src=\"https:\/\/baumkletterschule.de\/cms\/wp-content\/uploads\/2016\/11\/BKO5-1024x768-640x480.jpg\" data-envira-src=\"https:\/\/baumkletterschule.de\/cms\/wp-content\/uploads\/2016\/11\/BKO5-1024x768-640x480.jpg\" data-envira-gallery-id=\"492\" data-envira-item-id=\"136\" data-envira-caption=\"Baumschnitt\" alt=\"Baumschnitt\" title=\"Baumschnitt\"  itemprop=\"thumbnailUrl\" data-envira-srcset=\"https:\/\/baumkletterschule.de\/cms\/wp-content\/uploads\/2016\/11\/BKO5-1024x768-640x480.jpg 400w,https:\/\/baumkletterschule.de\/cms\/wp-content\/uploads\/2016\/11\/BKO5-1024x768-640x480.jpg 2x\" data-envira-width=\"300\" data-envira-height=\"225\" srcset=\"https:\/\/baumkletterschule.de\/cms\/wp-content\/uploads\/2016\/11\/BKO5-1280x960.jpg 2x\" data-safe-src=\"https:\/\/baumkletterschule.de\/cms\/wp-content\/uploads\/2016\/11\/BKO5-1024x768-640x480.jpg\" \/><\/a><\/div><\/div><div id=\"envira-gallery-item-153\" class=\"envira-gallery-item enviratope-item envira-gallery-item-2\" style=\"padding-left: 5px; padding-bottom: 10px; padding-right: 5px;\"  itemscope itemtype=\"https:\/\/schema.org\/ImageObject\"><div class=\"envira-gallery-item-inner\"><div class=\"envira-gallery-position-overlay  envira-gallery-top-left\"><\/div><div class=\"envira-gallery-position-overlay  envira-gallery-top-right\"><\/div><div class=\"envira-gallery-position-overlay  envira-gallery-bottom-left\"><\/div><div class=\"envira-gallery-position-overlay  envira-gallery-bottom-right\"><\/div><a href=\"https:\/\/baumkletterschule.de\/cms\/wp-content\/uploads\/2016\/11\/Holz_1.jpg\" class=\"envira-gallery-492 envira-gallery-link\" rel=\"enviragallery492\" title=\"Baumschnitt\" data-envira-caption=\"Baumschnitt\" data-envira-retina=\"\" data-thumbnail=\"\"  itemprop=\"contentUrl\"><img decoding=\"async\" id=\"envira-gallery-image-153\" class=\"envira-gallery-image envira-gallery-image-2 envira-normal \" data-envira-index=\"2\" src=\"https:\/\/baumkletterschule.de\/cms\/wp-content\/uploads\/2016\/11\/Holz_1-1024x768-640x480.jpg\" data-envira-src=\"https:\/\/baumkletterschule.de\/cms\/wp-content\/uploads\/2016\/11\/Holz_1-1024x768-640x480.jpg\" data-envira-gallery-id=\"492\" data-envira-item-id=\"153\" data-envira-caption=\"Baumschnitt\" alt=\"Baumschnitt\" title=\"Baumschnitt\"  itemprop=\"thumbnailUrl\" data-envira-srcset=\"https:\/\/baumkletterschule.de\/cms\/wp-content\/uploads\/2016\/11\/Holz_1-1024x768-640x480.jpg 400w,https:\/\/baumkletterschule.de\/cms\/wp-content\/uploads\/2016\/11\/Holz_1-1024x768-640x480.jpg 2x\" data-envira-width=\"300\" data-envira-height=\"225\" srcset=\"https:\/\/baumkletterschule.de\/cms\/wp-content\/uploads\/2016\/11\/Holz_1-1280x960.jpg 2x\" data-safe-src=\"https:\/\/baumkletterschule.de\/cms\/wp-content\/uploads\/2016\/11\/Holz_1-1024x768-640x480.jpg\" \/><\/a><\/div><\/div><div id=\"envira-gallery-item-286\" class=\"envira-gallery-item enviratope-item envira-gallery-item-3\" style=\"padding-left: 5px; padding-bottom: 10px; padding-right: 5px;\"  itemscope itemtype=\"https:\/\/schema.org\/ImageObject\"><div class=\"envira-gallery-item-inner\"><div class=\"envira-gallery-position-overlay  envira-gallery-top-left\"><\/div><div class=\"envira-gallery-position-overlay  envira-gallery-top-right\"><\/div><div class=\"envira-gallery-position-overlay  envira-gallery-bottom-left\"><\/div><div class=\"envira-gallery-position-overlay  envira-gallery-bottom-right\"><\/div><a href=\"https:\/\/baumkletterschule.de\/cms\/wp-content\/uploads\/2016\/11\/20151101_143012.jpg\" class=\"envira-gallery-492 envira-gallery-link\" rel=\"enviragallery492\" title=\"Baumschnitt\" data-envira-caption=\"Baumschnitt\" data-envira-retina=\"\" data-thumbnail=\"\"  itemprop=\"contentUrl\"><img decoding=\"async\" id=\"envira-gallery-image-286\" class=\"envira-gallery-image envira-gallery-image-3 envira-normal \" data-envira-index=\"3\" src=\"https:\/\/baumkletterschule.de\/cms\/wp-content\/uploads\/2016\/11\/20151101_143012-1024x576-640x480.jpg\" data-envira-src=\"https:\/\/baumkletterschule.de\/cms\/wp-content\/uploads\/2016\/11\/20151101_143012-1024x576-640x480.jpg\" data-envira-gallery-id=\"492\" data-envira-item-id=\"286\" data-envira-caption=\"Baumschnitt\" alt=\"Baumschnitt\" title=\"Baumschnitt\"  itemprop=\"thumbnailUrl\" data-envira-srcset=\"https:\/\/baumkletterschule.de\/cms\/wp-content\/uploads\/2016\/11\/20151101_143012-1024x576-640x480.jpg 400w,https:\/\/baumkletterschule.de\/cms\/wp-content\/uploads\/2016\/11\/20151101_143012-1024x576-640x480.jpg 2x\" data-envira-width=\"300\" data-envira-height=\"169\" srcset=\"https:\/\/baumkletterschule.de\/cms\/wp-content\/uploads\/2016\/11\/20151101_143012-1280x960.jpg 2x\" data-safe-src=\"https:\/\/baumkletterschule.de\/cms\/wp-content\/uploads\/2016\/11\/20151101_143012-1024x576-640x480.jpg\" \/><\/a><\/div><\/div><\/div><\/div><noscript><img decoding=\"async\" src=\"https:\/\/baumkletterschule.de\/cms\/wp-content\/uploads\/2016\/11\/BKO5.jpg\" alt=\"Baumschnitt\" \/><img decoding=\"async\" src=\"https:\/\/baumkletterschule.de\/cms\/wp-content\/uploads\/2016\/11\/Holz_1.jpg\" alt=\"Baumschnitt\" \/><img decoding=\"async\" src=\"https:\/\/baumkletterschule.de\/cms\/wp-content\/uploads\/2016\/11\/20151101_143012.jpg\" alt=\"Baumschnitt\" \/><\/noscript>\n","protected":false},"excerpt":{"rendered":"<p>Ihr Baumverst\u00e4ndnis ist geweckt, Sie erkennen und beurteilen Schadsymptome qualifiziert: Der erste Schritt ist getan. Doch dann kommt die Er\u00adn\u00fcchterung: Sie h\u00e4ngen in einem gro\u00dfen Baum und wissen nicht so &#8230;<\/p>\n","protected":false},"author":6,"featured_media":0,"parent":15,"menu_order":0,"comment_status":"closed","ping_status":"closed","template":"template-full-width.php","meta":{"footnotes":""},"categories":[],"tags":[],"class_list":["post-487","page","type-page","status-publish","hentry"],"aioseo_notices":[],"_links":{"self":[{"href":"https:\/\/baumkletterschule.de\/cms\/wp-json\/wp\/v2\/pages\/487","targetHints":{"allow":["GET"]}}],"collection":[{"href":"https:\/\/baumkletterschule.de\/cms\/wp-json\/wp\/v2\/pages"}],"about":[{"href":"https:\/\/baumkletterschule.de\/cms\/wp-json\/wp\/v2\/types\/page"}],"author":[{"embeddable":true,"href":"https:\/\/baumkletterschule.de\/cms\/wp-json\/wp\/v2\/users\/6"}],"replies":[{"embeddable":true,"href":"https:\/\/baumkletterschule.de\/cms\/wp-json\/wp\/v2\/comments?post=487"}],"version-history":[{"count":29,"href":"https:\/\/baumkletterschule.de\/cms\/wp-json\/wp\/v2\/pages\/487\/revisions"}],"predecessor-version":[{"id":10497,"href":"https:\/\/baumkletterschule.de\/cms\/wp-json\/wp\/v2\/pages\/487\/revisions\/10497"}],"up":[{"embeddable":true,"href":"https:\/\/baumkletterschule.de\/cms\/wp-json\/wp\/v2\/pages\/15"}],"wp:attachment":[{"href":"https:\/\/baumkletterschule.de\/cms\/wp-json\/wp\/v2\/media?parent=487"}],"wp:term":[{"taxonomy":"category","embeddable":true,"href":"https:\/\/baumkletterschule.de\/cms\/wp-json\/wp\/v2\/categories?post=487"},{"taxonomy":"post_tag","embeddable":true,"href":"https:\/\/baumkletterschule.de\/cms\/wp-json\/wp\/v2\/tags?post=487"}],"curies":[{"name":"wp","href":"https:\/\/api.w.org\/{rel}","templated":true}]}}