{"id":470,"date":"2016-11-24T17:34:47","date_gmt":"2016-11-24T15:34:47","guid":{"rendered":"https:\/\/baumkletterschule.de\/cms\/?page_id=470"},"modified":"2026-03-30T13:49:27","modified_gmt":"2026-03-30T11:49:27","slug":"sicherung-saatguternte","status":"publish","type":"page","link":"https:\/\/baumkletterschule.de\/cms\/kursinfo\/kletterkurse\/sicherung-saatguternte\/","title":{"rendered":"Sicherungstechniken f\u00fcr Saatguternte"},"content":{"rendered":"<h5><em>sicher \u00fcber dem Ankerpunkt<\/em><\/h5>\n<p lang=\"de-DE\">Schwerpunkt dieses Kurses ist die Saatguternte in Nadelb\u00e4umen. Der Seileinbau und der Aufstieg am stehenden Seil bilden den Anfang. Kernst\u00fcck ist die Sicherungs- und Arbeitstechnik oberhalb des Ankerpunktes mit entsprechenden Vorkehrungen gegen die Gefahren des Wipfelbruchs. Au\u00dferdem wird die Rettung eines verletzten Kollegen ge\u00fcbt. Wir frischen die Techniken f\u00fcr den Laubbaum auf, die im Wesentlichen aus dem <a title=\"Kursinfo: SKT A - Basiskurs Baumklettern\" href=\"https:\/\/baumkletterschule.de\/cms\/kursinfo\/kletterkurse\/skt-a\/\">SKT A-Kurs<\/a> bekannt sind. Abgerundet wird das Programm durch einen Theorieblock zum Saatgut und zum <a title=\"Gesetzestext: Forstvermehrungsgutgesetz\" href=\"https:\/\/www.gesetze-im-internet.de\/fovg\/BJNR165800002.html\" target=\"_blank\" rel=\"nofollow noopener noreferrer\">Forstsaatgutgesetz<\/a>.<\/p>\n<p lang=\"de-DE\">Dieser Kurs erf\u00fcllt die Anforderungen f\u00fcr die \u00bbj\u00e4hrliche Unterweisung\u00ab f\u00fcr das Baumklettern.<\/p>\n<p>&nbsp;<\/p>\n<p>&nbsp;<\/p>\n<p style=\"text-align: center;\"><a class=\"Termine_und_Buchung\" href=\"https:\/\/buchung.baumkletterschule.de\/?rq_AppGuid=5E5C0C601B319D20997007E3327904420CC3B98C&amp;rq_TargetPageGuid=571D5772177FC7D5D3DE78309A57E877C24AE10C&amp;rq_kurstyp=3232&amp;rq_Layout=MBKS_Website\">Termine und Buchung<\/a> \u00a0\u00a0\u00a0\u00a0\u00a0\u00a0\u00a0\u00a0\u00a0 <a class=\"Termine_und_Buchung\" href=\"mailto:info@baumkletterschule.de\">als Interessent registrieren<\/a><\/p>\n<div class=\"links\">\n<h5><\/h5>\n<h5><\/h5>\n<h5>Voraussetzungen<\/h5>\n<ul>\n<li>eigene PSA (Kletterausr\u00fcstung)<\/li>\n<li>SKT-Ausbildung<\/li>\n<li>Nachweis der k\u00f6rperlichen und geistigen Eignung bzw. Tauglichkeit f\u00fcr \u201e<strong>gef\u00e4hrliche Baumarbeiten\u201c<\/strong>\u00a0und \u201e<strong>Arbeiten<\/strong>\u00a0<strong>mit Absturzgefahr\u201c\u00a0<\/strong>durch einen Arbeits- oder Betriebsmediziner.<em><br \/>\nDie Eignungsuntersuchungen werden von der Sozialversicherung f\u00fcr Landwirtschaft, Forsten und Gartenbau (SVLFG) als Zulassungsvoraussetzungen gefordert und sind somit f\u00fcr uns als begutachtete Schule bindend. (\u00a7 2 der VSG 4.2 \u201eGartenbau, Obstbau und Parkanlagen\u201c bzw. \u00a7 1 der VSG 4.3 \u201eForsten\u201c).<\/em><\/li>\n<\/ul>\n<\/div>\n<div class=\"clear\"><\/div>\n<h5>Weitere Informationen<\/h5>\n<ul class=\"zweispaltig\">\n<li><a href=\"https:\/\/baumkletterschule.de\/cms\/wp-content\/uploads\/2019\/11\/Dokument-C_5Kursr\u00fccktrittsversicherung.pdf\">Kursr\u00fccktrittsversicherung<\/a><\/li>\n<li style=\"display: none;\"><a href=\"https:\/\/baumkletterschule.de\/cms\/wp-content\/uploads\/2019\/11\/SST-Z.pdf\">Fax-Buchungsformular<\/a><\/li>\n<li><a href=\"https:\/\/baumkletterschule.de\/cms\/wp-content\/uploads\/2025\/11\/251125-b45-broschuere-arbeitsmedizinische-vorsorge.pdf\">B45-broschuere-arbeitsmedizinische-vorsorge<\/a><\/li>\n<\/ul>\n<div id=\"envira-gallery-wrap-473\" class=\"envira-gallery-wrap envira-gallery-theme-base envira-lightbox-theme-base\" itemscope itemtype=\"https:\/\/schema.org\/ImageGallery\"><div data-row-height=\"150\" data-gallery-theme=\"normal\" id=\"envira-gallery-473\" class=\"envira-gallery-public envira-gallery-justified-public envira-gallery-0-columns envira-clear enviratope envira-gallery-css-animations\" data-envira-columns=\"0\"><div id=\"envira-gallery-item-7476\" class=\"envira-gallery-item enviratope-item envira-gallery-item-1\" style=\"padding-left: 5px; padding-bottom: 10px; padding-right: 5px;\"  itemscope itemtype=\"https:\/\/schema.org\/ImageObject\"><div class=\"envira-gallery-item-inner\"><div class=\"envira-gallery-position-overlay  envira-gallery-top-left\"><\/div><div class=\"envira-gallery-position-overlay  envira-gallery-top-right\"><\/div><div class=\"envira-gallery-position-overlay  envira-gallery-bottom-left\"><\/div><div class=\"envira-gallery-position-overlay  envira-gallery-bottom-right\"><\/div><a href=\"https:\/\/baumkletterschule.de\/cms\/wp-content\/uploads\/2022\/12\/210916_Saatguternte-Kiefer-Kletterer.png\" class=\"envira-gallery-473 envira-gallery-link\" rel=\"enviragallery473\" title=\"Sicherung bei der Saatguternte\" data-envira-caption=\"Sicherung bei der Saatguternte\" data-envira-retina=\"\" data-thumbnail=\"\"  itemprop=\"contentUrl\"><img decoding=\"async\" id=\"envira-gallery-image-7476\" class=\"envira-gallery-image envira-gallery-image-1 envira-normal \" data-envira-index=\"1\" src=\"https:\/\/baumkletterschule.de\/cms\/wp-content\/uploads\/2022\/12\/210916_Saatguternte-Kiefer-Kletterer-1024x769-640x480.png\" data-envira-src=\"https:\/\/baumkletterschule.de\/cms\/wp-content\/uploads\/2022\/12\/210916_Saatguternte-Kiefer-Kletterer-1024x769-640x480.png\" data-envira-gallery-id=\"473\" data-envira-item-id=\"7476\" data-envira-caption=\"Sicherung bei der Saatguternte\" alt=\"Sicherungstechniken bei der Saatguternte\" title=\"Sicherung bei der Saatguternte\"  itemprop=\"thumbnailUrl\" data-envira-srcset=\"https:\/\/baumkletterschule.de\/cms\/wp-content\/uploads\/2022\/12\/210916_Saatguternte-Kiefer-Kletterer-1024x769-640x480.png 400w,https:\/\/baumkletterschule.de\/cms\/wp-content\/uploads\/2022\/12\/210916_Saatguternte-Kiefer-Kletterer-1024x769-640x480.png 2x\" data-envira-width=\"300\" data-envira-height=\"225\" srcset=\"https:\/\/baumkletterschule.de\/cms\/wp-content\/uploads\/2022\/12\/210916_Saatguternte-Kiefer-Kletterer-1280x960.png 2x\" data-safe-src=\"https:\/\/baumkletterschule.de\/cms\/wp-content\/uploads\/2022\/12\/210916_Saatguternte-Kiefer-Kletterer-1024x769-640x480.png\" \/><\/a><\/div><\/div><div id=\"envira-gallery-item-99\" class=\"envira-gallery-item enviratope-item envira-gallery-item-2\" style=\"padding-left: 5px; padding-bottom: 10px; padding-right: 5px;\"  itemscope itemtype=\"https:\/\/schema.org\/ImageObject\"><div class=\"envira-gallery-item-inner\"><div class=\"envira-gallery-position-overlay  envira-gallery-top-left\"><\/div><div class=\"envira-gallery-position-overlay  envira-gallery-top-right\"><\/div><div class=\"envira-gallery-position-overlay  envira-gallery-bottom-left\"><\/div><div class=\"envira-gallery-position-overlay  envira-gallery-bottom-right\"><\/div><a href=\"https:\/\/baumkletterschule.de\/cms\/wp-content\/uploads\/2016\/11\/2010_06_10_looking_down_2.jpg\" class=\"envira-gallery-473 envira-gallery-link\" rel=\"enviragallery473\" title=\"Sicherung bei der Saatguternte\" data-envira-caption=\"Sicherung bei der Saatguternte\" data-envira-retina=\"\" data-thumbnail=\"\"  itemprop=\"contentUrl\"><img decoding=\"async\" id=\"envira-gallery-image-99\" class=\"envira-gallery-image envira-gallery-image-2 envira-normal \" data-envira-index=\"2\" src=\"https:\/\/baumkletterschule.de\/cms\/wp-content\/uploads\/2016\/11\/2010_06_10_looking_down_2-1024x768-640x480.jpg\" data-envira-src=\"https:\/\/baumkletterschule.de\/cms\/wp-content\/uploads\/2016\/11\/2010_06_10_looking_down_2-1024x768-640x480.jpg\" data-envira-gallery-id=\"473\" data-envira-item-id=\"99\" data-envira-caption=\"Sicherung bei der Saatguternte\" alt=\"Sicherung bei der Saatguternte\" title=\"Sicherung bei der Saatguternte\"  itemprop=\"thumbnailUrl\" data-envira-srcset=\"https:\/\/baumkletterschule.de\/cms\/wp-content\/uploads\/2016\/11\/2010_06_10_looking_down_2-1024x768-640x480.jpg 400w,https:\/\/baumkletterschule.de\/cms\/wp-content\/uploads\/2016\/11\/2010_06_10_looking_down_2-1024x768-640x480.jpg 2x\" data-envira-width=\"300\" data-envira-height=\"225\" srcset=\"https:\/\/baumkletterschule.de\/cms\/wp-content\/uploads\/2016\/11\/2010_06_10_looking_down_2-1280x960.jpg 2x\" data-safe-src=\"https:\/\/baumkletterschule.de\/cms\/wp-content\/uploads\/2016\/11\/2010_06_10_looking_down_2-1024x768-640x480.jpg\" \/><\/a><\/div><\/div><div id=\"envira-gallery-item-110\" class=\"envira-gallery-item enviratope-item envira-gallery-item-3\" style=\"padding-left: 5px; padding-bottom: 10px; padding-right: 5px;\"  itemscope itemtype=\"https:\/\/schema.org\/ImageObject\"><div class=\"envira-gallery-item-inner\"><div class=\"envira-gallery-position-overlay  envira-gallery-top-left\"><\/div><div class=\"envira-gallery-position-overlay  envira-gallery-top-right\"><\/div><div class=\"envira-gallery-position-overlay  envira-gallery-bottom-left\"><\/div><div class=\"envira-gallery-position-overlay  envira-gallery-bottom-right\"><\/div><a href=\"https:\/\/baumkletterschule.de\/cms\/wp-content\/uploads\/2016\/11\/2012_03_22_SKT-A_Berlin_11.jpg\" class=\"envira-gallery-473 envira-gallery-link\" rel=\"enviragallery473\" title=\"Sicherung bei der Saatguternte\" data-envira-caption=\"Sicherung bei der Saatguternte\" data-envira-retina=\"\" data-thumbnail=\"\"  itemprop=\"contentUrl\"><img decoding=\"async\" id=\"envira-gallery-image-110\" class=\"envira-gallery-image envira-gallery-image-3 envira-normal \" data-envira-index=\"3\" src=\"https:\/\/baumkletterschule.de\/cms\/wp-content\/uploads\/2016\/11\/2012_03_22_SKT-A_Berlin_11-1024x683-640x480.jpg\" data-envira-src=\"https:\/\/baumkletterschule.de\/cms\/wp-content\/uploads\/2016\/11\/2012_03_22_SKT-A_Berlin_11-1024x683-640x480.jpg\" data-envira-gallery-id=\"473\" data-envira-item-id=\"110\" data-envira-caption=\"Sicherung bei der Saatguternte\" alt=\"Sicherung bei der Saatguternte\" title=\"Sicherung bei der Saatguternte\"  itemprop=\"thumbnailUrl\" data-envira-srcset=\"https:\/\/baumkletterschule.de\/cms\/wp-content\/uploads\/2016\/11\/2012_03_22_SKT-A_Berlin_11-1024x683-640x480.jpg 400w,https:\/\/baumkletterschule.de\/cms\/wp-content\/uploads\/2016\/11\/2012_03_22_SKT-A_Berlin_11-1024x683-640x480.jpg 2x\" data-envira-width=\"300\" data-envira-height=\"200\" srcset=\"https:\/\/baumkletterschule.de\/cms\/wp-content\/uploads\/2016\/11\/2012_03_22_SKT-A_Berlin_11-1280x960.jpg 2x\" data-safe-src=\"https:\/\/baumkletterschule.de\/cms\/wp-content\/uploads\/2016\/11\/2012_03_22_SKT-A_Berlin_11-1024x683-640x480.jpg\" \/><\/a><\/div><\/div><div id=\"envira-gallery-item-7475\" class=\"envira-gallery-item enviratope-item envira-gallery-item-4\" style=\"padding-left: 5px; padding-bottom: 10px; padding-right: 5px;\"  itemscope itemtype=\"https:\/\/schema.org\/ImageObject\"><div class=\"envira-gallery-item-inner\"><div class=\"envira-gallery-position-overlay  envira-gallery-top-left\"><\/div><div class=\"envira-gallery-position-overlay  envira-gallery-top-right\"><\/div><div class=\"envira-gallery-position-overlay  envira-gallery-bottom-left\"><\/div><div class=\"envira-gallery-position-overlay  envira-gallery-bottom-right\"><\/div><a href=\"https:\/\/baumkletterschule.de\/cms\/wp-content\/uploads\/2022\/12\/200618_Saatguternte-Fichte-Zapfen.png\" class=\"envira-gallery-473 envira-gallery-link\" rel=\"enviragallery473\" title=\"Sicherung bei der Saatguternte\" data-envira-caption=\"Sicherung bei der Saatguternte\" data-envira-retina=\"\" data-thumbnail=\"\"  itemprop=\"contentUrl\"><img decoding=\"async\" id=\"envira-gallery-image-7475\" class=\"envira-gallery-image envira-gallery-image-4 envira-normal \" data-envira-index=\"4\" src=\"https:\/\/baumkletterschule.de\/cms\/wp-content\/uploads\/2022\/12\/200618_Saatguternte-Fichte-Zapfen-1024x769-640x480.png\" data-envira-src=\"https:\/\/baumkletterschule.de\/cms\/wp-content\/uploads\/2022\/12\/200618_Saatguternte-Fichte-Zapfen-1024x769-640x480.png\" data-envira-gallery-id=\"473\" data-envira-item-id=\"7475\" data-envira-caption=\"Sicherung bei der Saatguternte\" alt=\"Sicherungstechniken bei der Saatguternte\" title=\"Sicherung bei der Saatguternte\"  itemprop=\"thumbnailUrl\" data-envira-srcset=\"https:\/\/baumkletterschule.de\/cms\/wp-content\/uploads\/2022\/12\/200618_Saatguternte-Fichte-Zapfen-1024x769-640x480.png 400w,https:\/\/baumkletterschule.de\/cms\/wp-content\/uploads\/2022\/12\/200618_Saatguternte-Fichte-Zapfen-1024x769-640x480.png 2x\" data-envira-width=\"300\" data-envira-height=\"225\" srcset=\"https:\/\/baumkletterschule.de\/cms\/wp-content\/uploads\/2022\/12\/200618_Saatguternte-Fichte-Zapfen-1280x960.png 2x\" data-safe-src=\"https:\/\/baumkletterschule.de\/cms\/wp-content\/uploads\/2022\/12\/200618_Saatguternte-Fichte-Zapfen-1024x769-640x480.png\" \/><\/a><\/div><\/div><\/div><\/div><noscript><img decoding=\"async\" src=\"https:\/\/baumkletterschule.de\/cms\/wp-content\/uploads\/2022\/12\/210916_Saatguternte-Kiefer-Kletterer.png\" alt=\"Sicherungstechniken bei der Saatguternte\" \/><img decoding=\"async\" src=\"https:\/\/baumkletterschule.de\/cms\/wp-content\/uploads\/2016\/11\/2010_06_10_looking_down_2.jpg\" alt=\"Sicherung bei der Saatguternte\" \/><img decoding=\"async\" src=\"https:\/\/baumkletterschule.de\/cms\/wp-content\/uploads\/2016\/11\/2012_03_22_SKT-A_Berlin_11.jpg\" alt=\"Sicherung bei der Saatguternte\" \/><img decoding=\"async\" src=\"https:\/\/baumkletterschule.de\/cms\/wp-content\/uploads\/2022\/12\/200618_Saatguternte-Fichte-Zapfen.png\" alt=\"Sicherungstechniken bei der Saatguternte\" \/><\/noscript>\n","protected":false},"excerpt":{"rendered":"<p>sicher \u00fcber dem Ankerpunkt Schwerpunkt dieses Kurses ist die Saatguternte in Nadelb\u00e4umen. Der Seileinbau und der Aufstieg am stehenden Seil bilden den Anfang. Kernst\u00fcck ist die Sicherungs- und Arbeitstechnik oberhalb &#8230;<\/p>\n","protected":false},"author":6,"featured_media":0,"parent":13,"menu_order":0,"comment_status":"closed","ping_status":"closed","template":"template-full-width.php","meta":{"footnotes":""},"categories":[],"tags":[],"class_list":["post-470","page","type-page","status-publish","hentry"],"aioseo_notices":[],"_links":{"self":[{"href":"https:\/\/baumkletterschule.de\/cms\/wp-json\/wp\/v2\/pages\/470","targetHints":{"allow":["GET"]}}],"collection":[{"href":"https:\/\/baumkletterschule.de\/cms\/wp-json\/wp\/v2\/pages"}],"about":[{"href":"https:\/\/baumkletterschule.de\/cms\/wp-json\/wp\/v2\/types\/page"}],"author":[{"embeddable":true,"href":"https:\/\/baumkletterschule.de\/cms\/wp-json\/wp\/v2\/users\/6"}],"replies":[{"embeddable":true,"href":"https:\/\/baumkletterschule.de\/cms\/wp-json\/wp\/v2\/comments?post=470"}],"version-history":[{"count":30,"href":"https:\/\/baumkletterschule.de\/cms\/wp-json\/wp\/v2\/pages\/470\/revisions"}],"predecessor-version":[{"id":10495,"href":"https:\/\/baumkletterschule.de\/cms\/wp-json\/wp\/v2\/pages\/470\/revisions\/10495"}],"up":[{"embeddable":true,"href":"https:\/\/baumkletterschule.de\/cms\/wp-json\/wp\/v2\/pages\/13"}],"wp:attachment":[{"href":"https:\/\/baumkletterschule.de\/cms\/wp-json\/wp\/v2\/media?parent=470"}],"wp:term":[{"taxonomy":"category","embeddable":true,"href":"https:\/\/baumkletterschule.de\/cms\/wp-json\/wp\/v2\/categories?post=470"},{"taxonomy":"post_tag","embeddable":true,"href":"https:\/\/baumkletterschule.de\/cms\/wp-json\/wp\/v2\/tags?post=470"}],"curies":[{"name":"wp","href":"https:\/\/api.w.org\/{rel}","templated":true}]}}