{"id":4617,"date":"2019-11-06T11:18:43","date_gmt":"2019-11-06T09:18:43","guid":{"rendered":"https:\/\/baumkletterschule.de\/cms\/?page_id=4617"},"modified":"2023-09-26T08:54:18","modified_gmt":"2023-09-26T06:54:18","slug":"european-treetechnician","status":"publish","type":"page","link":"https:\/\/baumkletterschule.de\/cms\/kursinfo\/baumpflege\/european-treetechnician\/","title":{"rendered":"European Tree Technician"},"content":{"rendered":"<p><strong>Speziell bei uns:<\/strong> Der Kurs ist so angelegt, dass er f\u00fcr alle ausgebildeten <strong><a title=\"Kursinfo: ETW - European Tree Worker\" href=\"https:\/\/baumkletterschule.de\/cms\/kursinfo\/baumpflege\/european-treeworker\/\">European Tree Worker<\/a><\/strong> ein echter Aufbaukurs ist. Das bedeudet f\u00fcr Sie: es gibt keine unn\u00f6tigen Wiederholungen oder \u00dcberschneidungen. Wer sich f\u00fcr das mittlere Management im Sektor Baumpflege europaweit bewerben m\u00f6chte, hat mit dem Zertifikat <em>&#8222;European Tree Technician&#8220;<\/em> beste Chancen.<br \/>\nDiese Ausbildung liefert das n\u00f6tige Fachwissen und qualifiziert f\u00fcr Aufsichtsfunktionen in Sachen Baumpflege. Daf\u00fcr ist z.B. in den Bereichen Baumgesundheit, Verkehrssicherheit, Anforderungen des Natur- und Umweltschutzes und Arbeitsrichtlinien umfangreiches Wissen notwendig. Aber auch Fertigkeiten zur Ausf\u00fchrung von Arbeiten am Baum und am Baumumfeld von Stadtb\u00e4umen sind gefragt. Der Kurs vermittelt die Fertigkeiten und Kenntnisse in Technik, Organisation und Aufsichtsfunktion.<\/p>\n<div>\n<p style=\"text-align: center;\"><a class=\"Termine_und_Buchung\" href=\"mailto:info@baumkletterschule.de\">als Interessent registrieren<\/a><\/p>\n<p>&nbsp;<\/p>\n<\/div>\n<p>&nbsp;<\/p>\n<div class=\"links\">\n<h5>Voraussetzungen:<\/h5>\n<ul>\n<li>ETW Abschluss (oder Ausbildung Baumpflege\/ Galabau\/ Forst)<\/li>\n<li>Mind. 3 Jahre Berufserfahrung Baumpflege<\/li>\n<\/ul>\n<\/div>\n<h5>Weitere Informationen:<\/h5>\n<ul class=\"zweispaltig\">\n<li><a href=\"https:\/\/baumkletterschule.de\/cms\/wp-content\/uploads\/2019\/11\/Allgemeine-Kursinformationen.pdf\">Allgemeine Kursinformationen<\/a><\/li>\n<li><a href=\"https:\/\/baumkletterschule.de\/cms\/wp-content\/uploads\/2019\/11\/Dokument-B-Kursprogramm_ETT.pdf\">Kursprogramm<\/a><\/li>\n<li><a href=\"https:\/\/baumkletterschule.de\/cms\/wp-content\/uploads\/2019\/11\/F\u00f6rderm\u00f6glichkeiten.pdf\">F\u00f6rderm\u00f6glichkeiten<\/a><\/li>\n<li><a href=\"https:\/\/baumkletterschule.de\/cms\/wp-content\/uploads\/2019\/11\/Dokument-C_5Kursr\u00fccktrittsversicherung.pdf\">Kursr\u00fccktrittsversicherung<\/a><\/li>\n<li style=\"display: none;\"><a href=\"https:\/\/baumkletterschule.de\/cms\/wp-content\/uploads\/2019\/11\/ETT.pdf\">Fax-Buchungsformular<\/a><\/li>\n<\/ul>\n<div id=\"envira-gallery-wrap-639\" class=\"envira-gallery-wrap envira-gallery-theme-base envira-lightbox-theme-base\" itemscope itemtype=\"https:\/\/schema.org\/ImageGallery\"><div data-row-height=\"150\" data-gallery-theme=\"normal\" id=\"envira-gallery-639\" class=\"envira-gallery-public envira-gallery-justified-public envira-gallery-0-columns envira-clear enviratope envira-gallery-css-animations\" data-envira-columns=\"0\"><div id=\"envira-gallery-item-317\" class=\"envira-gallery-item enviratope-item envira-gallery-item-1\" style=\"padding-left: 5px; padding-bottom: 10px; padding-right: 5px;\"  itemscope itemtype=\"https:\/\/schema.org\/ImageObject\"><div class=\"envira-gallery-item-inner\"><div class=\"envira-gallery-position-overlay  envira-gallery-top-left\"><\/div><div class=\"envira-gallery-position-overlay  envira-gallery-top-right\"><\/div><div class=\"envira-gallery-position-overlay  envira-gallery-bottom-left\"><\/div><div class=\"envira-gallery-position-overlay  envira-gallery-bottom-right\"><\/div><a href=\"https:\/\/baumkletterschule.de\/cms\/wp-content\/uploads\/2016\/11\/Kronensicherung_1_web.jpg\" class=\"envira-gallery-639 envira-gallery-link\" rel=\"enviragallery639\" title=\"European Tree Worker \/ European Tree Technician\" data-envira-caption=\"European Tree Worker \/ European Tree Technician\" data-envira-retina=\"\" data-thumbnail=\"\"  itemprop=\"contentUrl\"><img decoding=\"async\" id=\"envira-gallery-image-317\" class=\"envira-gallery-image envira-gallery-image-1 envira-normal \" data-envira-index=\"1\" src=\"https:\/\/baumkletterschule.de\/cms\/wp-content\/uploads\/2016\/11\/Kronensicherung_1_web-724x1024-640x480.jpg\" data-envira-src=\"https:\/\/baumkletterschule.de\/cms\/wp-content\/uploads\/2016\/11\/Kronensicherung_1_web-724x1024-640x480.jpg\" data-envira-gallery-id=\"639\" data-envira-item-id=\"317\" data-envira-caption=\"European Tree Worker \/ European Tree Technician\" alt=\"European Tree Worker \/ European Tree Technician\" title=\"European Tree Worker \/ European Tree Technician\"  itemprop=\"thumbnailUrl\" data-envira-srcset=\"https:\/\/baumkletterschule.de\/cms\/wp-content\/uploads\/2016\/11\/Kronensicherung_1_web-724x1024-640x480.jpg 400w,https:\/\/baumkletterschule.de\/cms\/wp-content\/uploads\/2016\/11\/Kronensicherung_1_web-724x1024-640x480.jpg 2x\" data-envira-width=\"212\" data-envira-height=\"300\" srcset=\"https:\/\/baumkletterschule.de\/cms\/wp-content\/uploads\/2016\/11\/Kronensicherung_1_web-1280x960.jpg 2x\" data-safe-src=\"https:\/\/baumkletterschule.de\/cms\/wp-content\/uploads\/2016\/11\/Kronensicherung_1_web-724x1024-640x480.jpg\" \/><\/a><\/div><\/div><div id=\"envira-gallery-item-302\" class=\"envira-gallery-item enviratope-item envira-gallery-item-2\" style=\"padding-left: 5px; padding-bottom: 10px; padding-right: 5px;\"  itemscope itemtype=\"https:\/\/schema.org\/ImageObject\"><div class=\"envira-gallery-item-inner\"><div class=\"envira-gallery-position-overlay  envira-gallery-top-left\"><\/div><div class=\"envira-gallery-position-overlay  envira-gallery-top-right\"><\/div><div class=\"envira-gallery-position-overlay  envira-gallery-bottom-left\"><\/div><div class=\"envira-gallery-position-overlay  envira-gallery-bottom-right\"><\/div><a href=\"https:\/\/baumkletterschule.de\/cms\/wp-content\/uploads\/2016\/11\/P1040383.jpg\" class=\"envira-gallery-639 envira-gallery-link\" rel=\"enviragallery639\" title=\"European Tree Worker \/ European Tree Technician\" data-envira-caption=\"European Tree Worker \/ European Tree Technician\" data-envira-retina=\"\" data-thumbnail=\"\"  itemprop=\"contentUrl\"><img decoding=\"async\" id=\"envira-gallery-image-302\" class=\"envira-gallery-image envira-gallery-image-2 envira-normal \" data-envira-index=\"2\" src=\"https:\/\/baumkletterschule.de\/cms\/wp-content\/uploads\/2016\/11\/P1040383-1024x768-640x480.jpg\" data-envira-src=\"https:\/\/baumkletterschule.de\/cms\/wp-content\/uploads\/2016\/11\/P1040383-1024x768-640x480.jpg\" data-envira-gallery-id=\"639\" data-envira-item-id=\"302\" data-envira-caption=\"European Tree Worker \/ European Tree Technician\" alt=\"European Tree Worker \/ European Tree Technician\" title=\"European Tree Worker \/ European Tree Technician\"  itemprop=\"thumbnailUrl\" data-envira-srcset=\"https:\/\/baumkletterschule.de\/cms\/wp-content\/uploads\/2016\/11\/P1040383-1024x768-640x480.jpg 400w,https:\/\/baumkletterschule.de\/cms\/wp-content\/uploads\/2016\/11\/P1040383-1024x768-640x480.jpg 2x\" data-envira-width=\"300\" data-envira-height=\"225\" srcset=\"https:\/\/baumkletterschule.de\/cms\/wp-content\/uploads\/2016\/11\/P1040383-1280x960.jpg 2x\" data-safe-src=\"https:\/\/baumkletterschule.de\/cms\/wp-content\/uploads\/2016\/11\/P1040383-1024x768-640x480.jpg\" \/><\/a><\/div><\/div><div id=\"envira-gallery-item-105\" class=\"envira-gallery-item enviratope-item envira-gallery-item-3\" style=\"padding-left: 5px; padding-bottom: 10px; padding-right: 5px;\"  itemscope itemtype=\"https:\/\/schema.org\/ImageObject\"><div class=\"envira-gallery-item-inner\"><div class=\"envira-gallery-position-overlay  envira-gallery-top-left\"><\/div><div class=\"envira-gallery-position-overlay  envira-gallery-top-right\"><\/div><div class=\"envira-gallery-position-overlay  envira-gallery-bottom-left\"><\/div><div class=\"envira-gallery-position-overlay  envira-gallery-bottom-right\"><\/div><a href=\"https:\/\/baumkletterschule.de\/cms\/wp-content\/uploads\/2016\/11\/2011_03_29_heubach-skt-a_21.jpg\" class=\"envira-gallery-639 envira-gallery-link\" rel=\"enviragallery639\" title=\"European Tree Worker \/ European Tree Technician\" data-envira-caption=\"European Tree Worker \/ European Tree Technician\" data-envira-retina=\"\" data-thumbnail=\"\"  itemprop=\"contentUrl\"><img decoding=\"async\" id=\"envira-gallery-image-105\" class=\"envira-gallery-image envira-gallery-image-3 envira-normal \" data-envira-index=\"3\" src=\"https:\/\/baumkletterschule.de\/cms\/wp-content\/uploads\/2016\/11\/2011_03_29_heubach-skt-a_21-683x1024-640x480.jpg\" data-envira-src=\"https:\/\/baumkletterschule.de\/cms\/wp-content\/uploads\/2016\/11\/2011_03_29_heubach-skt-a_21-683x1024-640x480.jpg\" data-envira-gallery-id=\"639\" data-envira-item-id=\"105\" data-envira-caption=\"European Tree Worker \/ European Tree Technician\" alt=\"European Tree Worker \/ European Tree Technician\" title=\"European Tree Worker \/ European Tree Technician\"  itemprop=\"thumbnailUrl\" data-envira-srcset=\"https:\/\/baumkletterschule.de\/cms\/wp-content\/uploads\/2016\/11\/2011_03_29_heubach-skt-a_21-683x1024-640x480.jpg 400w,https:\/\/baumkletterschule.de\/cms\/wp-content\/uploads\/2016\/11\/2011_03_29_heubach-skt-a_21-683x1024-640x480.jpg 2x\" data-envira-width=\"200\" data-envira-height=\"300\" srcset=\"https:\/\/baumkletterschule.de\/cms\/wp-content\/uploads\/2016\/11\/2011_03_29_heubach-skt-a_21-1280x960.jpg 2x\" data-safe-src=\"https:\/\/baumkletterschule.de\/cms\/wp-content\/uploads\/2016\/11\/2011_03_29_heubach-skt-a_21-683x1024-640x480.jpg\" \/><\/a><\/div><\/div><div id=\"envira-gallery-item-182\" class=\"envira-gallery-item enviratope-item envira-gallery-item-4\" style=\"padding-left: 5px; padding-bottom: 10px; padding-right: 5px;\"  itemscope itemtype=\"https:\/\/schema.org\/ImageObject\"><div class=\"envira-gallery-item-inner\"><div class=\"envira-gallery-position-overlay  envira-gallery-top-left\"><\/div><div class=\"envira-gallery-position-overlay  envira-gallery-top-right\"><\/div><div class=\"envira-gallery-position-overlay  envira-gallery-bottom-left\"><\/div><div class=\"envira-gallery-position-overlay  envira-gallery-bottom-right\"><\/div><a href=\"https:\/\/baumkletterschule.de\/cms\/wp-content\/uploads\/2016\/11\/P1020797.jpg\" class=\"envira-gallery-639 envira-gallery-link\" rel=\"enviragallery639\" title=\"European Tree Worker \/ European Tree Technician\" data-envira-caption=\"European Tree Worker \/ European Tree Technician\" data-envira-retina=\"\" data-thumbnail=\"\"  itemprop=\"contentUrl\"><img decoding=\"async\" id=\"envira-gallery-image-182\" class=\"envira-gallery-image envira-gallery-image-4 envira-normal \" data-envira-index=\"4\" src=\"https:\/\/baumkletterschule.de\/cms\/wp-content\/uploads\/2016\/11\/P1020797-1024x768-640x480.jpg\" data-envira-src=\"https:\/\/baumkletterschule.de\/cms\/wp-content\/uploads\/2016\/11\/P1020797-1024x768-640x480.jpg\" data-envira-gallery-id=\"639\" data-envira-item-id=\"182\" data-envira-caption=\"European Tree Worker \/ European Tree Technician\" alt=\"European Tree Worker \/ European Tree Technician\" title=\"European Tree Worker \/ European Tree Technician\"  itemprop=\"thumbnailUrl\" data-envira-srcset=\"https:\/\/baumkletterschule.de\/cms\/wp-content\/uploads\/2016\/11\/P1020797-1024x768-640x480.jpg 400w,https:\/\/baumkletterschule.de\/cms\/wp-content\/uploads\/2016\/11\/P1020797-1024x768-640x480.jpg 2x\" data-envira-width=\"300\" data-envira-height=\"225\" srcset=\"https:\/\/baumkletterschule.de\/cms\/wp-content\/uploads\/2016\/11\/P1020797-1280x960.jpg 2x\" data-safe-src=\"https:\/\/baumkletterschule.de\/cms\/wp-content\/uploads\/2016\/11\/P1020797-1024x768-640x480.jpg\" \/><\/a><\/div><\/div><div id=\"envira-gallery-item-509\" class=\"envira-gallery-item enviratope-item envira-gallery-item-5\" style=\"padding-left: 5px; padding-bottom: 10px; padding-right: 5px;\"  itemscope itemtype=\"https:\/\/schema.org\/ImageObject\"><div class=\"envira-gallery-item-inner\"><div class=\"envira-gallery-position-overlay  envira-gallery-top-left\"><\/div><div class=\"envira-gallery-position-overlay  envira-gallery-top-right\"><\/div><div class=\"envira-gallery-position-overlay  envira-gallery-bottom-left\"><\/div><div class=\"envira-gallery-position-overlay  envira-gallery-bottom-right\"><\/div><a href=\"https:\/\/baumkletterschule.de\/cms\/wp-content\/uploads\/2016\/11\/Baumbeurteilung_1.jpg\" class=\"envira-gallery-639 envira-gallery-link\" rel=\"enviragallery639\" title=\"European Tree Worker \/ European Tree Technician\" data-envira-caption=\"European Tree Worker \/ European Tree Technician\" data-envira-retina=\"\" data-thumbnail=\"\"  itemprop=\"contentUrl\"><img decoding=\"async\" id=\"envira-gallery-image-509\" class=\"envira-gallery-image envira-gallery-image-5 envira-normal \" data-envira-index=\"5\" src=\"https:\/\/baumkletterschule.de\/cms\/wp-content\/uploads\/2016\/11\/Baumbeurteilung_1-768x1024-640x480.jpg\" data-envira-src=\"https:\/\/baumkletterschule.de\/cms\/wp-content\/uploads\/2016\/11\/Baumbeurteilung_1-768x1024-640x480.jpg\" data-envira-gallery-id=\"639\" data-envira-item-id=\"509\" data-envira-caption=\"European Tree Worker \/ European Tree Technician\" alt=\"European Tree Worker \/ European Tree Technician\" title=\"European Tree Worker \/ European Tree Technician\"  itemprop=\"thumbnailUrl\" data-envira-srcset=\"https:\/\/baumkletterschule.de\/cms\/wp-content\/uploads\/2016\/11\/Baumbeurteilung_1-768x1024-640x480.jpg 400w,https:\/\/baumkletterschule.de\/cms\/wp-content\/uploads\/2016\/11\/Baumbeurteilung_1-768x1024-640x480.jpg 2x\" data-envira-width=\"225\" data-envira-height=\"300\" srcset=\"https:\/\/baumkletterschule.de\/cms\/wp-content\/uploads\/2016\/11\/Baumbeurteilung_1-1280x960.jpg 2x\" data-safe-src=\"https:\/\/baumkletterschule.de\/cms\/wp-content\/uploads\/2016\/11\/Baumbeurteilung_1-768x1024-640x480.jpg\" \/><\/a><\/div><\/div><\/div><\/div><noscript><img decoding=\"async\" src=\"https:\/\/baumkletterschule.de\/cms\/wp-content\/uploads\/2016\/11\/Kronensicherung_1_web.jpg\" alt=\"European Tree Worker \/ European Tree Technician\" \/><img decoding=\"async\" src=\"https:\/\/baumkletterschule.de\/cms\/wp-content\/uploads\/2016\/11\/P1040383.jpg\" alt=\"European Tree Worker \/ European Tree Technician\" \/><img decoding=\"async\" src=\"https:\/\/baumkletterschule.de\/cms\/wp-content\/uploads\/2016\/11\/2011_03_29_heubach-skt-a_21.jpg\" alt=\"European Tree Worker \/ European Tree Technician\" \/><img decoding=\"async\" src=\"https:\/\/baumkletterschule.de\/cms\/wp-content\/uploads\/2016\/11\/P1020797.jpg\" alt=\"European Tree Worker \/ European Tree Technician\" \/><img decoding=\"async\" src=\"https:\/\/baumkletterschule.de\/cms\/wp-content\/uploads\/2016\/11\/Baumbeurteilung_1.jpg\" alt=\"European Tree Worker \/ European Tree Technician\" \/><\/noscript>\n","protected":false},"excerpt":{"rendered":"<p>Speziell bei uns: Der Kurs ist so angelegt, dass er f\u00fcr alle ausgebildeten European Tree Worker ein echter Aufbaukurs ist. Das bedeudet f\u00fcr Sie: es gibt keine unn\u00f6tigen Wiederholungen oder &#8230;<\/p>\n","protected":false},"author":6,"featured_media":0,"parent":15,"menu_order":0,"comment_status":"closed","ping_status":"closed","template":"template-full-width.php","meta":{"footnotes":""},"categories":[],"tags":[81,78,79,80],"class_list":["post-4617","page","type-page","status-publish","hentry","tag-eac","tag-ett","tag-european","tag-technician"],"aioseo_notices":[],"_links":{"self":[{"href":"https:\/\/baumkletterschule.de\/cms\/wp-json\/wp\/v2\/pages\/4617","targetHints":{"allow":["GET"]}}],"collection":[{"href":"https:\/\/baumkletterschule.de\/cms\/wp-json\/wp\/v2\/pages"}],"about":[{"href":"https:\/\/baumkletterschule.de\/cms\/wp-json\/wp\/v2\/types\/page"}],"author":[{"embeddable":true,"href":"https:\/\/baumkletterschule.de\/cms\/wp-json\/wp\/v2\/users\/6"}],"replies":[{"embeddable":true,"href":"https:\/\/baumkletterschule.de\/cms\/wp-json\/wp\/v2\/comments?post=4617"}],"version-history":[{"count":20,"href":"https:\/\/baumkletterschule.de\/cms\/wp-json\/wp\/v2\/pages\/4617\/revisions"}],"predecessor-version":[{"id":8372,"href":"https:\/\/baumkletterschule.de\/cms\/wp-json\/wp\/v2\/pages\/4617\/revisions\/8372"}],"up":[{"embeddable":true,"href":"https:\/\/baumkletterschule.de\/cms\/wp-json\/wp\/v2\/pages\/15"}],"wp:attachment":[{"href":"https:\/\/baumkletterschule.de\/cms\/wp-json\/wp\/v2\/media?parent=4617"}],"wp:term":[{"taxonomy":"category","embeddable":true,"href":"https:\/\/baumkletterschule.de\/cms\/wp-json\/wp\/v2\/categories?post=4617"},{"taxonomy":"post_tag","embeddable":true,"href":"https:\/\/baumkletterschule.de\/cms\/wp-json\/wp\/v2\/tags?post=4617"}],"curies":[{"name":"wp","href":"https:\/\/api.w.org\/{rel}","templated":true}]}}