{"id":458,"date":"2016-11-24T16:51:36","date_gmt":"2016-11-24T14:51:36","guid":{"rendered":"https:\/\/baumkletterschule.de\/cms\/?page_id=458"},"modified":"2025-12-10T09:36:45","modified_gmt":"2025-12-10T08:36:45","slug":"as-baum-2","status":"publish","type":"page","link":"https:\/\/baumkletterschule.de\/cms\/kursinfo\/arbeitssicherheit\/as-baum-2\/","title":{"rendered":"AS-Baum II Arbeiten mit Hubarbeitsb\u00fchne"},"content":{"rendered":"<p lang=\"de-DE\">Dieser Kurs ist speziell konzipiert f\u00fcr Motors\u00e4gearbeiten aus der Hubarbeitsb\u00fchne heraus. Die Berufsgenossen\u00adschaft verlangt diesen Kurs f\u00fcr alle, die ohne Trenngitter im Korb mit der Motor\u00ads\u00e4ge arbeiten m\u00f6chten. Die Kurse ent\u00adhalten ein stimmiges Ausbildungspaket f\u00fcr gef\u00e4hrliche Baumarbeiten, von der Baumbeurteilung \u00fcber Einsatz der Hubarbeitsb\u00fchne und Motors\u00e4ge bis hin zum Einstieg in die Rigging-Techniken bei engen F\u00e4llbedingungen.<\/p>\n<p lang=\"de-DE\"><strong>Kursinhalt:<\/strong><\/p>\n<ul>\n<li>Einsatzm\u00f6glichkeiten f\u00fcr Hubarbeitsb\u00fchnen<\/li>\n<li>Hubarbeitsb\u00fchne und andere Aufstiegsm\u00f6glichkeiten<\/li>\n<li>Sicherungsma\u00dfnahmen und Anforderungen der Unfallverh\u00fctung<\/li>\n<li>Material- und Ausr\u00fcstungskunde<\/li>\n<li>Knotenkunde<\/li>\n<li>Baumsicherheitsbeurteilung<\/li>\n<li>verschiedene Sicherungssysteme<\/li>\n<li>Aufbau von einfachen Ablasssystemen<\/li>\n<li>Einsatz von Schlingen, Rollen und Bremsger\u00e4ten<\/li>\n<li>Handhabung und Schnitttechniken mit Motors\u00e4gen<\/li>\n<li>Kompletter Rettungsablauf mit der Notsteuerung und Umgang mit Verletzten<\/li>\n<li>Aufgaben der Baustellenleitung<\/li>\n<\/ul>\n<p><strong>Hinweis:<\/strong> Die M\u00fcnchner BaumKletterschule arbeitet in Kooperation mit der Akademie Landschaftsbau Weihenstephan in Freising &#8211; Anmeldungen laufen direkt \u00fcber die Homepage der ALW:<\/p>\n<h5 style=\"text-align: center;\"><a href=\"https:\/\/www.akademie-landschaftsbau.de\/lehrgaenge\/baumarbeiten-in-hubarbeitsbuehnen-as-baum-ii\/gesamtlehrgang\"><strong>Akademie Landschaftsbau Weihenstephan GmbH<\/strong><\/a><\/h5>\n<p>&nbsp;<\/p>\n<p><strong>Tipp:<\/strong> Wenn Sie den SKT B-Schein bereits besitzen, ben\u00f6tigen Sie lediglich zus\u00e4tzlich den eint\u00e4gigen Hebeb\u00fch\u00adne-Bedienschein und k\u00f6nnen dann direkt bei der BG die AS-Baum-II-Berechtigung beantragen.<\/p>\n<p><strong>Voraussetzungen:<\/strong><\/p>\n<div class=\"links\">\n<ul>\n<li>Motors\u00e4genfachkunde AS Baum I oder vergleichbar (5 t\u00e4gig nach VSG 4.2)<\/li>\n<li>G\u00fcltiger Nachweis der k\u00f6rperlichen und geistigen Eignung f\u00fcr gef\u00e4hrliche Baumarbeiten (Bescheinigung eines Arztes\/\u00c4rztin mit Gebietsbezeichnung \u201eArbeitsmedizin\u201c oder Zusatzbezeichnung \u201eBetriebsmedizin\u201c), Empfehlung f\u00fcr den Arzt zum Untersuchungsinhalt: G25 (mit Textzusatz \u201ek\u00f6rperliche und geistige Eignung f\u00fcr gef\u00e4hrliche Baumarbeiten\u201c), gegebenenfalls G41<\/li>\n<li>Vollst\u00e4ndige pers\u00f6nliche Schutzausr\u00fcstung f\u00fcr den Motors\u00e4geneinsatz (Arbeitshandschuhe, Schnittschutzstiefel und -hose der Klasse 1, Motors\u00e4genhelm mit Gesichts- und Geh\u00f6rschutz, optional Warnweste.)<\/li>\n<\/ul>\n<\/div>\n<div class=\"links\">\n<h6>Kursdauer: 5 Tage<\/h6>\n<\/div>\n<p>&nbsp;<\/p>\n<div id=\"envira-gallery-wrap-461\" class=\"envira-gallery-wrap envira-gallery-theme-base envira-lightbox-theme-base\" itemscope itemtype=\"https:\/\/schema.org\/ImageGallery\"><div data-row-height=\"150\" data-gallery-theme=\"normal\" id=\"envira-gallery-461\" class=\"envira-gallery-public envira-gallery-justified-public envira-gallery-0-columns envira-clear enviratope envira-gallery-css-animations\" data-envira-columns=\"0\"><div id=\"envira-gallery-item-313\" class=\"envira-gallery-item enviratope-item envira-gallery-item-1\" style=\"padding-left: 5px; padding-bottom: 10px; padding-right: 5px;\"  itemscope itemtype=\"https:\/\/schema.org\/ImageObject\"><div class=\"envira-gallery-item-inner\"><div class=\"envira-gallery-position-overlay  envira-gallery-top-left\"><\/div><div class=\"envira-gallery-position-overlay  envira-gallery-top-right\"><\/div><div class=\"envira-gallery-position-overlay  envira-gallery-bottom-left\"><\/div><div class=\"envira-gallery-position-overlay  envira-gallery-bottom-right\"><\/div><a href=\"https:\/\/baumkletterschule.de\/cms\/wp-content\/uploads\/2016\/11\/ASII_2_web.jpg\" class=\"envira-gallery-461 envira-gallery-link\" rel=\"enviragallery461\" title=\"AS Baum 2\" data-envira-caption=\"AS Baum 2\" data-envira-retina=\"\" data-thumbnail=\"\"  itemprop=\"contentUrl\"><img decoding=\"async\" id=\"envira-gallery-image-313\" class=\"envira-gallery-image envira-gallery-image-1 envira-normal \" data-envira-index=\"1\" src=\"https:\/\/baumkletterschule.de\/cms\/wp-content\/uploads\/2016\/11\/ASII_2_web-1024x725-640x480.jpg\" data-envira-src=\"https:\/\/baumkletterschule.de\/cms\/wp-content\/uploads\/2016\/11\/ASII_2_web-1024x725-640x480.jpg\" data-envira-gallery-id=\"461\" data-envira-item-id=\"313\" data-envira-caption=\"AS Baum 2\" alt=\"AS Baum 2\" title=\"AS Baum 2\"  itemprop=\"thumbnailUrl\" data-envira-srcset=\"https:\/\/baumkletterschule.de\/cms\/wp-content\/uploads\/2016\/11\/ASII_2_web-1024x725-640x480.jpg 400w,https:\/\/baumkletterschule.de\/cms\/wp-content\/uploads\/2016\/11\/ASII_2_web-1024x725-640x480.jpg 2x\" data-envira-width=\"300\" data-envira-height=\"212\" srcset=\"https:\/\/baumkletterschule.de\/cms\/wp-content\/uploads\/2016\/11\/ASII_2_web-1280x960.jpg 2x\" data-safe-src=\"https:\/\/baumkletterschule.de\/cms\/wp-content\/uploads\/2016\/11\/ASII_2_web-1024x725-640x480.jpg\" \/><\/a><\/div><\/div><div id=\"envira-gallery-item-293\" class=\"envira-gallery-item enviratope-item envira-gallery-item-2\" style=\"padding-left: 5px; padding-bottom: 10px; padding-right: 5px;\"  itemscope itemtype=\"https:\/\/schema.org\/ImageObject\"><div class=\"envira-gallery-item-inner\"><div class=\"envira-gallery-position-overlay  envira-gallery-top-left\"><\/div><div class=\"envira-gallery-position-overlay  envira-gallery-top-right\"><\/div><div class=\"envira-gallery-position-overlay  envira-gallery-bottom-left\"><\/div><div class=\"envira-gallery-position-overlay  envira-gallery-bottom-right\"><\/div><a href=\"https:\/\/baumkletterschule.de\/cms\/wp-content\/uploads\/2016\/11\/Baustellensicherung_2.jpg\" class=\"envira-gallery-461 envira-gallery-link\" rel=\"enviragallery461\" title=\"AS Baum 2\" data-envira-caption=\"AS Baum 2\" data-envira-retina=\"\" data-thumbnail=\"\"  itemprop=\"contentUrl\"><img decoding=\"async\" id=\"envira-gallery-image-293\" class=\"envira-gallery-image envira-gallery-image-2 envira-normal \" data-envira-index=\"2\" src=\"https:\/\/baumkletterschule.de\/cms\/wp-content\/uploads\/2016\/11\/Baustellensicherung_2-1024x768-640x480.jpg\" data-envira-src=\"https:\/\/baumkletterschule.de\/cms\/wp-content\/uploads\/2016\/11\/Baustellensicherung_2-1024x768-640x480.jpg\" data-envira-gallery-id=\"461\" data-envira-item-id=\"293\" data-envira-caption=\"AS Baum 2\" alt=\"AS Baum 2\" title=\"AS Baum 2\"  itemprop=\"thumbnailUrl\" data-envira-srcset=\"https:\/\/baumkletterschule.de\/cms\/wp-content\/uploads\/2016\/11\/Baustellensicherung_2-1024x768-640x480.jpg 400w,https:\/\/baumkletterschule.de\/cms\/wp-content\/uploads\/2016\/11\/Baustellensicherung_2-1024x768-640x480.jpg 2x\" data-envira-width=\"300\" data-envira-height=\"225\" srcset=\"https:\/\/baumkletterschule.de\/cms\/wp-content\/uploads\/2016\/11\/Baustellensicherung_2-1280x960.jpg 2x\" data-safe-src=\"https:\/\/baumkletterschule.de\/cms\/wp-content\/uploads\/2016\/11\/Baustellensicherung_2-1024x768-640x480.jpg\" \/><\/a><\/div><\/div><div id=\"envira-gallery-item-453\" class=\"envira-gallery-item enviratope-item envira-gallery-item-3\" style=\"padding-left: 5px; padding-bottom: 10px; padding-right: 5px;\"  itemscope itemtype=\"https:\/\/schema.org\/ImageObject\"><div class=\"envira-gallery-item-inner\"><div class=\"envira-gallery-position-overlay  envira-gallery-top-left\"><\/div><div class=\"envira-gallery-position-overlay  envira-gallery-top-right\"><\/div><div class=\"envira-gallery-position-overlay  envira-gallery-bottom-left\"><\/div><div class=\"envira-gallery-position-overlay  envira-gallery-bottom-right\"><\/div><a href=\"https:\/\/baumkletterschule.de\/cms\/wp-content\/uploads\/2016\/11\/Halifax1-028.jpg\" class=\"envira-gallery-461 envira-gallery-link\" rel=\"enviragallery461\" title=\"AS Baum 2\" data-envira-caption=\"AS Baum 2\" data-envira-retina=\"\" data-thumbnail=\"\"  itemprop=\"contentUrl\"><img decoding=\"async\" id=\"envira-gallery-image-453\" class=\"envira-gallery-image envira-gallery-image-3 envira-normal \" data-envira-index=\"3\" src=\"https:\/\/baumkletterschule.de\/cms\/wp-content\/uploads\/2016\/11\/Halifax1-028.jpg\" data-envira-src=\"https:\/\/baumkletterschule.de\/cms\/wp-content\/uploads\/2016\/11\/Halifax1-028.jpg\" data-envira-gallery-id=\"461\" data-envira-item-id=\"453\" data-envira-caption=\"AS Baum 2\" alt=\"AS Baum 2\" title=\"AS Baum 2\"  itemprop=\"thumbnailUrl\" data-envira-srcset=\"https:\/\/baumkletterschule.de\/cms\/wp-content\/uploads\/2016\/11\/Halifax1-028.jpg 400w,https:\/\/baumkletterschule.de\/cms\/wp-content\/uploads\/2016\/11\/Halifax1-028.jpg 2x\" data-envira-width=\"300\" data-envira-height=\"225\" srcset=\"https:\/\/baumkletterschule.de\/cms\/wp-content\/uploads\/2016\/11\/Halifax1-028-1280x960.jpg 2x\" data-safe-src=\"https:\/\/baumkletterschule.de\/cms\/wp-content\/uploads\/2016\/11\/Halifax1-028.jpg\" \/><\/a><\/div><\/div><div id=\"envira-gallery-item-295\" class=\"envira-gallery-item enviratope-item envira-gallery-item-4\" style=\"padding-left: 5px; padding-bottom: 10px; padding-right: 5px;\"  itemscope itemtype=\"https:\/\/schema.org\/ImageObject\"><div class=\"envira-gallery-item-inner\"><div class=\"envira-gallery-position-overlay  envira-gallery-top-left\"><\/div><div class=\"envira-gallery-position-overlay  envira-gallery-top-right\"><\/div><div class=\"envira-gallery-position-overlay  envira-gallery-bottom-left\"><\/div><div class=\"envira-gallery-position-overlay  envira-gallery-bottom-right\"><\/div><a href=\"https:\/\/baumkletterschule.de\/cms\/wp-content\/uploads\/2016\/11\/P1010034.jpg\" class=\"envira-gallery-461 envira-gallery-link\" rel=\"enviragallery461\" title=\"AS Baum 2\" data-envira-caption=\"AS Baum 2\" data-envira-retina=\"\" data-thumbnail=\"\"  itemprop=\"contentUrl\"><img decoding=\"async\" id=\"envira-gallery-image-295\" class=\"envira-gallery-image envira-gallery-image-4 envira-normal \" data-envira-index=\"4\" src=\"https:\/\/baumkletterschule.de\/cms\/wp-content\/uploads\/2016\/11\/P1010034-768x1024-640x480.jpg\" data-envira-src=\"https:\/\/baumkletterschule.de\/cms\/wp-content\/uploads\/2016\/11\/P1010034-768x1024-640x480.jpg\" data-envira-gallery-id=\"461\" data-envira-item-id=\"295\" data-envira-caption=\"AS Baum 2\" alt=\"AS Baum 2\" title=\"AS Baum 2\"  itemprop=\"thumbnailUrl\" data-envira-srcset=\"https:\/\/baumkletterschule.de\/cms\/wp-content\/uploads\/2016\/11\/P1010034-768x1024-640x480.jpg 400w,https:\/\/baumkletterschule.de\/cms\/wp-content\/uploads\/2016\/11\/P1010034-768x1024-640x480.jpg 2x\" data-envira-width=\"225\" data-envira-height=\"300\" srcset=\"https:\/\/baumkletterschule.de\/cms\/wp-content\/uploads\/2016\/11\/P1010034-1280x960.jpg 2x\" data-safe-src=\"https:\/\/baumkletterschule.de\/cms\/wp-content\/uploads\/2016\/11\/P1010034-768x1024-640x480.jpg\" \/><\/a><\/div><\/div><div id=\"envira-gallery-item-287\" class=\"envira-gallery-item enviratope-item envira-gallery-item-5\" style=\"padding-left: 5px; padding-bottom: 10px; padding-right: 5px;\"  itemscope itemtype=\"https:\/\/schema.org\/ImageObject\"><div class=\"envira-gallery-item-inner\"><div class=\"envira-gallery-position-overlay  envira-gallery-top-left\"><\/div><div class=\"envira-gallery-position-overlay  envira-gallery-top-right\"><\/div><div class=\"envira-gallery-position-overlay  envira-gallery-bottom-left\"><\/div><div class=\"envira-gallery-position-overlay  envira-gallery-bottom-right\"><\/div><a href=\"https:\/\/baumkletterschule.de\/cms\/wp-content\/uploads\/2016\/11\/ASII_3.jpg\" class=\"envira-gallery-461 envira-gallery-link\" rel=\"enviragallery461\" title=\"AS Baum 2\" data-envira-caption=\"AS Baum 2\" data-envira-retina=\"\" data-thumbnail=\"\"  itemprop=\"contentUrl\"><img decoding=\"async\" id=\"envira-gallery-image-287\" class=\"envira-gallery-image envira-gallery-image-5 envira-normal \" data-envira-index=\"5\" src=\"https:\/\/baumkletterschule.de\/cms\/wp-content\/uploads\/2016\/11\/ASII_3-1024x725-640x480.jpg\" data-envira-src=\"https:\/\/baumkletterschule.de\/cms\/wp-content\/uploads\/2016\/11\/ASII_3-1024x725-640x480.jpg\" data-envira-gallery-id=\"461\" data-envira-item-id=\"287\" data-envira-caption=\"AS Baum 2\" alt=\"AS Baum 2\" title=\"AS Baum 2\"  itemprop=\"thumbnailUrl\" data-envira-srcset=\"https:\/\/baumkletterschule.de\/cms\/wp-content\/uploads\/2016\/11\/ASII_3-1024x725-640x480.jpg 400w,https:\/\/baumkletterschule.de\/cms\/wp-content\/uploads\/2016\/11\/ASII_3-1024x725-640x480.jpg 2x\" data-envira-width=\"300\" data-envira-height=\"213\" srcset=\"https:\/\/baumkletterschule.de\/cms\/wp-content\/uploads\/2016\/11\/ASII_3-1280x960.jpg 2x\" data-safe-src=\"https:\/\/baumkletterschule.de\/cms\/wp-content\/uploads\/2016\/11\/ASII_3-1024x725-640x480.jpg\" \/><\/a><\/div><\/div><\/div><\/div><noscript><img decoding=\"async\" src=\"https:\/\/baumkletterschule.de\/cms\/wp-content\/uploads\/2016\/11\/ASII_2_web.jpg\" alt=\"AS Baum 2\" \/><img decoding=\"async\" src=\"https:\/\/baumkletterschule.de\/cms\/wp-content\/uploads\/2016\/11\/Baustellensicherung_2.jpg\" alt=\"AS Baum 2\" \/><img decoding=\"async\" src=\"https:\/\/baumkletterschule.de\/cms\/wp-content\/uploads\/2016\/11\/Halifax1-028.jpg\" alt=\"AS Baum 2\" \/><img decoding=\"async\" src=\"https:\/\/baumkletterschule.de\/cms\/wp-content\/uploads\/2016\/11\/P1010034.jpg\" alt=\"AS Baum 2\" \/><img decoding=\"async\" src=\"https:\/\/baumkletterschule.de\/cms\/wp-content\/uploads\/2016\/11\/ASII_3.jpg\" alt=\"AS Baum 2\" \/><\/noscript>\n","protected":false},"excerpt":{"rendered":"<p>Dieser Kurs ist speziell konzipiert f\u00fcr Motors\u00e4gearbeiten aus der Hubarbeitsb\u00fchne heraus. Die Berufsgenossen\u00adschaft verlangt diesen Kurs f\u00fcr alle, die ohne Trenngitter im Korb mit der Motor\u00ads\u00e4ge arbeiten m\u00f6chten. Die Kurse &#8230;<\/p>\n","protected":false},"author":6,"featured_media":0,"parent":17,"menu_order":0,"comment_status":"closed","ping_status":"closed","template":"template-full-width.php","meta":{"footnotes":""},"categories":[],"tags":[],"class_list":["post-458","page","type-page","status-publish","hentry"],"aioseo_notices":[],"_links":{"self":[{"href":"https:\/\/baumkletterschule.de\/cms\/wp-json\/wp\/v2\/pages\/458","targetHints":{"allow":["GET"]}}],"collection":[{"href":"https:\/\/baumkletterschule.de\/cms\/wp-json\/wp\/v2\/pages"}],"about":[{"href":"https:\/\/baumkletterschule.de\/cms\/wp-json\/wp\/v2\/types\/page"}],"author":[{"embeddable":true,"href":"https:\/\/baumkletterschule.de\/cms\/wp-json\/wp\/v2\/users\/6"}],"replies":[{"embeddable":true,"href":"https:\/\/baumkletterschule.de\/cms\/wp-json\/wp\/v2\/comments?post=458"}],"version-history":[{"count":38,"href":"https:\/\/baumkletterschule.de\/cms\/wp-json\/wp\/v2\/pages\/458\/revisions"}],"predecessor-version":[{"id":10316,"href":"https:\/\/baumkletterschule.de\/cms\/wp-json\/wp\/v2\/pages\/458\/revisions\/10316"}],"up":[{"embeddable":true,"href":"https:\/\/baumkletterschule.de\/cms\/wp-json\/wp\/v2\/pages\/17"}],"wp:attachment":[{"href":"https:\/\/baumkletterschule.de\/cms\/wp-json\/wp\/v2\/media?parent=458"}],"wp:term":[{"taxonomy":"category","embeddable":true,"href":"https:\/\/baumkletterschule.de\/cms\/wp-json\/wp\/v2\/categories?post=458"},{"taxonomy":"post_tag","embeddable":true,"href":"https:\/\/baumkletterschule.de\/cms\/wp-json\/wp\/v2\/tags?post=458"}],"curies":[{"name":"wp","href":"https:\/\/api.w.org\/{rel}","templated":true}]}}