{"id":4414,"date":"2019-09-30T14:54:38","date_gmt":"2019-09-30T12:54:38","guid":{"rendered":"https:\/\/baumkletterschule.de\/cms\/?page_id=4414"},"modified":"2026-02-20T16:15:47","modified_gmt":"2026-02-20T15:15:47","slug":"seilsicherung-im-obstbaum","status":"publish","type":"page","link":"https:\/\/baumkletterschule.de\/cms\/kursinfo\/kletterkurse\/seilsicherung-im-obstbaum\/","title":{"rendered":"Seilsicherung beim Obstbaumschnitt"},"content":{"rendered":"<p lang=\"de-DE\">Leitern sind und bleiben f\u00fcr die Arbeit an Obstb\u00e4umen ein wichtiges Arbeits\u00admittel. Sie bergen jedoch ein hohes Un\u00adfallrisiko. Die Seilklettertechnik ist das Mittel der Wahl bei gro\u00dfen Streuobst\u00adb\u00e4umen. Sie erm\u00f6glicht Bewegungs\u00adfreiheit im Baum. Deren Anwendung st\u00f6\u00dft jedoch oft an ihre Grenzen, weil der sichere hohe Ankerpunkt fehlt und die Seilwinkel zu flach werden. Erst die Kombination von Leiter und Seilklettertechnik hebt die Nachteile beider Syste\u00adme auf und f\u00fchrt die Vorteile zusam\u00admen. So ist es m\u00f6glich, gerade an die f\u00fcr den Schnitt wichtigen Stellen in der Pe\u00adripherie und an der Baumspitze zu ar\u00adbeiten. Und das mit zwei freien H\u00e4nden und sicherem Stand. Optimal f\u00fcr effizi\u00adentes und baumschonendes Arbeiten.<\/p>\n<p lang=\"de-DE\">Ach ja, und Sicherheit gibt es gratis dazu! Mit diesem Kurs stellen sie si\u00adcher, dass die Vorschriften der SVLFG f\u00fcr Sicherheit und Gesundheitsschutz (VSG 4.2) f\u00fcr Arbeiten \u00fcber 3 m H\u00f6he eingehalten werden. <strong>Dieser Kurs erf\u00fcllt die Anforderungen f\u00fcr die \u00bbj\u00e4hrliche Unterweisung\u00ab f\u00fcr das Baumklettern.<\/strong><\/p>\n<div class=\"links\">\n<h5>Voraussetzungen:<\/h5>\n<ul>\n<li>Seilkletterset Obstbaum oder PSA (kann auch bei uns gemietet werden)<\/li>\n<li>Schere + S\u00e4ge inkl. S\u00e4getasche und Scherenhalter<\/li>\n<li>Leiter (w\u00fcnschenswert) optimal sind selbstst\u00e4ndig stehende Obstbaumleitern mit Fu\u00dfdornen<\/li>\n<li>Infos zur Ausr\u00fcstung gibt es <a title=\"youTube: Video Ausr\u00fcstung Obstbaumschnitt\" href=\"http:\/\/youtu.be\/iXUZgPiXZPY\" target=\"_blank\" rel=\"noopener\">im Video.<\/a><\/li>\n<\/ul>\n<\/div>\n<div class=\"links\">\n<p>\u00a0 \u00a0 \u00a0 \u00a0 \u00a0 \u00a0 \u00a0 \u00a0 \u00a0 \u00a0 \u00a0 \u00a0 \u00a0 \u00a0 \u00a0 \u00a0 \u00a0 \u00a0 \u00a0 \u00a0 \u00a0 \u00a0 \u00a0 \u00a0 \u00a0 \u00a0<a class=\"Termine_und_Buchung\" href=\"mailto:info@baumkletterschule.de\">als Interessent registrieren<\/a><\/p>\n<p>&nbsp;<\/p>\n<\/div>\n<p>&nbsp;<\/p>\n<h2>Weitere Informationen<\/h2>\n<ul class=\"zweispaltig\">\n<li>Allgemeine Kursinformationen<\/li>\n<li><a href=\"https:\/\/baumkletterschule.de\/cms\/wp-content\/uploads\/2024\/11\/241120-Flyer-Ruecktrittskosten-Versicherung.pdf\">Kursr\u00fccktrittsversicherung<\/a><\/li>\n<li><a href=\"https:\/\/baumkletterschule.de\/cms\/wp-content\/uploads\/2019\/11\/Dokument-B-Kursprogramm_OS-ST.pdf\">Kursprogramm<\/a><\/li>\n<\/ul>\n","protected":false},"excerpt":{"rendered":"<p>Leitern sind und bleiben f\u00fcr die Arbeit an Obstb\u00e4umen ein wichtiges Arbeits\u00admittel. Sie bergen jedoch ein hohes Un\u00adfallrisiko. Die Seilklettertechnik ist das Mittel der Wahl bei gro\u00dfen Streuobst\u00adb\u00e4umen. Sie erm\u00f6glicht &#8230;<\/p>\n","protected":false},"author":6,"featured_media":0,"parent":13,"menu_order":0,"comment_status":"closed","ping_status":"closed","template":"","meta":{"footnotes":""},"categories":[],"tags":[],"class_list":["post-4414","page","type-page","status-publish","hentry"],"aioseo_notices":[],"_links":{"self":[{"href":"https:\/\/baumkletterschule.de\/cms\/wp-json\/wp\/v2\/pages\/4414","targetHints":{"allow":["GET"]}}],"collection":[{"href":"https:\/\/baumkletterschule.de\/cms\/wp-json\/wp\/v2\/pages"}],"about":[{"href":"https:\/\/baumkletterschule.de\/cms\/wp-json\/wp\/v2\/types\/page"}],"author":[{"embeddable":true,"href":"https:\/\/baumkletterschule.de\/cms\/wp-json\/wp\/v2\/users\/6"}],"replies":[{"embeddable":true,"href":"https:\/\/baumkletterschule.de\/cms\/wp-json\/wp\/v2\/comments?post=4414"}],"version-history":[{"count":34,"href":"https:\/\/baumkletterschule.de\/cms\/wp-json\/wp\/v2\/pages\/4414\/revisions"}],"predecessor-version":[{"id":10418,"href":"https:\/\/baumkletterschule.de\/cms\/wp-json\/wp\/v2\/pages\/4414\/revisions\/10418"}],"up":[{"embeddable":true,"href":"https:\/\/baumkletterschule.de\/cms\/wp-json\/wp\/v2\/pages\/13"}],"wp:attachment":[{"href":"https:\/\/baumkletterschule.de\/cms\/wp-json\/wp\/v2\/media?parent=4414"}],"wp:term":[{"taxonomy":"category","embeddable":true,"href":"https:\/\/baumkletterschule.de\/cms\/wp-json\/wp\/v2\/categories?post=4414"},{"taxonomy":"post_tag","embeddable":true,"href":"https:\/\/baumkletterschule.de\/cms\/wp-json\/wp\/v2\/tags?post=4414"}],"curies":[{"name":"wp","href":"https:\/\/api.w.org\/{rel}","templated":true}]}}