{"id":441,"date":"2016-11-24T15:26:06","date_gmt":"2016-11-24T13:26:06","guid":{"rendered":"https:\/\/baumkletterschule.de\/cms\/?page_id=441"},"modified":"2025-09-26T13:36:10","modified_gmt":"2025-09-26T11:36:10","slug":"as-baum-1","status":"publish","type":"page","link":"https:\/\/baumkletterschule.de\/cms\/kursinfo\/arbeitssicherheit\/as-baum-1\/","title":{"rendered":"AS-Baum I Motors\u00e4genausbildung"},"content":{"rendered":"<p lang=\"de-DE\">Motors\u00e4gen sind hilfreiche Maschinen und ebenso gef\u00e4hrlich. Die SVLFG for\u00addert deshalb f\u00fcr den Einsatz von Motor\u00ads\u00e4gen bei F\u00e4ll- und Baumpflegearbeiten in Kommunalbetrieben, im GaLaBau, im Forst und in der Baumpflege von ihren Versicherten den Nachweis der Fach\u00adkunde. Der AS-Baum I vermittelt die gefor\u00adderten Kenntnisse und Fertigkeiten. Entsprechend den Vorgaben der SVLFG wurden die Kursinhalte um die Handha\u00adbung verschiedener Handwerkzeuge, wie F\u00e4llheber, Hands\u00e4gen, Greifz\u00fcge und auch Hochentaster erweitert, so dass alle Schwierigkeitsgrade f\u00fcr Baum\u00adarbeiten vom Boden aus abgedeckt werden.<\/p>\n<p lang=\"de-DE\"><strong>Kursinhalt:<\/strong><\/p>\n<ul>\n<li>Aufbau und Funktion der Motors\u00e4ge<\/li>\n<li>Handwerkzeuge, Hilfsger\u00e4te, Hilfsmittel<\/li>\n<li>Sichere Aufstiegsmittel<\/li>\n<li>Wartung und Pflege der Motors\u00e4ge und Handger\u00e4te<\/li>\n<li>Baumsicherheitsbeurteilung<\/li>\n<li>Sicherungsma\u00dfnahmen und Baustellenabsicherung<\/li>\n<li>Situationsspezifische Auswahl geeigneter Maschinen<\/li>\n<li>F\u00e4llung und Aufarbeitung am Boden<\/li>\n<\/ul>\n<p lang=\"de-DE\"><strong>Hinweis:<\/strong><\/p>\n<p>Die M\u00fcnchner BaumKletterschule arbeitet in Kooperation mit der Akademie Landschaftsbau Weihenstephan in Freising und der Bayerischen Waldbauernschule in Kehlheim. Anmeldungen laufen direkt \u00fcber die Homepage der ALW und der WBS:<\/p>\n<h5 style=\"text-align: center;\"><a href=\"https:\/\/www.akademie-landschaftsbau.de\/lehrgaenge\/motorsaegensicherheitslehrgang-as-baum-i\/gesamtlehrgang\"><strong>Akademie Landschaftsbau Weihenstephan<\/strong><\/a><\/h5>\n<h5 style=\"text-align: center;\"><strong><a href=\"https:\/\/www.waldbauernschule.bayern.de\/wbs_lehrgaenge\/085423\/index.php\">Bayerische Waldbauernschule Kehlheim<\/a><\/strong><\/h5>\n<p>&nbsp;<\/p>\n<p style=\"text-align: center;\"><a class=\"Termine_und_Buchung\" href=\"https:\/\/buchung.baumkletterschule.de\/path\/app\/?rq_AppGuid=5E5C0C601B319D20997007E3327904420CC3B98C&#038;rq_TargetPageGuid=571D5772177FC7D5D3DE78309A57E877C24AE10C&#038;rq_Layout=MBKS_Website%2520target%3D_blank#{1}\">Termine und Buchung \u2013 bitte bei Kurs &#8222;AS Baum I&#8220; ausw\u00e4hlen<\/a><\/p>\n<p>&nbsp;<\/p>\n<p><strong>Voraussetzungen:<\/strong><\/p>\n<div class=\"links\">\n<ul>\n<li>G\u00fcltiger Nachweis der k\u00f6rperlichen und geistigen Eignung f\u00fcr gef\u00e4hrliche Baumarbeiten (Bescheinigung eines Arztes\/\u00c4rztin mit Gebietsbezeichnung \u201eArbeitsmedizin\u201c oder Zusatzbezeichnung \u201eBetriebsmedizin\u201c), Empfehlung f\u00fcr den Arzt zum Untersuchungsinhalt: G25 (mit Textzusatz \u201ek\u00f6rperliche und geistige Eignung f\u00fcr gef\u00e4hrliche Baumarbeiten\u201c), gegebenenfalls G41<\/li>\n<li>Vollst\u00e4ndige pers\u00f6nliche Schutzausr\u00fcstung f\u00fcr den Motors\u00e4geneinsatz (Arbeitshandschuhe, Schnittschutzstiefel und -hose der Klasse 1, Motors\u00e4genhelm mit Gesichts- und Geh\u00f6rschutz, optional Warnweste.)<\/li>\n<\/ul>\n<\/div>\n<div class=\"links\">\n<h6>Kursdauer: 5 Tage<\/h6>\n<\/div>\n<p>&nbsp;<\/p>\n<div id=\"envira-gallery-wrap-446\" class=\"envira-gallery-wrap envira-gallery-theme-base envira-lightbox-theme-base\" itemscope itemtype=\"https:\/\/schema.org\/ImageGallery\"><div data-row-height=\"150\" data-gallery-theme=\"normal\" id=\"envira-gallery-446\" class=\"envira-gallery-public envira-gallery-justified-public envira-gallery-0-columns envira-clear enviratope envira-gallery-css-animations\" data-envira-columns=\"0\"><div id=\"envira-gallery-item-305\" class=\"envira-gallery-item enviratope-item envira-gallery-item-1\" style=\"padding-left: 5px; padding-bottom: 10px; padding-right: 5px;\"  itemscope itemtype=\"https:\/\/schema.org\/ImageObject\"><div class=\"envira-gallery-item-inner\"><div class=\"envira-gallery-position-overlay  envira-gallery-top-left\"><\/div><div class=\"envira-gallery-position-overlay  envira-gallery-top-right\"><\/div><div class=\"envira-gallery-position-overlay  envira-gallery-bottom-left\"><\/div><div class=\"envira-gallery-position-overlay  envira-gallery-bottom-right\"><\/div><a href=\"https:\/\/baumkletterschule.de\/cms\/wp-content\/uploads\/2016\/11\/S64_1.jpg\" class=\"envira-gallery-446 envira-gallery-link\" rel=\"enviragallery446\" title=\"AS Baum 1\" data-envira-caption=\"AS Baum 1\" data-envira-retina=\"\" data-thumbnail=\"\"  itemprop=\"contentUrl\"><img decoding=\"async\" id=\"envira-gallery-image-305\" class=\"envira-gallery-image envira-gallery-image-1 envira-normal \" data-envira-index=\"1\" src=\"https:\/\/baumkletterschule.de\/cms\/wp-content\/uploads\/2016\/11\/S64_1-1024x403-640x480.jpg\" data-envira-src=\"https:\/\/baumkletterschule.de\/cms\/wp-content\/uploads\/2016\/11\/S64_1-1024x403-640x480.jpg\" data-envira-gallery-id=\"446\" data-envira-item-id=\"305\" data-envira-caption=\"AS Baum 1\" alt=\"AS Baum 1\" title=\"AS Baum 1\"  itemprop=\"thumbnailUrl\" data-envira-srcset=\"https:\/\/baumkletterschule.de\/cms\/wp-content\/uploads\/2016\/11\/S64_1-1024x403-640x480.jpg 400w,https:\/\/baumkletterschule.de\/cms\/wp-content\/uploads\/2016\/11\/S64_1-1024x403-640x480.jpg 2x\" data-envira-width=\"300\" data-envira-height=\"118\" srcset=\"https:\/\/baumkletterschule.de\/cms\/wp-content\/uploads\/2016\/11\/S64_1-1280x960.jpg 2x\" data-safe-src=\"https:\/\/baumkletterschule.de\/cms\/wp-content\/uploads\/2016\/11\/S64_1-1024x403-640x480.jpg\" \/><\/a><\/div><\/div><div id=\"envira-gallery-item-290\" class=\"envira-gallery-item enviratope-item envira-gallery-item-2\" style=\"padding-left: 5px; padding-bottom: 10px; padding-right: 5px;\"  itemscope itemtype=\"https:\/\/schema.org\/ImageObject\"><div class=\"envira-gallery-item-inner\"><div class=\"envira-gallery-position-overlay  envira-gallery-top-left\"><\/div><div class=\"envira-gallery-position-overlay  envira-gallery-top-right\"><\/div><div class=\"envira-gallery-position-overlay  envira-gallery-bottom-left\"><\/div><div class=\"envira-gallery-position-overlay  envira-gallery-bottom-right\"><\/div><a href=\"https:\/\/baumkletterschule.de\/cms\/wp-content\/uploads\/2016\/11\/Baumkontrolleur_2.jpg\" class=\"envira-gallery-446 envira-gallery-link\" rel=\"enviragallery446\" title=\"AS Baum 1\" data-envira-caption=\"AS Baum 1\" data-envira-retina=\"\" data-thumbnail=\"\"  itemprop=\"contentUrl\"><img decoding=\"async\" id=\"envira-gallery-image-290\" class=\"envira-gallery-image envira-gallery-image-2 envira-normal \" data-envira-index=\"2\" src=\"https:\/\/baumkletterschule.de\/cms\/wp-content\/uploads\/2016\/11\/Baumkontrolleur_2-1024x685-640x480.jpg\" data-envira-src=\"https:\/\/baumkletterschule.de\/cms\/wp-content\/uploads\/2016\/11\/Baumkontrolleur_2-1024x685-640x480.jpg\" data-envira-gallery-id=\"446\" data-envira-item-id=\"290\" data-envira-caption=\"AS Baum 1\" alt=\"AS Baum 1\" title=\"AS Baum 1\"  itemprop=\"thumbnailUrl\" data-envira-srcset=\"https:\/\/baumkletterschule.de\/cms\/wp-content\/uploads\/2016\/11\/Baumkontrolleur_2-1024x685-640x480.jpg 400w,https:\/\/baumkletterschule.de\/cms\/wp-content\/uploads\/2016\/11\/Baumkontrolleur_2-1024x685-640x480.jpg 2x\" data-envira-width=\"300\" data-envira-height=\"201\" srcset=\"https:\/\/baumkletterschule.de\/cms\/wp-content\/uploads\/2016\/11\/Baumkontrolleur_2-1280x960.jpg 2x\" data-safe-src=\"https:\/\/baumkletterschule.de\/cms\/wp-content\/uploads\/2016\/11\/Baumkontrolleur_2-1024x685-640x480.jpg\" \/><\/a><\/div><\/div><div id=\"envira-gallery-item-453\" class=\"envira-gallery-item enviratope-item envira-gallery-item-3\" style=\"padding-left: 5px; padding-bottom: 10px; padding-right: 5px;\"  itemscope itemtype=\"https:\/\/schema.org\/ImageObject\"><div class=\"envira-gallery-item-inner\"><div class=\"envira-gallery-position-overlay  envira-gallery-top-left\"><\/div><div class=\"envira-gallery-position-overlay  envira-gallery-top-right\"><\/div><div class=\"envira-gallery-position-overlay  envira-gallery-bottom-left\"><\/div><div class=\"envira-gallery-position-overlay  envira-gallery-bottom-right\"><\/div><a href=\"https:\/\/baumkletterschule.de\/cms\/wp-content\/uploads\/2016\/11\/Halifax1-028.jpg\" class=\"envira-gallery-446 envira-gallery-link\" rel=\"enviragallery446\" title=\"AS Baum 1\" data-envira-caption=\"AS Baum 1\" data-envira-retina=\"\" data-thumbnail=\"\"  itemprop=\"contentUrl\"><img decoding=\"async\" id=\"envira-gallery-image-453\" class=\"envira-gallery-image envira-gallery-image-3 envira-normal \" data-envira-index=\"3\" src=\"https:\/\/baumkletterschule.de\/cms\/wp-content\/uploads\/2016\/11\/Halifax1-028.jpg\" data-envira-src=\"https:\/\/baumkletterschule.de\/cms\/wp-content\/uploads\/2016\/11\/Halifax1-028.jpg\" data-envira-gallery-id=\"446\" data-envira-item-id=\"453\" data-envira-caption=\"AS Baum 1\" alt=\"AS Baum 1\" title=\"AS Baum 1\"  itemprop=\"thumbnailUrl\" data-envira-srcset=\"https:\/\/baumkletterschule.de\/cms\/wp-content\/uploads\/2016\/11\/Halifax1-028.jpg 400w,https:\/\/baumkletterschule.de\/cms\/wp-content\/uploads\/2016\/11\/Halifax1-028.jpg 2x\" data-envira-width=\"300\" data-envira-height=\"225\" srcset=\"https:\/\/baumkletterschule.de\/cms\/wp-content\/uploads\/2016\/11\/Halifax1-028-1280x960.jpg 2x\" data-safe-src=\"https:\/\/baumkletterschule.de\/cms\/wp-content\/uploads\/2016\/11\/Halifax1-028.jpg\" \/><\/a><\/div><\/div><div id=\"envira-gallery-item-452\" class=\"envira-gallery-item enviratope-item envira-gallery-item-4\" style=\"padding-left: 5px; padding-bottom: 10px; padding-right: 5px;\"  itemscope itemtype=\"https:\/\/schema.org\/ImageObject\"><div class=\"envira-gallery-item-inner\"><div class=\"envira-gallery-position-overlay  envira-gallery-top-left\"><\/div><div class=\"envira-gallery-position-overlay  envira-gallery-top-right\"><\/div><div class=\"envira-gallery-position-overlay  envira-gallery-bottom-left\"><\/div><div class=\"envira-gallery-position-overlay  envira-gallery-bottom-right\"><\/div><a href=\"https:\/\/baumkletterschule.de\/cms\/wp-content\/uploads\/2016\/11\/ASI_2-1.jpg\" class=\"envira-gallery-446 envira-gallery-link\" rel=\"enviragallery446\" title=\"AS Baum 1\" data-envira-caption=\"AS Baum 1\" data-envira-retina=\"\" data-thumbnail=\"\"  itemprop=\"contentUrl\"><img decoding=\"async\" id=\"envira-gallery-image-452\" class=\"envira-gallery-image envira-gallery-image-4 envira-normal \" data-envira-index=\"4\" src=\"https:\/\/baumkletterschule.de\/cms\/wp-content\/uploads\/2016\/11\/ASI_2-1-1024x683-640x480.jpg\" data-envira-src=\"https:\/\/baumkletterschule.de\/cms\/wp-content\/uploads\/2016\/11\/ASI_2-1-1024x683-640x480.jpg\" data-envira-gallery-id=\"446\" data-envira-item-id=\"452\" data-envira-caption=\"AS Baum 1\" alt=\"AS Baum 1\" title=\"AS Baum 1\"  itemprop=\"thumbnailUrl\" data-envira-srcset=\"https:\/\/baumkletterschule.de\/cms\/wp-content\/uploads\/2016\/11\/ASI_2-1-1024x683-640x480.jpg 400w,https:\/\/baumkletterschule.de\/cms\/wp-content\/uploads\/2016\/11\/ASI_2-1-1024x683-640x480.jpg 2x\" data-envira-width=\"300\" data-envira-height=\"200\" srcset=\"https:\/\/baumkletterschule.de\/cms\/wp-content\/uploads\/2016\/11\/ASI_2-1-1280x960.jpg 2x\" data-safe-src=\"https:\/\/baumkletterschule.de\/cms\/wp-content\/uploads\/2016\/11\/ASI_2-1-1024x683-640x480.jpg\" \/><\/a><\/div><\/div><div id=\"envira-gallery-item-451\" class=\"envira-gallery-item enviratope-item envira-gallery-item-5\" style=\"padding-left: 5px; padding-bottom: 10px; padding-right: 5px;\"  itemscope itemtype=\"https:\/\/schema.org\/ImageObject\"><div class=\"envira-gallery-item-inner\"><div class=\"envira-gallery-position-overlay  envira-gallery-top-left\"><\/div><div class=\"envira-gallery-position-overlay  envira-gallery-top-right\"><\/div><div class=\"envira-gallery-position-overlay  envira-gallery-bottom-left\"><\/div><div class=\"envira-gallery-position-overlay  envira-gallery-bottom-right\"><\/div><a href=\"https:\/\/baumkletterschule.de\/cms\/wp-content\/uploads\/2016\/11\/ASI_1-1.jpg\" class=\"envira-gallery-446 envira-gallery-link\" rel=\"enviragallery446\" title=\"AS Baum 1\" data-envira-caption=\"AS Baum 1\" data-envira-retina=\"\" data-thumbnail=\"\"  itemprop=\"contentUrl\"><img decoding=\"async\" id=\"envira-gallery-image-451\" class=\"envira-gallery-image envira-gallery-image-5 envira-normal \" data-envira-index=\"5\" src=\"https:\/\/baumkletterschule.de\/cms\/wp-content\/uploads\/2016\/11\/ASI_1-1-683x1024-640x480.jpg\" data-envira-src=\"https:\/\/baumkletterschule.de\/cms\/wp-content\/uploads\/2016\/11\/ASI_1-1-683x1024-640x480.jpg\" data-envira-gallery-id=\"446\" data-envira-item-id=\"451\" data-envira-caption=\"AS Baum 1\" alt=\"AS Baum 1\" title=\"AS Baum 1\"  itemprop=\"thumbnailUrl\" data-envira-srcset=\"https:\/\/baumkletterschule.de\/cms\/wp-content\/uploads\/2016\/11\/ASI_1-1-683x1024-640x480.jpg 400w,https:\/\/baumkletterschule.de\/cms\/wp-content\/uploads\/2016\/11\/ASI_1-1-683x1024-640x480.jpg 2x\" data-envira-width=\"200\" data-envira-height=\"300\" srcset=\"https:\/\/baumkletterschule.de\/cms\/wp-content\/uploads\/2016\/11\/ASI_1-1-1280x960.jpg 2x\" data-safe-src=\"https:\/\/baumkletterschule.de\/cms\/wp-content\/uploads\/2016\/11\/ASI_1-1-683x1024-640x480.jpg\" \/><\/a><\/div><\/div><div id=\"envira-gallery-item-447\" class=\"envira-gallery-item enviratope-item envira-gallery-item-6\" style=\"padding-left: 5px; padding-bottom: 10px; padding-right: 5px;\"  itemscope itemtype=\"https:\/\/schema.org\/ImageObject\"><div class=\"envira-gallery-item-inner\"><div class=\"envira-gallery-position-overlay  envira-gallery-top-left\"><\/div><div class=\"envira-gallery-position-overlay  envira-gallery-top-right\"><\/div><div class=\"envira-gallery-position-overlay  envira-gallery-bottom-left\"><\/div><div class=\"envira-gallery-position-overlay  envira-gallery-bottom-right\"><\/div><a href=\"https:\/\/baumkletterschule.de\/cms\/wp-content\/uploads\/2016\/11\/ASI_2.jpg\" class=\"envira-gallery-446 envira-gallery-link\" rel=\"enviragallery446\" title=\"AS Baum 1\" data-envira-caption=\"AS Baum 1\" data-envira-retina=\"\" data-thumbnail=\"\"  itemprop=\"contentUrl\"><img decoding=\"async\" id=\"envira-gallery-image-447\" class=\"envira-gallery-image envira-gallery-image-6 envira-normal \" data-envira-index=\"6\" src=\"https:\/\/baumkletterschule.de\/cms\/wp-content\/uploads\/2016\/11\/ASI_2-1024x683-640x480.jpg\" data-envira-src=\"https:\/\/baumkletterschule.de\/cms\/wp-content\/uploads\/2016\/11\/ASI_2-1024x683-640x480.jpg\" data-envira-gallery-id=\"446\" data-envira-item-id=\"447\" data-envira-caption=\"AS Baum 1\" alt=\"AS Baum 1\" title=\"AS Baum 1\"  itemprop=\"thumbnailUrl\" data-envira-srcset=\"https:\/\/baumkletterschule.de\/cms\/wp-content\/uploads\/2016\/11\/ASI_2-1024x683-640x480.jpg 400w,https:\/\/baumkletterschule.de\/cms\/wp-content\/uploads\/2016\/11\/ASI_2-1024x683-640x480.jpg 2x\" data-envira-width=\"300\" data-envira-height=\"200\" srcset=\"https:\/\/baumkletterschule.de\/cms\/wp-content\/uploads\/2016\/11\/ASI_2-1280x960.jpg 2x\" data-safe-src=\"https:\/\/baumkletterschule.de\/cms\/wp-content\/uploads\/2016\/11\/ASI_2-1024x683-640x480.jpg\" \/><\/a><\/div><\/div><\/div><\/div><noscript><img decoding=\"async\" src=\"https:\/\/baumkletterschule.de\/cms\/wp-content\/uploads\/2016\/11\/S64_1.jpg\" alt=\"AS Baum 1\" \/><img decoding=\"async\" src=\"https:\/\/baumkletterschule.de\/cms\/wp-content\/uploads\/2016\/11\/Baumkontrolleur_2.jpg\" alt=\"AS Baum 1\" \/><img decoding=\"async\" src=\"https:\/\/baumkletterschule.de\/cms\/wp-content\/uploads\/2016\/11\/Halifax1-028.jpg\" alt=\"AS Baum 1\" \/><img decoding=\"async\" src=\"https:\/\/baumkletterschule.de\/cms\/wp-content\/uploads\/2016\/11\/ASI_2-1.jpg\" alt=\"AS Baum 1\" \/><img decoding=\"async\" src=\"https:\/\/baumkletterschule.de\/cms\/wp-content\/uploads\/2016\/11\/ASI_1-1.jpg\" alt=\"AS Baum 1\" \/><img decoding=\"async\" src=\"https:\/\/baumkletterschule.de\/cms\/wp-content\/uploads\/2016\/11\/ASI_2.jpg\" alt=\"AS Baum 1\" \/><\/noscript>\n","protected":false},"excerpt":{"rendered":"<p>Motors\u00e4gen sind hilfreiche Maschinen und ebenso gef\u00e4hrlich. Die SVLFG for\u00addert deshalb f\u00fcr den Einsatz von Motor\u00ads\u00e4gen bei F\u00e4ll- und Baumpflegearbeiten in Kommunalbetrieben, im GaLaBau, im Forst und in der Baumpflege &#8230;<\/p>\n","protected":false},"author":6,"featured_media":0,"parent":17,"menu_order":0,"comment_status":"closed","ping_status":"closed","template":"template-full-width.php","meta":{"footnotes":""},"categories":[],"tags":[],"class_list":["post-441","page","type-page","status-publish","hentry"],"aioseo_notices":[],"_links":{"self":[{"href":"https:\/\/baumkletterschule.de\/cms\/wp-json\/wp\/v2\/pages\/441","targetHints":{"allow":["GET"]}}],"collection":[{"href":"https:\/\/baumkletterschule.de\/cms\/wp-json\/wp\/v2\/pages"}],"about":[{"href":"https:\/\/baumkletterschule.de\/cms\/wp-json\/wp\/v2\/types\/page"}],"author":[{"embeddable":true,"href":"https:\/\/baumkletterschule.de\/cms\/wp-json\/wp\/v2\/users\/6"}],"replies":[{"embeddable":true,"href":"https:\/\/baumkletterschule.de\/cms\/wp-json\/wp\/v2\/comments?post=441"}],"version-history":[{"count":73,"href":"https:\/\/baumkletterschule.de\/cms\/wp-json\/wp\/v2\/pages\/441\/revisions"}],"predecessor-version":[{"id":10065,"href":"https:\/\/baumkletterschule.de\/cms\/wp-json\/wp\/v2\/pages\/441\/revisions\/10065"}],"up":[{"embeddable":true,"href":"https:\/\/baumkletterschule.de\/cms\/wp-json\/wp\/v2\/pages\/17"}],"wp:attachment":[{"href":"https:\/\/baumkletterschule.de\/cms\/wp-json\/wp\/v2\/media?parent=441"}],"wp:term":[{"taxonomy":"category","embeddable":true,"href":"https:\/\/baumkletterschule.de\/cms\/wp-json\/wp\/v2\/categories?post=441"},{"taxonomy":"post_tag","embeddable":true,"href":"https:\/\/baumkletterschule.de\/cms\/wp-json\/wp\/v2\/tags?post=441"}],"curies":[{"name":"wp","href":"https:\/\/api.w.org\/{rel}","templated":true}]}}