{"id":385,"date":"2016-11-23T13:11:50","date_gmt":"2016-11-23T11:11:50","guid":{"rendered":"https:\/\/baumkletterschule.de\/cms\/?page_id=385"},"modified":"2026-02-20T16:14:37","modified_gmt":"2026-02-20T15:14:37","slug":"climb-update","status":"publish","type":"page","link":"https:\/\/baumkletterschule.de\/cms\/kursinfo\/kletterkurse\/climb-update\/","title":{"rendered":"Climb Update &#8211; nach dem SKT A-Kurs dranbleiben"},"content":{"rendered":"<p><img loading=\"lazy\" decoding=\"async\" class=\"alignleft wp-image-663\" src=\"https:\/\/baumkletterschule.de\/cms\/wp-content\/uploads\/2016\/12\/CUP.png\" alt=\"cup\" width=\"261\" height=\"81\" \/><\/p>\n<p lang=\"de-DE\">Dieser zweit\u00e4gige Seilkletter-Workshop richtet sich an alle, die bereits den SKT A Kurs absolviert haben und weiter machen m\u00f6chten. Hier werden eingesetzte Techniken \u00fcberpr\u00fcft und neue Techniken vorgestellt. Der Workshop bietet alles, was wichtig ist, Spa\u00df macht und weiterbringt im Baum. Spannende und lehrreiche Rettungsszenarien kombiniert mit Themen anderer Workshops wie SRT, Rigging, Steigeisen oder Einzelthemen wie Seilbahnen, Einsatz bestimmter Ger\u00e4te, aber auch die Vorstellung neuester Ger\u00e4te und Techniken. Ganz nach Wunsch unter Anleitung unserer versierten Ausbilder*innen.<\/p>\n<p lang=\"de-DE\">Der <strong>erste Tag<\/strong> entspricht dem eint\u00e4gigen Kurs <a title=\"Kursinfo: Rettungstechniken im Baum\" href=\"https:\/\/baumkletterschule.de\/cms\/kursinfo\/kletterkurse\/rettung\/\">\u201eRettungstechniken im Baum\u201c<\/a> und ist auch einzeln buchbar. Rettungsvarianten werden ge\u00fcbt, so dass im Ernstfall schnell und sicher durch Routine geholfen werden kann. ebenso wird die Wahrscheinlichkeit von Unf\u00e4llen reduziert durch besseres Know-how und \u00dcbung. Der <strong>zweite Tag<\/strong> widmet sich neuen, aber auch bew\u00e4hrten Techniken. Eine Mischung aus Wiederholung, Auffrischung und neuen Trends.<\/p>\n<p lang=\"de-DE\">Climb-Update eignet sich auch als <a title=\"MBKS-Wunsch-Kurse bei Ihnen vor Ort\" href=\"https:\/\/baumkletterschule.de\/cms\/kursinfo\/sonderkurse\/firmenkurse\/\">selbst organisiertes Event f\u00fcr Gruppen, Firmen, Freunde,<\/a> einmal j\u00e4hrlich, direkt vor Ort bei Ihnen.<\/p>\n<p><strong>Dieser Kurs gilt als Nachweis f\u00fcr die j\u00e4hrliche Unterweisung f\u00fcr Baumklettereins\u00e4tze <\/strong>(gefordert von der Berufsgenossenschaft). Dieser Seilkletter-Workshop ist somit Pflicht, die Spa\u00df macht und weiterbringt.<\/p>\n<p>&nbsp;<\/p>\n<p style=\"text-align: left;\">\u00a0 \u00a0 \u00a0 \u00a0 \u00a0 \u00a0 \u00a0 \u00a0 \u00a0 \u00a0 \u00a0 \u00a0 \u00a0 \u00a0 \u00a0 \u00a0 \u00a0 \u00a0 \u00a0\u00a0 \u00a0 \u00a0 \u00a0\u00a0 <a class=\"Termine_und_Buchung\" href=\"https:\/\/buchung.baumkletterschule.de\/?rq_AppGuid=5E5C0C601B319D20997007E3327904420CC3B98C&amp;rq_TargetPageGuid=571D5772177FC7D5D3DE78309A57E877C24AE10C&amp;rq_kurstyp=3237&amp;rq_Layout=MBKS_Website\">Termine und Buchung<\/a> \u00a0 \u00a0 \u00a0 \u00a0\u00a0\u00a0 <a class=\"Termine_und_Buchung\" href=\"mailto:info@baumkletterschule.de\">als Interessent registrieren<\/a><\/p>\n<div class=\"links\">\n<h2><\/h2>\n<p><strong>Voraussetzungen<\/strong><\/p>\n<ul>\n<li>SKT-A Zertifikat<\/li>\n<li>eigene PSA (gepr\u00fcft)<\/li>\n<li>Nachweis der k\u00f6rperlichen und geistigen Eignung bzw. Tauglichkeit f\u00fcr gef\u00e4hrliche Baumarbeiten durch einen Arbeits- oder Betriebsmediziner (\u00a7 2 der VSG 4.2 &#8222;Gartenbau, Obstbau und Parkanlagen&#8220; bzw. \u00a7 1 der VSG 4.3 &#8222;Forsten&#8220;).Die Untersuchungen f\u00fcr die Kurse SKT A und SKT B k\u00f6nnen in Anlehnung an die DGUV Empfehlungen &#8222;Arbeiten mit Absturzgefahr&#8220;,\u00a0<strong>E ABS Eignung<\/strong> und &#8222;Fahr-, Steuer-, und \u00dcberwachungst\u00e4tigkeiten&#8220;,\u00a0<strong>E FS\u00dc Eignung<\/strong> erfolgen.<\/li>\n<\/ul>\n<p><em>Die Eignungsuntersuchungen werden von der Sozialversicherung f\u00fcr Landwirtschaft, Forsten und Gartenbau (SVLFG) als Zulassungsvoraussetzungen gefordert und sind somit f\u00fcr uns als begutachtete Schule bindend.<\/em><\/p>\n<\/div>\n<div class=\"links\">\n<p><strong>Kursdauer:\u00a0\u00a0<\/strong>\u00a0\u00a0 2 Tage<\/p>\n<p><strong>Firmenkurse auf Anfrage:<\/strong> <a href=\"mailto:info@baumkletterschule.de\">info@baumkletterschule.de<\/a><\/p>\n<\/div>\n<p>&nbsp;<\/p>\n<h2>Weitere Informationen<\/h2>\n<ul class=\"zweispaltig\">\n<li><a href=\"https:\/\/baumkletterschule.de\/cms\/wp-content\/uploads\/2025\/12\/CUP-Allg.-Informationen.pdf\">Allgemeine Kursinformationen<\/a><\/li>\n<li><a href=\"https:\/\/baumkletterschule.de\/cms\/wp-content\/uploads\/2025\/12\/CUP-Zulassungsvoraussetzung.pdf\">Zulassungsvoraussetzung<\/a><\/li>\n<li><a href=\"https:\/\/baumkletterschule.de\/cms\/wp-content\/uploads\/2025\/12\/CUP-Kletterausruestung.pdf\">Kletterausr\u00fcstung<\/a><\/li>\n<li class=\"pdf\"><a href=\"https:\/\/baumkletterschule.de\/cms\/wp-content\/uploads\/2024\/11\/241120-Flyer-Ruecktrittskosten-Versicherung.pdf\">Kursr\u00fccktrittsversicherung<\/a><\/li>\n<li style=\"display: none;\"><a href=\"https:\/\/baumkletterschule.de\/cms\/wp-content\/uploads\/2019\/11\/CUP.pdf\">Fax-Buchungsformular<\/a><\/li>\n<li><a href=\"https:\/\/baumkletterschule.de\/cms\/wp-content\/uploads\/2025\/11\/251125-b45-broschuere-arbeitsmedizinische-vorsorge.pdf\">B45-broschuere-arbeitsmedizinische-vorsorge<\/a><\/li>\n<\/ul>\n<div id=\"envira-gallery-wrap-395\" class=\"envira-gallery-wrap envira-gallery-theme-base envira-lightbox-theme-base\" itemscope itemtype=\"https:\/\/schema.org\/ImageGallery\"><div data-row-height=\"150\" data-gallery-theme=\"normal\" id=\"envira-gallery-395\" class=\"envira-gallery-public envira-gallery-justified-public envira-gallery-0-columns envira-clear enviratope envira-gallery-css-animations\" data-envira-columns=\"0\"><div id=\"envira-gallery-item-277\" class=\"envira-gallery-item enviratope-item envira-gallery-item-1\" style=\"padding-left: 5px; padding-bottom: 10px; padding-right: 5px;\"  itemscope itemtype=\"https:\/\/schema.org\/ImageObject\"><div class=\"envira-gallery-item-inner\"><div class=\"envira-gallery-position-overlay  envira-gallery-top-left\"><\/div><div class=\"envira-gallery-position-overlay  envira-gallery-top-right\"><\/div><div class=\"envira-gallery-position-overlay  envira-gallery-bottom-left\"><\/div><div class=\"envira-gallery-position-overlay  envira-gallery-bottom-right\"><\/div><a href=\"https:\/\/baumkletterschule.de\/cms\/wp-content\/uploads\/2016\/11\/2012_09_20_rope-wrench_day130.jpg\" class=\"envira-gallery-395 envira-gallery-link\" rel=\"enviragallery395\" title=\"Climb-Update&reg;\" data-envira-caption=\"Climb-Update&reg;\" data-envira-retina=\"\" data-thumbnail=\"\"  itemprop=\"contentUrl\"><img decoding=\"async\" id=\"envira-gallery-image-277\" class=\"envira-gallery-image envira-gallery-image-1 envira-normal \" data-envira-index=\"1\" src=\"https:\/\/baumkletterschule.de\/cms\/wp-content\/uploads\/2016\/11\/2012_09_20_rope-wrench_day130-1024x768-640x480.jpg\" data-envira-src=\"https:\/\/baumkletterschule.de\/cms\/wp-content\/uploads\/2016\/11\/2012_09_20_rope-wrench_day130-1024x768-640x480.jpg\" data-envira-gallery-id=\"395\" data-envira-item-id=\"277\" data-envira-caption=\"Climb-Update&reg;\" alt=\"Climb-Update\u00ae\" title=\"Climb-Update\u00ae\"  itemprop=\"thumbnailUrl\" data-envira-srcset=\"https:\/\/baumkletterschule.de\/cms\/wp-content\/uploads\/2016\/11\/2012_09_20_rope-wrench_day130-1024x768-640x480.jpg 400w,https:\/\/baumkletterschule.de\/cms\/wp-content\/uploads\/2016\/11\/2012_09_20_rope-wrench_day130-1024x768-640x480.jpg 2x\" data-envira-width=\"300\" data-envira-height=\"225\" srcset=\"https:\/\/baumkletterschule.de\/cms\/wp-content\/uploads\/2016\/11\/2012_09_20_rope-wrench_day130-1280x960.jpg 2x\" data-safe-src=\"https:\/\/baumkletterschule.de\/cms\/wp-content\/uploads\/2016\/11\/2012_09_20_rope-wrench_day130-1024x768-640x480.jpg\" \/><\/a><\/div><\/div><div id=\"envira-gallery-item-275\" class=\"envira-gallery-item enviratope-item envira-gallery-item-2\" style=\"padding-left: 5px; padding-bottom: 10px; padding-right: 5px;\"  itemscope itemtype=\"https:\/\/schema.org\/ImageObject\"><div class=\"envira-gallery-item-inner\"><div class=\"envira-gallery-position-overlay  envira-gallery-top-left\"><\/div><div class=\"envira-gallery-position-overlay  envira-gallery-top-right\"><\/div><div class=\"envira-gallery-position-overlay  envira-gallery-bottom-left\"><\/div><div class=\"envira-gallery-position-overlay  envira-gallery-bottom-right\"><\/div><a href=\"https:\/\/baumkletterschule.de\/cms\/wp-content\/uploads\/2016\/11\/2012_06_28_skt-b_e-garten393.jpg\" class=\"envira-gallery-395 envira-gallery-link\" rel=\"enviragallery395\" title=\"Climb-Update&reg;\" data-envira-caption=\"Climb-Update&reg;\" data-envira-retina=\"\" data-thumbnail=\"\"  itemprop=\"contentUrl\"><img decoding=\"async\" id=\"envira-gallery-image-275\" class=\"envira-gallery-image envira-gallery-image-2 envira-normal \" data-envira-index=\"2\" src=\"https:\/\/baumkletterschule.de\/cms\/wp-content\/uploads\/2016\/11\/2012_06_28_skt-b_e-garten393-768x1024-640x480.jpg\" data-envira-src=\"https:\/\/baumkletterschule.de\/cms\/wp-content\/uploads\/2016\/11\/2012_06_28_skt-b_e-garten393-768x1024-640x480.jpg\" data-envira-gallery-id=\"395\" data-envira-item-id=\"275\" data-envira-caption=\"Climb-Update&reg;\" alt=\"Climb-Update\u00ae\" title=\"Climb-Update\u00ae\"  itemprop=\"thumbnailUrl\" data-envira-srcset=\"https:\/\/baumkletterschule.de\/cms\/wp-content\/uploads\/2016\/11\/2012_06_28_skt-b_e-garten393-768x1024-640x480.jpg 400w,https:\/\/baumkletterschule.de\/cms\/wp-content\/uploads\/2016\/11\/2012_06_28_skt-b_e-garten393-768x1024-640x480.jpg 2x\" data-envira-width=\"225\" data-envira-height=\"300\" srcset=\"https:\/\/baumkletterschule.de\/cms\/wp-content\/uploads\/2016\/11\/2012_06_28_skt-b_e-garten393-1280x960.jpg 2x\" data-safe-src=\"https:\/\/baumkletterschule.de\/cms\/wp-content\/uploads\/2016\/11\/2012_06_28_skt-b_e-garten393-768x1024-640x480.jpg\" \/><\/a><\/div><\/div><div id=\"envira-gallery-item-114\" class=\"envira-gallery-item enviratope-item envira-gallery-item-3\" style=\"padding-left: 5px; padding-bottom: 10px; padding-right: 5px;\"  itemscope itemtype=\"https:\/\/schema.org\/ImageObject\"><div class=\"envira-gallery-item-inner\"><div class=\"envira-gallery-position-overlay  envira-gallery-top-left\"><\/div><div class=\"envira-gallery-position-overlay  envira-gallery-top-right\"><\/div><div class=\"envira-gallery-position-overlay  envira-gallery-bottom-left\"><\/div><div class=\"envira-gallery-position-overlay  envira-gallery-bottom-right\"><\/div><a href=\"https:\/\/baumkletterschule.de\/cms\/wp-content\/uploads\/2016\/11\/2014_06_26_skt-a_e-garten_sorge_72.jpg\" class=\"envira-gallery-395 envira-gallery-link\" rel=\"enviragallery395\" title=\"Climb-Update&reg;\" data-envira-caption=\"Climb-Update&reg;\" data-envira-retina=\"\" data-thumbnail=\"\"  itemprop=\"contentUrl\"><img decoding=\"async\" id=\"envira-gallery-image-114\" class=\"envira-gallery-image envira-gallery-image-3 envira-normal \" data-envira-index=\"3\" src=\"https:\/\/baumkletterschule.de\/cms\/wp-content\/uploads\/2016\/11\/2014_06_26_skt-a_e-garten_sorge_72-1024x768-640x480.jpg\" data-envira-src=\"https:\/\/baumkletterschule.de\/cms\/wp-content\/uploads\/2016\/11\/2014_06_26_skt-a_e-garten_sorge_72-1024x768-640x480.jpg\" data-envira-gallery-id=\"395\" data-envira-item-id=\"114\" data-envira-caption=\"Climb-Update&reg;\" alt=\"Climb-Update\u00ae\" title=\"Climb-Update\u00ae\"  itemprop=\"thumbnailUrl\" data-envira-srcset=\"https:\/\/baumkletterschule.de\/cms\/wp-content\/uploads\/2016\/11\/2014_06_26_skt-a_e-garten_sorge_72-1024x768-640x480.jpg 400w,https:\/\/baumkletterschule.de\/cms\/wp-content\/uploads\/2016\/11\/2014_06_26_skt-a_e-garten_sorge_72-1024x768-640x480.jpg 2x\" data-envira-width=\"300\" data-envira-height=\"225\" srcset=\"https:\/\/baumkletterschule.de\/cms\/wp-content\/uploads\/2016\/11\/2014_06_26_skt-a_e-garten_sorge_72-1280x960.jpg 2x\" data-safe-src=\"https:\/\/baumkletterschule.de\/cms\/wp-content\/uploads\/2016\/11\/2014_06_26_skt-a_e-garten_sorge_72-1024x768-640x480.jpg\" \/><\/a><\/div><\/div><div id=\"envira-gallery-item-110\" class=\"envira-gallery-item enviratope-item envira-gallery-item-4\" style=\"padding-left: 5px; padding-bottom: 10px; padding-right: 5px;\"  itemscope itemtype=\"https:\/\/schema.org\/ImageObject\"><div class=\"envira-gallery-item-inner\"><div class=\"envira-gallery-position-overlay  envira-gallery-top-left\"><\/div><div class=\"envira-gallery-position-overlay  envira-gallery-top-right\"><\/div><div class=\"envira-gallery-position-overlay  envira-gallery-bottom-left\"><\/div><div class=\"envira-gallery-position-overlay  envira-gallery-bottom-right\"><\/div><a href=\"https:\/\/baumkletterschule.de\/cms\/wp-content\/uploads\/2016\/11\/2012_03_22_SKT-A_Berlin_11.jpg\" class=\"envira-gallery-395 envira-gallery-link\" rel=\"enviragallery395\" title=\"Climb-Update&reg;\" data-envira-caption=\"Climb-Update&reg;\" data-envira-retina=\"\" data-thumbnail=\"\"  itemprop=\"contentUrl\"><img decoding=\"async\" id=\"envira-gallery-image-110\" class=\"envira-gallery-image envira-gallery-image-4 envira-normal \" data-envira-index=\"4\" src=\"https:\/\/baumkletterschule.de\/cms\/wp-content\/uploads\/2016\/11\/2012_03_22_SKT-A_Berlin_11-1024x683-640x480.jpg\" data-envira-src=\"https:\/\/baumkletterschule.de\/cms\/wp-content\/uploads\/2016\/11\/2012_03_22_SKT-A_Berlin_11-1024x683-640x480.jpg\" data-envira-gallery-id=\"395\" data-envira-item-id=\"110\" data-envira-caption=\"Climb-Update&reg;\" alt=\"Climb-Update\u00ae\" title=\"Climb-Update\u00ae\"  itemprop=\"thumbnailUrl\" data-envira-srcset=\"https:\/\/baumkletterschule.de\/cms\/wp-content\/uploads\/2016\/11\/2012_03_22_SKT-A_Berlin_11-1024x683-640x480.jpg 400w,https:\/\/baumkletterschule.de\/cms\/wp-content\/uploads\/2016\/11\/2012_03_22_SKT-A_Berlin_11-1024x683-640x480.jpg 2x\" data-envira-width=\"300\" data-envira-height=\"200\" srcset=\"https:\/\/baumkletterschule.de\/cms\/wp-content\/uploads\/2016\/11\/2012_03_22_SKT-A_Berlin_11-1280x960.jpg 2x\" data-safe-src=\"https:\/\/baumkletterschule.de\/cms\/wp-content\/uploads\/2016\/11\/2012_03_22_SKT-A_Berlin_11-1024x683-640x480.jpg\" \/><\/a><\/div><\/div><div id=\"envira-gallery-item-105\" class=\"envira-gallery-item enviratope-item envira-gallery-item-5\" style=\"padding-left: 5px; padding-bottom: 10px; padding-right: 5px;\"  itemscope itemtype=\"https:\/\/schema.org\/ImageObject\"><div class=\"envira-gallery-item-inner\"><div class=\"envira-gallery-position-overlay  envira-gallery-top-left\"><\/div><div class=\"envira-gallery-position-overlay  envira-gallery-top-right\"><\/div><div class=\"envira-gallery-position-overlay  envira-gallery-bottom-left\"><\/div><div class=\"envira-gallery-position-overlay  envira-gallery-bottom-right\"><\/div><a href=\"https:\/\/baumkletterschule.de\/cms\/wp-content\/uploads\/2016\/11\/2011_03_29_heubach-skt-a_21.jpg\" class=\"envira-gallery-395 envira-gallery-link\" rel=\"enviragallery395\" title=\"Climb-Update&reg;\" data-envira-caption=\"Climb-Update&reg;\" data-envira-retina=\"\" data-thumbnail=\"\"  itemprop=\"contentUrl\"><img decoding=\"async\" id=\"envira-gallery-image-105\" class=\"envira-gallery-image envira-gallery-image-5 envira-normal \" data-envira-index=\"5\" src=\"https:\/\/baumkletterschule.de\/cms\/wp-content\/uploads\/2016\/11\/2011_03_29_heubach-skt-a_21-683x1024-640x480.jpg\" data-envira-src=\"https:\/\/baumkletterschule.de\/cms\/wp-content\/uploads\/2016\/11\/2011_03_29_heubach-skt-a_21-683x1024-640x480.jpg\" data-envira-gallery-id=\"395\" data-envira-item-id=\"105\" data-envira-caption=\"Climb-Update&reg;\" alt=\"Climb-Update\u00ae\" title=\"Climb-Update\u00ae\"  itemprop=\"thumbnailUrl\" data-envira-srcset=\"https:\/\/baumkletterschule.de\/cms\/wp-content\/uploads\/2016\/11\/2011_03_29_heubach-skt-a_21-683x1024-640x480.jpg 400w,https:\/\/baumkletterschule.de\/cms\/wp-content\/uploads\/2016\/11\/2011_03_29_heubach-skt-a_21-683x1024-640x480.jpg 2x\" data-envira-width=\"200\" data-envira-height=\"300\" srcset=\"https:\/\/baumkletterschule.de\/cms\/wp-content\/uploads\/2016\/11\/2011_03_29_heubach-skt-a_21-1280x960.jpg 2x\" data-safe-src=\"https:\/\/baumkletterschule.de\/cms\/wp-content\/uploads\/2016\/11\/2011_03_29_heubach-skt-a_21-683x1024-640x480.jpg\" \/><\/a><\/div><\/div><div id=\"envira-gallery-item-304\" class=\"envira-gallery-item enviratope-item envira-gallery-item-6\" style=\"padding-left: 5px; padding-bottom: 10px; padding-right: 5px;\"  itemscope itemtype=\"https:\/\/schema.org\/ImageObject\"><div class=\"envira-gallery-item-inner\"><div class=\"envira-gallery-position-overlay  envira-gallery-top-left\"><\/div><div class=\"envira-gallery-position-overlay  envira-gallery-top-right\"><\/div><div class=\"envira-gallery-position-overlay  envira-gallery-bottom-left\"><\/div><div class=\"envira-gallery-position-overlay  envira-gallery-bottom-right\"><\/div><a href=\"https:\/\/baumkletterschule.de\/cms\/wp-content\/uploads\/2016\/11\/RettungSKT_2bearb..jpg\" class=\"envira-gallery-395 envira-gallery-link\" rel=\"enviragallery395\" title=\"Climb-Update&reg;\" data-envira-caption=\"Climb-Update&reg;\" data-envira-retina=\"\" data-thumbnail=\"\"  itemprop=\"contentUrl\"><img decoding=\"async\" id=\"envira-gallery-image-304\" class=\"envira-gallery-image envira-gallery-image-6 envira-normal \" data-envira-index=\"6\" src=\"https:\/\/baumkletterschule.de\/cms\/wp-content\/uploads\/2016\/11\/RettungSKT_2bearb.-640x480.jpg\" data-envira-src=\"https:\/\/baumkletterschule.de\/cms\/wp-content\/uploads\/2016\/11\/RettungSKT_2bearb.-640x480.jpg\" data-envira-gallery-id=\"395\" data-envira-item-id=\"304\" data-envira-caption=\"Climb-Update&reg;\" alt=\"Climb-Update\u00ae\" title=\"Climb-Update\u00ae\"  itemprop=\"thumbnailUrl\" data-envira-srcset=\"https:\/\/baumkletterschule.de\/cms\/wp-content\/uploads\/2016\/11\/RettungSKT_2bearb.-640x480.jpg 400w,https:\/\/baumkletterschule.de\/cms\/wp-content\/uploads\/2016\/11\/RettungSKT_2bearb.-640x480.jpg 2x\" data-envira-width=\"225\" data-envira-height=\"300\" srcset=\"https:\/\/baumkletterschule.de\/cms\/wp-content\/uploads\/2016\/11\/RettungSKT_2bearb.-1280x960.jpg 2x\" data-safe-src=\"https:\/\/baumkletterschule.de\/cms\/wp-content\/uploads\/2016\/11\/RettungSKT_2bearb.-640x480.jpg\" \/><\/a><\/div><\/div><\/div><\/div><noscript><img decoding=\"async\" src=\"https:\/\/baumkletterschule.de\/cms\/wp-content\/uploads\/2016\/11\/2012_09_20_rope-wrench_day130.jpg\" alt=\"Climb-Update\u00ae\" \/><img decoding=\"async\" src=\"https:\/\/baumkletterschule.de\/cms\/wp-content\/uploads\/2016\/11\/2012_06_28_skt-b_e-garten393.jpg\" alt=\"Climb-Update\u00ae\" \/><img decoding=\"async\" src=\"https:\/\/baumkletterschule.de\/cms\/wp-content\/uploads\/2016\/11\/2014_06_26_skt-a_e-garten_sorge_72.jpg\" alt=\"Climb-Update\u00ae\" \/><img decoding=\"async\" src=\"https:\/\/baumkletterschule.de\/cms\/wp-content\/uploads\/2016\/11\/2012_03_22_SKT-A_Berlin_11.jpg\" alt=\"Climb-Update\u00ae\" \/><img decoding=\"async\" src=\"https:\/\/baumkletterschule.de\/cms\/wp-content\/uploads\/2016\/11\/2011_03_29_heubach-skt-a_21.jpg\" alt=\"Climb-Update\u00ae\" \/><img decoding=\"async\" src=\"https:\/\/baumkletterschule.de\/cms\/wp-content\/uploads\/2016\/11\/RettungSKT_2bearb..jpg\" alt=\"Climb-Update\u00ae\" \/><\/noscript>\n","protected":false},"excerpt":{"rendered":"<p>Dieser zweit\u00e4gige Seilkletter-Workshop richtet sich an alle, die bereits den SKT A Kurs absolviert haben und weiter machen m\u00f6chten. Hier werden eingesetzte Techniken \u00fcberpr\u00fcft und neue Techniken vorgestellt. Der Workshop &#8230;<\/p>\n","protected":false},"author":6,"featured_media":0,"parent":13,"menu_order":0,"comment_status":"closed","ping_status":"closed","template":"template-full-width.php","meta":{"footnotes":""},"categories":[],"tags":[],"class_list":["post-385","page","type-page","status-publish","hentry"],"aioseo_notices":[],"_links":{"self":[{"href":"https:\/\/baumkletterschule.de\/cms\/wp-json\/wp\/v2\/pages\/385","targetHints":{"allow":["GET"]}}],"collection":[{"href":"https:\/\/baumkletterschule.de\/cms\/wp-json\/wp\/v2\/pages"}],"about":[{"href":"https:\/\/baumkletterschule.de\/cms\/wp-json\/wp\/v2\/types\/page"}],"author":[{"embeddable":true,"href":"https:\/\/baumkletterschule.de\/cms\/wp-json\/wp\/v2\/users\/6"}],"replies":[{"embeddable":true,"href":"https:\/\/baumkletterschule.de\/cms\/wp-json\/wp\/v2\/comments?post=385"}],"version-history":[{"count":80,"href":"https:\/\/baumkletterschule.de\/cms\/wp-json\/wp\/v2\/pages\/385\/revisions"}],"predecessor-version":[{"id":10414,"href":"https:\/\/baumkletterschule.de\/cms\/wp-json\/wp\/v2\/pages\/385\/revisions\/10414"}],"up":[{"embeddable":true,"href":"https:\/\/baumkletterschule.de\/cms\/wp-json\/wp\/v2\/pages\/13"}],"wp:attachment":[{"href":"https:\/\/baumkletterschule.de\/cms\/wp-json\/wp\/v2\/media?parent=385"}],"wp:term":[{"taxonomy":"category","embeddable":true,"href":"https:\/\/baumkletterschule.de\/cms\/wp-json\/wp\/v2\/categories?post=385"},{"taxonomy":"post_tag","embeddable":true,"href":"https:\/\/baumkletterschule.de\/cms\/wp-json\/wp\/v2\/tags?post=385"}],"curies":[{"name":"wp","href":"https:\/\/api.w.org\/{rel}","templated":true}]}}