{"id":377,"date":"2016-11-23T12:44:29","date_gmt":"2016-11-23T10:44:29","guid":{"rendered":"https:\/\/baumkletterschule.de\/cms\/?page_id=377"},"modified":"2026-03-30T13:43:51","modified_gmt":"2026-03-30T11:43:51","slug":"rettung","status":"publish","type":"page","link":"https:\/\/baumkletterschule.de\/cms\/kursinfo\/kletterkurse\/rettung\/","title":{"rendered":"Rettungstechniken im Baum"},"content":{"rendered":"<p lang=\"de-DE\">F\u00fcr viele Kletterer stellen die geforderten Rettungs\u00fcbungen einen l\u00e4stigen Kursbestandteil dar, der notgedrungen absolviert werden muss. Kaum im Berufsalltag angekommen, ist das Thema aus den Augen \u2013 aus dem Sinn. Alle wissen jedoch, im Notfall funktioniert nur Routine.<\/p>\n<p lang=\"de-DE\">Deshalb hier die gute Nachricht! Unser Rettungstag \u2013 am besten mindestens einmal j\u00e4hrlich durchgef\u00fchrt \u2013 macht Spa\u00df, ist kreativ, zeigt Neues und bringt spielerisch Routine. Rettungsvarianten werden ge\u00fcbt, so dass in einer konkreten Situation schnell und sicher geholfen werden kann.<\/p>\n<p lang=\"de-DE\">Mit der von unseren Ausbildern Dirk Lingens und Gernot R\u00e4bel entwickelten und zusammengestellten <a title=\"Freeworker-Shop: 'Rettungsset Rescue Banana'\" href=\"https:\/\/shop.freeworker.de\/rescue-banana-original-kit.html\" target=\"_blank\" rel=\"nofollow noopener noreferrer\">\u00bbRettungs-Banane\u00ab<\/a> lassen sich nahezu alle Rettungsszenarien einfach durchf\u00fchren. Ob Rettung aus dem Einfach- oder Doppelseil, ob beim Aufstieg oder aus dem Au\u00dfenastbereich, Rettung aus Steigeisen oder bei der Saatguternte, wir stellen Konzepte vor und trainieren an diesem Tag. Wir dokumentieren die j\u00e4hrliche Unterweisung und so ganz nebenbei \u00fcben und entdecken Sie Techniken, die n\u00fctzlich sind f\u00fcr die t\u00e4gliche Arbeit. Am Ende sorgen Sie zweierlei vor: Sie reduzieren die Wahrscheinlichkeit von Unf\u00e4llen durch besseres Know-How und Sie erh\u00f6hen die Wahrscheinlichkeit, im Ernstfall durch Routine wirksam helfen zu k\u00f6nnen.<\/p>\n<p lang=\"de-DE\"><strong>Dieser Tageskurs erf\u00fcllt die Anforderungen f\u00fcr die \u00bbj\u00e4hrliche Unterweisung\u00ab f\u00fcr das Baumklettern.<\/strong><\/p>\n<p lang=\"de-DE\"><strong>TIPP:<\/strong> dieser Kurs Rettungstechniken im Baum ist als erster Tag im zweit\u00e4gigen Kurs <a title=\"Kursinfo: Climb-Update\" href=\"https:\/\/baumkletterschule.de\/cms\/kursinfo\/kletterkurse\/climb-update\/\">Climb-Update<\/a> enthalten.<\/p>\n<p>&nbsp;<\/p>\n<p style=\"text-align: center;\"><a class=\"Termine_und_Buchung\" href=\"https:\/\/buchung.baumkletterschule.de\/?rq_AppGuid=5E5C0C601B319D20997007E3327904420CC3B98C&amp;rq_TargetPageGuid=571D5772177FC7D5D3DE78309A57E877C24AE10C&amp;rq_kurstyp=3339&amp;rq_Layout=MBKS_Website\">Termine und Buchung<\/a> \u00a0\u00a0\u00a0\u00a0\u00a0\u00a0\u00a0\u00a0\u00a0\u00a0 <a class=\"Termine_und_Buchung\" href=\"mailto:info@baumkletterschule.de\">als Interessent registrieren<\/a><\/p>\n<h5>Voraussetzungen:<\/h5>\n<div class=\"links\">\n<ul>\n<li>SKT-A Zertifikat<\/li>\n<li>PSA-gepr\u00fcfte Kletterausr\u00fcstung<\/li>\n<li>Nachweis der k\u00f6rperlichen und geistigen Eignung bzw. Tauglichkeit f\u00fcr \u201e<strong>gef\u00e4hrliche Baumarbeiten\u201c<\/strong>\u00a0und \u201e<strong>Arbeiten<\/strong>\u00a0<strong>mit Absturzgefahr\u201c\u00a0<\/strong>durch einen Arbeits- oder Betriebsmediziner.<em><br \/>\nDie Eignungsuntersuchungen werden von der Sozialversicherung f\u00fcr Landwirtschaft, Forsten und Gartenbau (SVLFG) als Zulassungsvoraussetzungen gefordert und sind somit f\u00fcr uns als begutachtete Schule bindend. (\u00a7 2 der VSG 4.2 \u201eGartenbau, Obstbau und Parkanlagen\u201c bzw. \u00a7 1 der VSG 4.3 \u201eForsten\u201c).<\/em><\/li>\n<\/ul>\n<p>&nbsp;<\/p>\n<\/div>\n<h6 class=\"links\">Weitere Informationen:<\/h6>\n<p>&nbsp;<\/p>\n<ul>\n<li><a href=\"https:\/\/baumkletterschule.de\/cms\/wp-content\/uploads\/2025\/11\/251125-b45-broschuere-arbeitsmedizinische-vorsorge.pdf\">B45-broschuere-arbeitsmedizinische-vorsorge<\/a><\/li>\n<li><a href=\"https:\/\/baumkletterschule.de\/cms\/wp-content\/uploads\/2024\/11\/241120-Flyer-Ruecktrittskosten-Versicherung.pdf\">Kursr\u00fccktrittsversicherung<\/a><\/li>\n<\/ul>\n<p>&nbsp;<\/p>\n","protected":false},"excerpt":{"rendered":"<p>F\u00fcr viele Kletterer stellen die geforderten Rettungs\u00fcbungen einen l\u00e4stigen Kursbestandteil dar, der notgedrungen absolviert werden muss. Kaum im Berufsalltag angekommen, ist das Thema aus den Augen \u2013 aus dem Sinn. &#8230;<\/p>\n","protected":false},"author":6,"featured_media":0,"parent":13,"menu_order":0,"comment_status":"closed","ping_status":"closed","template":"template-full-width.php","meta":{"footnotes":""},"categories":[],"tags":[],"class_list":["post-377","page","type-page","status-publish","hentry"],"aioseo_notices":[],"_links":{"self":[{"href":"https:\/\/baumkletterschule.de\/cms\/wp-json\/wp\/v2\/pages\/377","targetHints":{"allow":["GET"]}}],"collection":[{"href":"https:\/\/baumkletterschule.de\/cms\/wp-json\/wp\/v2\/pages"}],"about":[{"href":"https:\/\/baumkletterschule.de\/cms\/wp-json\/wp\/v2\/types\/page"}],"author":[{"embeddable":true,"href":"https:\/\/baumkletterschule.de\/cms\/wp-json\/wp\/v2\/users\/6"}],"replies":[{"embeddable":true,"href":"https:\/\/baumkletterschule.de\/cms\/wp-json\/wp\/v2\/comments?post=377"}],"version-history":[{"count":67,"href":"https:\/\/baumkletterschule.de\/cms\/wp-json\/wp\/v2\/pages\/377\/revisions"}],"predecessor-version":[{"id":10487,"href":"https:\/\/baumkletterschule.de\/cms\/wp-json\/wp\/v2\/pages\/377\/revisions\/10487"}],"up":[{"embeddable":true,"href":"https:\/\/baumkletterschule.de\/cms\/wp-json\/wp\/v2\/pages\/13"}],"wp:attachment":[{"href":"https:\/\/baumkletterschule.de\/cms\/wp-json\/wp\/v2\/media?parent=377"}],"wp:term":[{"taxonomy":"category","embeddable":true,"href":"https:\/\/baumkletterschule.de\/cms\/wp-json\/wp\/v2\/categories?post=377"},{"taxonomy":"post_tag","embeddable":true,"href":"https:\/\/baumkletterschule.de\/cms\/wp-json\/wp\/v2\/tags?post=377"}],"curies":[{"name":"wp","href":"https:\/\/api.w.org\/{rel}","templated":true}]}}