{"id":356,"date":"2016-11-23T11:19:14","date_gmt":"2016-11-23T09:19:14","guid":{"rendered":"https:\/\/baumkletterschule.de\/cms\/?page_id=356"},"modified":"2026-03-30T13:39:38","modified_gmt":"2026-03-30T11:39:38","slug":"skt-b","status":"publish","type":"page","link":"https:\/\/baumkletterschule.de\/cms\/kursinfo\/kletterkurse\/skt-b\/","title":{"rendered":"SKT B Seilklettertechnik Aufbaukurs"},"content":{"rendered":"<p>Dieser Kurs ist der Fortgeschrittenen-Kurs der Seilklettertechnik und so sollte er auch ver\u00adstanden werden. Wer in 300 Kletter\u00adstunden die Techniken aus dem <a title=\"Kursinfo: SKT A-Kurs\" href=\"..\/..\/skt-a\/\" target=\"_blank\" rel=\"noopener\">SKT A-Kurs<\/a> trainiert hat und in der Kronenpflege inzwischen ohne Probleme die \u00c4ste in der Peripherie erreicht, ist gut ger\u00fc\u00adstet. Gelehrt werden verschiedene Va\u00adrianten des Aufstiegs am stehenden Seil, Techniken f\u00fcr effizienteres Klet\u00adtern im Baum und Rettungen aus dem Au\u00dfenbereich der Krone. Schwer\u00adpunkte des SKT B-Kurses sind der Ein\u00adsatz der Motors\u00e4ge und die Riggingtechniken. Da der Kletterer nach dem Schnitt die Arbeitsposition im Gefah\u00adrenfall nicht einfach verlassen kann, wird diesem Punkt gro\u00dfe Bedeutung beigemessen. Das Abseilen von Lasten lernen die Teilnehmer sowohl in der Position des Kletterers als auch des Bodenpersonals.<\/p>\n<h2>Kursinhalte<\/h2>\n<ul>\n<li>Material und Knotenkunde<\/li>\n<li>verschiedene Aufstiegstechniken<\/li>\n<li>innovative Klettertechniken im gesamten Kronenbereich<\/li>\n<li>Aufstiegstechniken mit verschiedenen Sicherungssystemen<\/li>\n<li>Motors\u00e4geneinsatz und Schnitttechniken<\/li>\n<li>Einsatz von Schlingen, Rollen und Bremsger\u00e4ten<\/li>\n<li>einfach Ablasssysteme<\/li>\n<li>erweiterte Rettungstechniken im Baum<\/li>\n<li>Baumsicherheitsbeurteilungen<\/li>\n<li>Unfallverh\u00fctungsvorschriften<\/li>\n<\/ul>\n<p style=\"text-align: center;\"><a class=\"Termine_und_Buchung\" href=\"https:\/\/buchung.baumkletterschule.de\/?rq_AppGuid=5E5C0C601B319D20997007E3327904420CC3B98C&amp;rq_TargetPageGuid=571D5772177FC7D5D3DE78309A57E877C24AE10C&amp;rq_kurstyp=32&amp;rq_Layout=MBKS_Website\">Termine und Buchung<\/a><\/p>\n<h2>Voraussetzungen:<\/h2>\n<ul>\n<li>SKT A Zertifikat<\/li>\n<li>Motors\u00e4genfachkunde 5 t\u00e4gig nach VSG 4.2 (AS Baum I)<\/li>\n<li>Nachweis 300 Std. Kletterpraxis<\/li>\n<li>mindestens ein Jahr praktische Erfahrung in der Baumpflege<\/li>\n<li>eigene Kletterausr\u00fcstung<\/li>\n<li>Ersthelferkurs mit 9 Unterrichtseinheiten (nicht \u00e4lter als zwei Jahre)<\/li>\n<li>Nachweis der k\u00f6rperlichen und geistigen Eignung bzw. Tauglichkeit f\u00fcr \u201e<strong>gef\u00e4hrliche Baumarbeiten\u201c<\/strong>\u00a0und \u201e<strong>Arbeiten<\/strong>\u00a0<strong>mit Absturzgefahr\u201c\u00a0<\/strong>durch einen Arbeits- oder Betriebsmediziner.<em><br \/>\nDie Eignungsuntersuchungen werden von der Sozialversicherung f\u00fcr Landwirtschaft, Forsten und Gartenbau (SVLFG) als Zulassungsvoraussetzungen gefordert und sind somit f\u00fcr uns als begutachtete Schule bindend. (\u00a7 2 der VSG 4.2 \u201eGartenbau, Obstbau und Parkanlagen\u201c bzw. \u00a7 1 der VSG 4.3 \u201eForsten\u201c).<\/em><\/li>\n<\/ul>\n<p><strong>Dauer:<\/strong> 5 Tage (Montag &#8211; Freitag)<\/p>\n<p>Dieser Kurs wird f\u00fcr alle Mitglieder der SVLFG mit 150,- \u20ac gef\u00f6rdert.<\/p>\n<p><strong>TIPP: Ausr\u00fcstung f\u00fcr die Seilklettertechnik finden Sie bei unserem Ausr\u00fcstungspartner<\/strong> <a href=\"https:\/\/shop.freeworker.de\/kletterausrustung.html\"><img loading=\"lazy\" decoding=\"async\" class=\"aligncenter wp-image-8085\" style=\"padding: 10px;\" src=\"https:\/\/baumkletterschule.de\/cms\/wp-content\/uploads\/2023\/08\/230823-Logo-Freeworker_224x224px-002.jpg\" alt=\"\" width=\"127\" height=\"74\" \/><\/a><\/p>\n<h2>Weitere Informationen<\/h2>\n<ul class=\"zweispaltig\">\n<li class=\"pdf\"><a href=\"https:\/\/baumkletterschule.de\/cms\/wp-content\/uploads\/2025\/12\/SKT-B-Allg.-Informationen.pdf\">Allgemeine Informationen<\/a><\/li>\n<li class=\"pdf\"><a href=\"https:\/\/baumkletterschule.de\/cms\/wp-content\/uploads\/2025\/12\/SKT-B_Zulassungsvoraussetzung.pdf\">Zulassungsvoraussetzung<\/a><\/li>\n<li class=\"pdf\"><a href=\"https:\/\/baumkletterschule.de\/cms\/wp-content\/uploads\/2025\/12\/SKT-B-Kletterausruestung.pdf\">Kletterausr\u00fcstung PSA<\/a><\/li>\n<li class=\"pdf\"><a href=\"https:\/\/baumkletterschule.de\/cms\/wp-content\/uploads\/2016\/11\/8-Vorlage_Einsatznachweis-Kletterstunden.pdf\">Nachweis Kletterstunden<\/a><\/li>\n<li class=\"pdf\"><a href=\"https:\/\/baumkletterschule.de\/cms\/wp-content\/uploads\/2024\/11\/241120-Flyer-Ruecktrittskosten-Versicherung.pdf\">Flyer ERGO Kursr\u00fccktrittsversicherung<\/a><\/li>\n<li class=\"pdf\">B45<a href=\"https:\/\/baumkletterschule.de\/cms\/wp-content\/uploads\/2025\/11\/251125-b45-broschuere-arbeitsmedizinische-vorsorge.pdf\">-broschuere-arbeitsmedizinische-un<\/a><a href=\"https:\/\/baumkletterschule.de\/cms\/wp-content\/uploads\/2016\/11\/AMU_Info.pdf\">tersuchung<\/a><\/li>\n<\/ul>\n<div id=\"envira-gallery-wrap-345\" class=\"envira-gallery-wrap envira-gallery-theme-base envira-lightbox-theme-base\" itemscope itemtype=\"https:\/\/schema.org\/ImageGallery\"><div data-row-height=\"150\" data-gallery-theme=\"normal\" id=\"envira-gallery-345\" class=\"envira-gallery-public envira-gallery-justified-public envira-gallery-0-columns envira-clear enviratope envira-gallery-css-animations\" data-envira-columns=\"0\"><div id=\"envira-gallery-item-308\" class=\"envira-gallery-item enviratope-item envira-gallery-item-1\" style=\"padding-left: 5px; padding-bottom: 10px; padding-right: 5px;\"  itemscope itemtype=\"https:\/\/schema.org\/ImageObject\"><div class=\"envira-gallery-item-inner\"><div class=\"envira-gallery-position-overlay  envira-gallery-top-left\"><\/div><div class=\"envira-gallery-position-overlay  envira-gallery-top-right\"><\/div><div class=\"envira-gallery-position-overlay  envira-gallery-bottom-left\"><\/div><div class=\"envira-gallery-position-overlay  envira-gallery-bottom-right\"><\/div><a href=\"https:\/\/baumkletterschule.de\/cms\/wp-content\/uploads\/2016\/11\/SKT03.jpg\" class=\"envira-gallery-345 envira-gallery-link\" rel=\"enviragallery345\" title=\"SKT-B Kurs\" data-envira-caption=\"SKT-B Kurs\" data-envira-retina=\"\" data-thumbnail=\"\"  itemprop=\"contentUrl\"><img decoding=\"async\" id=\"envira-gallery-image-308\" class=\"envira-gallery-image envira-gallery-image-1 envira-normal \" data-envira-index=\"1\" src=\"https:\/\/baumkletterschule.de\/cms\/wp-content\/uploads\/2016\/11\/SKT03-1024x768-640x480.jpg\" data-envira-src=\"https:\/\/baumkletterschule.de\/cms\/wp-content\/uploads\/2016\/11\/SKT03-1024x768-640x480.jpg\" data-envira-gallery-id=\"345\" data-envira-item-id=\"308\" data-envira-caption=\"SKT-B Kurs\" alt=\"SKT-B Kurs\" title=\"SKT-B Kurs\"  itemprop=\"thumbnailUrl\" data-envira-srcset=\"https:\/\/baumkletterschule.de\/cms\/wp-content\/uploads\/2016\/11\/SKT03-1024x768-640x480.jpg 400w,https:\/\/baumkletterschule.de\/cms\/wp-content\/uploads\/2016\/11\/SKT03-1024x768-640x480.jpg 2x\" data-envira-width=\"300\" data-envira-height=\"225\" srcset=\"https:\/\/baumkletterschule.de\/cms\/wp-content\/uploads\/2016\/11\/SKT03-1280x960.jpg 2x\" data-safe-src=\"https:\/\/baumkletterschule.de\/cms\/wp-content\/uploads\/2016\/11\/SKT03-1024x768-640x480.jpg\" \/><\/a><\/div><\/div><div id=\"envira-gallery-item-307\" class=\"envira-gallery-item enviratope-item envira-gallery-item-2\" style=\"padding-left: 5px; padding-bottom: 10px; padding-right: 5px;\"  itemscope itemtype=\"https:\/\/schema.org\/ImageObject\"><div class=\"envira-gallery-item-inner\"><div class=\"envira-gallery-position-overlay  envira-gallery-top-left\"><\/div><div class=\"envira-gallery-position-overlay  envira-gallery-top-right\"><\/div><div class=\"envira-gallery-position-overlay  envira-gallery-bottom-left\"><\/div><div class=\"envira-gallery-position-overlay  envira-gallery-bottom-right\"><\/div><a href=\"https:\/\/baumkletterschule.de\/cms\/wp-content\/uploads\/2016\/11\/SKT02.jpg\" class=\"envira-gallery-345 envira-gallery-link\" rel=\"enviragallery345\" title=\"SKT-B Kurs\" data-envira-caption=\"SKT-B Kurs\" data-envira-retina=\"\" data-thumbnail=\"\"  itemprop=\"contentUrl\"><img decoding=\"async\" id=\"envira-gallery-image-307\" class=\"envira-gallery-image envira-gallery-image-2 envira-normal \" data-envira-index=\"2\" src=\"https:\/\/baumkletterschule.de\/cms\/wp-content\/uploads\/2016\/11\/SKT02-768x1024-640x480.jpg\" data-envira-src=\"https:\/\/baumkletterschule.de\/cms\/wp-content\/uploads\/2016\/11\/SKT02-768x1024-640x480.jpg\" data-envira-gallery-id=\"345\" data-envira-item-id=\"307\" data-envira-caption=\"SKT-B Kurs\" alt=\"SKT-B Kurs\" title=\"SKT-B Kurs\"  itemprop=\"thumbnailUrl\" data-envira-srcset=\"https:\/\/baumkletterschule.de\/cms\/wp-content\/uploads\/2016\/11\/SKT02-768x1024-640x480.jpg 400w,https:\/\/baumkletterschule.de\/cms\/wp-content\/uploads\/2016\/11\/SKT02-768x1024-640x480.jpg 2x\" data-envira-width=\"225\" data-envira-height=\"300\" srcset=\"https:\/\/baumkletterschule.de\/cms\/wp-content\/uploads\/2016\/11\/SKT02-1280x960.jpg 2x\" data-safe-src=\"https:\/\/baumkletterschule.de\/cms\/wp-content\/uploads\/2016\/11\/SKT02-768x1024-640x480.jpg\" \/><\/a><\/div><\/div><div id=\"envira-gallery-item-306\" class=\"envira-gallery-item enviratope-item envira-gallery-item-3\" style=\"padding-left: 5px; padding-bottom: 10px; padding-right: 5px;\"  itemscope itemtype=\"https:\/\/schema.org\/ImageObject\"><div class=\"envira-gallery-item-inner\"><div class=\"envira-gallery-position-overlay  envira-gallery-top-left\"><\/div><div class=\"envira-gallery-position-overlay  envira-gallery-top-right\"><\/div><div class=\"envira-gallery-position-overlay  envira-gallery-bottom-left\"><\/div><div class=\"envira-gallery-position-overlay  envira-gallery-bottom-right\"><\/div><a href=\"https:\/\/baumkletterschule.de\/cms\/wp-content\/uploads\/2016\/11\/SKT01.jpg\" class=\"envira-gallery-345 envira-gallery-link\" rel=\"enviragallery345\" title=\"SKT-B Kurs\" data-envira-caption=\"SKT-B Kurs\" data-envira-retina=\"\" data-thumbnail=\"\"  itemprop=\"contentUrl\"><img decoding=\"async\" id=\"envira-gallery-image-306\" class=\"envira-gallery-image envira-gallery-image-3 envira-normal \" data-envira-index=\"3\" src=\"https:\/\/baumkletterschule.de\/cms\/wp-content\/uploads\/2016\/11\/SKT01-768x1024-640x480.jpg\" data-envira-src=\"https:\/\/baumkletterschule.de\/cms\/wp-content\/uploads\/2016\/11\/SKT01-768x1024-640x480.jpg\" data-envira-gallery-id=\"345\" data-envira-item-id=\"306\" data-envira-caption=\"SKT-B Kurs\" alt=\"SKT-B Kurs\" title=\"SKT-B Kurs\"  itemprop=\"thumbnailUrl\" data-envira-srcset=\"https:\/\/baumkletterschule.de\/cms\/wp-content\/uploads\/2016\/11\/SKT01-768x1024-640x480.jpg 400w,https:\/\/baumkletterschule.de\/cms\/wp-content\/uploads\/2016\/11\/SKT01-768x1024-640x480.jpg 2x\" data-envira-width=\"225\" data-envira-height=\"300\" srcset=\"https:\/\/baumkletterschule.de\/cms\/wp-content\/uploads\/2016\/11\/SKT01-1280x960.jpg 2x\" data-safe-src=\"https:\/\/baumkletterschule.de\/cms\/wp-content\/uploads\/2016\/11\/SKT01-768x1024-640x480.jpg\" \/><\/a><\/div><\/div><div id=\"envira-gallery-item-304\" class=\"envira-gallery-item enviratope-item envira-gallery-item-4\" style=\"padding-left: 5px; padding-bottom: 10px; padding-right: 5px;\"  itemscope itemtype=\"https:\/\/schema.org\/ImageObject\"><div class=\"envira-gallery-item-inner\"><div class=\"envira-gallery-position-overlay  envira-gallery-top-left\"><\/div><div class=\"envira-gallery-position-overlay  envira-gallery-top-right\"><\/div><div class=\"envira-gallery-position-overlay  envira-gallery-bottom-left\"><\/div><div class=\"envira-gallery-position-overlay  envira-gallery-bottom-right\"><\/div><a href=\"https:\/\/baumkletterschule.de\/cms\/wp-content\/uploads\/2016\/11\/RettungSKT_2bearb..jpg\" class=\"envira-gallery-345 envira-gallery-link\" rel=\"enviragallery345\" title=\"SKT-B Kurs\" data-envira-caption=\"SKT-B Kurs\" data-envira-retina=\"\" data-thumbnail=\"\"  itemprop=\"contentUrl\"><img decoding=\"async\" id=\"envira-gallery-image-304\" class=\"envira-gallery-image envira-gallery-image-4 envira-normal \" data-envira-index=\"4\" src=\"https:\/\/baumkletterschule.de\/cms\/wp-content\/uploads\/2016\/11\/RettungSKT_2bearb.-640x480.jpg\" data-envira-src=\"https:\/\/baumkletterschule.de\/cms\/wp-content\/uploads\/2016\/11\/RettungSKT_2bearb.-640x480.jpg\" data-envira-gallery-id=\"345\" data-envira-item-id=\"304\" data-envira-caption=\"SKT-B Kurs\" alt=\"SKT-B Kurs\" title=\"SKT-B Kurs\"  itemprop=\"thumbnailUrl\" data-envira-srcset=\"https:\/\/baumkletterschule.de\/cms\/wp-content\/uploads\/2016\/11\/RettungSKT_2bearb.-640x480.jpg 400w,https:\/\/baumkletterschule.de\/cms\/wp-content\/uploads\/2016\/11\/RettungSKT_2bearb.-640x480.jpg 2x\" data-envira-width=\"225\" data-envira-height=\"300\" srcset=\"https:\/\/baumkletterschule.de\/cms\/wp-content\/uploads\/2016\/11\/RettungSKT_2bearb.-1280x960.jpg 2x\" data-safe-src=\"https:\/\/baumkletterschule.de\/cms\/wp-content\/uploads\/2016\/11\/RettungSKT_2bearb.-640x480.jpg\" \/><\/a><\/div><\/div><div id=\"envira-gallery-item-113\" class=\"envira-gallery-item enviratope-item envira-gallery-item-5\" style=\"padding-left: 5px; padding-bottom: 10px; padding-right: 5px;\"  itemscope itemtype=\"https:\/\/schema.org\/ImageObject\"><div class=\"envira-gallery-item-inner\"><div class=\"envira-gallery-position-overlay  envira-gallery-top-left\"><\/div><div class=\"envira-gallery-position-overlay  envira-gallery-top-right\"><\/div><div class=\"envira-gallery-position-overlay  envira-gallery-bottom-left\"><\/div><div class=\"envira-gallery-position-overlay  envira-gallery-bottom-right\"><\/div><a href=\"https:\/\/baumkletterschule.de\/cms\/wp-content\/uploads\/2016\/11\/2012_06_28_skt-b_e-garten_174.jpg\" class=\"envira-gallery-345 envira-gallery-link\" rel=\"enviragallery345\" title=\"SKT-B Kurs\" data-envira-caption=\"SKT-B Kurs\" data-envira-retina=\"\" data-thumbnail=\"\"  itemprop=\"contentUrl\"><img decoding=\"async\" id=\"envira-gallery-image-113\" class=\"envira-gallery-image envira-gallery-image-5 envira-normal \" data-envira-index=\"5\" src=\"https:\/\/baumkletterschule.de\/cms\/wp-content\/uploads\/2016\/11\/2012_06_28_skt-b_e-garten_174-1024x768-640x480.jpg\" data-envira-src=\"https:\/\/baumkletterschule.de\/cms\/wp-content\/uploads\/2016\/11\/2012_06_28_skt-b_e-garten_174-1024x768-640x480.jpg\" data-envira-gallery-id=\"345\" data-envira-item-id=\"113\" data-envira-caption=\"SKT-B Kurs\" alt=\"SKT-B Kurs\" title=\"SKT-B Kurs\"  itemprop=\"thumbnailUrl\" data-envira-srcset=\"https:\/\/baumkletterschule.de\/cms\/wp-content\/uploads\/2016\/11\/2012_06_28_skt-b_e-garten_174-1024x768-640x480.jpg 400w,https:\/\/baumkletterschule.de\/cms\/wp-content\/uploads\/2016\/11\/2012_06_28_skt-b_e-garten_174-1024x768-640x480.jpg 2x\" data-envira-width=\"300\" data-envira-height=\"225\" srcset=\"https:\/\/baumkletterschule.de\/cms\/wp-content\/uploads\/2016\/11\/2012_06_28_skt-b_e-garten_174-1280x960.jpg 2x\" data-safe-src=\"https:\/\/baumkletterschule.de\/cms\/wp-content\/uploads\/2016\/11\/2012_06_28_skt-b_e-garten_174-1024x768-640x480.jpg\" \/><\/a><\/div><\/div><div id=\"envira-gallery-item-310\" class=\"envira-gallery-item enviratope-item envira-gallery-item-6\" style=\"padding-left: 5px; padding-bottom: 10px; padding-right: 5px;\"  itemscope itemtype=\"https:\/\/schema.org\/ImageObject\"><div class=\"envira-gallery-item-inner\"><div class=\"envira-gallery-position-overlay  envira-gallery-top-left\"><\/div><div class=\"envira-gallery-position-overlay  envira-gallery-top-right\"><\/div><div class=\"envira-gallery-position-overlay  envira-gallery-bottom-left\"><\/div><div class=\"envira-gallery-position-overlay  envira-gallery-bottom-right\"><\/div><a href=\"https:\/\/baumkletterschule.de\/cms\/wp-content\/uploads\/2016\/11\/SKT-B_1.jpg\" class=\"envira-gallery-345 envira-gallery-link\" rel=\"enviragallery345\" title=\"SKT-B Kurs\" data-envira-caption=\"SKT-B Kurs\" data-envira-retina=\"\" data-thumbnail=\"\"  itemprop=\"contentUrl\"><img decoding=\"async\" id=\"envira-gallery-image-310\" class=\"envira-gallery-image envira-gallery-image-6 envira-normal \" data-envira-index=\"6\" src=\"https:\/\/baumkletterschule.de\/cms\/wp-content\/uploads\/2016\/11\/SKT-B_1-1024x768-640x480.jpg\" data-envira-src=\"https:\/\/baumkletterschule.de\/cms\/wp-content\/uploads\/2016\/11\/SKT-B_1-1024x768-640x480.jpg\" data-envira-gallery-id=\"345\" data-envira-item-id=\"310\" data-envira-caption=\"SKT-B Kurs\" alt=\"SKT-B Kurs\" title=\"SKT-B Kurs\"  itemprop=\"thumbnailUrl\" data-envira-srcset=\"https:\/\/baumkletterschule.de\/cms\/wp-content\/uploads\/2016\/11\/SKT-B_1-1024x768-640x480.jpg 400w,https:\/\/baumkletterschule.de\/cms\/wp-content\/uploads\/2016\/11\/SKT-B_1-1024x768-640x480.jpg 2x\" data-envira-width=\"300\" data-envira-height=\"225\" srcset=\"https:\/\/baumkletterschule.de\/cms\/wp-content\/uploads\/2016\/11\/SKT-B_1-1280x960.jpg 2x\" data-safe-src=\"https:\/\/baumkletterschule.de\/cms\/wp-content\/uploads\/2016\/11\/SKT-B_1-1024x768-640x480.jpg\" \/><\/a><\/div><\/div><div id=\"envira-gallery-item-311\" class=\"envira-gallery-item enviratope-item envira-gallery-item-7\" style=\"padding-left: 5px; padding-bottom: 10px; padding-right: 5px;\"  itemscope itemtype=\"https:\/\/schema.org\/ImageObject\"><div class=\"envira-gallery-item-inner\"><div class=\"envira-gallery-position-overlay  envira-gallery-top-left\"><\/div><div class=\"envira-gallery-position-overlay  envira-gallery-top-right\"><\/div><div class=\"envira-gallery-position-overlay  envira-gallery-bottom-left\"><\/div><div class=\"envira-gallery-position-overlay  envira-gallery-bottom-right\"><\/div><a href=\"https:\/\/baumkletterschule.de\/cms\/wp-content\/uploads\/2016\/11\/SKT-B_2.jpg\" class=\"envira-gallery-345 envira-gallery-link\" rel=\"enviragallery345\" title=\"SKT-B Kurs\" data-envira-caption=\"SKT-B Kurs\" data-envira-retina=\"\" data-thumbnail=\"\"  itemprop=\"contentUrl\"><img decoding=\"async\" id=\"envira-gallery-image-311\" class=\"envira-gallery-image envira-gallery-image-7 envira-normal \" data-envira-index=\"7\" src=\"https:\/\/baumkletterschule.de\/cms\/wp-content\/uploads\/2016\/11\/SKT-B_2-1024x678-640x480.jpg\" data-envira-src=\"https:\/\/baumkletterschule.de\/cms\/wp-content\/uploads\/2016\/11\/SKT-B_2-1024x678-640x480.jpg\" data-envira-gallery-id=\"345\" data-envira-item-id=\"311\" data-envira-caption=\"SKT-B Kurs\" alt=\"SKT-B Kurs\" title=\"SKT-B Kurs\"  itemprop=\"thumbnailUrl\" data-envira-srcset=\"https:\/\/baumkletterschule.de\/cms\/wp-content\/uploads\/2016\/11\/SKT-B_2-1024x678-640x480.jpg 400w,https:\/\/baumkletterschule.de\/cms\/wp-content\/uploads\/2016\/11\/SKT-B_2-1024x678-640x480.jpg 2x\" data-envira-width=\"300\" data-envira-height=\"199\" srcset=\"https:\/\/baumkletterschule.de\/cms\/wp-content\/uploads\/2016\/11\/SKT-B_2-1280x960.jpg 2x\" data-safe-src=\"https:\/\/baumkletterschule.de\/cms\/wp-content\/uploads\/2016\/11\/SKT-B_2-1024x678-640x480.jpg\" \/><\/a><\/div><\/div><\/div><\/div><noscript><img decoding=\"async\" src=\"https:\/\/baumkletterschule.de\/cms\/wp-content\/uploads\/2016\/11\/SKT03.jpg\" alt=\"SKT-B Kurs\" \/><img decoding=\"async\" src=\"https:\/\/baumkletterschule.de\/cms\/wp-content\/uploads\/2016\/11\/SKT02.jpg\" alt=\"SKT-B Kurs\" \/><img decoding=\"async\" src=\"https:\/\/baumkletterschule.de\/cms\/wp-content\/uploads\/2016\/11\/SKT01.jpg\" alt=\"SKT-B Kurs\" \/><img decoding=\"async\" src=\"https:\/\/baumkletterschule.de\/cms\/wp-content\/uploads\/2016\/11\/RettungSKT_2bearb..jpg\" alt=\"SKT-B Kurs\" \/><img decoding=\"async\" src=\"https:\/\/baumkletterschule.de\/cms\/wp-content\/uploads\/2016\/11\/2012_06_28_skt-b_e-garten_174.jpg\" alt=\"SKT-B Kurs\" \/><img decoding=\"async\" src=\"https:\/\/baumkletterschule.de\/cms\/wp-content\/uploads\/2016\/11\/SKT-B_1.jpg\" alt=\"SKT-B Kurs\" \/><img decoding=\"async\" src=\"https:\/\/baumkletterschule.de\/cms\/wp-content\/uploads\/2016\/11\/SKT-B_2.jpg\" alt=\"SKT-B Kurs\" \/><\/noscript>\n","protected":false},"excerpt":{"rendered":"<p>Dieser Kurs ist der Fortgeschrittenen-Kurs der Seilklettertechnik und so sollte er auch ver\u00adstanden werden. Wer in 300 Kletter\u00adstunden die Techniken aus dem SKT A-Kurs trainiert hat und in der Kronenpflege &#8230;<\/p>\n","protected":false},"author":6,"featured_media":0,"parent":13,"menu_order":0,"comment_status":"closed","ping_status":"closed","template":"template-full-width.php","meta":{"footnotes":""},"categories":[],"tags":[],"class_list":["post-356","page","type-page","status-publish","hentry"],"aioseo_notices":[],"_links":{"self":[{"href":"https:\/\/baumkletterschule.de\/cms\/wp-json\/wp\/v2\/pages\/356","targetHints":{"allow":["GET"]}}],"collection":[{"href":"https:\/\/baumkletterschule.de\/cms\/wp-json\/wp\/v2\/pages"}],"about":[{"href":"https:\/\/baumkletterschule.de\/cms\/wp-json\/wp\/v2\/types\/page"}],"author":[{"embeddable":true,"href":"https:\/\/baumkletterschule.de\/cms\/wp-json\/wp\/v2\/users\/6"}],"replies":[{"embeddable":true,"href":"https:\/\/baumkletterschule.de\/cms\/wp-json\/wp\/v2\/comments?post=356"}],"version-history":[{"count":95,"href":"https:\/\/baumkletterschule.de\/cms\/wp-json\/wp\/v2\/pages\/356\/revisions"}],"predecessor-version":[{"id":10478,"href":"https:\/\/baumkletterschule.de\/cms\/wp-json\/wp\/v2\/pages\/356\/revisions\/10478"}],"up":[{"embeddable":true,"href":"https:\/\/baumkletterschule.de\/cms\/wp-json\/wp\/v2\/pages\/13"}],"wp:attachment":[{"href":"https:\/\/baumkletterschule.de\/cms\/wp-json\/wp\/v2\/media?parent=356"}],"wp:term":[{"taxonomy":"category","embeddable":true,"href":"https:\/\/baumkletterschule.de\/cms\/wp-json\/wp\/v2\/categories?post=356"},{"taxonomy":"post_tag","embeddable":true,"href":"https:\/\/baumkletterschule.de\/cms\/wp-json\/wp\/v2\/tags?post=356"}],"curies":[{"name":"wp","href":"https:\/\/api.w.org\/{rel}","templated":true}]}}