{"id":3240,"date":"2018-05-08T21:27:52","date_gmt":"2018-05-08T19:27:52","guid":{"rendered":"https:\/\/baumkletterschule.de\/cms\/?page_id=3240"},"modified":"2026-02-20T17:17:20","modified_gmt":"2026-02-20T16:17:20","slug":"existenzgruendung-in-der-baumpflege","status":"publish","type":"page","link":"https:\/\/baumkletterschule.de\/cms\/kursinfo\/sonderkurse\/existenzgruendung-in-der-baumpflege\/","title":{"rendered":"Existenzgr\u00fcndung Baumpflege"},"content":{"rendered":"<p lang=\"de-DE\">Gerade im Bereich der Baumpflege \u00fcberlegen viele, sich selbst\u00e4ndig zu machen. Gewerbe anmelden, fertig. Doch ganz so einfach ist es nicht. Es lohnt, sich vorab genauer Gedanken zu machen. Stimmen die fachlichen Voraussetzungen? Welches Ziel habe ich und welche Alternativen gibt es? Ist es der richtige Zeitpunkt und wie gehe ich am besten vor?<\/p>\n<p lang=\"de-DE\">In diesem Tagesseminar wird Wissen zur Existenzgr\u00fcndung in der Baumpflege vermittelt. Das Seminar hilft, das F\u00fcr und Wider der Selbst\u00e4ndigkeit f\u00fcr sich abzuw\u00e4gen. Sie lernen einen Business-Plan zu erstellen, wissen nach dem Kurs, was f\u00fcr Sie die richtige Rechtsform ist, werden \u00fcber die wichtigsten Versicherungen informiert, erfahren, welche Steuerarten auf Sie zukommen und erhalten Einblick in Kalkulationen. Mit diesem Wissen meistern Sie erfolgreich die b\u00fcrokratischen H\u00fcrden der Existenzgr\u00fcndung und vermeiden typische Fallstricke. Der Kurs ist speziell zugeschnitten auf die Baumpflege-Branche.<\/p>\n<p lang=\"de-DE\">Kursinhalt:<\/p>\n<ul>\n<li>Fachliche Voraussetzungen<\/li>\n<li>Entscheidungshilfen zur Selbst\u00e4ndigkeit<\/li>\n<li>Rechtsformen<\/li>\n<li>Businessplan<\/li>\n<li>Versicherungen<\/li>\n<li>Steuerarten<\/li>\n<li>Kalkulation<\/li>\n<\/ul>\n<p>&nbsp;<\/p>\n<p style=\"text-align: center;\"><a class=\"Termine_und_Buchung\" href=\"http:\/\/buchung.baumkletterschule.de\/?rq_AppGuid=5E5C0C601B319D20997007E3327904420CC3B98C&amp;rq_TargetPageGuid=571D5772177FC7D5D3DE78309A57E877C24AE10C&amp;rq_kurstyp=3730&amp;rq_Layout=MBKS_Website\">Termine und Buchung<\/a> \u00a0\u00a0\u00a0 <a class=\"Termine_und_Buchung\" href=\"mailto:info@baumkletterschule.de\">als Interessent registrieren<\/a><\/p>\n<div class=\"links\">\n<p>&nbsp;<\/p>\n<p><strong>Dauer:<\/strong> \u00a0\u00a0 1 Tag<\/p>\n<h2>Weitere Informationen<\/h2>\n<ul class=\"zweispaltig\">\n<li>Allgemeine Kursinformationen<\/li>\n<li><a href=\"https:\/\/baumkletterschule.de\/cms\/wp-content\/uploads\/2019\/11\/Dokument-B_Seminarprogramm_EGB.pdf\">Kursprogramm<\/a><\/li>\n<li><a href=\"https:\/\/baumkletterschule.de\/cms\/wp-content\/uploads\/2024\/11\/241120-Flyer-Ruecktrittskosten-Versicherung.pdf\">Kursr\u00fccktrittsversicherung<\/a><\/li>\n<\/ul>\n<\/div>\n<div class=\"clear\"><\/div>\n<div id=\"envira-gallery-wrap-2238\" class=\"envira-gallery-wrap envira-gallery-theme-base envira-lightbox-theme-base\" itemscope itemtype=\"https:\/\/schema.org\/ImageGallery\"><div data-row-height=\"150\" data-gallery-theme=\"normal\" id=\"envira-gallery-2238\" class=\"envira-gallery-public envira-gallery-justified-public envira-gallery-0-columns envira-clear enviratope envira-gallery-css-animations\" data-envira-columns=\"0\"><div id=\"envira-gallery-item-2223\" class=\"envira-gallery-item enviratope-item envira-gallery-item-1\" style=\"padding-left: 5px; padding-bottom: 10px; padding-right: 5px;\"  itemscope itemtype=\"https:\/\/schema.org\/ImageObject\"><div class=\"envira-gallery-item-inner\"><div class=\"envira-gallery-position-overlay  envira-gallery-top-left\"><\/div><div class=\"envira-gallery-position-overlay  envira-gallery-top-right\"><\/div><div class=\"envira-gallery-position-overlay  envira-gallery-bottom-left\"><\/div><div class=\"envira-gallery-position-overlay  envira-gallery-bottom-right\"><\/div><a href=\"https:\/\/baumkletterschule.de\/cms\/wp-content\/uploads\/2018\/02\/180206-Existenzgr\u00fcnder-Kurs.jpg\" class=\"envira-gallery-2238 envira-gallery-link\" rel=\"enviragallery2238\" title=\"Existenzgr&uuml;ndung in der Baumpflege\" data-envira-caption=\"Existenzgr&uuml;ndung in der Baumpflege\" data-envira-retina=\"\" data-thumbnail=\"\"  itemprop=\"contentUrl\"><img decoding=\"async\" id=\"envira-gallery-image-2223\" class=\"envira-gallery-image envira-gallery-image-1 envira-normal \" data-envira-index=\"1\" src=\"https:\/\/baumkletterschule.de\/cms\/wp-content\/uploads\/2018\/02\/180206-Existenzgr\u00fcnder-Kurs-1024x538-640x480.jpg\" data-envira-src=\"https:\/\/baumkletterschule.de\/cms\/wp-content\/uploads\/2018\/02\/180206-Existenzgr\u00fcnder-Kurs-1024x538-640x480.jpg\" data-envira-gallery-id=\"2238\" data-envira-item-id=\"2223\" data-envira-caption=\"Existenzgr&uuml;ndung in der Baumpflege\" alt=\"Existenzgr\u00fcndung in der Baumpflege\" title=\"Existenzgr\u00fcndung in der Baumpflege\"  itemprop=\"thumbnailUrl\" data-envira-srcset=\"https:\/\/baumkletterschule.de\/cms\/wp-content\/uploads\/2018\/02\/180206-Existenzgr\u00fcnder-Kurs-1024x538-640x480.jpg 400w,https:\/\/baumkletterschule.de\/cms\/wp-content\/uploads\/2018\/02\/180206-Existenzgr\u00fcnder-Kurs-1024x538-640x480.jpg 2x\" data-envira-width=\"300\" data-envira-height=\"158\" srcset=\"https:\/\/baumkletterschule.de\/cms\/wp-content\/uploads\/2018\/02\/180206-Existenzgr\u00fcnder-Kurs-1280x960.jpg 2x\" data-safe-src=\"https:\/\/baumkletterschule.de\/cms\/wp-content\/uploads\/2018\/02\/180206-Existenzgr\u00fcnder-Kurs-1024x538-640x480.jpg\" \/><\/a><\/div><\/div><div id=\"envira-gallery-item-2232\" class=\"envira-gallery-item enviratope-item envira-gallery-item-2\" style=\"padding-left: 5px; padding-bottom: 10px; padding-right: 5px;\"  itemscope itemtype=\"https:\/\/schema.org\/ImageObject\"><div class=\"envira-gallery-item-inner\"><div class=\"envira-gallery-position-overlay  envira-gallery-top-left\"><\/div><div class=\"envira-gallery-position-overlay  envira-gallery-top-right\"><\/div><div class=\"envira-gallery-position-overlay  envira-gallery-bottom-left\"><\/div><div class=\"envira-gallery-position-overlay  envira-gallery-bottom-right\"><\/div><a href=\"https:\/\/baumkletterschule.de\/cms\/wp-content\/uploads\/2018\/02\/Im-gr\u00fcnen-Bereich.jpg\" class=\"envira-gallery-2238 envira-gallery-link\" rel=\"enviragallery2238\" title=\"Existenzgr&uuml;ndung in der Baumpflege\" data-envira-caption=\"Existenzgr&uuml;ndung in der Baumpflege\" data-envira-retina=\"\" data-thumbnail=\"\"  itemprop=\"contentUrl\"><img decoding=\"async\" id=\"envira-gallery-image-2232\" class=\"envira-gallery-image envira-gallery-image-2 envira-normal \" data-envira-index=\"2\" src=\"https:\/\/baumkletterschule.de\/cms\/wp-content\/uploads\/2018\/02\/Im-gr\u00fcnen-Bereich-1024x770-640x480.jpg\" data-envira-src=\"https:\/\/baumkletterschule.de\/cms\/wp-content\/uploads\/2018\/02\/Im-gr\u00fcnen-Bereich-1024x770-640x480.jpg\" data-envira-gallery-id=\"2238\" data-envira-item-id=\"2232\" data-envira-caption=\"Existenzgr&uuml;ndung in der Baumpflege\" alt=\"Existenzgr\u00fcndung in der Baumpflege\" title=\"Existenzgr\u00fcndung in der Baumpflege\"  itemprop=\"thumbnailUrl\" data-envira-srcset=\"https:\/\/baumkletterschule.de\/cms\/wp-content\/uploads\/2018\/02\/Im-gr\u00fcnen-Bereich-1024x770-640x480.jpg 400w,https:\/\/baumkletterschule.de\/cms\/wp-content\/uploads\/2018\/02\/Im-gr\u00fcnen-Bereich-1024x770-640x480.jpg 2x\" data-envira-width=\"300\" data-envira-height=\"225\" srcset=\"https:\/\/baumkletterschule.de\/cms\/wp-content\/uploads\/2018\/02\/Im-gr\u00fcnen-Bereich-1280x960.jpg 2x\" data-safe-src=\"https:\/\/baumkletterschule.de\/cms\/wp-content\/uploads\/2018\/02\/Im-gr\u00fcnen-Bereich-1024x770-640x480.jpg\" \/><\/a><\/div><\/div><div id=\"envira-gallery-item-2235\" class=\"envira-gallery-item enviratope-item envira-gallery-item-3\" style=\"padding-left: 5px; padding-bottom: 10px; padding-right: 5px;\"  itemscope itemtype=\"https:\/\/schema.org\/ImageObject\"><div class=\"envira-gallery-item-inner\"><div class=\"envira-gallery-position-overlay  envira-gallery-top-left\"><\/div><div class=\"envira-gallery-position-overlay  envira-gallery-top-right\"><\/div><div class=\"envira-gallery-position-overlay  envira-gallery-bottom-left\"><\/div><div class=\"envira-gallery-position-overlay  envira-gallery-bottom-right\"><\/div><a href=\"https:\/\/baumkletterschule.de\/cms\/wp-content\/uploads\/2018\/02\/Buisnessplan.jpg\" class=\"envira-gallery-2238 envira-gallery-link\" rel=\"enviragallery2238\" title=\"Existenzgr&uuml;ndung in der Baumpflege\" data-envira-caption=\"Existenzgr&uuml;ndung in der Baumpflege\" data-envira-retina=\"\" data-thumbnail=\"\"  itemprop=\"contentUrl\"><img decoding=\"async\" id=\"envira-gallery-image-2235\" class=\"envira-gallery-image envira-gallery-image-3 envira-normal \" data-envira-index=\"3\" src=\"https:\/\/baumkletterschule.de\/cms\/wp-content\/uploads\/2018\/02\/Buisnessplan-1024x768-640x480.jpg\" data-envira-src=\"https:\/\/baumkletterschule.de\/cms\/wp-content\/uploads\/2018\/02\/Buisnessplan-1024x768-640x480.jpg\" data-envira-gallery-id=\"2238\" data-envira-item-id=\"2235\" data-envira-caption=\"Existenzgr&uuml;ndung in der Baumpflege\" alt=\"Existenzgr\u00fcndung in der Baumpflege\" title=\"Existenzgr\u00fcndung in der Baumpflege\"  itemprop=\"thumbnailUrl\" data-envira-srcset=\"https:\/\/baumkletterschule.de\/cms\/wp-content\/uploads\/2018\/02\/Buisnessplan-1024x768-640x480.jpg 400w,https:\/\/baumkletterschule.de\/cms\/wp-content\/uploads\/2018\/02\/Buisnessplan-1024x768-640x480.jpg 2x\" data-envira-width=\"300\" data-envira-height=\"225\" srcset=\"https:\/\/baumkletterschule.de\/cms\/wp-content\/uploads\/2018\/02\/Buisnessplan-1280x960.jpg 2x\" data-safe-src=\"https:\/\/baumkletterschule.de\/cms\/wp-content\/uploads\/2018\/02\/Buisnessplan-1024x768-640x480.jpg\" \/><\/a><\/div><\/div><div id=\"envira-gallery-item-2236\" class=\"envira-gallery-item enviratope-item envira-gallery-item-4\" style=\"padding-left: 5px; padding-bottom: 10px; padding-right: 5px;\"  itemscope itemtype=\"https:\/\/schema.org\/ImageObject\"><div class=\"envira-gallery-item-inner\"><div class=\"envira-gallery-position-overlay  envira-gallery-top-left\"><\/div><div class=\"envira-gallery-position-overlay  envira-gallery-top-right\"><\/div><div class=\"envira-gallery-position-overlay  envira-gallery-bottom-left\"><\/div><div class=\"envira-gallery-position-overlay  envira-gallery-bottom-right\"><\/div><a href=\"https:\/\/baumkletterschule.de\/cms\/wp-content\/uploads\/2018\/02\/Geschaft.jpg\" class=\"envira-gallery-2238 envira-gallery-link\" rel=\"enviragallery2238\" title=\"Existenzgr&uuml;ndung in der Baumpflege\" data-envira-caption=\"Existenzgr&uuml;ndung in der Baumpflege\" data-envira-retina=\"\" data-thumbnail=\"\"  itemprop=\"contentUrl\"><img decoding=\"async\" id=\"envira-gallery-image-2236\" class=\"envira-gallery-image envira-gallery-image-4 envira-normal \" data-envira-index=\"4\" src=\"https:\/\/baumkletterschule.de\/cms\/wp-content\/uploads\/2018\/02\/Geschaft-640x480.jpg\" data-envira-src=\"https:\/\/baumkletterschule.de\/cms\/wp-content\/uploads\/2018\/02\/Geschaft-640x480.jpg\" data-envira-gallery-id=\"2238\" data-envira-item-id=\"2236\" data-envira-caption=\"Existenzgr&uuml;ndung in der Baumpflege\" alt=\"Existenzgr\u00fcndung in der Baumpflege\" title=\"Existenzgr\u00fcndung in der Baumpflege\"  itemprop=\"thumbnailUrl\" data-envira-srcset=\"https:\/\/baumkletterschule.de\/cms\/wp-content\/uploads\/2018\/02\/Geschaft-640x480.jpg 400w,https:\/\/baumkletterschule.de\/cms\/wp-content\/uploads\/2018\/02\/Geschaft-640x480.jpg 2x\" data-envira-width=\"300\" data-envira-height=\"199\" srcset=\"https:\/\/baumkletterschule.de\/cms\/wp-content\/uploads\/2018\/02\/Geschaft-1280x960.jpg 2x\" data-safe-src=\"https:\/\/baumkletterschule.de\/cms\/wp-content\/uploads\/2018\/02\/Geschaft-640x480.jpg\" \/><\/a><\/div><\/div><\/div><\/div><noscript><img decoding=\"async\" src=\"https:\/\/baumkletterschule.de\/cms\/wp-content\/uploads\/2018\/02\/180206-Existenzgr\u00fcnder-Kurs.jpg\" alt=\"Existenzgr\u00fcndung in der Baumpflege\" \/><img decoding=\"async\" src=\"https:\/\/baumkletterschule.de\/cms\/wp-content\/uploads\/2018\/02\/Im-gr\u00fcnen-Bereich.jpg\" alt=\"Existenzgr\u00fcndung in der Baumpflege\" \/><img decoding=\"async\" src=\"https:\/\/baumkletterschule.de\/cms\/wp-content\/uploads\/2018\/02\/Buisnessplan.jpg\" alt=\"Existenzgr\u00fcndung in der Baumpflege\" \/><img decoding=\"async\" src=\"https:\/\/baumkletterschule.de\/cms\/wp-content\/uploads\/2018\/02\/Geschaft.jpg\" alt=\"Existenzgr\u00fcndung in der Baumpflege\" \/><\/noscript>\n","protected":false},"excerpt":{"rendered":"<p>Gerade im Bereich der Baumpflege \u00fcberlegen viele, sich selbst\u00e4ndig zu machen. Gewerbe anmelden, fertig. Doch ganz so einfach ist es nicht. Es lohnt, sich vorab genauer Gedanken zu machen. Stimmen &#8230;<\/p>\n","protected":false},"author":6,"featured_media":2223,"parent":19,"menu_order":0,"comment_status":"closed","ping_status":"closed","template":"","meta":{"footnotes":""},"categories":[],"tags":[],"class_list":["post-3240","page","type-page","status-publish","has-post-thumbnail","hentry"],"aioseo_notices":[],"_links":{"self":[{"href":"https:\/\/baumkletterschule.de\/cms\/wp-json\/wp\/v2\/pages\/3240","targetHints":{"allow":["GET"]}}],"collection":[{"href":"https:\/\/baumkletterschule.de\/cms\/wp-json\/wp\/v2\/pages"}],"about":[{"href":"https:\/\/baumkletterschule.de\/cms\/wp-json\/wp\/v2\/types\/page"}],"author":[{"embeddable":true,"href":"https:\/\/baumkletterschule.de\/cms\/wp-json\/wp\/v2\/users\/6"}],"replies":[{"embeddable":true,"href":"https:\/\/baumkletterschule.de\/cms\/wp-json\/wp\/v2\/comments?post=3240"}],"version-history":[{"count":22,"href":"https:\/\/baumkletterschule.de\/cms\/wp-json\/wp\/v2\/pages\/3240\/revisions"}],"predecessor-version":[{"id":10440,"href":"https:\/\/baumkletterschule.de\/cms\/wp-json\/wp\/v2\/pages\/3240\/revisions\/10440"}],"up":[{"embeddable":true,"href":"https:\/\/baumkletterschule.de\/cms\/wp-json\/wp\/v2\/pages\/19"}],"wp:featuredmedia":[{"embeddable":true,"href":"https:\/\/baumkletterschule.de\/cms\/wp-json\/wp\/v2\/media\/2223"}],"wp:attachment":[{"href":"https:\/\/baumkletterschule.de\/cms\/wp-json\/wp\/v2\/media?parent=3240"}],"wp:term":[{"taxonomy":"category","embeddable":true,"href":"https:\/\/baumkletterschule.de\/cms\/wp-json\/wp\/v2\/categories?post=3240"},{"taxonomy":"post_tag","embeddable":true,"href":"https:\/\/baumkletterschule.de\/cms\/wp-json\/wp\/v2\/tags?post=3240"}],"curies":[{"name":"wp","href":"https:\/\/api.w.org\/{rel}","templated":true}]}}