{"id":3229,"date":"2018-05-08T20:02:22","date_gmt":"2018-05-08T18:02:22","guid":{"rendered":"https:\/\/baumkletterschule.de\/cms\/?page_id=3229"},"modified":"2022-12-19T17:02:37","modified_gmt":"2022-12-19T16:02:37","slug":"kranfaellung-und-skt","status":"publish","type":"page","link":"https:\/\/baumkletterschule.de\/cms\/kursinfo\/sonderkurse\/kranfaellung-und-skt\/","title":{"rendered":"Kranf\u00e4llung und SKT"},"content":{"rendered":"<h5><em>Arbeiten wie die Profis&#8230;<\/em><\/h5>\n<p lang=\"de-DE\">In diesem exklusiven Kurs mit einem Verh\u00e4ltnis von 4 Teilnehmern zu 1 Ausbilder wird Alles abverlangt und das hat auch seinen Preis. Daf\u00fcr gibt es ein volles Programm. Die Verwendung eines Mobilkrans f\u00fcr die Baumf\u00e4llung er\u00f6ffnet viele neue M\u00f6glichkeiten. Der dreit\u00e4gige Kurs vermittelt Basis- und Spezialwissen gleicherma\u00dfen \u00fcber die Kombination von SKT und Kran und bietet im Rahmen der praktischen \u00dcbungen die M\u00f6glichkeit, dieses Wissen in verschiedenen Situationen anzuwenden.<\/p>\n<p>Hier finden Sie <a href=\"https:\/\/baumkletterschule.de\/cms\/kursinfo\/kletterkurse\/kranfaellung-mit-skt\/\">weitere Infos<\/a>.<\/p>\n","protected":false},"excerpt":{"rendered":"<p>Arbeiten wie die Profis&#8230; In diesem exklusiven Kurs mit einem Verh\u00e4ltnis von 4 Teilnehmern zu 1 Ausbilder wird Alles abverlangt und das hat auch seinen Preis. Daf\u00fcr gibt es ein &#8230;<\/p>\n","protected":false},"author":6,"featured_media":3248,"parent":19,"menu_order":0,"comment_status":"closed","ping_status":"closed","template":"","meta":{"footnotes":""},"categories":[],"tags":[],"class_list":["post-3229","page","type-page","status-publish","has-post-thumbnail","hentry"],"aioseo_notices":[],"_links":{"self":[{"href":"https:\/\/baumkletterschule.de\/cms\/wp-json\/wp\/v2\/pages\/3229","targetHints":{"allow":["GET"]}}],"collection":[{"href":"https:\/\/baumkletterschule.de\/cms\/wp-json\/wp\/v2\/pages"}],"about":[{"href":"https:\/\/baumkletterschule.de\/cms\/wp-json\/wp\/v2\/types\/page"}],"author":[{"embeddable":true,"href":"https:\/\/baumkletterschule.de\/cms\/wp-json\/wp\/v2\/users\/6"}],"replies":[{"embeddable":true,"href":"https:\/\/baumkletterschule.de\/cms\/wp-json\/wp\/v2\/comments?post=3229"}],"version-history":[{"count":9,"href":"https:\/\/baumkletterschule.de\/cms\/wp-json\/wp\/v2\/pages\/3229\/revisions"}],"predecessor-version":[{"id":7489,"href":"https:\/\/baumkletterschule.de\/cms\/wp-json\/wp\/v2\/pages\/3229\/revisions\/7489"}],"up":[{"embeddable":true,"href":"https:\/\/baumkletterschule.de\/cms\/wp-json\/wp\/v2\/pages\/19"}],"wp:featuredmedia":[{"embeddable":true,"href":"https:\/\/baumkletterschule.de\/cms\/wp-json\/wp\/v2\/media\/3248"}],"wp:attachment":[{"href":"https:\/\/baumkletterschule.de\/cms\/wp-json\/wp\/v2\/media?parent=3229"}],"wp:term":[{"taxonomy":"category","embeddable":true,"href":"https:\/\/baumkletterschule.de\/cms\/wp-json\/wp\/v2\/categories?post=3229"},{"taxonomy":"post_tag","embeddable":true,"href":"https:\/\/baumkletterschule.de\/cms\/wp-json\/wp\/v2\/tags?post=3229"}],"curies":[{"name":"wp","href":"https:\/\/api.w.org\/{rel}","templated":true}]}}