{"id":30,"date":"2016-10-09T09:25:24","date_gmt":"2016-10-09T09:25:24","guid":{"rendered":"https:\/\/baumkletterschule.de\/cms\/?page_id=30"},"modified":"2026-02-19T15:31:59","modified_gmt":"2026-02-19T14:31:59","slug":"stellenmarkt","status":"publish","type":"page","link":"https:\/\/baumkletterschule.de\/cms\/stellenmarkt\/","title":{"rendered":"Baumpflege-Stellenmarkt"},"content":{"rendered":"<p lang=\"de-DE\">Sind Sie frisch fertig mit dem SKT A-Kurs und auf der Suche nach passenden Jobs in der Baumpflege? Oder m\u00f6chten Sie als erfahrener Baumpflege-Profi Ihren Horizont erweitern? Neue B\u00e4ume, neue Leute, neue Jobs \u2013 hier werden Sie f\u00fcndig:<\/p>\n<ul id=\"index\" style=\"list-style: none;\">\n<li><a href=\"#pflege\">Baumpflege<\/a><\/li>\n<li><a href=\"#kontrolle\">Baumkontrolle &amp; Sachverst\u00e4ndige<\/a><\/li>\n<li><a href=\"#jobs\">weitere Jobs rund um Baum &amp; Gr\u00fcn<\/a><\/li>\n<\/ul>\n<h2 id=\"pflege\">Baumpflege<\/h2>\n<table width=\"400\">\n<tbody>\n<tr>\n<td><img loading=\"lazy\" decoding=\"async\" class=\"aligncenter wp-image-7290 size-full\" src=\"https:\/\/baumkletterschule.de\/cms\/wp-content\/uploads\/2025\/01\/250107_Arbus_Logo_200x150.webp\" alt=\"\" width=\"600\" height=\"150\" \/><\/td>\n<td>\n<h3><strong>Sachverst\u00e4ndigenb\u00fcro Peter Klug<\/strong>, 73108 Gammelshausen<\/h3>\n<h4><strong><a title=\"Extern: ausf\u00fchrliche Jobbeschreibung\" href=\"https:\/\/baumkletterschule.de\/cms\/wp-content\/uploads\/2026\/02\/260219_Stellenanzeige_Arbus.pdf\" target=\"_blank\" rel=\"sponsored noopener\">Baumkontrolleur \/ Baumgutachter (m\/w\/d)<\/strong> im Raum Heilbronn &#8211; Nordw\u00fcrttemberg<\/a> <\/h4>\n<p lang=\"de-DE\">Du arbeitest gerne drau\u00dfen, triffst fundierte Entscheidungen und willst Verantwortung f\u00fcr Stadtb\u00e4ume \u00fcbernehmen? Dann komm zu uns.<br \/>\nDie Mitarbeiter von Arbus Baumexperten f\u00fchren Baumkontrollen und Gutachten f\u00fcr Kommunen und Beh\u00f6rden vor allem in Baden-W\u00fcrttemberg durch. Unser Fokus: sichere und vitale B\u00e4ume im urbanen Raum. Denn B\u00e4ume sind mehr als nur Gr\u00fcn im Stadtbild. Sie sind Lebensraum, Sicherheitsfaktor und wertvolles Kulturgut.<\/p>\n<p lang=\"de-DE\"><strong>Das erwartet dich:<\/strong><\/p>\n<ul>\n<li>Durchf\u00fchrung von Baumkontrollen nach FLL<\/li>\n<li>Beurteilung von Stadtb\u00e4umen in Parks, an Stra\u00dfen und in Anlagen<\/li>\n<li>Pflege und Weiterentwicklung von Baumkatastern<\/li>\n<li>Eigenst\u00e4ndiges Arbeiten mit moderner Software<\/li>\n<li>Abwechslungsreiche Projekte \u2013 kein Tag wie der andere<\/li>\n<\/ul>\n<p lang=\"de-DE\"><strong>Das bringst du mit:<\/strong> Ausbildung als Forsttechniker, Arborist, Baumpfleger oder im Garten- &amp; Landschaftsbau, FLL-Zertifikat als Baumkontrolleur erw\u00fcnscht, Interesse an Stadtb\u00e4umen, Baumdiagnose und langfristigem Bestandsmanagement, F\u00fchrerschein Klasse B sowie die Bereitschaft, zeitweise auch \u00fcberregional zu arbeiten.<\/p>\n<p lang=\"de-DE\"><strong>Warum dieser Job?<\/strong> Wenn Du drau\u00dfen arbeiten willst \u2013 mit Kopf und Verantwortung und fachlich ernst genommen werden willst, flexible Arbeitszeiten und selbstst\u00e4ndige Tagesplanung sch\u00e4tzt sowie Dienstwagen, Weiterbildung, faire Bezahlung, dann findest du bei uns langfristige Perspektive in einem spezialisierten Sachverst\u00e4ndigenb\u00fcro. Wir freuen uns auf deine Bewerbung als PDF an: <a href=\"mailto:kontakt@arbus.de?subject=Ihr%20Jobangebot%20\u00fcber%20Baumkletterschule\">kontakt@arbus.de<\/a> \u2014 Mehr findest Du auf unserer <a title=\"Arbus.de: Karriereseite\" href=\"https:\/\/www.arbus.de\/jobs.html\" target=\"_blank\" rel=\"noopener sponsored\">Karriereseite<\/a><\/p>\n<p>.<br \/>\n<cite>Ver\u00f6ffentlicht: 19.02.2026<\/cite>\n<\/td>\n<\/tr>\n<tr>\n<td><img loading=\"lazy\" decoding=\"async\" class=\"aligncenter wp-image-7290 size-full\" src=\"https:\/\/baumkletterschule.de\/cms\/wp-content\/uploads\/2025\/12\/251205_Esch-Logo_200x150.webp\" alt=\"\" width=\"600\" height=\"150\" \/><\/td>\n<td>\n<h3><strong>Firma Esch, Gartenbau und Baumpflege<\/strong>, 82110 Germering<\/h3>\n<h4><strong><a title=\"Extern: ausf\u00fchrliche Jobbeschreibung\" href=\"https:\/\/www.baumpflegeportal.de\/wp-content\/uploads\/2025\/12\/251205_Esch-Jobanzeige.pdf\" target=\"_blank\" rel=\"sponsored noopener\">Teamverst\u00e4rkung Baumpflege\/Gartenbau (m\/w\/d) in Germering<\/a><\/strong><\/h4>\n<p lang=\"de-DE\">Werde Teil unseres kleinen, aber feinen Teams in Germering bei M\u00fcnchen! Wir bieten Baumpflege und Gartenbau mit Erfahrung und Leidenschaft. Egal ob <strong>SKT A\/B, European Tree Worker, G\u00e4rtner oder auch Ungelernte, die sich f\u00fcr B\u00e4ume und G\u00e4rten begeistern<\/strong> \u2013 wenn Du Lust auf Arbeiten in der Natur hast, bist Du bei uns genau richtig. Wir besprechen gemeinsam, wie wir Dich einarbeiten k\u00f6nnen. Zudem freuen wir uns \u00fcber Anfragen von Subunternehmern.<\/p>\n<p lang=\"de-DE\">Was Dich erwartet:<\/p>\n<ul>\n<li>\u00dcberdurchschnittliche Bezahlung nach K\u00f6nnen<\/li>\n<li>Gutes Arbeitsklima in einem motivierten Team<\/li>\n<li>Abwechslungsreiche Eins\u00e4tze an frischer Luft<\/li>\n<li>Moderne Ausr\u00fcstung und Maschinenausstattung<\/li>\n<li>M\u00f6glichkeit zur pers\u00f6nlichen Weiterbildung und Entwicklung<\/li>\n<li>Hilfe bei der Wohnungssuche<\/li>\n<li>Flexible Arbeitszeiten<\/li>\n<li>In der Regel nette Kunden<\/li>\n<\/ul>\n<p lang=\"de-DE\">Wir sind nicht nur Kollegen \u2013 wir sind ein starkes Team, das zusammenh\u00e4lt. Bei uns erlebst Du Natur pur, Wertsch\u00e4tzung und spannende, abwechslungsreiche Aufgaben. Melde Dich einfach \u2013 wir freuen uns auf Dich! Hier findest du unsere <a title=\"ausf\u00fchrliche Jobbeschreibung\" href=\"https:\/\/www.baumpflegeportal.de\/wp-content\/uploads\/2025\/12\/251205_Esch-Jobanzeige.pdf\" rel=\"sponsored\">ausf\u00fchrliche Jobbeschreibung<\/a> und mehr \u00fcber uns entdeckst Du <a title=\"Firmenwebseite St. Esch\" href=\"https:\/\/www.st-esch.de\/\" rel=\"noreferrer\">auf unserer Webseite<\/a>!<\/p>\n<p><cite>Ver\u00f6ffentlicht: 05.12.2025<\/cite><\/td>\n<\/tr>\n<tr>\n<td><img loading=\"lazy\" decoding=\"async\" class=\"aligncenter wp-image-7290 size-full\" src=\"https:\/\/baumkletterschule.de\/cms\/wp-content\/uploads\/2023\/08\/230731_Kiesslich-Logo_200x150.jpg\" alt=\"\" width=\"600\" height=\"150\" \/><\/td>\n<td>\n<h3><strong>Baum Kiesslich<\/strong>, 56077 Koblenz<\/h3>\n<h4><strong><a title=\"Extern: ausf\u00fchrliche Jobbeschreibung\" href=\"https:\/\/www.baumpflegeportal.de\/wp-content\/uploads\/2025\/12\/251201_Kiesslich-Job-Baumpfleger.pdf\" target=\"_blank\" rel=\"sponsored noopener\">Baumpfleger (m\/w\/d) in Koblenz<\/a><\/strong><\/h4>\n<p lang=\"de-DE\">Seit unserer Unternehmensgr\u00fcndung im Fr\u00fchjahr 2004 f\u00fchren wir Arbeiten rund um den Baum mit Spezialgebiet Baumpflege durch. Dazu geh\u00f6ren die fachgerechte Baumpflege und Baumkontrolle, aber auch Baumf\u00e4llung, Obstbaumschnitt und Agroforstwirtschaft. Neben diversen Privathaushalten arbeiten wir f\u00fcr renommierte Firmen, Kommunen und staatliche Organisationen. Unser Spezialgebiet ist die baumschonende Seilklettertechnik. Um unser Leitungsspektrum auszubauen, besuchen wir regelm\u00e4\u00dfig Fortbildungsveranstaltungen. Zur Verst\u00e4rkung unseres Teams suchen wir ab sofort einen <strong>qualifizierten Baumpfleger (m\/w\/d)<\/strong>. Ihr Profil:<\/p>\n<ul>\n<li>Mehrj\u00e4hrige Erfahrung in der Baumpflege und Baustellenorganisation<\/li>\n<li>Seilklettertechnik A\/B Ausbildung<\/li>\n<li>F\u00fchrerscheinklasse B1<\/li>\n<\/ul>\n<p lang=\"de-DE\">Wir bieten Ihnen einen gesicherten Arbeitsplatz, einen Arbeitsort mit i.d.R. t\u00e4glicher Heimkehr, gute Entlohnung und Fortbildungsm\u00f6glichkeiten.<br \/>\nSie haben Interesse? Hier finden Sie unsere <a title=\"PDF: Jobbeschreibung Kiesslich\" href=\"https:\/\/www.baumpflegeportal.de\/wp-content\/uploads\/2025\/12\/251201_Kiesslich-Job-Baumpfleger.pdf\" rel=\"\">ausf\u00fchrliche Jobbeschreibung<\/a>. Mehr \u00fcber das Unternehmen Baum Kiesslich finden Sie auf unserer <a title=\"Baum Kiesslich\" href=\"https:\/\/www.baumlandgarten.de\/index.htm\" target=\"_blank\" rel=\"noopener sponsored\">Unternehmenswebseite.<\/a><\/p>\n<p><cite>Ver\u00f6ffentlicht: 01.12.2025<\/cite><\/td>\n<\/tr>\n<tr>\n<td><img loading=\"lazy\" decoding=\"async\" class=\"aligncenter wp-image-7290 size-full\" src=\"https:\/\/baumkletterschule.de\/cms\/wp-content\/uploads\/2023\/02\/230201_Veitengruber-Logo.png\" alt=\"\" width=\"600\" height=\"150\" \/><\/td>\n<td>\n<h3><strong>Baumexperten Baumpflege Veitengruber<\/strong>, 85354 Freising<\/h3>\n<h4><strong><a title=\"Extern: ausf\u00fchrliche Jobbeschreibung\" href=\"https:\/\/www.baumpflegeportal.de\/wp-content\/uploads\/2025\/12\/251201_Veitengruber-Jobbeschreibung-Baumklettern2025.pdf\" target=\"_blank\" rel=\"sponsored noopener\">Baumkletter*in oder Studierende (m\/w\/d) mit Interesse an Baumpflege<\/a><\/strong><\/h4>\n<p lang=\"de-DE\">Du suchst einen (Neben-)Job und hast schon Erfahrungen als Baumkletterer*in oder bist Studierende*r und willst Baumklettern erlernen? Folgendes w\u00fcnschen wir uns, aber nicht zwingend erforderlich:<\/p>\n<ul>\n<li>SKT-A oder gar SKT-B<\/li>\n<li>Kenntnisse und Erfahrung in fachgerechter Baumpflege<\/li>\n<li>K\u00f6rperliche Fitness<\/li>\n<li>Motivation das ganze Jahr \u00fcber an der frischen Luft zu arbeiten<\/li>\n<li>Teamf\u00e4higkeit, Zuverl\u00e4ssigkeit, Verantwortungsbewusstsein<\/li>\n<\/ul>\n<p lang=\"de-DE\">Wir bieten Dir ein motiviertes Team und ein sehr gutes Betriebsklima, modernes SKT-Material und eine stabile Basis an Maschinen und Ausr\u00fcstung. Zudem hast du die M\u00f6glichkeit eigene Ideen und Vorschl\u00e4ge einzubringen und kannst bei uns das komplette Spektrum der Baumpflege aus einer Hand kennen lernen. Mit \u00fcber 25-j\u00e4hriger Erfahrung als Gutachter und Baumpfleger sind wir zuverl\u00e4ssiger Partner f\u00fcr Baumpflege, Gartenservice und Baumgutachten im Raum Freising, Dachau, Erding, Landshut und M\u00fcnchen. Durch die Kombination aus Ingenieurb\u00fcro, professioneller Baumpflege und umfassendem Gartenbau \u00fcbernehmen wir die komplette Verantwortung f\u00fcr die Gesundheit und Sicherheit der B\u00e4ume unserer Kunden.<\/p>\n<p lang=\"de-DE\">Du kannst dir vorstellen bei uns zu arbeiten? Wir freuen uns auf deinen Anruf unter 0170-550 5480 (Ansprechpartner Ralph Veitengruber, Inhaber) oder deine Anfrage per E-Mail an info(at)baumexperten.de. Mehr \u00fcber uns findest Du auf unserer <a href=\"http:\/\/www.baumexperten.de\/\">Homepage<\/a>.<\/p>\n<p><cite>Ver\u00f6ffentlicht: 01.12.2025<\/cite><\/td>\n<\/tr>\n<tr>\n<td><img loading=\"lazy\" decoding=\"async\" class=\"aligncenter wp-image-7290 size-full\" src=\"https:\/\/baumkletterschule.de\/cms\/wp-content\/uploads\/2025\/11\/251104_MayrLandsch_Logo_200x150.webp\" alt=\"\" width=\"600\" height=\"150\" \/><\/td>\n<td>\n<h3><strong>Mayr Landschaftspflege<\/strong>, 82431 Kochel\/Ried<\/h3>\n<h4><strong><a title=\"Extern: ausf\u00fchrliche Jobbeschreibung\" href=\"https:\/\/mayr-landschaftspflege.de\/wp-content\/uploads\/2025\/10\/Baumpfleger_Wohnung.jpg\" target=\"_blank\" rel=\"sponsored noopener\">FAW, ETW, Baumpfleger (m\/w\/d) rund um Kochel<\/a><\/strong><\/h4>\n<p lang=\"de-DE\">Mit \u00fcber 25 Jahren Kompetenz und Engagement sind wir ein f\u00fchrender Betrieb in Forst und Landschaftspflege. Unterst\u00fctzt von modernster Technik steht unser geschultes Personal f\u00fcr Qualit\u00e4t und Leistung \u2013 sowohl in der Baumpflege als auch bei der Gewinnung von Hackschnitzel. Zur Verst\u00e4rkung unseres Team suchen wir ab sofort einen <strong>Fachagrarwirt, European Tree Worker, Baumpfleger (m\/w\/d)!<\/strong><br \/>\nDas solltest Du mitbringen:<\/p>\n<ul>\n<li>AS-Baum 1, SKT A und SKT B<\/li>\n<li>F\u00fchrerschein BE oder besser C1<\/li>\n<li>Erfahrung in der praktischen Baumpflege<\/li>\n<\/ul>\n<p lang=\"de-DE\">Wir bieten Dir abwechslungsreiche und interessante Aufgaben, traumhafte Arbeitspl\u00e4tze in einer der sch\u00f6nsten Regionen Bayern, \u00fcberdurchschnittliche, leistungsgerechte Bezahlung und ein gutes Arbeitsklima mit echtem Teamwork. Eine m\u00f6blierte 86m\u00b2 Wohnung in Firmenn\u00e4he stellen wir Dir bei Bedarf verg\u00fcnstigt zur Verf\u00fcgung.<br \/>\nLust bekommen? Mehr \u00fcber uns und unsere Kontaktdaten findest Du <a href=\"https:\/\/mayr-landschaftspflege.de\/\">auf unserer Homepage<\/a>. Bewirb Dich!<\/p>\n<p><cite>Ver\u00f6ffentlicht: 07.11.2025<\/cite><\/td>\n<\/tr>\n<tr>\n<td><img loading=\"lazy\" decoding=\"async\" class=\"aligncenter wp-image-7290 size-full\" src=\"https:\/\/baumkletterschule.de\/cms\/wp-content\/uploads\/2025\/11\/251022_klettermax_200X150.webp\" alt=\"\" width=\"600\" height=\"150\" \/><\/td>\n<td>\n<h3><strong>Kletter-Max GmbH<\/strong>, 78239 Rielasingen-Worblingen<\/h3>\n<h4><strong><a title=\"Extern: ausf\u00fchrliche Jobbeschreibung\" href=\"https:\/\/klettermax.gmbh\/\" target=\"_blank\" rel=\"sponsored noopener\">Baumpfleger (w\/m\/d)<\/a><\/strong><\/h4>\n<p><img loading=\"lazy\" decoding=\"async\" src=\"https:\/\/www.baumpflegeportal.de\/wp-content\/uploads\/2025\/10\/251022_klettermax_800x800.webp\" alt=\"Job Baumpfleger (m\/w\/d) KletterMax GmbH\" height=\"300\" width=\"300\" \/><\/p>\n<p lang=\"de-DE\">Willkommen bei der KletterMax GmbH! Wir sind auf der Suche nach einem engagierten und motivierten Baumpfleger (m\/w\/d), der unser dynamisches Team von sieben Mitarbeitern verst\u00e4rkt.<br \/>\nWas wir bieten:<\/p>\n<ul>\n<li>Faire Bezahlung: Deine Leistungen werden wertgesch\u00e4tzt und entsprechend entlohnt.<\/li>\n<li>Chancen auf Weiterbildungen im Bereich der Baumpflege (SKT-B, ETW, Baumkontrolleur,..).<\/li>\n<li>Attraktive Zusatzleistungen: Nutze die Vorteile von Hanse Fit f\u00fcr deine Fitness oder das Jobrad f\u00fcr umweltfreundliche Mobilit\u00e4t.<\/li>\n<li>Teamevents: Wir organisieren regelm\u00e4\u00dfig kleinere Firmenevents, um den Zusammenhalt zu f\u00f6rdern und gemeinsam Spa\u00df zu haben.<\/li>\n<\/ul>\n<p lang=\"de-DE\">Wir suchen einen sicheren Kletterer, der wetterfest, einsatzbereit und bereit ist, harte Arbeit zu verrichten. Ein freundliches Miteinander liegt uns am Herzen, bei uns f\u00fchlst du dich sofort willkommen! Voraussetzungen sind mindestens der SKT-A Schein und die Bereitschaft, 100%igen Einsatz zu zeigen.<br \/>\nWenn du Teil eines harmonischen Teams werden m\u00f6chtest und die Liebe zur Baumpflege entdeckt hast, freuen wir uns darauf, dich kennenzulernen. Bewirb dich jetzt und werde Teil des KletterMax-Teams! Mehr \u00fcber uns, zum Job und unseren Leistungen findest du auch in unserem <a href=\"https:\/\/www.baumpflegeportal.de\/author\/maximilian-kasper\/\">Firmenprofil<\/a> oder auf unserer <a href=\"https:\/\/klettermax.gmbh\/\" target=\"_blank\" rel=\"noopener\">Webseite<\/a>!<\/p>\n<p><cite>Ver\u00f6ffentlicht: 31.10.2025<\/cite><\/td>\n<\/tr>\n<tr>\n<td><img loading=\"lazy\" decoding=\"async\" class=\"aligncenter wp-image-7290 size-full\" src=\"https:\/\/baumkletterschule.de\/cms\/wp-content\/uploads\/2025\/09\/250924_BaumpflegeSicher-Logo_200x150.webp\" alt=\"\" width=\"600\" height=\"150\" \/><\/td>\n<td>\n<h3><strong>Baumpflege Sicher<\/strong>, 81377 M\u00fcnchen<\/h3>\n<h4><strong><a title=\"Extern: ausf\u00fchrliche Jobbeschreibung\" href=\"https:\/\/www.baumpflegeportal.de\/wp-content\/uploads\/2025\/09\/250904_StadtStuttgart_Job-Baumpfleger.pdf\" target=\"_blank\" rel=\"sponsored noopener\">Kollegen f\u00fcr die Baumpflege (w\/m\/d)<\/a><\/strong><\/h4>\n<p lang=\"de-DE\">Egal ob<strong> SKT A\/B, European Tree Worker, G\u00e4rtner (m\/w\/d)<\/strong> oder auch <strong>Ungelernte<\/strong>, die sich f\u00fcr B\u00e4ume begeistern \u2013 wenn Du Lust auf Arbeiten in der Natur hast, bist Du bei uns genau richtig. Wir besprechen gemeinsam, wie wir Dich einarbeiten k\u00f6nnen.<br \/>\nDich erwartet \u00fcbertarifliche Bezahlung, ein super Arbeitsklima in einem motivierten Team, abwechslungsreiche Eins\u00e4tze an frischer Luft mit modernster Ausr\u00fcstung und top Sicherheitsstandards. Bei uns hast du auch die M\u00f6glichkeit zur pers\u00f6nlichen Weiterbildung und Entwicklung.<\/p>\n<p lang=\"de-DE\"><strong>Warum Baumpflege Sicher?<\/strong> Wir sind nicht nur Kollegen \u2013 wir sind ein starkes Team, das zusammenh\u00e4lt. Bei uns erlebst Du Natur pur, echte Wertsch\u00e4tzung und spannende Herausforderungen. Jetzt mit uns durchstarten! Mehr zur Bewerbung findest Du in der <a title=\"\" href=\"https:\/\/www.baumpflegeportal.de\/wp-content\/uploads\/2025\/09\/250924_Sicher_Baumpfleger_StellenanzeigeV3.pdf\" rel=\"sponsored\">ausf\u00fchrlichen Jobbeschreibung<\/a>.<\/p>\n<p><cite>Ver\u00f6ffentlicht: 24.09.2025<\/cite><\/td>\n<\/tr>\n<tr>\n<td><img loading=\"lazy\" decoding=\"async\" class=\"aligncenter wp-image-7290 size-full\" src=\"https:\/\/baumkletterschule.de\/cms\/wp-content\/uploads\/2025\/09\/250919_StadtWaiblingen.png\" alt=\"\" width=\"600\" height=\"150\" \/><\/td>\n<td>\n<h3><strong>Stadt Waiblingen<\/strong>, 71332 Waiblingen<\/h3>\n<h4><strong><a title=\"Extern: ausf\u00fchrliche Jobbeschreibung\" href=\"https:\/\/www.baumpflegeportal.de\/wp-content\/uploads\/2025\/09\/250904_StadtStuttgart_Job-Baumpfleger.pdf\" target=\"_blank\" rel=\"sponsored noopener\">Baumpflege Stadt Waiblingen als Fachagrarwirt (w\/m\/d) \u2013 European Treeworker (w\/m\/d)<\/a><\/strong><\/h4>\n<p lang=\"de-DE\">Die Stadt Waiblingen sucht ab sofort in Vollzeit (39 h\/Woche) einen Galabauer (w\/m\/d) \/ Forstwirt (w\/m\/d) \/ Fachagrarwirt Baumpflege (w\/m\/d) \/ European Treeworker (w\/m\/d).<br \/>\nIn der Baumpflegegruppe des Betriebshofs \u00fcbernimmst Du vielseitige Aufgaben rund um die Pflege und Kontrolle des st\u00e4dtischen Baumbestands. Ob am Boden oder in luftiger H\u00f6he mit Seilklettertechnik und Hebeb\u00fchne: Du arbeitest verantwortungsvoll und mit modernem Know-how. Im Winterdienst leistest Du zus\u00e4tzlich einen wichtigen Beitrag zur Sicherheit im Stadtgebiet. Das junge Baumpflegeteam freut sich auf dich!<\/p>\n<p lang=\"de-DE\">Mehr zur Stelle und zur Stadt Waiblingen findest du in unserer <a title=\"Stadt Waiblingen: Jobbeschreibung PDF\" href=\"https:\/\/www.baumpflegeportal.de\/wp-content\/uploads\/2025\/09\/250922_StadtWaiblingen_Treeworker-Jobangebot_NEU.pdf\" target=\"_blank\" rel=\"noopener\">ausf\u00fchrlichen Jobbeschreibung<\/a>.<\/p>\n<p><cite>Ver\u00f6ffentlicht: 19.09.2025<\/cite><\/td>\n<\/tr>\n<tr>\n<td><img loading=\"lazy\" decoding=\"async\" class=\"aligncenter wp-image-7290 size-full\" src=\"https:\/\/baumkletterschule.de\/cms\/wp-content\/uploads\/2025\/09\/250919_StadtWaiblingen.png\" alt=\"\" width=\"600\" height=\"150\" \/><\/td>\n<td>\n<h3><strong>Stadt Waiblingen<\/strong>, 71332 Waiblingen<\/h3>\n<h4><strong><a title=\"Extern: ausf\u00fchrliche Beschreibung der Ausbildungsstelle\" href=\"https:\/\/www.baumpflegeportal.de\/wp-content\/uploads\/2025\/09\/250922_StadtWaiblingen-Azubi-GaertnerGalabau.pdf\" target=\"_blank\" rel=\"sponsored noopener\">Azubi G\u00e4rtner (w\/m\/d), Fachrichtung Garten-Landschaftsbau<\/a><\/strong><\/h4>\n<p lang=\"de-DE\">Lust auf eine hochwertige Berufs-Ausbildung mit Zukunftsperspektive? <strong>Azubi zum G\u00e4rtner (w\/m\/d), Fachrichtung Garten- und Landschaftsbau ab September 2026<\/strong> bei der Stadt Waiblingen gesucht! In Deiner dreij\u00e4hrigen Ausbildung lernst Du im Betriebshof Waiblingen, wie man \u00f6ffentliche Gr\u00fcn\u2011 und Freifl\u00e4chen gestaltet:<\/p>\n<ul>\n<li>Du baust Wege, Treppen und Trockenmauern,<\/li>\n<li>pflanzt B\u00e4ume, Stauden und Blumen<\/li>\n<li>und setzt Spielger\u00e4te sowie Sitzgelegenheiten.<\/li>\n<\/ul>\n<p lang=\"de-DE\">Parallel dazu besuchst Du blockweise die Landwirtschaftliche Schule Stuttgart\u2011Vaihingen und nimmst an fachlichen Lehrg\u00e4ngen \u2013\u202fetwa Motors\u00e4gen\u2011 oder Pflasterkursen\u202f\u2013 in Kirchheim\u202fTeck und Heidelberg teil. So verbindest Du fundierte Theorie mit abwechslungsreicher Praxis an der frischen Luft.&lt;\/ br&gt;<br \/>\nMehr zu Deiner Ausbildung bei der Stadt Waiblingen und alles zur Bewerbung bei uns findest Du in unserer <a title=\"Stadt Waiblingen Ausbildungsstelle GaLaBau PDF\" href=\"https:\/\/www.baumpflegeportal.de\/wp-content\/uploads\/2025\/09\/250922_StadtWaiblingen-Azubi-GaertnerGalabau.pdf\" rel=\"\">ausf\u00fchrlichen Stellenbeschreibung zur Ausbildungsstelle<\/a>!<\/p>\n<p><cite>Ver\u00f6ffentlicht: 19.09.2025<\/cite><\/td>\n<\/tr>\n<\/tbody>\n<\/table>\n<p style=\"text-align: right;\"><a href=\"#index\">zur\u00fcck nach oben<\/a><\/p>\n<div><\/div>\n<h2 id=\"kontrolle\">Baumkontrolle<\/h2>\n<table width=\"400\">\n<tbody>\n<\/tbody>\n<\/table>\n<p style=\"text-align: right;\"><a href=\"#index\">zur\u00fcck nach oben<\/a><\/p>\n<div><\/div>\n<h2 id=\"jobs\">weitere Jobs am Baum<\/h2>\n<p lang=\"de-DE\">&gt;&gt;Hier ist noch Platz f\u00fcr Ihr Jobangebot!&lt;&lt;<\/p>\n<p style=\"text-align: right;\"><a href=\"#index\">zur\u00fcck nach oben<\/a><\/p>\n<div>\n<blockquote>\n<h2 id=\"inserat\">Sie suchen ebenfalls Verst\u00e4rkung f\u00fcr Ihr Team?<\/h2>\n<p lang=\"de-DE\">Wir ver\u00f6ffentlichen Ihr Inserat gerne auf Anfrage. Unsere Stellenb\u00f6rse wird vom Team des <a title=\"Baumpflegeportal Stellenb\u00f6rse\" href=\"https:\/\/www.baumpflegeportal.de\/stellenboerse-fuer-baumpfleger\/\" target=\"_blank\" rel=\"noopener\">Baumpflegeportals<\/a> mit betreut. Alle Preise und Konditionen finden Sie unter &#8222;<a title=\"Stellenb\u00f6rse Baumpflege MBKS und Baumpflegeportal - Preise und Konditionen\" href=\"https:\/\/www.baumpflegeportal.de\/wp-content\/uploads\/2023\/02\/2023_Stellenb%C3%B6rse-Konditionen-inkl-MBKS.pdf\" target=\"_blank\" rel=\"noopener\">Stellenb\u00f6rse &#8211; Preise und Konditionen<\/a>&#8222;. Ihre Anfrage leiten wir gegebenenfalls weiter.<\/p>\n<\/blockquote>\n<\/div>\n","protected":false},"excerpt":{"rendered":"<p>Sind Sie frisch fertig mit dem SKT A-Kurs und auf der Suche nach passenden Jobs in der Baumpflege? Oder m\u00f6chten Sie als erfahrener Baumpflege-Profi Ihren Horizont erweitern? Neue B\u00e4ume, neue &#8230;<\/p>\n","protected":false},"author":1,"featured_media":0,"parent":0,"menu_order":0,"comment_status":"closed","ping_status":"closed","template":"template-full-width.php","meta":{"footnotes":""},"categories":[],"tags":[],"class_list":["post-30","page","type-page","status-publish","hentry"],"aioseo_notices":[],"_links":{"self":[{"href":"https:\/\/baumkletterschule.de\/cms\/wp-json\/wp\/v2\/pages\/30","targetHints":{"allow":["GET"]}}],"collection":[{"href":"https:\/\/baumkletterschule.de\/cms\/wp-json\/wp\/v2\/pages"}],"about":[{"href":"https:\/\/baumkletterschule.de\/cms\/wp-json\/wp\/v2\/types\/page"}],"author":[{"embeddable":true,"href":"https:\/\/baumkletterschule.de\/cms\/wp-json\/wp\/v2\/users\/1"}],"replies":[{"embeddable":true,"href":"https:\/\/baumkletterschule.de\/cms\/wp-json\/wp\/v2\/comments?post=30"}],"version-history":[{"count":389,"href":"https:\/\/baumkletterschule.de\/cms\/wp-json\/wp\/v2\/pages\/30\/revisions"}],"predecessor-version":[{"id":10395,"href":"https:\/\/baumkletterschule.de\/cms\/wp-json\/wp\/v2\/pages\/30\/revisions\/10395"}],"wp:attachment":[{"href":"https:\/\/baumkletterschule.de\/cms\/wp-json\/wp\/v2\/media?parent=30"}],"wp:term":[{"taxonomy":"category","embeddable":true,"href":"https:\/\/baumkletterschule.de\/cms\/wp-json\/wp\/v2\/categories?post=30"},{"taxonomy":"post_tag","embeddable":true,"href":"https:\/\/baumkletterschule.de\/cms\/wp-json\/wp\/v2\/tags?post=30"}],"curies":[{"name":"wp","href":"https:\/\/api.w.org\/{rel}","templated":true}]}}