{"id":2364,"date":"2018-03-08T11:35:57","date_gmt":"2018-03-08T09:35:57","guid":{"rendered":"https:\/\/baumkletterschule.de\/cms\/?page_id=2364"},"modified":"2023-05-19T11:36:57","modified_gmt":"2023-05-19T09:36:57","slug":"datenschutzerklaerung","status":"publish","type":"page","link":"https:\/\/baumkletterschule.de\/cms\/datenschutzerklaerung\/","title":{"rendered":"Datenschutzerkl\u00e4rung"},"content":{"rendered":"<p>Wir nehmen den Schutz Ihrer pers\u00f6nlichen Daten sehr ernst. Mit den nachfolgenden Hinweisen informieren wir Sie \u00fcber die Verarbeitung Ihrer personenbezogenen Daten durch die M\u00fcnchner Baumkletterschule und unterrichten Sie \u00fcber die Ihnen nach dem Datenschutzrecht zustehenden Rechte.<\/p>\n<p><strong>Verantwortlicher f\u00fcr die Datenverarbeitung:<\/strong><\/p>\n<p>MBKS GmbH &amp; Co. KG<br \/>\nM\u00fcnchner Baumkletterschule<br \/>\nSt. Gilgen 15<br \/>\n82205 Gilching<\/p>\n<p>Telefon: 08105-272701<br \/>\nTelefax: 08105-272709<br \/>\nE-Mail: <a href=\"mailto:info@baumkletterschule.de\">info@baumkletterschule.de<\/a><\/p>\n<p>Gesch\u00e4ftsf\u00fchrung: Johannes Bilharz<\/p>\n<p>Soweit nachstehend keine anderen Angaben gemacht werden, ist die Bereitstellung Ihrer personenbezogenen Daten weder gesetzlich oder vertraglich vorgeschrieben, noch f\u00fcr einen Vertragsabschluss erforderlich. Sie sind zur Bereitstellung der Daten nicht verpflichtet. Eine Nichtbereitstellung hat keine Folgen. Dies gilt nur soweit bei den nachfolgenden Verarbeitungsvorg\u00e4ngen keine anderweitige Angabe gemacht wird.<br \/>\n\u201ePersonenbezogene Daten\u201c sind alle Informationen, die sich auf eine identifizierte oder identifizierbare nat\u00fcrliche Person beziehen.<\/p>\n<p><strong>Server-Logfiles<\/strong><br \/>\nSie k\u00f6nnen unsere Webseiten besuchen, ohne Angaben zu Ihrer Person zu machen. Es werden bei jedem Zugriff auf unsere Website Nutzungsdaten durch Ihren Internetbrowser \u00fcbermittelt und in Protokolldaten (Server-Logfiles) gespeichert. Zu diesen gespeicherten Daten geh\u00f6ren z.B. Name der aufgerufenen Seite, Datum und Uhrzeit des Abrufs, \u00fcbertragene Datenmenge und der anfragende Provider. Diese Daten dienen ausschlie\u00dflich der Gew\u00e4hrleistung eines st\u00f6rungsfreien Betriebs unserer Website und zur Verbesserung unseres Angebotes.<\/p>\n<p><strong>Initiativ-Kontaktaufnahme des Kunden per E-Mail<\/strong><br \/>\nWenn Sie per E-Mail initiativ mit uns in Gesch\u00e4ftskontakt treten, erheben wir Ihre personenbezogenen Daten (Name, E-Mail-Adresse, Nachrichtentext) nur in dem von Ihnen zur Verf\u00fcgung gestellten Umfang. Die Datenverarbeitung dient der Bearbeitung und Beantwortung<br \/>\nIhrer Kontaktanfrage. Wenn die Kontaktaufnahme der Durchf\u00fchrung vorvertraglichen Ma\u00dfnahmen (bspw. Beratung bei Kaufinteresse, Angebotserstellung) dient oder einen bereits zwischen Ihnen und uns geschlossenen Vertrag betrifft, erfolgt diese Datenverarbeitung auf Grundlage des Art. 6 Abs. 1 lit. b DSGVO.<br \/>\nErfolgt die Kontaktaufnahme aus anderen Gr\u00fcnden erfolgt diese Datenverarbeitung auf Grundlage des Art. 6 Abs. 1 lit. f DSGVO aus unserem \u00fcberwiegenden berechtigten Interesse an der Bearbeitung und Beantwortung Ihrer Anfrage. In diesem Fall haben Sie das Recht, aus Gr\u00fcnden, die sich aus Ihrer besonderen Situation ergeben, jederzeit dieser auf Art. 6 Abs. 1 lit. f DSGVO beruhenden Verarbeitungen Sie betreffender personenbezogener Daten zu widersprechen.<br \/>\nIhre E-Mail-Adresse nutzen wir nur zur Bearbeitung Ihrer Anfrage. Ihre Daten werden anschlie\u00dfend unter Beachtung gesetzlicher Aufbewahrungsfristen gel\u00f6scht, sofern Sie der weitergehenden Verarbeitung und Nutzung nicht zugestimmt haben.<\/p>\n<p><strong>Erhebung und Verarbeitung bei Nutzung des Kontaktformulars<\/strong><br \/>\nBei der Nutzung des Kontaktformulars erheben wir Ihre personenbezogenen Daten (Name, E-Mail-Adresse, Nachrichtentext) nur in dem von Ihnen zur Verf\u00fcgung gestellten Umfang. Die Datenverarbeitung dient dem Zweck der Kontaktaufnahme. Mit Absenden Ihrer Nachricht willigen Sie in die Verarbeitung der \u00fcbermittelten Daten ein.<br \/>\nDie Verarbeitung erfolgt auf Grundlage des Art. 6 (1) lit. a DSGVO mit Ihrer Einwilligung. Sie k\u00f6nnen Ihre Einwilligung jederzeit durch Mitteilung an uns widerrufen, ohne dass die Rechtm\u00e4\u00dfigkeit der aufgrund der Einwilligung bis zum Widerruf erfolgten Verarbeitung ber\u00fchrt wird. Ihre E-Mail-Adresse nutzen wir nur zur Bearbeitung Ihrer Anfrage. Ihre Daten werden anschlie\u00dfend gel\u00f6scht, sofern Sie der weitergehenden Verarbeitung und Nutzung nicht zugestimmt haben.<\/p>\n<p><strong>Kommentare und Beitr\u00e4ge<\/strong><br \/>\nWenn Nutzer Kommentare im Blog oder sonstige Beitr\u00e4ge hinterlassen, werden ihre IP-Adressen gespeichert. Das erfolgt zur Sicherheit des Anbieters, falls jemand in Kommentaren und Beitr\u00e4gen widerrechtliche Inhalte schreibt (Beleidigungen, verbotene politische Propaganda, etc.). In diesem Fall kann der Anbieter selbst f\u00fcr den Kommentar oder Beitrag belangt werden und ist daher an der Identit\u00e4t des Verfassers interessiert.<\/p>\n<p><strong>Datenverarbeitung in der Unternehmensgruppe<\/strong><br \/>\nBereiche unserer Unternehmensgruppe nehmen bestimmte Datenverarbeitungsaufgaben f\u00fcr die in der Gruppe verbundenen Unternehmen zentral wahr. Ihre Daten k\u00f6nnen u.a. zur zentralen Verwaltung von Anschriftendaten, f\u00fcr den telefonischen Kundenservice, zur Vertrags- und Leistungsbearbeitung, f\u00fcr In- und Exkasso oder zur gemeinsamen Postbearbeitung zentral innerhalb der Gruppe verarbeitet werden.<br \/>\nDie in der Unternehmensgruppe verbundenen Unternehmen sind:<br \/>\nFreeworker GmbH<br \/>\nFreelogic GmbH &amp; Co KG<br \/>\nMBKS GmbH &amp; Co. KG (M\u00fcnchner Baumkletterschule)<br \/>\nKletterfirmen Media-Dienst Johannes Bilharz <\/p>\n<p><strong>Verwendung der E-Mail-Adresse f\u00fcr die Zusendung von Newslettern<\/strong><br \/>\nWir nutzen Ihre E-Mail-Adresse unabh\u00e4ngig von der Vertragsabwicklung ausschlie\u00dflich f\u00fcr eigene Werbezwecke zum Newsletterversand, sofern Sie dem ausdr\u00fccklich zugestimmt haben. Die Verarbeitung erfolgt auf Grundlage des Art. 6 (1) lit. a DSGVO mit Ihrer Einwilligung. Sie k\u00f6nnen die Einwilligung jederzeit widerrufen, ohne dass die Rechtm\u00e4\u00dfigkeit der aufgrund der Einwilligung bis zum Widerruf erfolgten Verarbeitung ber\u00fchrt wird. Sie k\u00f6nnen dazu den Newsletter jederzeit unter Nutzung des entsprechenden Links im Newsletter oder durch Mitteilung an uns abbestellen. Ihre E-Mail-Adresse wird danach aus dem Verteiler entfernt.<br \/>\nIhre Daten werden dabei an einen Dienstleister f\u00fcr E-Mail-Marketing im Rahmen einer Auftragsverarbeitung weitergegeben. Eine Weitergabe an sonstige Dritte erfolgt nicht.<br \/>\nIhre Daten werden an ein Drittland \u00fcbermittelt, f\u00fcr welches ein Angemessenheitsbeschluss der Europ\u00e4ischen Kommission vorhanden ist.<\/p>\n<p><strong>Cookies<\/strong><br \/>\nUnsere Website verwendet Cookies. Cookies sind kleine Textdateien, die im Internetbrowser bzw. vom Internetbrowser auf dem Computersystem eines Nutzers gespeichert werden. Ruft ein Nutzer eine Website auf, so kann ein Cookie auf dem Betriebssystem des Nutzers gespeichert werden. Dieser Cookie enth\u00e4lt eine charakteristische Zeichenfolge, die eine eindeutige Identifizierung des Browsers beim erneuten Aufrufen der Website erm\u00f6glicht.<br \/>\nCookies werden auf Ihrem Rechner gespeichert. Daher haben Sie die volle Kontrolle \u00fcber die Verwendung von Cookies. Durch die Auswahl entsprechender technischer Einstellungen in Ihrem Internetbrowser k\u00f6nnen Sie vor dem Setzen von Cookies benachrichtigt werden und \u00fcber die Annahme einzeln entscheiden sowie die Speicherung der Cookies und \u00dcbermittlung der enthaltenen Daten verhindern. Bereits gespeicherte Cookies k\u00f6nnen jederzeit gel\u00f6scht werden. Wir weisen Sie jedoch darauf hin, dass Sie dann gegebenenfalls nicht s\u00e4mtliche Funktionen dieser Website vollumf\u00e4nglich werden nutzen k\u00f6nnen.<br \/>\nUnter den nachstehenden Links k\u00f6nnen Sie sich informieren, wie Sie die Cookies bei den wichtigsten Browsern verwalten (u.a. auch deaktivieren) k\u00f6nnen:<br \/>\nChrome Browser: <a href=\"https:\/\/support.google.com\/accounts\/answer\/61416?hl=de\" target=\"_blank\" rel=\"noopener noreferrer\">https:\/\/support.google.com\/accounts\/answer\/61416?hl=de<\/a><br \/>\nInternet Explorer: <a href=\"https:\/\/support.microsoft.com\/de-de\/help\/17442\/windows-internet-explorer-delete-manage-cookies\" target=\"_blank\" rel=\"noopener noreferrer\">https:\/\/support.microsoft.com\/de-de\/help\/17442\/windows-internet-explorer-delete-manage-cookies<\/a><br \/>\nMozilla Firefox: <a href=\"https:\/\/support.mozilla.org\/de\/kb\/cookies-erlauben-und-ablehnen\" target=\"_blank\" rel=\"noopener noreferrer\">https:\/\/support.mozilla.org\/de\/kb\/cookies-erlauben-und-ablehnen<\/a><br \/>\nSafari: <a href=\"https:\/\/support.apple.com\/de-de\/guide\/safari\/manage-cookies-and-website-data-sfri11471\/mac\" target=\"_blank\" rel=\"noopener noreferrer\">https:\/\/support.apple.com\/de-de\/guide\/safari\/manage-cookies-and-website-data-sfri11471\/mac<\/a><\/p>\n<p><strong>Technisch notwendige Cookies<br \/>\n<\/strong>Soweit nachstehend in der Datenschutzerkl\u00e4rung keine anderen Angaben gemacht werden setzen wir nur diese technisch notwendigen Cookies zu dem Zweck ein, unser Angebot nutzerfreundlicher, effektiver und sicherer zu machen. Des Weiteren erm\u00f6glichen Cookies unseren Systemen, Ihren Browser auch nach einem Seitenwechsel zu erkennen und Ihnen Services anzubieten. Einige Funktionen unserer Internetseite k\u00f6nnen ohne den Einsatz von Cookies nicht angeboten werden. F\u00fcr diese ist es erforderlich, dass der Browser auch nach einem Seitenwechsel wiedererkannt wird. Die Nutzung von Cookies oder vergleichbarer Technologien erfolgt auf Grundlage des \u00a7 15 Abs. 3 S. 1 TMG. Die Verarbeitung Ihrer personenbezogenen Daten erfolgt auf Grundlage des Art. 6 Abs. 1 lit. f DSGVO aus unserem \u00fcberwiegenden berechtigten Interesse an der Gew\u00e4hrleistung der optimalen Funktionalit\u00e4t der Website sowie einer nutzerfreundlichen und effektiven Gestaltung unseres Angebots. Sie haben das Recht aus Gr\u00fcnden, die sich aus Ihrer besonderen Situation ergeben, jederzeit dieser Verarbeitungen Sie betreffender personenbezogener Daten zu widersprechen<\/p>\n<p><strong>Nutzung von Google Analytics<br \/>\n<\/strong>Wir verwenden auf unserer Website den Webanalysedienst Google Analytics der Google LLC. (1600 Amphitheatre Parkway, Mountain View, CA 94043, USA; \u201eGoogle\u201c). Soweit Sie Ihren gew\u00f6hnlichen Aufenthalt im Europ\u00e4ischen Wirtschaftsraum oder der Schweiz haben, ist Google Ireland Limited (Gordon House, Barrow Street, Dublin 4, Irland) der f\u00fcr Ihre Daten zust\u00e4ndige Verantwortliche. Google Ireland Limited ist demnach das mit Google verbundene Unternehmen, welches f\u00fcr die Verarbeitung Ihrer Daten und die Einhaltung der anwendbaren Datenschutzgesetze verantwortlich ist.<br \/>\nDie Datenverarbeitung dient dem Zweck der Analyse dieser Website und ihrer Besucher sowie f\u00fcr Marketing- und Werbezwecke. Dazu wird Google im Auftrag des Betreibers dieser Website die gewonnenen Informationen benutzen, um Ihre Nutzung der Website auszuwerten, um Reports \u00fcber die Websiteaktivit\u00e4ten zusammenzustellen und um weitere, mit der Websitenutzung und der Internetnutzung verbundene Dienstleistungen gegen\u00fcber dem Websitebetreiber zu erbringen. Dabei k\u00f6nnen u.a. folgende Informationen erhoben werden: IP-Adresse, Datum und Uhrzeit des Seitenaufrufs, Klickpfad, Informationen \u00fcber den von Ihnen verwendeten Browser und das von Ihnen verwendete Device (Ger\u00e4t), besuchte Seiten, Referrer-URL (Webseite, \u00fcber die Sie unsere Webseite aufgerufen haben), Standortdaten, Kaufaktivit\u00e4ten. Die im Rahmen von Google Analytics von Ihrem Browser \u00fcbermittelte IP-Adresse wird nicht mit anderen Daten von Google zusammengef\u00fchrt.<br \/>\nGoogle Analytics verwendet Technologien wie Cookies, Webspeicher im Browser und Z\u00e4hlpixel, die eine Analyse der Benutzung der Website durch Sie erm\u00f6glichen. Die dadurch erzeugten Informationen \u00fcber Ihre Benutzung dieser Website werden in der Regel an einen Server von Google in den USA \u00fcbertragen und dort gespeichert. Auf dieser Website ist die IP-Anonymisierung aktiviert. Dadurch wird Ihre IP-Adresse von Google innerhalb von Mitgliedstaaten der Europ\u00e4ischen Union oder in anderen Vertragsstaaten des Abkommens \u00fcber den Europ\u00e4ischen Wirtschaftsraum zuvor gek\u00fcrzt. Nur in Ausnahmef\u00e4llen wird die volle IP-Adresse an einen Server von Google in den USA \u00fcbertragen und dort gek\u00fcrzt.<br \/>\nDie Nutzung von Cookies oder vergleichbarer Technologien erfolgt auf Grundlage des \u00a7 15 Abs. 3 S. 1 TMG. Die Verarbeitung Ihrer personenbezogenen Daten erfolgt auf Grundlage des Art. 6 Abs. 1 lit. f DSGVO aus unserem \u00fcberwiegenden berechtigten Interesse an der bedarfsgerechten und zielgerichteten Gestaltung der Website. Sie haben das Recht aus Gr\u00fcnden, die sich aus Ihrer besonderen Situation ergeben, jederzeit dieser Verarbeitungen Sie betreffender personenbezogener Daten zu widersprechen.<br \/>\nSie k\u00f6nnen die Erfassung der durch Google Analytics erzeugten und auf Ihre Nutzung der Website bezogenen Daten (inkl. Ihrer IP-Adresse) an Google sowie die Verarbeitung dieser Daten durch Google verhindern, indem Sie das unter dem folgenden Link verf\u00fcgbare BrowserPlug-in herunterladen und installieren: <a href=\"https:\/\/tools.google.com\/dlpage\/gaoptout?hl=de\" target=\"_blank\" rel=\"noopener noreferrer\">https:\/\/tools.google.com\/dlpage\/gaoptout?hl=de<\/a><\/p>\n<p>N\u00e4here Informationen zu Nutzungsbedingungen und Datenschutz finden Sie unter <a href=\"https:\/\/www.google.com\/analytics\/terms\/de.html\" target=\"_blank\" rel=\"noopener noreferrer\">https:\/\/www.google.com\/analytics\/terms\/de.html<\/a> bzw. unter<br \/>\n<a href=\"https:\/\/www.google.de\/intl\/de\/policies\" target=\"_blank\" rel=\"noopener noreferrer\">https:\/\/www.google.de\/intl\/de\/policies<\/a> sowie unter <a href=\"https:\/\/policies.google.com\/technologies\/cookies?hl=de\" target=\"_blank\" rel=\"noopener noreferrer\">https:\/\/policies.google.com\/technologies\/cookies?hl=de<\/a>.<\/p>\n<p><strong>Verwendung von Google invisible reCAPTCHA <\/strong><br \/>\nWir verwenden auf unserer Website den Dienst invisible reCAPTCHA der Google Inc. (1600 Amphitheatre Parkway, Mountain View, CA 94043, USA; \u201eGoogle\u201c).<br \/>\nDies dient dem Zweck der Unterscheidung der Eingabe durch einen Menschen oder durch automatisierte, maschinelle Verarbeitung. Im Hintergrund sammelt und analysiert Google Nutzungsdaten, die von Invisible reCaptcha dazu verwendet werden, um regul\u00e4re Benutzer von Bots zu unterscheiden. Dazu wird Ihre Eingabe an Google \u00fcbermittelt und dort weiterverwendet. Zus\u00e4tzlich werden die IP-Adresse und gegebenenfalls weitere von Google f\u00fcr den Dienst Invisible reCAPTCHA ben\u00f6tigte Daten an Google \u00fcbertragen. Diese Daten werden von Google innerhalb der Europ\u00e4ischen Union und gegebenenfalls auch in die USA verarbeitet. Die Verarbeitung erfolgt auf Grundlage des Art. 6 Abs. 1 lit. f DSGVO aus dem berechtigten Interesse unsere Website vor automatisierter Aussp\u00e4hung, Missbrauch und SPAM zu sch\u00fctzen. Sie haben das Recht aus Gr\u00fcnden, die sich aus Ihrer besonderen Situation ergeben, jederzeit dieser auf Art. 6 Abs. 1 lit. f DSGVO beruhenden Verarbeitungen Sie betreffender personenbezogener Daten zu widersprechen.<br \/>\nN\u00e4here Informationen zu Google reCAPTCHA sowie die dazugeh\u00f6rige Datenschutzerkl\u00e4rung finden Sie unter: <a href=\"https:\/\/www.google.com\/recaptcha\/intro\/android.html\" target=\"_blank\" rel=\"noopener noreferrer\">https:\/\/www.google.com\/recaptcha\/intro\/android.html<\/a> sowie <a href=\"https:\/\/www.google.com\/privacy\" target=\"_blank\" rel=\"noopener noreferrer\">https:\/\/www.google.com\/privacy<\/a><\/p>\n<p><strong>Verwendung von GoogleMaps<\/strong><br \/>\nWir verwenden auf unserer Website die Funktion zur Einbettung von GoogleMaps-Karten der Google LLC (1600 Amphitheatre Parkway, Mountain View, CA 94043, USA; \u201eGoogle\u201c).<br \/>\nSoweit Sie Ihren gew\u00f6hnlichen Aufenthalt im Europ\u00e4ischen Wirtschaftsraum oder der Schweiz haben, ist Google Ireland Limited (Gordon House, Barrow Street, Dublin 4, Irland) der f\u00fcr Ihre Daten zust\u00e4ndige Verantwortliche. Google Ireland Limited ist demnach das mit Google verbundene Unternehmen, welches f\u00fcr die Verarbeitung Ihrer Daten und die Einhaltung der anwendbaren Datenschutzgesetze verantwortlich ist.<br \/>\nDie Funktion erm\u00f6glicht die visuelle Darstellung von geographischen Informationen und interaktiven Landkarten. Dabei werden von Google bei Aufrufen der Seiten, in die GoogleMaps-Karten eingebunden sind, auch Daten der Besucher der Websites erhoben, verarbeitet und genutzt. Ihre Daten werden dabei gegebenenfalls auch in die USA \u00fcbermittelt. Die Nutzung von Cookies oder vergleichbarer Technologien erfolgt auf Grundlage des \u00a7 15 Abs. 3 S. 1 TMG. Die Verarbeitung Ihrer personenbezogenen Daten erfolgt auf Grundlage des Art. 6 Abs. 1 lit. f DSGVO aus unserem \u00fcberwiegenden berechtigten Interesse an der bedarfsgerechten und zielgerichteten Gestaltung der Website. Sie haben das Recht aus Gr\u00fcnden, die sich aus Ihrer besonderen Situation ergeben, jederzeit dieser Verarbeitungen Sie betreffender personenbezogener Daten zu widersprechen.<br \/>\nN\u00e4here Informationen zur Erhebung und Nutzung der Daten durch Google finden Sie in den Datenschutzhinweisen von Google unter <a href=\"https:\/\/www.google.com\/privacypolicy.html\" target=\"_blank\" rel=\"noopener noreferrer\">https:\/\/www.google.com\/privacypolicy.html<\/a>. Dort haben Sie auch im Datenschutzcenter die M\u00f6glichkeit, Ihre Einstellungen zu ver\u00e4ndern, so dass Sie Ihre von Google verarbeiteten Daten verwalten und sch\u00fctzen k\u00f6nnen.<\/p>\n<p><strong>Cookie Banner<\/strong><br \/>\nZur Verwaltung der eingesetzten Cookies und \u00e4hnlichen Technologien (Tracking-Pixel, Web-Beacons etc.) und diesbez\u00fcglicher Einwilligungen setzen wir das Consent Tool &#8222;Real Cookie Banner&#8220; ein. Details zur Funktionsweise von &#8222;Real Cookie Banner&#8220; findest du unter <a href=\"https:\/\/devowl.io\/de\/rcb\/datenverarbeitung\/\" rel=\"noreferrer noopener\" target=\"_blank\">https:\/\/devowl.io\/de\/rcb\/datenverarbeitung\/<\/a>.<br \/>\nRechtsgrundlagen f\u00fcr die Verarbeitung von personenbezogenen Daten in diesem Zusammenhang sind Art. 6 Abs. 1 lit. c DS-GVO und Art. 6 Abs. 1 lit. f DS-GVO. Unser berechtigtes Interesse ist die Verwaltung der eingesetzten Cookies und \u00e4hnlichen Technologien und der diesbez\u00fcglichen Einwilligungen.<br \/>\nDie Bereitstellung der personenbezogenen Daten ist weder vertraglich vorgeschrieben noch f\u00fcr den Abschluss eines Vertrages notwendig. Du bist nicht verpflichtet die personenbezogenen Daten bereitzustellen. Wenn du die personenbezogenen Daten nicht bereitstellst, k\u00f6nnen wir deine Einwilligungen nicht verwalten.<\/p>\n<p><strong>Dauer der Speicherung<br \/>\n<\/strong>Die Daten werden unter Ber\u00fccksichtigung gesetzlicher Aufbewahrungsfristen gespeichert und dann nach Fristablauf gel\u00f6scht, sofern Sie der weitergehenden Verarbeitung und Nutzung nicht zugestimmt haben.<\/p>\n<p><strong>Rechte der betroffenen Person<br \/>\n<\/strong>Ihnen stehen bei Vorliegen der gesetzlichen Voraussetzungen folgende Rechte nach Art. 15 bis 20 DSGVO zu: Recht auf Auskunft, auf Berichtigung, auf L\u00f6schung, auf Einschr\u00e4nkung der Verarbeitung, auf Daten\u00fcbertragbarkeit. Au\u00dferdem steht Ihnen nach Art. 21 Abs. 1 DSGVO ein Widerspruchsrecht gegen die Verarbeitungen zu, die auf Art. 6 Abs. 1 f DSGVO beruhen, sowie gegen die Verarbeitung zum Zwecke von Direktwerbung.<br \/>\nKontaktieren Sie uns auf Wunsch. Die Kontaktdaten finden Sie in unserem Impressum.<\/p>\n<p><strong>Beschwerderecht bei der Aufsichtsbeh\u00f6rde<br \/>\n<\/strong>Sie haben gem\u00e4\u00df Art. 77 DSGVO das Recht, sich bei der Aufsichtsbeh\u00f6rde zu beschweren, wenn Sie der Ansicht sind, dass die Verarbeitung Ihrer personenbezogenen Daten nicht rechtm\u00e4\u00dfig erfolgt.<\/p>\n<p><strong>Widerspruchsrecht<br \/>\n<\/strong>Beruhen die hier aufgef\u00fchrten personenbezogenen Datenverarbeitungen auf Grundlage unseres berechtigten Interesses nach Art. 6 Abs. 1 lit. f DSGVO, haben Sie das Recht aus Gr\u00fcnden, die sich aus Ihrer besonderen Situation ergeben, jederzeit diesen Verarbeitungen mit Wirkung f\u00fcr die Zukunft zu widersprechen.<br \/>\nNach erfolgtem Widerspruch wird die Verarbeitung der betroffenen Daten beendet, es sei denn, wir k\u00f6nnen zwingende schutzw\u00fcrdige Gr\u00fcnde f\u00fcr die Verarbeitung nachweisen, die Ihren Interessen, Rechten und Freiheiten \u00fcberwiegen, oder wenn die Verarbeitung der Geltendmachung, Aus\u00fcbung oder Verteidigung von Rechtsanspr\u00fcchen dient.<br \/>\nErfolgt die personenbezogene Datenverarbeitung zu Zwecken der Direktwerbung, k\u00f6nnen Sie dieser Verarbeitung jederzeit durch Mitteilung an uns widersprechen. Nach erfolgtem Widerspruch beenden wir die Verarbeitung der betroffenen Daten zum Zwecke der Direktwerbung.<\/p>\n<p><strong>Haben Sie Fragen oder Beschwerden zum Thema Datenschutz?<\/strong><br \/>\nUnseren Datenschutzbeauftragten erreichen Sie<\/p>\n<ul>\n<li>per E-Mail unter: <a href=\"mailto:datenschutz@baumkletterschule.de\">datenschutz@baumkletterschule.de<\/a><\/li>\n<li>per Telefon unter: +49 (0) 8105 \u2013 27 27 27<\/li>\n<li>per Telefax unter: +49 (0) 8105 \u2013 27 27 29<\/li>\n<\/ul>\n<p><strong>Beschwerderecht bei der Aufsichtsbeh\u00f6rde<\/strong><br \/>\nSie haben gem\u00e4\u00df Art. 77 DSGVO das Recht, sich bei der Aufsichtsbeh\u00f6rde zu beschweren, wenn Sie der Ansicht sind, dass die Verarbeitung Ihrer personenbezogenen Daten nicht rechtm\u00e4\u00dfig erfolgt.<\/p>\n<p>letzte Aktualisierung: 20.07.2020<\/p>\n","protected":false},"excerpt":{"rendered":"<p>Wir nehmen den Schutz Ihrer pers\u00f6nlichen Daten sehr ernst. Mit den nachfolgenden Hinweisen informieren wir Sie \u00fcber die Verarbeitung Ihrer personenbezogenen Daten durch die M\u00fcnchner Baumkletterschule und unterrichten Sie \u00fcber &#8230;<\/p>\n","protected":false},"author":6,"featured_media":0,"parent":0,"menu_order":0,"comment_status":"closed","ping_status":"closed","template":"template-full-width.php","meta":{"footnotes":""},"categories":[],"tags":[48,47],"class_list":["post-2364","page","type-page","status-publish","hentry","tag-datenschutz","tag-erklaerung"],"aioseo_notices":[],"_links":{"self":[{"href":"https:\/\/baumkletterschule.de\/cms\/wp-json\/wp\/v2\/pages\/2364","targetHints":{"allow":["GET"]}}],"collection":[{"href":"https:\/\/baumkletterschule.de\/cms\/wp-json\/wp\/v2\/pages"}],"about":[{"href":"https:\/\/baumkletterschule.de\/cms\/wp-json\/wp\/v2\/types\/page"}],"author":[{"embeddable":true,"href":"https:\/\/baumkletterschule.de\/cms\/wp-json\/wp\/v2\/users\/6"}],"replies":[{"embeddable":true,"href":"https:\/\/baumkletterschule.de\/cms\/wp-json\/wp\/v2\/comments?post=2364"}],"version-history":[{"count":11,"href":"https:\/\/baumkletterschule.de\/cms\/wp-json\/wp\/v2\/pages\/2364\/revisions"}],"predecessor-version":[{"id":7676,"href":"https:\/\/baumkletterschule.de\/cms\/wp-json\/wp\/v2\/pages\/2364\/revisions\/7676"}],"wp:attachment":[{"href":"https:\/\/baumkletterschule.de\/cms\/wp-json\/wp\/v2\/media?parent=2364"}],"wp:term":[{"taxonomy":"category","embeddable":true,"href":"https:\/\/baumkletterschule.de\/cms\/wp-json\/wp\/v2\/categories?post=2364"},{"taxonomy":"post_tag","embeddable":true,"href":"https:\/\/baumkletterschule.de\/cms\/wp-json\/wp\/v2\/tags?post=2364"}],"curies":[{"name":"wp","href":"https:\/\/api.w.org\/{rel}","templated":true}]}}