{"id":201,"date":"2016-11-13T14:02:31","date_gmt":"2016-11-13T12:02:31","guid":{"rendered":"https:\/\/baumkletterschule.de\/cms\/?page_id=201"},"modified":"2026-04-09T08:10:10","modified_gmt":"2026-04-09T06:10:10","slug":"last-minute","status":"publish","type":"page","link":"https:\/\/baumkletterschule.de\/cms\/kursbuchung\/last-minute\/","title":{"rendered":"kurzfristige Termine mit freien Pl\u00e4tzen"},"content":{"rendered":"<h3><span style=\"color: #595757;\">Last-Minute-Kurse mit einem freien Platz:<\/span><\/h3>\n<p><strong>Existenzgr\u00fcndung<br \/>\n<\/strong>am <strong>18.05.2026 <\/strong>in <strong>M\u00fcnchen, St. Gilgen<\/strong> \u2014 <a href=\"https:\/\/buchung.baumkletterschule.de\/path\/app\/?rq_AppGuid=5E5C0C601B319D20997007E3327904420CC3B98C&#038;rq_TargetPageGuid=87AFB27CB2D591A546160732FEF6593D94C7F93C&#038;qs_action=E385F4E04F44B0A17A4EA503C32440680F9F9DD0&#038;qs_link=01F8FBA33B40B1D5FF6E0EB6F3403D2A210E6696&#038;rq_Layout=MBKS_Website&#038;rq_kursLID=34313334&#038;qs_actionMode=actNone#{1}\">Kurs buchen<\/a><\/p>\n<h3><span style=\"color: #595757;\">Weitere Kurse und Termine<\/span><\/h3>\n<p><a href=\"https:\/\/buchung.baumkletterschule.de\/path\/app\/?rq_AppGuid=5E5C0C601B319D20997007E3327904420CC3B98C&amp;rq_TargetPageGuid=571D5772177FC7D5D3DE78309A57E877C24AE10C&amp;rq_Layout=MBKS_Website%2520target%3D_blank#{1}\">Kurs- und Termin\u00fcbersicht<\/a><\/p>\n<p>&nbsp;<\/p>\n<h3><span style=\"color: #454545;\">Bitte beachten:<\/span><\/h3>\n<ul>\n<li>Abmeldungen sind bei zugesagten Last-Minute-Kursen nicht mehr m\u00f6glich<\/li>\n<li><a title=\"Kursr\u00fccktrittsversicherung\" href=\"https:\/\/baumkletterschule.de\/cms\/kursinfo\/sonderkurse\/kursruecktrittsversicherung\/\" target=\"_blank\" rel=\"noopener\">Kursr\u00fccktrittsversicherungen<\/a>, die in jedem Falle sinnvoll sind, k\u00f6nnen bei Last-Minute-Kursen nur ein bis maximal zwei Tage nach Buchung abgeschlossen werden.<\/li>\n<\/ul>\n<blockquote>\n<h3>Unser Tipp:<\/h3>\n<p lang=\"de-DE\">Sie sind eine eingeschworene Gruppe, kennen sich gut, arbeiten zusammen und wollen das Gleiche, aber Ihnen fehlt die Zeit, alle Teammitglieder einzeln auf Fortbildung zu schicken? Dann ist unser <strong>\u201eVor-Ort\u201c-Kurs f\u00fcr Teams und Firmen<\/strong> perfekt f\u00fcr Sie. Unsere Ausbilder kommen zu Ihnen, beispielsweise auch wenn die \u00bbj\u00e4hrliche Unterweisung\u00ab f\u00fcr das Baumklettern f\u00e4llig ist und Sie nicht weit reisen m\u00f6chten. <a href=\"https:\/\/baumkletterschule.de\/cms\/kursinfo\/sonderkurse\/firmenkurse\/\" target=\"_blank\" rel=\"noopener\"><strong>\u00bbmehr erfahren\u00ab<\/strong><\/a><\/p>\n<\/blockquote>\n","protected":false},"excerpt":{"rendered":"<p>Last-Minute-Kurse mit einem freien Platz: Existenzgr\u00fcndung am 18.05.2026 in M\u00fcnchen, St. Gilgen \u2014 Kurs buchen Weitere Kurse und Termine Kurs- und Termin\u00fcbersicht &nbsp; Bitte beachten: Abmeldungen sind bei zugesagten Last-Minute-Kursen &#8230;<\/p>\n","protected":false},"author":1,"featured_media":9413,"parent":46,"menu_order":0,"comment_status":"closed","ping_status":"closed","template":"template-full-width.php","meta":{"footnotes":""},"categories":[],"tags":[],"class_list":["post-201","page","type-page","status-publish","has-post-thumbnail","hentry"],"aioseo_notices":[],"_links":{"self":[{"href":"https:\/\/baumkletterschule.de\/cms\/wp-json\/wp\/v2\/pages\/201","targetHints":{"allow":["GET"]}}],"collection":[{"href":"https:\/\/baumkletterschule.de\/cms\/wp-json\/wp\/v2\/pages"}],"about":[{"href":"https:\/\/baumkletterschule.de\/cms\/wp-json\/wp\/v2\/types\/page"}],"author":[{"embeddable":true,"href":"https:\/\/baumkletterschule.de\/cms\/wp-json\/wp\/v2\/users\/1"}],"replies":[{"embeddable":true,"href":"https:\/\/baumkletterschule.de\/cms\/wp-json\/wp\/v2\/comments?post=201"}],"version-history":[{"count":973,"href":"https:\/\/baumkletterschule.de\/cms\/wp-json\/wp\/v2\/pages\/201\/revisions"}],"predecessor-version":[{"id":10499,"href":"https:\/\/baumkletterschule.de\/cms\/wp-json\/wp\/v2\/pages\/201\/revisions\/10499"}],"up":[{"embeddable":true,"href":"https:\/\/baumkletterschule.de\/cms\/wp-json\/wp\/v2\/pages\/46"}],"wp:featuredmedia":[{"embeddable":true,"href":"https:\/\/baumkletterschule.de\/cms\/wp-json\/wp\/v2\/media\/9413"}],"wp:attachment":[{"href":"https:\/\/baumkletterschule.de\/cms\/wp-json\/wp\/v2\/media?parent=201"}],"wp:term":[{"taxonomy":"category","embeddable":true,"href":"https:\/\/baumkletterschule.de\/cms\/wp-json\/wp\/v2\/categories?post=201"},{"taxonomy":"post_tag","embeddable":true,"href":"https:\/\/baumkletterschule.de\/cms\/wp-json\/wp\/v2\/tags?post=201"}],"curies":[{"name":"wp","href":"https:\/\/api.w.org\/{rel}","templated":true}]}}