{"id":1735,"date":"2017-09-28T16:11:31","date_gmt":"2017-09-28T14:11:31","guid":{"rendered":"https:\/\/baumkletterschule.de\/cms\/?page_id=1735"},"modified":"2026-03-30T13:47:18","modified_gmt":"2026-03-30T11:47:18","slug":"kranfaellung-mit-skt","status":"publish","type":"page","link":"https:\/\/baumkletterschule.de\/cms\/kursinfo\/kletterkurse\/kranfaellung-mit-skt\/","title":{"rendered":"Kranf\u00e4llung mit SKT und SRT"},"content":{"rendered":"<p lang=\"de-DE\">Die Verwendung eines Mobilkrans f\u00fcr die Baumf\u00e4llung er\u00f6ffnet viele neue M\u00f6glichkeiten. Baumteile k\u00f6nnen aus beengten r\u00e4umlichen Verh\u00e4ltnissen herausgehoben und Fangst\u00f6\u00dfe k\u00f6nnen fast auf Null reduziert werden. Auch die Arbeit f\u00fcr den Kletterer im Baum kann ergonomischer, kraftsparender und sicherer gestaltet werden \u2013 gerade bei gr\u00f6\u00dferen Lasten und langen Wegen.<\/p>\n<p lang=\"de-DE\">Der Kraneinsatz birgt allerdings auch Gefahren. Die Einsch\u00e4tzung von Lasten, das entsprechende Anschlagen und Trimmen vor dem Schnitt und die Vorausberechnung der Bewegung nach dem Schnitt entscheiden wesentlich \u00fcber die Sicherheit eines jeden Arbeitsgangs. Der dreit\u00e4gige Kurs vermittelt gleicherma\u00dfen Basis- und Spezialwissen \u00fcber die Kombination von SKT und Kran. Im Rahmen der praktischen \u00dcbungen haben Sie die M\u00f6glichkeit, dieses Wissen in verschiedenen Situationen anzuwenden.<\/p>\n<p lang=\"de-DE\"><strong>Dieser Kurs erf\u00fcllt die Anforderungen f\u00fcr die \u00bbj\u00e4hrliche Unterweisung\u00ab f\u00fcr das Baumklettern.<\/strong><\/p>\n<p style=\"text-align: center;\"><a class=\"Termine_und_Buchung\" href=\"https:\/\/buchung.baumkletterschule.de\/Default.asp?rq_AppGuid=5E5C0C601B319D20997007E3327904420CC3B98C&amp;rq_TargetPageGuid=571D5772177FC7D5D3DE78309A57E877C24AE10C&amp;rq_kurstyp=3638&amp;rq_Layout=MBKS_Website\">Termine und Buchung<\/a> \u00a0\u00a0\u00a0\u00a0\u00a0\u00a0\u00a0\u00a0\u00a0\u00a0 <a class=\"Termine_und_Buchung\" href=\"mailto:info@baumkletterschule.de\">als Interessent registrieren<\/a><\/p>\n<div class=\"links\">\n<h5>Voraussetzungen<\/h5>\n<ul>\n<li>SKT B Zertifikat<\/li>\n<li>Ausreichend berufspraktische Erfahrung in gro\u00dfen B\u00e4umen<\/li>\n<li>Sicheres Bewegen und Positionieren mit Motors\u00e4geneinsatz<\/li>\n<li>Nachweis der k\u00f6rperlichen und geistigen Eignung bzw. Tauglichkeit f\u00fcr \u201e<strong>gef\u00e4hrliche Baumarbeiten\u201c<\/strong>\u00a0und \u201e<strong>Arbeiten<\/strong>\u00a0<strong>mit Absturzgefahr\u201c\u00a0<\/strong>durch einen Arbeits- oder Betriebsmediziner.<em><br \/>\nDie Eignungsuntersuchungen werden von der Sozialversicherung f\u00fcr Landwirtschaft, Forsten und Gartenbau (SVLFG) als Zulassungsvoraussetzungen gefordert und sind somit f\u00fcr uns als begutachtete Schule bindend. (\u00a7 2 der VSG 4.2 \u201eGartenbau, Obstbau und Parkanlagen\u201c bzw. \u00a7 1 der VSG 4.3 \u201eForsten\u201c).<\/em><\/li>\n<\/ul>\n<\/div>\n<div class=\"links\">\n<figure id=\"attachment_2089\" aria-describedby=\"caption-attachment-2089\" style=\"width: 200px\" class=\"wp-caption alignleft\"><img loading=\"lazy\" decoding=\"async\" class=\"wp-image-2089\" src=\"https:\/\/baumkletterschule.de\/cms\/wp-content\/uploads\/2017\/12\/Mobilkran-Wittrock-300x234.jpg\" alt=\"\" width=\"200\" height=\"156\" srcset=\"https:\/\/baumkletterschule.de\/cms\/wp-content\/uploads\/2017\/12\/Mobilkran-Wittrock-300x234.jpg 300w, https:\/\/baumkletterschule.de\/cms\/wp-content\/uploads\/2017\/12\/Mobilkran-Wittrock.jpg 750w\" sizes=\"auto, (max-width: 200px) 100vw, 200px\" \/><figcaption id=\"caption-attachment-2089\" class=\"wp-caption-text\">\u00a9 Wittrock Gruppe<\/figcaption><\/figure>\n<p lang=\"de-DE\"><strong>Hinweis:<\/strong> Wir f\u00fchren die Praxisteile mit maximal 4 Teilnehmern durch. Der Lernerfolg ist durch die enge Betreuung unserer Ausbilder garantiert und ein H\u00f6chstma\u00df an Praxis ist unter Realbetrieb mit einem Mobilkran der Klasse ATK 60 sichergestellt.<\/p>\n<p>Mit freundlicher Unterst\u00fctzung der <a href=\"https:\/\/www.wittrock-gruppe.de\/\">Wittrock-Gruppe<\/a><\/p>\n<\/div>\n<div class=\"clear\"><\/div>\n<p>&nbsp;<\/p>\n<ul class=\"zweispaltig\">\n<li><a href=\"https:\/\/baumkletterschule.de\/cms\/wp-content\/uploads\/2025\/11\/251125-b45-broschuere-arbeitsmedizinische-vorsorge.pdf\">B45-broschuere-arbeitsmedizinische-vorsorge<\/a><\/li>\n<\/ul>\n<div id=\"envira-gallery-wrap-1754\" class=\"envira-gallery-wrap envira-gallery-theme-base envira-lightbox-theme-base\" itemscope itemtype=\"https:\/\/schema.org\/ImageGallery\"><div data-row-height=\"150\" data-gallery-theme=\"normal\" id=\"envira-gallery-1754\" class=\"envira-gallery-public envira-gallery-justified-public envira-gallery-0-columns envira-clear enviratope envira-gallery-css-animations\" data-envira-columns=\"0\"><div id=\"envira-gallery-item-1748\" class=\"envira-gallery-item enviratope-item envira-gallery-item-1 envira-lazy-load\" style=\"padding-left: 5px; padding-bottom: 10px; padding-right: 5px;\"  itemscope itemtype=\"https:\/\/schema.org\/ImageObject\"><div class=\"envira-gallery-item-inner\"><div class=\"envira-gallery-position-overlay  envira-gallery-top-left\"><\/div><div class=\"envira-gallery-position-overlay  envira-gallery-top-right\"><\/div><div class=\"envira-gallery-position-overlay  envira-gallery-bottom-left\"><\/div><div class=\"envira-gallery-position-overlay  envira-gallery-bottom-right\"><\/div><a href=\"https:\/\/baumkletterschule.de\/cms\/wp-content\/uploads\/2017\/09\/SST-K160224-7.jpg\" class=\"envira-gallery-1754 envira-gallery-link\" rel=\"enviragallery1754\" title=\"Kranf&auml;llung mit SKT\" data-envira-caption=\"Kranf&auml;llung mit SKT\" data-envira-retina=\"\" data-thumbnail=\"\"  itemprop=\"contentUrl\"><img decoding=\"async\" id=\"envira-gallery-image-1748\" class=\"envira-gallery-image envira-gallery-image-1 envira-normal envira-lazy\" data-envira-index=\"1\" src=\"https:\/\/baumkletterschule.de\/cms\/wp-content\/uploads\/2017\/09\/SST-K160224-7-640x480.jpg\" data-envira-src=\"https:\/\/baumkletterschule.de\/cms\/wp-content\/uploads\/2017\/09\/SST-K160224-7-640x480.jpg\" data-envira-gallery-id=\"1754\" data-envira-item-id=\"1748\" data-envira-caption=\"Kranf&auml;llung mit SKT\" alt=\"Kranf\u00e4llung mit SKT\" title=\"Kranf\u00e4llung mit SKT\"  itemprop=\"thumbnailUrl\" data-envira-srcset=\"https:\/\/baumkletterschule.de\/cms\/wp-content\/uploads\/2017\/09\/SST-K160224-7-640x480.jpg 400w,https:\/\/baumkletterschule.de\/cms\/wp-content\/uploads\/2017\/09\/SST-K160224-7-640x480.jpg 2x\" data-envira-width=\"225\" data-envira-height=\"300\" srcset=\"data:image\/gif;base64,R0lGODlhAQABAIAAAP\/\/\/\/\/\/\/yH5BAEKAAEALAAAAAABAAEAAAICTAEAOw==\" data-safe-src=\"data:image\/gif;base64,R0lGODlhAQABAIAAAP\/\/\/\/\/\/\/yH5BAEKAAEALAAAAAABAAEAAAICTAEAOw==\" \/><\/a><\/div><\/div><div id=\"envira-gallery-item-1750\" class=\"envira-gallery-item enviratope-item envira-gallery-item-2 envira-lazy-load\" style=\"padding-left: 5px; padding-bottom: 10px; padding-right: 5px;\"  itemscope itemtype=\"https:\/\/schema.org\/ImageObject\"><div class=\"envira-gallery-item-inner\"><div class=\"envira-gallery-position-overlay  envira-gallery-top-left\"><\/div><div class=\"envira-gallery-position-overlay  envira-gallery-top-right\"><\/div><div class=\"envira-gallery-position-overlay  envira-gallery-bottom-left\"><\/div><div class=\"envira-gallery-position-overlay  envira-gallery-bottom-right\"><\/div><a href=\"https:\/\/baumkletterschule.de\/cms\/wp-content\/uploads\/2017\/09\/SST-K160224-2.jpg\" class=\"envira-gallery-1754 envira-gallery-link\" rel=\"enviragallery1754\" title=\"Kranf&auml;llung mit SKT\" data-envira-caption=\"Kranf&auml;llung mit SKT\" data-envira-retina=\"\" data-thumbnail=\"\"  itemprop=\"contentUrl\"><img decoding=\"async\" id=\"envira-gallery-image-1750\" class=\"envira-gallery-image envira-gallery-image-2 envira-normal envira-lazy\" data-envira-index=\"2\" src=\"https:\/\/baumkletterschule.de\/cms\/wp-content\/uploads\/2017\/09\/SST-K160224-2-768x1024-640x480.jpg\" data-envira-src=\"https:\/\/baumkletterschule.de\/cms\/wp-content\/uploads\/2017\/09\/SST-K160224-2-768x1024-640x480.jpg\" data-envira-gallery-id=\"1754\" data-envira-item-id=\"1750\" data-envira-caption=\"Kranf&auml;llung mit SKT\" alt=\"Kranf\u00e4llung mit SKT\" title=\"Kranf\u00e4llung mit SKT\"  itemprop=\"thumbnailUrl\" data-envira-srcset=\"https:\/\/baumkletterschule.de\/cms\/wp-content\/uploads\/2017\/09\/SST-K160224-2-768x1024-640x480.jpg 400w,https:\/\/baumkletterschule.de\/cms\/wp-content\/uploads\/2017\/09\/SST-K160224-2-768x1024-640x480.jpg 2x\" data-envira-width=\"225\" data-envira-height=\"300\" srcset=\"data:image\/gif;base64,R0lGODlhAQABAIAAAP\/\/\/\/\/\/\/yH5BAEKAAEALAAAAAABAAEAAAICTAEAOw==\" data-safe-src=\"data:image\/gif;base64,R0lGODlhAQABAIAAAP\/\/\/\/\/\/\/yH5BAEKAAEALAAAAAABAAEAAAICTAEAOw==\" \/><\/a><\/div><\/div><div id=\"envira-gallery-item-1749\" class=\"envira-gallery-item enviratope-item envira-gallery-item-3 envira-lazy-load\" style=\"padding-left: 5px; padding-bottom: 10px; padding-right: 5px;\"  itemscope itemtype=\"https:\/\/schema.org\/ImageObject\"><div class=\"envira-gallery-item-inner\"><div class=\"envira-gallery-position-overlay  envira-gallery-top-left\"><\/div><div class=\"envira-gallery-position-overlay  envira-gallery-top-right\"><\/div><div class=\"envira-gallery-position-overlay  envira-gallery-bottom-left\"><\/div><div class=\"envira-gallery-position-overlay  envira-gallery-bottom-right\"><\/div><a href=\"https:\/\/baumkletterschule.de\/cms\/wp-content\/uploads\/2017\/09\/SST-K160224.jpg\" class=\"envira-gallery-1754 envira-gallery-link\" rel=\"enviragallery1754\" title=\"Kranf&auml;llung mit SKT\" data-envira-caption=\"Kranf&auml;llung mit SKT\" data-envira-retina=\"\" data-thumbnail=\"\"  itemprop=\"contentUrl\"><img decoding=\"async\" id=\"envira-gallery-image-1749\" class=\"envira-gallery-image envira-gallery-image-3 envira-normal envira-lazy\" data-envira-index=\"3\" src=\"https:\/\/baumkletterschule.de\/cms\/wp-content\/uploads\/2017\/09\/SST-K160224-768x1024-640x480.jpg\" data-envira-src=\"https:\/\/baumkletterschule.de\/cms\/wp-content\/uploads\/2017\/09\/SST-K160224-768x1024-640x480.jpg\" data-envira-gallery-id=\"1754\" data-envira-item-id=\"1749\" data-envira-caption=\"Kranf&auml;llung mit SKT\" alt=\"Kranf\u00e4llung mit SKT\" title=\"Kranf\u00e4llung mit SKT\"  itemprop=\"thumbnailUrl\" data-envira-srcset=\"https:\/\/baumkletterschule.de\/cms\/wp-content\/uploads\/2017\/09\/SST-K160224-768x1024-640x480.jpg 400w,https:\/\/baumkletterschule.de\/cms\/wp-content\/uploads\/2017\/09\/SST-K160224-768x1024-640x480.jpg 2x\" data-envira-width=\"225\" data-envira-height=\"300\" srcset=\"data:image\/gif;base64,R0lGODlhAQABAIAAAP\/\/\/\/\/\/\/yH5BAEKAAEALAAAAAABAAEAAAICTAEAOw==\" data-safe-src=\"data:image\/gif;base64,R0lGODlhAQABAIAAAP\/\/\/\/\/\/\/yH5BAEKAAEALAAAAAABAAEAAAICTAEAOw==\" \/><\/a><\/div><\/div><div id=\"envira-gallery-item-1751\" class=\"envira-gallery-item enviratope-item envira-gallery-item-4 envira-lazy-load\" style=\"padding-left: 5px; padding-bottom: 10px; padding-right: 5px;\"  itemscope itemtype=\"https:\/\/schema.org\/ImageObject\"><div class=\"envira-gallery-item-inner\"><div class=\"envira-gallery-position-overlay  envira-gallery-top-left\"><\/div><div class=\"envira-gallery-position-overlay  envira-gallery-top-right\"><\/div><div class=\"envira-gallery-position-overlay  envira-gallery-bottom-left\"><\/div><div class=\"envira-gallery-position-overlay  envira-gallery-bottom-right\"><\/div><a href=\"https:\/\/baumkletterschule.de\/cms\/wp-content\/uploads\/2017\/09\/SST-K160224-3.jpg\" class=\"envira-gallery-1754 envira-gallery-link\" rel=\"enviragallery1754\" title=\"Kranf&auml;llung mit SKT\" data-envira-caption=\"Kranf&auml;llung mit SKT\" data-envira-retina=\"\" data-thumbnail=\"\"  itemprop=\"contentUrl\"><img decoding=\"async\" id=\"envira-gallery-image-1751\" class=\"envira-gallery-image envira-gallery-image-4 envira-normal envira-lazy\" data-envira-index=\"4\" src=\"https:\/\/baumkletterschule.de\/cms\/wp-content\/uploads\/2017\/09\/SST-K160224-3-768x1024-640x480.jpg\" data-envira-src=\"https:\/\/baumkletterschule.de\/cms\/wp-content\/uploads\/2017\/09\/SST-K160224-3-768x1024-640x480.jpg\" data-envira-gallery-id=\"1754\" data-envira-item-id=\"1751\" data-envira-caption=\"Kranf&auml;llung mit SKT\" alt=\"Kranf\u00e4llung mit SKT\" title=\"Kranf\u00e4llung mit SKT\"  itemprop=\"thumbnailUrl\" data-envira-srcset=\"https:\/\/baumkletterschule.de\/cms\/wp-content\/uploads\/2017\/09\/SST-K160224-3-768x1024-640x480.jpg 400w,https:\/\/baumkletterschule.de\/cms\/wp-content\/uploads\/2017\/09\/SST-K160224-3-768x1024-640x480.jpg 2x\" data-envira-width=\"225\" data-envira-height=\"300\" srcset=\"data:image\/gif;base64,R0lGODlhAQABAIAAAP\/\/\/\/\/\/\/yH5BAEKAAEALAAAAAABAAEAAAICTAEAOw==\" data-safe-src=\"data:image\/gif;base64,R0lGODlhAQABAIAAAP\/\/\/\/\/\/\/yH5BAEKAAEALAAAAAABAAEAAAICTAEAOw==\" \/><\/a><\/div><\/div><div id=\"envira-gallery-item-1752\" class=\"envira-gallery-item enviratope-item envira-gallery-item-5 envira-lazy-load\" style=\"padding-left: 5px; padding-bottom: 10px; padding-right: 5px;\"  itemscope itemtype=\"https:\/\/schema.org\/ImageObject\"><div class=\"envira-gallery-item-inner\"><div class=\"envira-gallery-position-overlay  envira-gallery-top-left\"><\/div><div class=\"envira-gallery-position-overlay  envira-gallery-top-right\"><\/div><div class=\"envira-gallery-position-overlay  envira-gallery-bottom-left\"><\/div><div class=\"envira-gallery-position-overlay  envira-gallery-bottom-right\"><\/div><a href=\"https:\/\/baumkletterschule.de\/cms\/wp-content\/uploads\/2017\/09\/SST-K160224-4.jpg\" class=\"envira-gallery-1754 envira-gallery-link\" rel=\"enviragallery1754\" title=\"Kranf&auml;llung mit SKT\" data-envira-caption=\"Kranf&auml;llung mit SKT\" data-envira-retina=\"\" data-thumbnail=\"\"  itemprop=\"contentUrl\"><img decoding=\"async\" id=\"envira-gallery-image-1752\" class=\"envira-gallery-image envira-gallery-image-5 envira-normal envira-lazy\" data-envira-index=\"5\" src=\"https:\/\/baumkletterschule.de\/cms\/wp-content\/uploads\/2017\/09\/SST-K160224-4-768x1024-640x480.jpg\" data-envira-src=\"https:\/\/baumkletterschule.de\/cms\/wp-content\/uploads\/2017\/09\/SST-K160224-4-768x1024-640x480.jpg\" data-envira-gallery-id=\"1754\" data-envira-item-id=\"1752\" data-envira-caption=\"Kranf&auml;llung mit SKT\" alt=\"Kranf\u00e4llung mit SKT\" title=\"Kranf\u00e4llung mit SKT\"  itemprop=\"thumbnailUrl\" data-envira-srcset=\"https:\/\/baumkletterschule.de\/cms\/wp-content\/uploads\/2017\/09\/SST-K160224-4-768x1024-640x480.jpg 400w,https:\/\/baumkletterschule.de\/cms\/wp-content\/uploads\/2017\/09\/SST-K160224-4-768x1024-640x480.jpg 2x\" data-envira-width=\"225\" data-envira-height=\"300\" srcset=\"data:image\/gif;base64,R0lGODlhAQABAIAAAP\/\/\/\/\/\/\/yH5BAEKAAEALAAAAAABAAEAAAICTAEAOw==\" data-safe-src=\"data:image\/gif;base64,R0lGODlhAQABAIAAAP\/\/\/\/\/\/\/yH5BAEKAAEALAAAAAABAAEAAAICTAEAOw==\" \/><\/a><\/div><\/div><div id=\"envira-gallery-item-1753\" class=\"envira-gallery-item enviratope-item envira-gallery-item-6 envira-lazy-load\" style=\"padding-left: 5px; padding-bottom: 10px; padding-right: 5px;\"  itemscope itemtype=\"https:\/\/schema.org\/ImageObject\"><div class=\"envira-gallery-item-inner\"><div class=\"envira-gallery-position-overlay  envira-gallery-top-left\"><\/div><div class=\"envira-gallery-position-overlay  envira-gallery-top-right\"><\/div><div class=\"envira-gallery-position-overlay  envira-gallery-bottom-left\"><\/div><div class=\"envira-gallery-position-overlay  envira-gallery-bottom-right\"><\/div><a href=\"https:\/\/baumkletterschule.de\/cms\/wp-content\/uploads\/2017\/09\/SST-K160224-5.jpg\" class=\"envira-gallery-1754 envira-gallery-link\" rel=\"enviragallery1754\" title=\"Kranf&auml;llung mit SKT\" data-envira-caption=\"Kranf&auml;llung mit SKT\" data-envira-retina=\"\" data-thumbnail=\"\"  itemprop=\"contentUrl\"><img decoding=\"async\" id=\"envira-gallery-image-1753\" class=\"envira-gallery-image envira-gallery-image-6 envira-normal envira-lazy\" data-envira-index=\"6\" src=\"https:\/\/baumkletterschule.de\/cms\/wp-content\/uploads\/2017\/09\/SST-K160224-5-768x1024-640x480.jpg\" data-envira-src=\"https:\/\/baumkletterschule.de\/cms\/wp-content\/uploads\/2017\/09\/SST-K160224-5-768x1024-640x480.jpg\" data-envira-gallery-id=\"1754\" data-envira-item-id=\"1753\" data-envira-caption=\"Kranf&auml;llung mit SKT\" alt=\"Kranf\u00e4llung mit SKT\" title=\"Kranf\u00e4llung mit SKT\"  itemprop=\"thumbnailUrl\" data-envira-srcset=\"https:\/\/baumkletterschule.de\/cms\/wp-content\/uploads\/2017\/09\/SST-K160224-5-768x1024-640x480.jpg 400w,https:\/\/baumkletterschule.de\/cms\/wp-content\/uploads\/2017\/09\/SST-K160224-5-768x1024-640x480.jpg 2x\" data-envira-width=\"225\" data-envira-height=\"300\" srcset=\"data:image\/gif;base64,R0lGODlhAQABAIAAAP\/\/\/\/\/\/\/yH5BAEKAAEALAAAAAABAAEAAAICTAEAOw==\" data-safe-src=\"data:image\/gif;base64,R0lGODlhAQABAIAAAP\/\/\/\/\/\/\/yH5BAEKAAEALAAAAAABAAEAAAICTAEAOw==\" \/><\/a><\/div><\/div><\/div><\/div><noscript><img decoding=\"async\" src=\"https:\/\/baumkletterschule.de\/cms\/wp-content\/uploads\/2017\/09\/SST-K160224-7.jpg\" alt=\"Kranf\u00e4llung mit SKT\" \/><img decoding=\"async\" src=\"https:\/\/baumkletterschule.de\/cms\/wp-content\/uploads\/2017\/09\/SST-K160224-2.jpg\" alt=\"Kranf\u00e4llung mit SKT\" \/><img decoding=\"async\" src=\"https:\/\/baumkletterschule.de\/cms\/wp-content\/uploads\/2017\/09\/SST-K160224.jpg\" alt=\"Kranf\u00e4llung mit SKT\" \/><img decoding=\"async\" src=\"https:\/\/baumkletterschule.de\/cms\/wp-content\/uploads\/2017\/09\/SST-K160224-3.jpg\" alt=\"Kranf\u00e4llung mit SKT\" \/><img decoding=\"async\" src=\"https:\/\/baumkletterschule.de\/cms\/wp-content\/uploads\/2017\/09\/SST-K160224-4.jpg\" alt=\"Kranf\u00e4llung mit SKT\" \/><img decoding=\"async\" src=\"https:\/\/baumkletterschule.de\/cms\/wp-content\/uploads\/2017\/09\/SST-K160224-5.jpg\" alt=\"Kranf\u00e4llung mit SKT\" \/><\/noscript>\n","protected":false},"excerpt":{"rendered":"<p>Die Verwendung eines Mobilkrans f\u00fcr die Baumf\u00e4llung er\u00f6ffnet viele neue M\u00f6glichkeiten. Baumteile k\u00f6nnen aus beengten r\u00e4umlichen Verh\u00e4ltnissen herausgehoben und Fangst\u00f6\u00dfe k\u00f6nnen fast auf Null reduziert werden. Auch die Arbeit f\u00fcr &#8230;<\/p>\n","protected":false},"author":6,"featured_media":0,"parent":13,"menu_order":0,"comment_status":"closed","ping_status":"closed","template":"template-full-width.php","meta":{"footnotes":""},"categories":[],"tags":[],"class_list":["post-1735","page","type-page","status-publish","hentry"],"aioseo_notices":[],"_links":{"self":[{"href":"https:\/\/baumkletterschule.de\/cms\/wp-json\/wp\/v2\/pages\/1735","targetHints":{"allow":["GET"]}}],"collection":[{"href":"https:\/\/baumkletterschule.de\/cms\/wp-json\/wp\/v2\/pages"}],"about":[{"href":"https:\/\/baumkletterschule.de\/cms\/wp-json\/wp\/v2\/types\/page"}],"author":[{"embeddable":true,"href":"https:\/\/baumkletterschule.de\/cms\/wp-json\/wp\/v2\/users\/6"}],"replies":[{"embeddable":true,"href":"https:\/\/baumkletterschule.de\/cms\/wp-json\/wp\/v2\/comments?post=1735"}],"version-history":[{"count":28,"href":"https:\/\/baumkletterschule.de\/cms\/wp-json\/wp\/v2\/pages\/1735\/revisions"}],"predecessor-version":[{"id":10491,"href":"https:\/\/baumkletterschule.de\/cms\/wp-json\/wp\/v2\/pages\/1735\/revisions\/10491"}],"up":[{"embeddable":true,"href":"https:\/\/baumkletterschule.de\/cms\/wp-json\/wp\/v2\/pages\/13"}],"wp:attachment":[{"href":"https:\/\/baumkletterschule.de\/cms\/wp-json\/wp\/v2\/media?parent=1735"}],"wp:term":[{"taxonomy":"category","embeddable":true,"href":"https:\/\/baumkletterschule.de\/cms\/wp-json\/wp\/v2\/categories?post=1735"},{"taxonomy":"post_tag","embeddable":true,"href":"https:\/\/baumkletterschule.de\/cms\/wp-json\/wp\/v2\/tags?post=1735"}],"curies":[{"name":"wp","href":"https:\/\/api.w.org\/{rel}","templated":true}]}}