{"id":1056,"date":"2016-12-07T15:25:42","date_gmt":"2016-12-07T13:25:42","guid":{"rendered":"https:\/\/baumkletterschule.de\/cms\/?page_id=1056"},"modified":"2026-03-30T13:41:14","modified_gmt":"2026-03-30T11:41:14","slug":"einfachseiltechnik-srt","status":"publish","type":"page","link":"https:\/\/baumkletterschule.de\/cms\/kursinfo\/kletterkurse\/einfachseiltechnik-srt\/","title":{"rendered":"SRT Einfachseiltechnik im Baum"},"content":{"rendered":"<p lang=\"de-DE\">Unser eint\u00e4giger Workshop vermittelt einen Einstieg in die Single Rope Technique (SRT), die in den letzten Jahren in mehreren Bereichen des Baumkletterns rasant an Bedeutung gewonnen hat. Beginnend mit einem Seileinbau, der eine stimmige Rettungsplanung zul\u00e4sst, werden verschiedene Optionen der Routenplanung durch den Baum vorgestellt. Im Aufstieg, wie auch beim Klettern durch die Krone sind in diesem sehr praxisorientierten Kurs direkte Vergleiche mit den vertrauten Techniken m\u00f6glich.<br \/>\nAnhand direkter Beispiele und \u00dcbungen wird erkl\u00e4rt, wo die Verwendung des stehenden Einfachseils Vorteile gegen\u00fcber dem umlaufenden Seil im Kambiumschoner bietet. Die Auswahl und Einrichtung von geeigneten Anker- und Umlenkpunkten, von denen die effiziente und sichere Anwendung der SRT abh\u00e4ngt, bilden das zentrale Thema. Geklettert wird mit einer RopeWrench\/Klemmknoten-Kombination oder mit anderen zugelassenen Systemen (z.B. ZigZag\/Chicane). Kursteilnehmer sollen mit der Bewegung im Baum vertraut sein, m\u00fcssen aber kein Vorwissen im Bereich SRT haben.<\/p>\n<p lang=\"de-DE\"><strong>Dieser Kurs erf\u00fcllt die Anforderungen f\u00fcr die \u00bbj\u00e4hrliche Unterweisung\u00ab f\u00fcr das Baumklettern.<\/strong><\/p>\n<p lang=\"de-DE\">\n<p style=\"text-align: center;\"><a class=\"Termine_und_Buchung\" href=\"https:\/\/buchung.baumkletterschule.de\/?rq_AppGuid=5E5C0C601B319D20997007E3327904420CC3B98C&amp;rq_TargetPageGuid=571D5772177FC7D5D3DE78309A57E877C24AE10C&amp;rq_kurstyp=3434&amp;rq_Layout=MBKS_Website\">Termine und Buchung<\/a> \u00a0\u00a0\u00a0\u00a0\u00a0\u00a0\u00a0 <a class=\"Termine_und_Buchung\" href=\"mailto:info@baumkletterschule.de\">als Interessent registrieren<\/a><\/p>\n<div class=\"links\">\n<h3><\/h3>\n<h3>Voraussetzungen:<\/h3>\n<ul>\n<li>SKT A-Zertifikat<\/li>\n<li>Nachweis der k\u00f6rperlichen und geistigen Eignung bzw. Tauglichkeit f\u00fcr \u201e<strong>gef\u00e4hrliche Baumarbeiten\u201c<\/strong>\u00a0und \u201e<strong>Arbeiten<\/strong>\u00a0<strong>mit Absturzgefahr\u201c\u00a0<\/strong>durch einen Arbeits- oder Betriebsmediziner.<em><br \/>\nDie Eignungsuntersuchungen werden von der Sozialversicherung f\u00fcr Landwirtschaft, Forsten und Gartenbau (SVLFG) als Zulassungsvoraussetzungen gefordert und sind somit f\u00fcr uns als begutachtete Schule bindend. (\u00a7 2 der VSG 4.2 \u201eGartenbau, Obstbau und Parkanlagen\u201c bzw. \u00a7 1 der VSG 4.3 \u201eForsten\u201c).<\/em><\/li>\n<\/ul>\n<\/div>\n<div class=\"links\">\n<h6>mitzubringen ist:<\/h6>\n<ul>\n<li>Rope Wrench mit Rolle <em>(bzw. Klemmger\u00e4t geeignet f\u00fcr SRT)<\/em><\/li>\n<li>Reepschnur, Karabiner und Lift<\/li>\n<li>Kronenanker \/ Ringkambiumschoner (Multisaver von Teufelberger empfohlen)<\/li>\n<li>Kniesteigklemme<\/li>\n<li>3 St\u00fcck 60er Bandschlingen mit Karabinern<\/li>\n<li>Ihren Gurt mit: Halteseil, Rettungsexpressschlinge, Hands\u00e4ge, Abseilacht mit Karabiner, Prusikschlinge mit Karabiner<\/li>\n<li>Helm und hohe Schuhe<\/li>\n<li>Brustgurt o.\u00e4. zum Anheben des Rope Wrench<\/li>\n<li>Fu\u00dfsteigklemme<\/li>\n<li>45 m, besser 70 m 11-12 mm Kletterseil<\/li>\n<li>50-60 m Aufstiegsseil<\/li>\n<li>2 freie Karabiner<\/li>\n<\/ul>\n<h3><\/h3>\n<\/div>\n<h2><\/h2>\n<h2>Weitere Informationen<\/h2>\n<ul class=\"zweispaltig\">\n<li class=\"pdf\"><a href=\"https:\/\/baumkletterschule.de\/cms\/wp-content\/uploads\/2019\/11\/Allgemeine-Kursinformationen.pdf\">Allgemeine Kursinformationen<\/a><\/li>\n<li class=\"pdf\"><a href=\"https:\/\/baumkletterschule.de\/cms\/wp-content\/uploads\/2019\/11\/Dokument-B_Kursprogramm_SRT.pdf\">Kursprogramm<\/a><\/li>\n<li class=\"pdf\"><a href=\"https:\/\/baumkletterschule.de\/cms\/wp-content\/uploads\/2024\/11\/241120-Flyer-Ruecktrittskosten-Versicherung.pdf\">Kursr\u00fccktrittsversicherung<\/a><\/li>\n<li class=\"pdf\"><a href=\"https:\/\/baumkletterschule.de\/cms\/wp-content\/uploads\/2025\/11\/251125-b45-broschuere-arbeitsmedizinische-vorsorge.pdf\">b45-broschuere-arbeitsmedizinische-vorsorge<\/a><\/li>\n<\/ul>\n","protected":false},"excerpt":{"rendered":"<p>Unser eint\u00e4giger Workshop vermittelt einen Einstieg in die Single Rope Technique (SRT), die in den letzten Jahren in mehreren Bereichen des Baumkletterns rasant an Bedeutung gewonnen hat. Beginnend mit einem &#8230;<\/p>\n","protected":false},"author":6,"featured_media":0,"parent":13,"menu_order":0,"comment_status":"closed","ping_status":"closed","template":"template-full-width.php","meta":{"footnotes":""},"categories":[],"tags":[],"class_list":["post-1056","page","type-page","status-publish","hentry"],"aioseo_notices":[],"_links":{"self":[{"href":"https:\/\/baumkletterschule.de\/cms\/wp-json\/wp\/v2\/pages\/1056","targetHints":{"allow":["GET"]}}],"collection":[{"href":"https:\/\/baumkletterschule.de\/cms\/wp-json\/wp\/v2\/pages"}],"about":[{"href":"https:\/\/baumkletterschule.de\/cms\/wp-json\/wp\/v2\/types\/page"}],"author":[{"embeddable":true,"href":"https:\/\/baumkletterschule.de\/cms\/wp-json\/wp\/v2\/users\/6"}],"replies":[{"embeddable":true,"href":"https:\/\/baumkletterschule.de\/cms\/wp-json\/wp\/v2\/comments?post=1056"}],"version-history":[{"count":48,"href":"https:\/\/baumkletterschule.de\/cms\/wp-json\/wp\/v2\/pages\/1056\/revisions"}],"predecessor-version":[{"id":10483,"href":"https:\/\/baumkletterschule.de\/cms\/wp-json\/wp\/v2\/pages\/1056\/revisions\/10483"}],"up":[{"embeddable":true,"href":"https:\/\/baumkletterschule.de\/cms\/wp-json\/wp\/v2\/pages\/13"}],"wp:attachment":[{"href":"https:\/\/baumkletterschule.de\/cms\/wp-json\/wp\/v2\/media?parent=1056"}],"wp:term":[{"taxonomy":"category","embeddable":true,"href":"https:\/\/baumkletterschule.de\/cms\/wp-json\/wp\/v2\/categories?post=1056"},{"taxonomy":"post_tag","embeddable":true,"href":"https:\/\/baumkletterschule.de\/cms\/wp-json\/wp\/v2\/tags?post=1056"}],"curies":[{"name":"wp","href":"https:\/\/api.w.org\/{rel}","templated":true}]}}